{"id":4990,"date":"2021-05-12T17:34:19","date_gmt":"2021-05-12T15:34:19","guid":{"rendered":"https:\/\/new.kjt.lu\/cyberharcelement\/"},"modified":"2021-10-22T09:15:43","modified_gmt":"2021-10-22T07:15:43","slug":"cyberharcelement","status":"publish","type":"page","link":"https:\/\/www.kjt.lu\/fr\/cyberharcelement\/","title":{"rendered":"(Cyber)Harc\u00e8lement"},"content":{"rendered":"<div class=\"wpb-content-wrapper\"><p>[vc_row][vc_column]\n\t\t\t<!-- START Cyber Mobbing REVOLUTION SLIDER 6.7.16 --><p class=\"rs-p-wp-fix\"><\/p>\n\t\t\t<rs-module-wrap id=\"rev_slider_16_1_wrapper\" data-source=\"gallery\" style=\"visibility:hidden;background:transparent;padding:0;margin:0px auto;margin-top:0;margin-bottom:0;\">\n\t\t\t\t<rs-module id=\"rev_slider_16_1\" style=\"\" data-version=\"6.7.16\">\n\t\t\t\t\t<rs-slides style=\"overflow: hidden; position: absolute;\">\n\t\t\t\t\t\t<rs-slide style=\"position: absolute;\" data-key=\"rs-73\" data-title=\"Slide\" data-anim=\"ms:1000;r:0;\" data-in=\"o:0;\" data-out=\"a:false;\">\n\t\t\t\t\t\t\t<img decoding=\"async\" src=\"\/\/www.kjt.lu\/wp-content\/plugins\/revslider\/sr6\/assets\/assets\/dummy.png\" alt=\"\" title=\"Cyber Mobbing\" width=\"1920\" height=\"1080\" class=\"rev-slidebg tp-rs-img rs-lazyload\" data-lazyload=\"\/\/www.kjt.lu\/wp-content\/uploads\/2021\/01\/slide_Cyber-Mobbing_208044573.jpg\" data-no-retina>\n<!---->\t\t\t\t\t<\/rs-slide>\n\t\t\t\t\t<\/rs-slides>\n\t\t\t\t<\/rs-module>\n\t\t\t\t<script>\n\t\t\t\t\tsetREVStartSize({c: 'rev_slider_16_1',rl:[1240,1024,768,480],el:[900],gw:[1240],gh:[900],type:'hero',justify:'',layout:'fullwidth',mh:\"0\"});if (window.RS_MODULES!==undefined && window.RS_MODULES.modules!==undefined && window.RS_MODULES.modules[\"revslider161\"]!==undefined) {window.RS_MODULES.modules[\"revslider161\"].once = false;window.revapi16 = undefined;if (window.RS_MODULES.checkMinimal!==undefined) window.RS_MODULES.checkMinimal()}\n\t\t\t\t<\/script>\n\t\t\t<\/rs-module-wrap>\n\t\t\t<!-- END REVOLUTION SLIDER -->\n[\/vc_column][\/vc_row][vc_section full_width=\u00a0\u00bbstretch_row\u00a0\u00bb css=\u00a0\u00bb.vc_custom_1499312142784{padding-top: 45px !important;padding-bottom: 45px !important;}\u00a0\u00bb][vc_row][vc_column][vc_custom_heading text=\u00a0\u00bb(Cyber)Harc\u00e8lement\u00a0\u00bb font_container=\u00a0\u00bbtag:h1|text_align:center\u00a0\u00bb use_theme_fonts=\u00a0\u00bbyes\u00a0\u00bb][\/vc_column][vc_column offset=\u00a0\u00bbvc_col-lg-offset-1 vc_col-lg-10 vc_col-md-offset-1 vc_col-md-10&Prime;][vc_empty_space][vc_column_text]Dans la vie, le online et le offline ne peuvent plus \u00eatre s\u00e9par\u00e9s l&rsquo;un de l&rsquo;autre.<\/p>\n<p>Tu utilises ton PC, ta tablette ou ton smartphone tous les jours, tu es \u00ab\u00a0ON\u00a0\u00bb. Ces appareils te permettent de rester en contact avec tes amis, de jouer en ligne &#8211; seul ou avec d&rsquo;autres &#8211; d&rsquo;\u00e9changer des informations sur l&rsquo;\u00e9cole, d&rsquo;\u00e9couter de la musique et bien plus encore.<\/p>\n<p>Dans la vie, les choses peuvent toujours mal tourner et te blesser. Il peut s&rsquo;agir de taquineries ou de phrases stupides qui te parviennent sur ton smartphone, de blagues ou de photos partag\u00e9es qui te mettent mal \u00e0 l&rsquo;aise, ou encore d&rsquo;une personne qui t\u2019insulte carr\u00e9ment.<\/p>\n<p>Lorsque les railleries, les injures, les all\u00e9gations (d\u00e9sagr\u00e9ables), les menaces et les menaces de violence s&rsquo;accumulent sur ton PC, ta tablette ou ton smartphone, que tu te sens bless\u00e9 de mani\u00e8re r\u00e9p\u00e9t\u00e9e et que la ou les personnes continuent d\u00e9lib\u00e9r\u00e9ment, on peut alors parler de cyberharc\u00e8lement.<\/p>\n<p>Eventuellement, tu le trouves difficile de parler de cette situation. Tu as peut-\u00eatre honte ou tu esp\u00e8res que cela finira par s&rsquo;arr\u00eater tout seul. Tu peux \u00eatre incertain ou d\u00e9sorient\u00e9 quant \u00e0 ce qui se passe exactement.<\/p>\n<p>Remarques-tu quelques uns de ces signes chez toi :<\/p>\n<p>Manque d&rsquo;\u00e9nergie, troubles du sommeil, changement de tes habitudes alimentaires, maux de t\u00eate, maux d&rsquo;estomac, naus\u00e9es, tu passes plus de temps que d&rsquo;habitude en ligne, tu te replies sur toi-m\u00eame, tu deviens agressif \u00e0 la maison, tu es anxieux apr\u00e8s avoir \u00e9t\u00e9 en ligne ou apr\u00e8s avoir lu un texto, tes r\u00e9sultats scolaires baissent soudainement, tu es moins dispos\u00e9 \u00e0 parler des activit\u00e9s quotidiennes, tu passes moins de temps avec tes amis ?<\/p>\n<p>Qu&rsquo;il s&rsquo;agisse de harc\u00e8lement ou d&rsquo;autre chose, <strong>si tu ne te sens pas bien, parle-en \u00e0 quelqu&rsquo;un!<\/strong><\/p>\n<p>Il faut du courage pour faire ce pas. Peut-\u00eatre que tu as peur ? Ou tu es en col\u00e8re contre toi-m\u00eame ? <strong>Nous sommes l\u00e0 pour toi !<\/strong> Nous t\u2019offrons un endroit s\u00fbr o\u00f9 tu peux parler de ta situation sp\u00e9cifique de mani\u00e8re anonyme et confidentielle &#8211; au t\u00e9l\u00e9phone, dans le chat ou dans la consultation en ligne. Nous t\u2019aidons \u00e0 faire le premier pas vers un avenir meilleur.<\/p>\n<p>Ne reste pas seul ![\/vc_column_text][\/vc_column][\/vc_row][vc_row][vc_column css=\u00a0\u00bb.vc_custom_1607072571253{margin-bottom: 30px !important;}\u00a0\u00bb offset=\u00a0\u00bbvc_col-lg-offset-1 vc_col-lg-10&Prime;][vc_empty_space]<div  class=\"wpb_theme_custom_element wpb_featured_box\">\n  <div class=\"vc-custom-inner-wrap\">\n    <div class=\"featured-box-alignment alignment-center content-alignment-center\"><div class=\"icon-wrap\"><div class=\"type-icon graphic-shape-rounded\" style=\"width: 50px;height: 50px;background-color: #54a56c\"><span style=\"color: #ffffff\" class=\"_icon fas fa-exclamation\"><\/span><\/div><\/div><div class=\"entry-box-wrap\"><h4 class=\"featured-box-title\" style=\"color: #222222;\">1 1 6 1 1 1<\/h4><div class=\"featured-box-text\" style=\"color: #444444;\">Kanner-Jugendtelefon<\/div><\/div><\/div>  <\/div>\n<\/div>\n[vc_column_text]Plus d&rsquo;informations et de tuyaux ici<\/p>\n<p><a href=\"https:\/\/www.bee-secure.lu\/de\/risiken\/cybermobbing\/\">https:\/\/www.bee-secure.lu\/de\/risiken\/cybermobbing\/<\/a><\/p>\n<p><a href=\"https:\/\/www.bee-secure.lu\/de\/publikation\/bist-du-opfer-von-cybermobbing\/\">https:\/\/www.bee-secure.lu\/de\/publikation\/bist-du-opfer-von-cybermobbing\/<\/a>[\/vc_column_text][\/vc_column][\/vc_row][\/vc_section][vc_section][vc_row][vc_column][vc_custom_heading text=\u00a0\u00bbIci tu trouves de l&rsquo;aide sur ce sujet\u00a0\u00bb font_container=\u00a0\u00bbtag:h3|font_size:18|text_align:center\u00a0\u00bb google_fonts=\u00a0\u00bbfont_family:Adamina%3Aregular|font_style:400%20regular%3A400%3Anormal\u00a0\u00bb][vc_column_text]<\/p>\n<p style=\"text-align: center;\"><span style=\"font-size: 12pt;\"><a href=\"https:\/\/www.kjt.lu\/fr\/1-1-6-1-1-1\/?lang=fr\">Kanner-Jugendtelefon<\/a> ; <a href=\"https:\/\/www.kjt.lu\/conseils-par-chat\/?lang=fr\">Chatberodung<\/a> ; <a href=\"https:\/\/www.kjt.lu\/fr\/online-help\/?lang=fr\">Online Help<\/a>; <a href=\"https:\/\/www.kjt.lu\/fr\/bee-secure-helpline\/?lang=fr\">BEE SECURE Helpline<\/a><\/span><\/p>\n<p>[\/vc_column_text][vc_custom_heading text=\u00a0\u00bbTu pourrais aussi \u00eatre int\u00e9ress\u00e9 par\u00a0\u00bb font_container=\u00a0\u00bbtag:h3|font_size:18|text_align:center\u00a0\u00bb google_fonts=\u00a0\u00bbfont_family:Adamina%3Aregular|font_style:400%20regular%3A400%3Anormal\u00a0\u00bb][vc_column_text]<\/p>\n<p style=\"text-align: center;\"><span style=\"font-size: 12pt;\"><a href=\"https:\/\/www.kjt.lu\/stress-pression\/?lang=fr\">Stress, pression<\/a> ; <a href=\"https:\/\/www.kjt.lu\/violence\/?lang=fr\">Violence<\/a> ; <a href=\"https:\/\/www.kjt.lu\/sante-mentale\/?lang=fr\">Sant\u00e9 mentale<\/a> ; <a href=\"https:\/\/www.kjt.lu\/fr\/sexting\/?lang=fr\">Sexting, photos de nus<\/a> ; <a href=\"https:\/\/www.kjt.lu\/amitie\/?lang=fr\">Amis, amiti\u00e9<\/a> ; <a href=\"https:\/\/www.kjt.lu\/sexualite\/?lang=fr\">Sexualit\u00e9<\/a> ; <a href=\"https:\/\/www.kjt.lu\/suicide\/?lang=fr\">Suicide, pens\u00e9es suicidaires<\/a><\/span><\/p>\n<p>[\/vc_column_text][\/vc_column][\/vc_row][\/vc_section]<\/p>\n<\/div>","protected":false},"excerpt":{"rendered":"<p>[vc_row][vc_column][\/vc_column][\/vc_row][vc_section full_width=\u00a0\u00bbstretch_row\u00a0\u00bb css=\u00a0\u00bb.vc_custom_1499312142784{padding-top: 45px !important;padding-bottom: 45px !important;}\u00a0\u00bb][vc_row][vc_column][vc_custom_heading text=\u00a0\u00bb(Cyber)Harc\u00e8lement\u00a0\u00bb font_container=\u00a0\u00bbtag:h1|text_align:center\u00a0\u00bb use_theme_fonts=\u00a0\u00bbyes\u00a0\u00bb][\/vc_column][vc_column offset=\u00a0\u00bbvc_col-lg-offset-1 vc_col-lg-10 vc_col-md-offset-1 vc_col-md-10&Prime;][vc_empty_space][vc_column_text]Dans la vie, le online et le\u2026<\/p>\n","protected":false},"author":1,"featured_media":0,"parent":0,"menu_order":0,"comment_status":"closed","ping_status":"closed","template":"","meta":{"footnotes":""},"class_list":["post-4990","page","type-page","status-publish","hentry"],"yoast_head":"<!-- This site is optimized with the Yoast SEO plugin v25.4 - https:\/\/yoast.com\/wordpress\/plugins\/seo\/ -->\n<title>(Cyber)Harc\u00e8lement | KJT<\/title>\n<meta name=\"robots\" content=\"index, follow, max-snippet:-1, max-image-preview:large, max-video-preview:-1\" \/>\n<link rel=\"canonical\" href=\"https:\/\/www.kjt.lu\/fr\/cyberharcelement\/\" \/>\n<meta property=\"og:locale\" content=\"fr_FR\" \/>\n<meta property=\"og:type\" content=\"article\" \/>\n<meta property=\"og:title\" content=\"(Cyber)Harc\u00e8lement | KJT\" \/>\n<meta property=\"og:description\" content=\"[vc_row][vc_column][\/vc_column][\/vc_row][vc_section full_width=\u00a0\u00bbstretch_row\u00a0\u00bb css=\u00a0\u00bb.vc_custom_1499312142784{padding-top: 45px !important;padding-bottom: 45px !important;}\u00a0\u00bb][vc_row][vc_column][vc_custom_heading text=\u00a0\u00bb(Cyber)Harc\u00e8lement\u00a0\u00bb font_container=\u00a0\u00bbtag:h1|text_align:center\u00a0\u00bb use_theme_fonts=\u00a0\u00bbyes\u00a0\u00bb][\/vc_column][vc_column offset=\u00a0\u00bbvc_col-lg-offset-1 vc_col-lg-10 vc_col-md-offset-1 vc_col-md-10&Prime;][vc_empty_space][vc_column_text]Dans la vie, le online et le\u2026\" \/>\n<meta property=\"og:url\" content=\"https:\/\/www.kjt.lu\/fr\/cyberharcelement\/\" \/>\n<meta property=\"og:site_name\" content=\"KJT\" \/>\n<meta property=\"article:publisher\" content=\"https:\/\/www.facebook.com\/kannerjugendtelefon\" \/>\n<meta property=\"article:modified_time\" content=\"2021-10-22T07:15:43+00:00\" \/>\n<meta name=\"twitter:card\" content=\"summary_large_image\" \/>\n<meta name=\"twitter:label1\" content=\"Dur\u00e9e de lecture estim\u00e9e\" \/>\n\t<meta name=\"twitter:data1\" content=\"2 minutes\" \/>\n<script type=\"application\/ld+json\" class=\"yoast-schema-graph\">{\"@context\":\"https:\/\/schema.org\",\"@graph\":[{\"@type\":\"WebPage\",\"@id\":\"https:\/\/www.kjt.lu\/fr\/cyberharcelement\/\",\"url\":\"https:\/\/www.kjt.lu\/fr\/cyberharcelement\/\",\"name\":\"(Cyber)Harc\u00e8lement | KJT\",\"isPartOf\":{\"@id\":\"https:\/\/www.kjt.lu\/fr\/#website\"},\"datePublished\":\"2021-05-12T15:34:19+00:00\",\"dateModified\":\"2021-10-22T07:15:43+00:00\",\"breadcrumb\":{\"@id\":\"https:\/\/www.kjt.lu\/fr\/cyberharcelement\/#breadcrumb\"},\"inLanguage\":\"fr-FR\",\"potentialAction\":[{\"@type\":\"ReadAction\",\"target\":[\"https:\/\/www.kjt.lu\/fr\/cyberharcelement\/\"]}]},{\"@type\":\"BreadcrumbList\",\"@id\":\"https:\/\/www.kjt.lu\/fr\/cyberharcelement\/#breadcrumb\",\"itemListElement\":[{\"@type\":\"ListItem\",\"position\":1,\"name\":\"Startseite\",\"item\":\"https:\/\/www.kjt.lu\/fr\/\"},{\"@type\":\"ListItem\",\"position\":2,\"name\":\"(Cyber)Harc\u00e8lement\"}]},{\"@type\":\"WebSite\",\"@id\":\"https:\/\/www.kjt.lu\/fr\/#website\",\"url\":\"https:\/\/www.kjt.lu\/fr\/\",\"name\":\"KJT\",\"description\":\"Beratung, Hilfe und Informationen f\u00fcr Kinder und Jugendliche\",\"publisher\":{\"@id\":\"https:\/\/www.kjt.lu\/fr\/#organization\"},\"potentialAction\":[{\"@type\":\"SearchAction\",\"target\":{\"@type\":\"EntryPoint\",\"urlTemplate\":\"https:\/\/www.kjt.lu\/fr\/?s={search_term_string}\"},\"query-input\":{\"@type\":\"PropertyValueSpecification\",\"valueRequired\":true,\"valueName\":\"search_term_string\"}}],\"inLanguage\":\"fr-FR\"},{\"@type\":\"Organization\",\"@id\":\"https:\/\/www.kjt.lu\/fr\/#organization\",\"name\":\"KJT\",\"url\":\"https:\/\/www.kjt.lu\/fr\/\",\"logo\":{\"@type\":\"ImageObject\",\"inLanguage\":\"fr-FR\",\"@id\":\"https:\/\/www.kjt.lu\/fr\/#\/schema\/logo\/image\/\",\"url\":\"https:\/\/www.kjt.lu\/wp-content\/uploads\/2021\/01\/kjt_white_144x61.png\",\"contentUrl\":\"https:\/\/www.kjt.lu\/wp-content\/uploads\/2021\/01\/kjt_white_144x61.png\",\"width\":143,\"height\":61,\"caption\":\"KJT\"},\"image\":{\"@id\":\"https:\/\/www.kjt.lu\/fr\/#\/schema\/logo\/image\/\"},\"sameAs\":[\"https:\/\/www.facebook.com\/kannerjugendtelefon\",\"https:\/\/www.instagram.com\/kannerjugendtelefon\/\"]}]}<\/script>\n<!-- \/ Yoast SEO plugin. -->","yoast_head_json":{"title":"(Cyber)Harc\u00e8lement | KJT","robots":{"index":"index","follow":"follow","max-snippet":"max-snippet:-1","max-image-preview":"max-image-preview:large","max-video-preview":"max-video-preview:-1"},"canonical":"https:\/\/www.kjt.lu\/fr\/cyberharcelement\/","og_locale":"fr_FR","og_type":"article","og_title":"(Cyber)Harc\u00e8lement | KJT","og_description":"[vc_row][vc_column][\/vc_column][\/vc_row][vc_section full_width=\u00a0\u00bbstretch_row\u00a0\u00bb css=\u00a0\u00bb.vc_custom_1499312142784{padding-top: 45px !important;padding-bottom: 45px !important;}\u00a0\u00bb][vc_row][vc_column][vc_custom_heading text=\u00a0\u00bb(Cyber)Harc\u00e8lement\u00a0\u00bb font_container=\u00a0\u00bbtag:h1|text_align:center\u00a0\u00bb use_theme_fonts=\u00a0\u00bbyes\u00a0\u00bb][\/vc_column][vc_column offset=\u00a0\u00bbvc_col-lg-offset-1 vc_col-lg-10 vc_col-md-offset-1 vc_col-md-10&Prime;][vc_empty_space][vc_column_text]Dans la vie, le online et le\u2026","og_url":"https:\/\/www.kjt.lu\/fr\/cyberharcelement\/","og_site_name":"KJT","article_publisher":"https:\/\/www.facebook.com\/kannerjugendtelefon","article_modified_time":"2021-10-22T07:15:43+00:00","twitter_card":"summary_large_image","twitter_misc":{"Dur\u00e9e de lecture estim\u00e9e":"2 minutes"},"schema":{"@context":"https:\/\/schema.org","@graph":[{"@type":"WebPage","@id":"https:\/\/www.kjt.lu\/fr\/cyberharcelement\/","url":"https:\/\/www.kjt.lu\/fr\/cyberharcelement\/","name":"(Cyber)Harc\u00e8lement | KJT","isPartOf":{"@id":"https:\/\/www.kjt.lu\/fr\/#website"},"datePublished":"2021-05-12T15:34:19+00:00","dateModified":"2021-10-22T07:15:43+00:00","breadcrumb":{"@id":"https:\/\/www.kjt.lu\/fr\/cyberharcelement\/#breadcrumb"},"inLanguage":"fr-FR","potentialAction":[{"@type":"ReadAction","target":["https:\/\/www.kjt.lu\/fr\/cyberharcelement\/"]}]},{"@type":"BreadcrumbList","@id":"https:\/\/www.kjt.lu\/fr\/cyberharcelement\/#breadcrumb","itemListElement":[{"@type":"ListItem","position":1,"name":"Startseite","item":"https:\/\/www.kjt.lu\/fr\/"},{"@type":"ListItem","position":2,"name":"(Cyber)Harc\u00e8lement"}]},{"@type":"WebSite","@id":"https:\/\/www.kjt.lu\/fr\/#website","url":"https:\/\/www.kjt.lu\/fr\/","name":"KJT","description":"Beratung, Hilfe und Informationen f\u00fcr Kinder und Jugendliche","publisher":{"@id":"https:\/\/www.kjt.lu\/fr\/#organization"},"potentialAction":[{"@type":"SearchAction","target":{"@type":"EntryPoint","urlTemplate":"https:\/\/www.kjt.lu\/fr\/?s={search_term_string}"},"query-input":{"@type":"PropertyValueSpecification","valueRequired":true,"valueName":"search_term_string"}}],"inLanguage":"fr-FR"},{"@type":"Organization","@id":"https:\/\/www.kjt.lu\/fr\/#organization","name":"KJT","url":"https:\/\/www.kjt.lu\/fr\/","logo":{"@type":"ImageObject","inLanguage":"fr-FR","@id":"https:\/\/www.kjt.lu\/fr\/#\/schema\/logo\/image\/","url":"https:\/\/www.kjt.lu\/wp-content\/uploads\/2021\/01\/kjt_white_144x61.png","contentUrl":"https:\/\/www.kjt.lu\/wp-content\/uploads\/2021\/01\/kjt_white_144x61.png","width":143,"height":61,"caption":"KJT"},"image":{"@id":"https:\/\/www.kjt.lu\/fr\/#\/schema\/logo\/image\/"},"sameAs":["https:\/\/www.facebook.com\/kannerjugendtelefon","https:\/\/www.instagram.com\/kannerjugendtelefon\/"]}]}},"_links":{"self":[{"href":"https:\/\/www.kjt.lu\/fr\/wp-json\/wp\/v2\/pages\/4990"}],"collection":[{"href":"https:\/\/www.kjt.lu\/fr\/wp-json\/wp\/v2\/pages"}],"about":[{"href":"https:\/\/www.kjt.lu\/fr\/wp-json\/wp\/v2\/types\/page"}],"author":[{"embeddable":true,"href":"https:\/\/www.kjt.lu\/fr\/wp-json\/wp\/v2\/users\/1"}],"replies":[{"embeddable":true,"href":"https:\/\/www.kjt.lu\/fr\/wp-json\/wp\/v2\/comments?post=4990"}],"version-history":[{"count":8,"href":"https:\/\/www.kjt.lu\/fr\/wp-json\/wp\/v2\/pages\/4990\/revisions"}],"predecessor-version":[{"id":7942,"href":"https:\/\/www.kjt.lu\/fr\/wp-json\/wp\/v2\/pages\/4990\/revisions\/7942"}],"wp:attachment":[{"href":"https:\/\/www.kjt.lu\/fr\/wp-json\/wp\/v2\/media?parent=4990"}],"curies":[{"name":"wp","href":"https:\/\/api.w.org\/{rel}","templated":true}]}}