{"id":4164,"date":"2021-05-11T15:38:03","date_gmt":"2021-05-11T13:38:03","guid":{"rendered":"https:\/\/new.kjt.lu\/separation-divorce\/"},"modified":"2021-08-10T20:26:00","modified_gmt":"2021-08-10T18:26:00","slug":"separation-divorce","status":"publish","type":"page","link":"https:\/\/www.kjt.lu\/fr\/separation-divorce\/","title":{"rendered":"S\u00e9paration \/ divorce"},"content":{"rendered":"<div class=\"wpb-content-wrapper\"><p>[vc_row][vc_column]\n\t\t\t<!-- START SeperationDivorce REVOLUTION SLIDER 6.7.16 --><p class=\"rs-p-wp-fix\"><\/p>\n\t\t\t<rs-module-wrap id=\"rev_slider_15_1_wrapper\" data-source=\"gallery\" style=\"visibility:hidden;background:transparent;padding:0;margin:0px auto;margin-top:0;margin-bottom:0;\">\n\t\t\t\t<rs-module id=\"rev_slider_15_1\" style=\"\" data-version=\"6.7.16\">\n\t\t\t\t\t<rs-slides style=\"overflow: hidden; position: absolute;\">\n\t\t\t\t\t\t<rs-slide style=\"position: absolute;\" data-key=\"rs-72\" data-title=\"Slide\" data-anim=\"ms:1000;r:0;\" data-in=\"o:0;\" data-out=\"a:false;\">\n\t\t\t\t\t\t\t<img decoding=\"async\" src=\"\/\/www.kjt.lu\/wp-content\/plugins\/revslider\/sr6\/assets\/assets\/dummy.png\" alt=\"\" title=\"Seperation-Divorce\" width=\"1920\" height=\"1080\" class=\"rev-slidebg tp-rs-img rs-lazyload\" data-lazyload=\"\/\/www.kjt.lu\/wp-content\/uploads\/2021\/01\/slide_Seperation-Divorce_61365477.jpg\" data-no-retina>\n<!---->\t\t\t\t\t<\/rs-slide>\n\t\t\t\t\t<\/rs-slides>\n\t\t\t\t<\/rs-module>\n\t\t\t\t<script>\n\t\t\t\t\tsetREVStartSize({c: 'rev_slider_15_1',rl:[1240,1024,768,480],el:[900],gw:[1240],gh:[900],type:'hero',justify:'',layout:'fullwidth',mh:\"0\"});if (window.RS_MODULES!==undefined && window.RS_MODULES.modules!==undefined && window.RS_MODULES.modules[\"revslider151\"]!==undefined) {window.RS_MODULES.modules[\"revslider151\"].once = false;window.revapi15 = undefined;if (window.RS_MODULES.checkMinimal!==undefined) window.RS_MODULES.checkMinimal()}\n\t\t\t\t<\/script>\n\t\t\t<\/rs-module-wrap>\n\t\t\t<!-- END REVOLUTION SLIDER -->\n[\/vc_column][\/vc_row][vc_section full_width=\u00a0\u00bbstretch_row\u00a0\u00bb css=\u00a0\u00bb.vc_custom_1499312142784{padding-top: 45px !important;padding-bottom: 45px !important;}\u00a0\u00bb][vc_row][vc_column][\/vc_column][vc_column offset=\u00a0\u00bbvc_col-lg-offset-1 vc_col-lg-10 vc_col-md-offset-1 vc_col-md-10&Prime;][vc_custom_heading text=\u00a0\u00bbS\u00e9paration \/ Divorce\u00a0\u00bb font_container=\u00a0\u00bbtag:h1|text_align:center\u00a0\u00bb use_theme_fonts=\u00a0\u00bbyes\u00a0\u00bb][vc_empty_space][vc_column_text]Si tes parents ne se parlent plus, se disputent de plus en plus souvent et que l&rsquo;atmosph\u00e8re \u00e0 la maison est constamment tendue, tu peux te poser la question: \u00ab\u00a0Mes parents veulent-ils se s\u00e9parer\/divorcer ?\u00a0\u00bb Cela d\u00e9clenche la peur et l&rsquo;incertitude, l&rsquo;inqui\u00e9tude, peut-\u00eatre aussi la col\u00e8re et la tristesse. Souvent associ\u00e9 \u00e0 la question \u00ab\u00a0est-ce que c&rsquo;est de ma faute ?\u00a0\u00bb. Non ! Lorsque les parents se s\u00e9parent, c&rsquo;est entre ces deux adultes. Aussi douloureux que cela puisse \u00eatre \u00e0 ce moment-l\u00e0 et m\u00eame si tu souhaites que tout redevienne \u00ab\u00a0comme avant\u00a0\u00bb, \u00e0 long terme, c&rsquo;est parfois la bonne d\u00e9cision pour les parents de ne plus \u00eatre en couple. Le fait qu&rsquo;ils se s\u00e9parent ou divorcent ne change rien au fait qu&rsquo;ils continueront \u00e0 \u00eatre tes parents.<\/p>\n<p>C&rsquo;est une p\u00e9riode de stress, aussi pour les parents : leur propre relation touche \u00e0 sa fin, ils se sentent bless\u00e9s, d\u00e9pass\u00e9s, tristes et ne savent pas o\u00f9 aller, il y a peut-\u00eatre aussi une rupture de confiance et le sentiment d&rsquo;\u00eatre seul. Tout cela en plus de la t\u00e2che consistant \u00e0 donner de l&rsquo;amour et du temps \u00e0 leurs enfants et \u00e0 assumer la responsabilit\u00e9 des enfants dont ils s&rsquo;occupent maintenant: Comment mon enfant va-t-il s&rsquo;en sortir ? Combien de fois serai-je autoris\u00e9 \u00e0 voir mon enfant ? Qu&rsquo;a-t-il remarqu\u00e9, comment va-t-il se sentir quand il nous entendra nous disputer ? Comment se sentira-t-il quand je ne serai pas l\u00e0 ?<\/p>\n<p>Pour tous les membres de la famille, une s\u00e9paration ou un divorce est un moment tr\u00e8s stressant et tr\u00e8s \u00e9motionnel qui peut provoquer d&rsquo;autres conflits qui n&rsquo;existeraient pas autrement.<\/p>\n<p>Tous ceux qui se trouvent dans une situation aussi difficile, toi, tes parents ou m\u00eame tes grands-parents qui s&rsquo;inqui\u00e8tent, doivent savoir que vous n&rsquo;\u00eates pas seuls dans cette situation.<\/p>\n<p>Les services du KJT sont l\u00e0 pour offrir conseils et soutien : chacun peut appeler ou \u00e9crire et en parler, poser ses questions et exprimer ses inqui\u00e9tudes. Cela t\u2019aidera \u00e0 te ressaisir, \u00e0 porter un regard neuf sur la situation et \u00e0 te sentir progressivement mieux.<\/p>\n<p>[\/vc_column_text][vc_column_text][\/vc_column_text][vc_column_text][\/vc_column_text][\/vc_column][\/vc_row][\/vc_section][vc_section][vc_row][vc_column][vc_custom_heading text=\u00a0\u00bbIci tu trouves de l&rsquo;aide sur ce sujet\u00a0\u00bb font_container=\u00a0\u00bbtag:h3|font_size:18|text_align:center\u00a0\u00bb google_fonts=\u00a0\u00bbfont_family:Adamina%3Aregular|font_style:400%20regular%3A400%3Anormal\u00a0\u00bb][vc_column_text]<\/p>\n<p style=\"text-align: center;\"><span style=\"font-size: 12pt;\"><a href=\"https:\/\/www.kjt.lu\/fr\/1-1-6-1-1-1\/?lang=fr\">Kanner-Jugendtelefon<\/a> ; <a href=\"https:\/\/www.kjt.lu\/conseils-par-chat\/?lang=fr\">Chatberodung<\/a> ; <a href=\"https:\/\/www.kjt.lu\/fr\/online-help\/?lang=fr\">Online Help<\/a> ; <a href=\"https:\/\/www.kjt.lu\/ecoute-parents\/?lang=fr\">Elterentelefon<\/a><\/span><\/p>\n<p>[\/vc_column_text][vc_custom_heading text=\u00a0\u00bbTu pourrais aussi \u00eatre int\u00e9ress\u00e9 par\u00a0\u00bb font_container=\u00a0\u00bbtag:h3|font_size:18|text_align:center\u00a0\u00bb google_fonts=\u00a0\u00bbfont_family:Adamina%3Aregular|font_style:400%20regular%3A400%3Anormal\u00a0\u00bb][vc_column_text]<\/p>\n<p style=\"text-align: center;\"><span style=\"font-size: 12pt;\"><a href=\"https:\/\/www.kjt.lu\/conflits-dans-la-famille\/?lang=fr\">Famille, dispute, conflits<\/a> ; <a href=\"https:\/\/www.kjt.lu\/stress-pression\/?lang=fr\">Stress, pression<\/a> ; <a href=\"https:\/\/www.kjt.lu\/sante-mentale\/?lang=fr\">Psych\u00e9 et sant\u00e9<\/a> ; <a href=\"https:\/\/www.kjt.lu\/violence\/?lang=fr\">Violence<\/a> ; <a href=\"https:\/\/www.kjt.lu\/suicide\/?lang=fr\">Suicide, pens\u00e9es suicidaires<\/a><\/span><\/p>\n<p>[\/vc_column_text][\/vc_column][\/vc_row][\/vc_section]<\/p>\n<\/div>","protected":false},"excerpt":{"rendered":"<p>[vc_row][vc_column][\/vc_column][\/vc_row][vc_section full_width=\u00a0\u00bbstretch_row\u00a0\u00bb css=\u00a0\u00bb.vc_custom_1499312142784{padding-top: 45px !important;padding-bottom: 45px !important;}\u00a0\u00bb][vc_row][vc_column][\/vc_column][vc_column offset=\u00a0\u00bbvc_col-lg-offset-1 vc_col-lg-10 vc_col-md-offset-1 vc_col-md-10&Prime;][vc_custom_heading text=\u00a0\u00bbS\u00e9paration \/ Divorce\u00a0\u00bb font_container=\u00a0\u00bbtag:h1|text_align:center\u00a0\u00bb use_theme_fonts=\u00a0\u00bbyes\u00a0\u00bb][vc_empty_space][vc_column_text]Si tes parents ne se\u2026<\/p>\n","protected":false},"author":1,"featured_media":0,"parent":0,"menu_order":0,"comment_status":"closed","ping_status":"closed","template":"","meta":{"footnotes":""},"class_list":["post-4164","page","type-page","status-publish","hentry"],"yoast_head":"<!-- This site is optimized with the Yoast SEO plugin v25.4 - https:\/\/yoast.com\/wordpress\/plugins\/seo\/ -->\n<title>S\u00e9paration \/ divorce | KJT<\/title>\n<meta name=\"robots\" content=\"index, follow, max-snippet:-1, max-image-preview:large, max-video-preview:-1\" \/>\n<link rel=\"canonical\" href=\"https:\/\/www.kjt.lu\/fr\/separation-divorce\/\" \/>\n<meta property=\"og:locale\" content=\"fr_FR\" \/>\n<meta property=\"og:type\" content=\"article\" \/>\n<meta property=\"og:title\" content=\"S\u00e9paration \/ divorce | KJT\" \/>\n<meta property=\"og:description\" content=\"[vc_row][vc_column][\/vc_column][\/vc_row][vc_section full_width=\u00a0\u00bbstretch_row\u00a0\u00bb css=\u00a0\u00bb.vc_custom_1499312142784{padding-top: 45px !important;padding-bottom: 45px !important;}\u00a0\u00bb][vc_row][vc_column][\/vc_column][vc_column offset=\u00a0\u00bbvc_col-lg-offset-1 vc_col-lg-10 vc_col-md-offset-1 vc_col-md-10&Prime;][vc_custom_heading text=\u00a0\u00bbS\u00e9paration \/ Divorce\u00a0\u00bb font_container=\u00a0\u00bbtag:h1|text_align:center\u00a0\u00bb use_theme_fonts=\u00a0\u00bbyes\u00a0\u00bb][vc_empty_space][vc_column_text]Si tes parents ne se\u2026\" \/>\n<meta property=\"og:url\" content=\"https:\/\/www.kjt.lu\/fr\/separation-divorce\/\" \/>\n<meta property=\"og:site_name\" content=\"KJT\" \/>\n<meta property=\"article:publisher\" content=\"https:\/\/www.facebook.com\/kannerjugendtelefon\" \/>\n<meta property=\"article:modified_time\" content=\"2021-08-10T18:26:00+00:00\" \/>\n<meta name=\"twitter:card\" content=\"summary_large_image\" \/>\n<meta name=\"twitter:label1\" content=\"Dur\u00e9e de lecture estim\u00e9e\" \/>\n\t<meta name=\"twitter:data1\" content=\"2 minutes\" \/>\n<script type=\"application\/ld+json\" class=\"yoast-schema-graph\">{\"@context\":\"https:\/\/schema.org\",\"@graph\":[{\"@type\":\"WebPage\",\"@id\":\"https:\/\/www.kjt.lu\/fr\/separation-divorce\/\",\"url\":\"https:\/\/www.kjt.lu\/fr\/separation-divorce\/\",\"name\":\"S\u00e9paration \/ divorce | KJT\",\"isPartOf\":{\"@id\":\"https:\/\/www.kjt.lu\/fr\/#website\"},\"datePublished\":\"2021-05-11T13:38:03+00:00\",\"dateModified\":\"2021-08-10T18:26:00+00:00\",\"breadcrumb\":{\"@id\":\"https:\/\/www.kjt.lu\/fr\/separation-divorce\/#breadcrumb\"},\"inLanguage\":\"fr-FR\",\"potentialAction\":[{\"@type\":\"ReadAction\",\"target\":[\"https:\/\/www.kjt.lu\/fr\/separation-divorce\/\"]}]},{\"@type\":\"BreadcrumbList\",\"@id\":\"https:\/\/www.kjt.lu\/fr\/separation-divorce\/#breadcrumb\",\"itemListElement\":[{\"@type\":\"ListItem\",\"position\":1,\"name\":\"Startseite\",\"item\":\"https:\/\/www.kjt.lu\/fr\/\"},{\"@type\":\"ListItem\",\"position\":2,\"name\":\"S\u00e9paration \/ divorce\"}]},{\"@type\":\"WebSite\",\"@id\":\"https:\/\/www.kjt.lu\/fr\/#website\",\"url\":\"https:\/\/www.kjt.lu\/fr\/\",\"name\":\"KJT\",\"description\":\"Beratung, Hilfe und Informationen f\u00fcr Kinder und Jugendliche\",\"publisher\":{\"@id\":\"https:\/\/www.kjt.lu\/fr\/#organization\"},\"potentialAction\":[{\"@type\":\"SearchAction\",\"target\":{\"@type\":\"EntryPoint\",\"urlTemplate\":\"https:\/\/www.kjt.lu\/fr\/?s={search_term_string}\"},\"query-input\":{\"@type\":\"PropertyValueSpecification\",\"valueRequired\":true,\"valueName\":\"search_term_string\"}}],\"inLanguage\":\"fr-FR\"},{\"@type\":\"Organization\",\"@id\":\"https:\/\/www.kjt.lu\/fr\/#organization\",\"name\":\"KJT\",\"url\":\"https:\/\/www.kjt.lu\/fr\/\",\"logo\":{\"@type\":\"ImageObject\",\"inLanguage\":\"fr-FR\",\"@id\":\"https:\/\/www.kjt.lu\/fr\/#\/schema\/logo\/image\/\",\"url\":\"https:\/\/www.kjt.lu\/wp-content\/uploads\/2021\/01\/kjt_white_144x61.png\",\"contentUrl\":\"https:\/\/www.kjt.lu\/wp-content\/uploads\/2021\/01\/kjt_white_144x61.png\",\"width\":143,\"height\":61,\"caption\":\"KJT\"},\"image\":{\"@id\":\"https:\/\/www.kjt.lu\/fr\/#\/schema\/logo\/image\/\"},\"sameAs\":[\"https:\/\/www.facebook.com\/kannerjugendtelefon\",\"https:\/\/www.instagram.com\/kannerjugendtelefon\/\"]}]}<\/script>\n<!-- \/ Yoast SEO plugin. -->","yoast_head_json":{"title":"S\u00e9paration \/ divorce | KJT","robots":{"index":"index","follow":"follow","max-snippet":"max-snippet:-1","max-image-preview":"max-image-preview:large","max-video-preview":"max-video-preview:-1"},"canonical":"https:\/\/www.kjt.lu\/fr\/separation-divorce\/","og_locale":"fr_FR","og_type":"article","og_title":"S\u00e9paration \/ divorce | KJT","og_description":"[vc_row][vc_column][\/vc_column][\/vc_row][vc_section full_width=\u00a0\u00bbstretch_row\u00a0\u00bb css=\u00a0\u00bb.vc_custom_1499312142784{padding-top: 45px !important;padding-bottom: 45px !important;}\u00a0\u00bb][vc_row][vc_column][\/vc_column][vc_column offset=\u00a0\u00bbvc_col-lg-offset-1 vc_col-lg-10 vc_col-md-offset-1 vc_col-md-10&Prime;][vc_custom_heading text=\u00a0\u00bbS\u00e9paration \/ Divorce\u00a0\u00bb font_container=\u00a0\u00bbtag:h1|text_align:center\u00a0\u00bb use_theme_fonts=\u00a0\u00bbyes\u00a0\u00bb][vc_empty_space][vc_column_text]Si tes parents ne se\u2026","og_url":"https:\/\/www.kjt.lu\/fr\/separation-divorce\/","og_site_name":"KJT","article_publisher":"https:\/\/www.facebook.com\/kannerjugendtelefon","article_modified_time":"2021-08-10T18:26:00+00:00","twitter_card":"summary_large_image","twitter_misc":{"Dur\u00e9e de lecture estim\u00e9e":"2 minutes"},"schema":{"@context":"https:\/\/schema.org","@graph":[{"@type":"WebPage","@id":"https:\/\/www.kjt.lu\/fr\/separation-divorce\/","url":"https:\/\/www.kjt.lu\/fr\/separation-divorce\/","name":"S\u00e9paration \/ divorce | KJT","isPartOf":{"@id":"https:\/\/www.kjt.lu\/fr\/#website"},"datePublished":"2021-05-11T13:38:03+00:00","dateModified":"2021-08-10T18:26:00+00:00","breadcrumb":{"@id":"https:\/\/www.kjt.lu\/fr\/separation-divorce\/#breadcrumb"},"inLanguage":"fr-FR","potentialAction":[{"@type":"ReadAction","target":["https:\/\/www.kjt.lu\/fr\/separation-divorce\/"]}]},{"@type":"BreadcrumbList","@id":"https:\/\/www.kjt.lu\/fr\/separation-divorce\/#breadcrumb","itemListElement":[{"@type":"ListItem","position":1,"name":"Startseite","item":"https:\/\/www.kjt.lu\/fr\/"},{"@type":"ListItem","position":2,"name":"S\u00e9paration \/ divorce"}]},{"@type":"WebSite","@id":"https:\/\/www.kjt.lu\/fr\/#website","url":"https:\/\/www.kjt.lu\/fr\/","name":"KJT","description":"Beratung, Hilfe und Informationen f\u00fcr Kinder und Jugendliche","publisher":{"@id":"https:\/\/www.kjt.lu\/fr\/#organization"},"potentialAction":[{"@type":"SearchAction","target":{"@type":"EntryPoint","urlTemplate":"https:\/\/www.kjt.lu\/fr\/?s={search_term_string}"},"query-input":{"@type":"PropertyValueSpecification","valueRequired":true,"valueName":"search_term_string"}}],"inLanguage":"fr-FR"},{"@type":"Organization","@id":"https:\/\/www.kjt.lu\/fr\/#organization","name":"KJT","url":"https:\/\/www.kjt.lu\/fr\/","logo":{"@type":"ImageObject","inLanguage":"fr-FR","@id":"https:\/\/www.kjt.lu\/fr\/#\/schema\/logo\/image\/","url":"https:\/\/www.kjt.lu\/wp-content\/uploads\/2021\/01\/kjt_white_144x61.png","contentUrl":"https:\/\/www.kjt.lu\/wp-content\/uploads\/2021\/01\/kjt_white_144x61.png","width":143,"height":61,"caption":"KJT"},"image":{"@id":"https:\/\/www.kjt.lu\/fr\/#\/schema\/logo\/image\/"},"sameAs":["https:\/\/www.facebook.com\/kannerjugendtelefon","https:\/\/www.instagram.com\/kannerjugendtelefon\/"]}]}},"_links":{"self":[{"href":"https:\/\/www.kjt.lu\/fr\/wp-json\/wp\/v2\/pages\/4164"}],"collection":[{"href":"https:\/\/www.kjt.lu\/fr\/wp-json\/wp\/v2\/pages"}],"about":[{"href":"https:\/\/www.kjt.lu\/fr\/wp-json\/wp\/v2\/types\/page"}],"author":[{"embeddable":true,"href":"https:\/\/www.kjt.lu\/fr\/wp-json\/wp\/v2\/users\/1"}],"replies":[{"embeddable":true,"href":"https:\/\/www.kjt.lu\/fr\/wp-json\/wp\/v2\/comments?post=4164"}],"version-history":[{"count":6,"href":"https:\/\/www.kjt.lu\/fr\/wp-json\/wp\/v2\/pages\/4164\/revisions"}],"predecessor-version":[{"id":6898,"href":"https:\/\/www.kjt.lu\/fr\/wp-json\/wp\/v2\/pages\/4164\/revisions\/6898"}],"wp:attachment":[{"href":"https:\/\/www.kjt.lu\/fr\/wp-json\/wp\/v2\/media?parent=4164"}],"curies":[{"name":"wp","href":"https:\/\/api.w.org\/{rel}","templated":true}]}}