{"id":3695,"date":"2021-05-05T11:40:22","date_gmt":"2021-05-05T09:40:22","guid":{"rendered":"https:\/\/new.kjt.lu\/notice-legale\/"},"modified":"2026-02-03T10:34:05","modified_gmt":"2026-02-03T09:34:05","slug":"notice-legale","status":"publish","type":"page","link":"https:\/\/www.kjt.lu\/fr\/notice-legale\/","title":{"rendered":"Notice L\u00e9gale"},"content":{"rendered":"<div class=\"wpb-content-wrapper\"><p>[vc_row][vc_column][vc_custom_heading text=\u00a0\u00bbNotice L\u00e9gale\u00a0\u00bb font_container=\u00a0\u00bbtag:h1|text_align:center\u00a0\u00bb use_theme_fonts=\u00a0\u00bbyes\u00a0\u00bb][vc_column_text css=\u00a0\u00bb\u00a0\u00bb]<\/p>\r\n<p><strong>\u00c9diteur du site<\/strong><\/p>\r\n\r\n<p>Kanner-Jugendtelefon, eine Dienstelle von CJF L\u00ebtzebuerg a.s.b.l.<\/p>\r\n\r\n<p>Sitz von CJF L\u00ebtzebuerg a.s.b.l. :<\/p>\r\n<p>2, Rue Peternelchen &#8211; Cubus C2<\/p>\r\n<p>L-2370 Howald<\/p>\r\n<p>Num\u00e9ro d&rsquo;accr\u00e9ditation : CAMF CSF AI 202504\/01 et CAMF FSE AI 202504\/01<\/p>\r\n<p>E-Mail:\u00a0<a href=\"mailto:contact@kjt.lu\">contact@kjt.lu<\/a><\/p>\r\n<p>&nbsp;<\/p>\r\n<p>\u00a0<\/p>\r\n<p><strong>Sources des images<\/strong><\/p>\r\n<p>\u00a0<\/p>\r\n\r\n<ul class=\"wp-block-list\">\r\n<li>\u00a9<a href=\"https:\/\/tshirtsuperstar.com\/family-tshirts\/\" target=\"_blank\" rel=\"noopener\">Family T-Shirts\u00a0<\/a><\/li>\r\n<\/ul>\r\n<p>&nbsp;<\/p>\r\n\r\n<p><strong>Copyright<\/strong><\/p>\r\n<p>Copyright Site web \u00a9 2021 Kanner-Jugendtelefon, un service de CJF L\u00ebtzebuerg a.s.b.l.. Tous droits r\u00e9serv\u00e9s.<\/p>\r\n<p>Les textes, images, graphiques, ainsi que la conception et la mise en page de ce site web sont soumis au droit d&rsquo;auteur international. La reproduction, le traitement, la transmission, la diffusion ou tout autre type d&rsquo;utilisation ou d&rsquo;exploitation non autoris\u00e9s de contenus individuels ou de pages compl\u00e8tes sont punissables et feront l&rsquo;objet de poursuites p\u00e9nales et civiles.<\/p>\r\n<p><strong>Responsabilit\u00e9 de l&rsquo;utilisateur du site web<\/strong><\/p>\r\n<p>L&rsquo;utilisateur du site web est tenu d&rsquo;utiliser le site web de mani\u00e8re responsable. Il doit veiller \u00e0 ne pas introduire de virus ou autres logiciels malveillants et ne doit en g\u00e9n\u00e9ral pas utiliser le site web d&rsquo;une mani\u00e8re qui causerait un pr\u00e9judice par n\u00e9gligence ou intentionnellement au fournisseur du site web ou \u00e0 des tiers.<\/p>\r\n<p><strong>Responsabilit\u00e9 du fournisseur du site web<\/strong><\/p>\r\n<p>Le contenu du site web a \u00e9t\u00e9 cr\u00e9\u00e9 avec soin et en toute bonne foi. Toutefois, le fournisseur de ce site web ne garantit pas l&rsquo;actualit\u00e9, l&rsquo;exhaustivit\u00e9 et l&rsquo;exactitude des pages et des contenus fournis.<\/p>\r\n<p><strong>Liens externes<\/strong><\/p>\r\n<p>Ce site web contient des liens vers d&rsquo;autres sites web sur lesquels le fournisseur du site web n&rsquo;a aucune influence. Pour cette raison, le fournisseur ne peut assumer aucune responsabilit\u00e9 pour ces contenus. En principe, le fournisseur du site web li\u00e9 est responsable du contenu et de l&rsquo;exactitude des informations fournies.<\/p>\r\n<p>Le fournisseur du site web a v\u00e9rifi\u00e9 les sites web externes li\u00e9s lors de la premi\u00e8re mise en place des liens. Cependant, les modifications apport\u00e9es au contenu des sites web externes ne sont pas v\u00e9rifi\u00e9es en permanence. Ce n&rsquo;est que lorsque le fournisseur du site web est inform\u00e9 par d&rsquo;autres personnes de l&rsquo;ill\u00e9galit\u00e9 du contenu d&rsquo;un site web externe li\u00e9 qu&rsquo;il supprimera le lien, le cas \u00e9ch\u00e9ant.<\/p>\r\n<p><strong>E-mail : risques li\u00e9s \u00e0 un tel transfert de donn\u00e9es<\/strong><\/p>\r\n<p>La transmission de donn\u00e9es sur Internet comporte des risques : les informations que vous envoyez au fournisseur du site web par e-mail non crypt\u00e9 peuvent \u00eatre lues, enregistr\u00e9es et d\u00e9tourn\u00e9es de leur usage initial par des tiers. N&rsquo;envoyez donc aucune information confidentielle par e-mail non crypt\u00e9.<\/p>\r\n<p>&nbsp;<\/p>\r\n<p>\u00a0<\/p>\r\n<p>[\/vc_column_text][\/vc_column][\/vc_row]<\/p><\/div>","protected":false},"excerpt":{"rendered":"<p>[vc_row][vc_column][vc_custom_heading text=\u00a0\u00bbNotice L\u00e9gale\u00a0\u00bb font_container=\u00a0\u00bbtag:h1|text_align:center\u00a0\u00bb use_theme_fonts=\u00a0\u00bbyes\u00a0\u00bb][vc_column_text css=\u00a0\u00bb\u00a0\u00bb] \u00c9diteur du site Kanner-Jugendtelefon, eine Dienstelle von CJF L\u00ebtzebuerg a.s.b.l. Sitz von CJF L\u00ebtzebuerg\u2026<\/p>\n","protected":false},"author":1,"featured_media":0,"parent":0,"menu_order":0,"comment_status":"closed","ping_status":"closed","template":"","meta":{"footnotes":""},"class_list":["post-3695","page","type-page","status-publish","hentry"],"yoast_head":"<!-- This site is optimized with the Yoast SEO plugin v25.4 - https:\/\/yoast.com\/wordpress\/plugins\/seo\/ -->\n<title>Notice L\u00e9gale | KJT<\/title>\n<meta name=\"robots\" content=\"index, follow, max-snippet:-1, max-image-preview:large, max-video-preview:-1\" \/>\n<link rel=\"canonical\" href=\"https:\/\/www.kjt.lu\/fr\/notice-legale\/\" \/>\n<meta property=\"og:locale\" content=\"fr_FR\" \/>\n<meta property=\"og:type\" content=\"article\" \/>\n<meta property=\"og:title\" content=\"Notice L\u00e9gale | KJT\" \/>\n<meta property=\"og:description\" content=\"[vc_row][vc_column][vc_custom_heading text=\u00a0\u00bbNotice L\u00e9gale\u00a0\u00bb font_container=\u00a0\u00bbtag:h1|text_align:center\u00a0\u00bb use_theme_fonts=\u00a0\u00bbyes\u00a0\u00bb][vc_column_text css=\u00a0\u00bb\u00a0\u00bb] \u00c9diteur du site Kanner-Jugendtelefon, eine Dienstelle von CJF L\u00ebtzebuerg a.s.b.l. Sitz von CJF L\u00ebtzebuerg\u2026\" \/>\n<meta property=\"og:url\" content=\"https:\/\/www.kjt.lu\/fr\/notice-legale\/\" \/>\n<meta property=\"og:site_name\" content=\"KJT\" \/>\n<meta property=\"article:publisher\" content=\"https:\/\/www.facebook.com\/kannerjugendtelefon\" \/>\n<meta property=\"article:modified_time\" content=\"2026-02-03T09:34:05+00:00\" \/>\n<meta name=\"twitter:card\" content=\"summary_large_image\" \/>\n<meta name=\"twitter:label1\" content=\"Dur\u00e9e de lecture estim\u00e9e\" \/>\n\t<meta name=\"twitter:data1\" content=\"3 minutes\" \/>\n<script type=\"application\/ld+json\" class=\"yoast-schema-graph\">{\"@context\":\"https:\/\/schema.org\",\"@graph\":[{\"@type\":\"WebPage\",\"@id\":\"https:\/\/www.kjt.lu\/fr\/notice-legale\/\",\"url\":\"https:\/\/www.kjt.lu\/fr\/notice-legale\/\",\"name\":\"Notice L\u00e9gale | KJT\",\"isPartOf\":{\"@id\":\"https:\/\/www.kjt.lu\/fr\/#website\"},\"datePublished\":\"2021-05-05T09:40:22+00:00\",\"dateModified\":\"2026-02-03T09:34:05+00:00\",\"breadcrumb\":{\"@id\":\"https:\/\/www.kjt.lu\/fr\/notice-legale\/#breadcrumb\"},\"inLanguage\":\"fr-FR\",\"potentialAction\":[{\"@type\":\"ReadAction\",\"target\":[\"https:\/\/www.kjt.lu\/fr\/notice-legale\/\"]}]},{\"@type\":\"BreadcrumbList\",\"@id\":\"https:\/\/www.kjt.lu\/fr\/notice-legale\/#breadcrumb\",\"itemListElement\":[{\"@type\":\"ListItem\",\"position\":1,\"name\":\"Startseite\",\"item\":\"https:\/\/www.kjt.lu\/fr\/\"},{\"@type\":\"ListItem\",\"position\":2,\"name\":\"Notice L\u00e9gale\"}]},{\"@type\":\"WebSite\",\"@id\":\"https:\/\/www.kjt.lu\/fr\/#website\",\"url\":\"https:\/\/www.kjt.lu\/fr\/\",\"name\":\"KJT\",\"description\":\"Beratung, Hilfe und Informationen f\u00fcr Kinder und Jugendliche\",\"publisher\":{\"@id\":\"https:\/\/www.kjt.lu\/fr\/#organization\"},\"potentialAction\":[{\"@type\":\"SearchAction\",\"target\":{\"@type\":\"EntryPoint\",\"urlTemplate\":\"https:\/\/www.kjt.lu\/fr\/?s={search_term_string}\"},\"query-input\":{\"@type\":\"PropertyValueSpecification\",\"valueRequired\":true,\"valueName\":\"search_term_string\"}}],\"inLanguage\":\"fr-FR\"},{\"@type\":\"Organization\",\"@id\":\"https:\/\/www.kjt.lu\/fr\/#organization\",\"name\":\"KJT\",\"url\":\"https:\/\/www.kjt.lu\/fr\/\",\"logo\":{\"@type\":\"ImageObject\",\"inLanguage\":\"fr-FR\",\"@id\":\"https:\/\/www.kjt.lu\/fr\/#\/schema\/logo\/image\/\",\"url\":\"https:\/\/www.kjt.lu\/wp-content\/uploads\/2021\/01\/kjt_white_144x61.png\",\"contentUrl\":\"https:\/\/www.kjt.lu\/wp-content\/uploads\/2021\/01\/kjt_white_144x61.png\",\"width\":143,\"height\":61,\"caption\":\"KJT\"},\"image\":{\"@id\":\"https:\/\/www.kjt.lu\/fr\/#\/schema\/logo\/image\/\"},\"sameAs\":[\"https:\/\/www.facebook.com\/kannerjugendtelefon\",\"https:\/\/www.instagram.com\/kannerjugendtelefon\/\"]}]}<\/script>\n<!-- \/ Yoast SEO plugin. -->","yoast_head_json":{"title":"Notice L\u00e9gale | KJT","robots":{"index":"index","follow":"follow","max-snippet":"max-snippet:-1","max-image-preview":"max-image-preview:large","max-video-preview":"max-video-preview:-1"},"canonical":"https:\/\/www.kjt.lu\/fr\/notice-legale\/","og_locale":"fr_FR","og_type":"article","og_title":"Notice L\u00e9gale | KJT","og_description":"[vc_row][vc_column][vc_custom_heading text=\u00a0\u00bbNotice L\u00e9gale\u00a0\u00bb font_container=\u00a0\u00bbtag:h1|text_align:center\u00a0\u00bb use_theme_fonts=\u00a0\u00bbyes\u00a0\u00bb][vc_column_text css=\u00a0\u00bb\u00a0\u00bb] \u00c9diteur du site Kanner-Jugendtelefon, eine Dienstelle von CJF L\u00ebtzebuerg a.s.b.l. Sitz von CJF L\u00ebtzebuerg\u2026","og_url":"https:\/\/www.kjt.lu\/fr\/notice-legale\/","og_site_name":"KJT","article_publisher":"https:\/\/www.facebook.com\/kannerjugendtelefon","article_modified_time":"2026-02-03T09:34:05+00:00","twitter_card":"summary_large_image","twitter_misc":{"Dur\u00e9e de lecture estim\u00e9e":"3 minutes"},"schema":{"@context":"https:\/\/schema.org","@graph":[{"@type":"WebPage","@id":"https:\/\/www.kjt.lu\/fr\/notice-legale\/","url":"https:\/\/www.kjt.lu\/fr\/notice-legale\/","name":"Notice L\u00e9gale | KJT","isPartOf":{"@id":"https:\/\/www.kjt.lu\/fr\/#website"},"datePublished":"2021-05-05T09:40:22+00:00","dateModified":"2026-02-03T09:34:05+00:00","breadcrumb":{"@id":"https:\/\/www.kjt.lu\/fr\/notice-legale\/#breadcrumb"},"inLanguage":"fr-FR","potentialAction":[{"@type":"ReadAction","target":["https:\/\/www.kjt.lu\/fr\/notice-legale\/"]}]},{"@type":"BreadcrumbList","@id":"https:\/\/www.kjt.lu\/fr\/notice-legale\/#breadcrumb","itemListElement":[{"@type":"ListItem","position":1,"name":"Startseite","item":"https:\/\/www.kjt.lu\/fr\/"},{"@type":"ListItem","position":2,"name":"Notice L\u00e9gale"}]},{"@type":"WebSite","@id":"https:\/\/www.kjt.lu\/fr\/#website","url":"https:\/\/www.kjt.lu\/fr\/","name":"KJT","description":"Beratung, Hilfe und Informationen f\u00fcr Kinder und Jugendliche","publisher":{"@id":"https:\/\/www.kjt.lu\/fr\/#organization"},"potentialAction":[{"@type":"SearchAction","target":{"@type":"EntryPoint","urlTemplate":"https:\/\/www.kjt.lu\/fr\/?s={search_term_string}"},"query-input":{"@type":"PropertyValueSpecification","valueRequired":true,"valueName":"search_term_string"}}],"inLanguage":"fr-FR"},{"@type":"Organization","@id":"https:\/\/www.kjt.lu\/fr\/#organization","name":"KJT","url":"https:\/\/www.kjt.lu\/fr\/","logo":{"@type":"ImageObject","inLanguage":"fr-FR","@id":"https:\/\/www.kjt.lu\/fr\/#\/schema\/logo\/image\/","url":"https:\/\/www.kjt.lu\/wp-content\/uploads\/2021\/01\/kjt_white_144x61.png","contentUrl":"https:\/\/www.kjt.lu\/wp-content\/uploads\/2021\/01\/kjt_white_144x61.png","width":143,"height":61,"caption":"KJT"},"image":{"@id":"https:\/\/www.kjt.lu\/fr\/#\/schema\/logo\/image\/"},"sameAs":["https:\/\/www.facebook.com\/kannerjugendtelefon","https:\/\/www.instagram.com\/kannerjugendtelefon\/"]}]}},"_links":{"self":[{"href":"https:\/\/www.kjt.lu\/fr\/wp-json\/wp\/v2\/pages\/3695"}],"collection":[{"href":"https:\/\/www.kjt.lu\/fr\/wp-json\/wp\/v2\/pages"}],"about":[{"href":"https:\/\/www.kjt.lu\/fr\/wp-json\/wp\/v2\/types\/page"}],"author":[{"embeddable":true,"href":"https:\/\/www.kjt.lu\/fr\/wp-json\/wp\/v2\/users\/1"}],"replies":[{"embeddable":true,"href":"https:\/\/www.kjt.lu\/fr\/wp-json\/wp\/v2\/comments?post=3695"}],"version-history":[{"count":9,"href":"https:\/\/www.kjt.lu\/fr\/wp-json\/wp\/v2\/pages\/3695\/revisions"}],"predecessor-version":[{"id":15964,"href":"https:\/\/www.kjt.lu\/fr\/wp-json\/wp\/v2\/pages\/3695\/revisions\/15964"}],"wp:attachment":[{"href":"https:\/\/www.kjt.lu\/fr\/wp-json\/wp\/v2\/media?parent=3695"}],"curies":[{"name":"wp","href":"https:\/\/api.w.org\/{rel}","templated":true}]}}