{"id":3678,"date":"2021-05-05T08:52:49","date_gmt":"2021-05-05T06:52:49","guid":{"rendered":"https:\/\/new.kjt.lu\/nouveautes\/"},"modified":"2021-05-14T19:13:40","modified_gmt":"2021-05-14T17:13:40","slug":"nouveautes","status":"publish","type":"page","link":"https:\/\/www.kjt.lu\/fr\/nouveautes\/","title":{"rendered":"Nouvelles"},"content":{"rendered":"<div class=\"wpb-content-wrapper\"><p>[vc_row][vc_column][vc_custom_heading text=\u00a0\u00bbNouvelles\u00a0\u00bb font_container=\u00a0\u00bbtag:h1|text_align:center\u00a0\u00bb use_theme_fonts=\u00a0\u00bbyes\u00a0\u00bb][vc_column_text]Vous trouverez ici toutes les nouvelles concernant le KJT : sujets et \u00e9v\u00e9nements actuels, articles, nouvelles publications, changements et bien plus encore ![\/vc_column_text][\/vc_column][\/vc_row][vc_row][vc_column][bt_blog_grid space=\u00a0\u00bb30&Prime; orderby=\u00a0\u00bbdate\u00a0\u00bb order=\u00a0\u00bbDESC\u00a0\u00bb excerpt_limit=\u00a0\u00bb20&Prime;][\/vc_column][\/vc_row][vc_row][vc_column][bt_blog_list][bt_blog_list layout=\u00a0\u00bblayout1&Prime;][bt_blog_list layout=\u00a0\u00bblayout2&Prime;][bt_blog_list layout=\u00a0\u00bblayout3&Prime;][\/vc_column][\/vc_row][vc_row][vc_column]<div  class=\"wpb_theme_custom_element wpb_posts_slider_2\">\n  <div class=\"vc-custom-inner-wrap\">\n    <div class=\"owl-carousel\" data-bears-owl-carousel='eyJpdGVtcyI6MTAsIm1hcmdpbiI6MCwibG9vcCI6MCwiY2VudGVyIjowLCJzdGFnZVBhZGRpbmciOjAsInN0YXJ0UG9zaXRpb24iOjAsIm5hdiI6MCwiZG90cyI6MCwic2xpZGVCeSI6MSwiYXV0b3BsYXkiOjAsImF1dG9wbGF5SG92ZXJQYXVzZSI6MCwiYXV0b3BsYXlUaW1lb3V0Ijo1MDAwLCJzbWFydFNwZWVkIjoyNTAsInJlc3BvbnNpdmUiOnsiMCI6eyJpdGVtcyI6MSwic3RhZ2VQYWRkaW5nIjowfSwiNDgwIjp7Iml0ZW1zIjoxLCJzdGFnZVBhZGRpbmciOjB9LCI3NjgiOnsiaXRlbXMiOjEsInN0YWdlUGFkZGluZyI6MH0sIjEwMDAiOnsiaXRlbXMiOjEwLCJzdGFnZVBhZGRpbmciOjB9fX0='>\n\t<div class=\"item post_recent\"><div class=\"item-inner posts_slider_2_template_default\"><div class=\"post-thumbnail\"><img decoding=\"async\" width=\"614\" height=\"346\" src=\"https:\/\/www.kjt.lu\/wp-content\/uploads\/2026\/01\/Beitragsbild-Rekrutierung-Chat-614x346.jpg\" class=\"attachment-alone-image-medium size-alone-image-medium\" alt=\"\" srcset=\"https:\/\/www.kjt.lu\/wp-content\/uploads\/2026\/01\/Beitragsbild-Rekrutierung-Chat-614x346.jpg 614w, https:\/\/www.kjt.lu\/wp-content\/uploads\/2026\/01\/Beitragsbild-Rekrutierung-Chat-295x166.jpg 295w\" sizes=\"(max-width: 614px) 100vw, 614px\" \/> <a href=\"https:\/\/www.kjt.lu\/fr\/recherche-de-nouveaux-conseillers-de-chatberodung-2\/\" class=\"post-view-detail\">Read More <span class=\"ion-ios-arrow-thin-right\"><\/span><\/a><\/div><div class=\"post-caption\"><div class=\"post-term-list\"><a href=\"https:\/\/www.kjt.lu\/fr\/category\/actualites\/\" rel=\"tag\">Actualit\u00e9s<\/a>, <a href=\"https:\/\/www.kjt.lu\/fr\/category\/benevolat-3\/\" rel=\"tag\">B\u00e9n\u00e9volat<\/a>, <a href=\"https:\/\/www.kjt.lu\/fr\/category\/chatberodung-3\/\" rel=\"tag\">chatberodung<\/a>, <a href=\"https:\/\/www.kjt.lu\/fr\/category\/nouveautes\/\" rel=\"tag\">Nouveaut\u00e9s<\/a><\/div><a class=\"post-title-link\" href=\"https:\/\/www.kjt.lu\/fr\/recherche-de-nouveaux-conseillers-de-chatberodung-2\/\"><h2 class=\"post-title\" title=\"Recherche de nouveaux conseillers de chatberodung  \u00a0\u00a0\">Recherche de nouveaux conseillers de chatberodung  \u00a0\u00a0<\/h2><\/a><div class=\"post-excerpt\">KJT cherche des b\u00e9n\u00e9voles pour son service Chatberodung entre pairs pour enfants et adolescents. Si tu es int\u00e9ress\u00e9(e), contacte-nous. &nbsp;\u2026<\/div><a href=\"https:\/\/www.kjt.lu\/fr\/recherche-de-nouveaux-conseillers-de-chatberodung-2\/\" class=\"post-view-detail\">Read More <span class=\"ion-ios-arrow-thin-right\"><\/span><\/a><\/div><\/div><\/div><div class=\"item post_recent\"><div class=\"item-inner posts_slider_2_template_default\"><div class=\"post-thumbnail\"><img decoding=\"async\" width=\"600\" height=\"346\" src=\"https:\/\/www.kjt.lu\/wp-content\/uploads\/2025\/08\/Aus-dem-Liewen.939e5955-600x346.webp\" class=\"attachment-alone-image-medium size-alone-image-medium\" alt=\"\" \/> <a href=\"https:\/\/www.kjt.lu\/fr\/radio-1007-interviews-avec-et-sur-le-kjt-kanner-jugendtelefon-nouveaux-episodes\/\" class=\"post-view-detail\">Read More <span class=\"ion-ios-arrow-thin-right\"><\/span><\/a><\/div><div class=\"post-caption\"><div class=\"post-term-list\"><a href=\"https:\/\/www.kjt.lu\/fr\/category\/actualites\/\" rel=\"tag\">Actualit\u00e9s<\/a>, <a href=\"https:\/\/www.kjt.lu\/fr\/category\/nouveautes\/\" rel=\"tag\">Nouveaut\u00e9s<\/a><\/div><a class=\"post-title-link\" href=\"https:\/\/www.kjt.lu\/fr\/radio-1007-interviews-avec-et-sur-le-kjt-kanner-jugendtelefon-nouveaux-episodes\/\"><h2 class=\"post-title\" title=\"Radio 100,7 Interviews avec et sur le KJT Kanner-Jugendtelefon &#8211; &#8211; nouveaux \u00e9pisodes\">Radio 100,7 Interviews avec et sur le KJT Kanner-Jugendtelefon &#8211; &#8211; nouveaux \u00e9pisodes<\/h2><\/a><div class=\"post-excerpt\">Au cours des derniers mois, Radio 100,7 a r\u00e9alis\u00e9 plusieurs interviews avec le KJT sur des th\u00e8mes tr\u00e8s vari\u00e9s. \u00c9coutez-les\u00a0\u2026<\/div><a href=\"https:\/\/www.kjt.lu\/fr\/radio-1007-interviews-avec-et-sur-le-kjt-kanner-jugendtelefon-nouveaux-episodes\/\" class=\"post-view-detail\">Read More <span class=\"ion-ios-arrow-thin-right\"><\/span><\/a><\/div><\/div><\/div><div class=\"item post_recent\"><div class=\"item-inner posts_slider_2_template_default\"><div class=\"post-thumbnail\"><img decoding=\"async\" width=\"614\" height=\"346\" src=\"https:\/\/www.kjt.lu\/wp-content\/uploads\/2022\/11\/Annonce-2-614x346.jpg\" class=\"attachment-alone-image-medium size-alone-image-medium\" alt=\"\" srcset=\"https:\/\/www.kjt.lu\/wp-content\/uploads\/2022\/11\/Annonce-2-614x346.jpg 614w, https:\/\/www.kjt.lu\/wp-content\/uploads\/2022\/11\/Annonce-2-1228x691.jpg 1228w, https:\/\/www.kjt.lu\/wp-content\/uploads\/2022\/11\/Annonce-2-295x166.jpg 295w\" sizes=\"(max-width: 614px) 100vw, 614px\" \/> <a href=\"https:\/\/www.kjt.lu\/fr\/recherche-psychologue-pedagogue-h-f-x\/\" class=\"post-view-detail\">Read More <span class=\"ion-ios-arrow-thin-right\"><\/span><\/a><\/div><div class=\"post-caption\"><div class=\"post-term-list\"><a href=\"https:\/\/www.kjt.lu\/fr\/category\/actualites\/\" rel=\"tag\">Actualit\u00e9s<\/a>, <a href=\"https:\/\/www.kjt.lu\/fr\/category\/offre-demploi-2\/\" rel=\"tag\">Offre d'emploi<\/a><\/div><a class=\"post-title-link\" href=\"https:\/\/www.kjt.lu\/fr\/recherche-psychologue-pedagogue-h-f-x\/\"><h2 class=\"post-title\" title=\"Recherch\u00e9 : psychologue \/ p\u00e9dagogue (h\/f\/x)\">Recherch\u00e9 : psychologue \/ p\u00e9dagogue (h\/f\/x)<\/h2><\/a><div class=\"post-excerpt\">Postuler directement ici<\/div><a href=\"https:\/\/www.kjt.lu\/fr\/recherche-psychologue-pedagogue-h-f-x\/\" class=\"post-view-detail\">Read More <span class=\"ion-ios-arrow-thin-right\"><\/span><\/a><\/div><\/div><\/div><div class=\"item post_recent\"><div class=\"item-inner posts_slider_2_template_default\"><div class=\"post-thumbnail\"><img decoding=\"async\" width=\"600\" height=\"346\" src=\"https:\/\/www.kjt.lu\/wp-content\/uploads\/2025\/08\/Aus-dem-Liewen.939e5955-600x346.webp\" class=\"attachment-alone-image-medium size-alone-image-medium\" alt=\"\" \/> <a href=\"https:\/\/www.kjt.lu\/fr\/radio-1007-interviews-avec-et-sur-le-kjt-kanner-jugendtelefon\/\" class=\"post-view-detail\">Read More <span class=\"ion-ios-arrow-thin-right\"><\/span><\/a><\/div><div class=\"post-caption\"><div class=\"post-term-list\"><a href=\"https:\/\/www.kjt.lu\/fr\/category\/actualites\/\" rel=\"tag\">Actualit\u00e9s<\/a>, <a href=\"https:\/\/www.kjt.lu\/fr\/category\/interview-3\/\" rel=\"tag\">interview<\/a>, <a href=\"https:\/\/www.kjt.lu\/fr\/category\/nouveautes\/\" rel=\"tag\">Nouveaut\u00e9s<\/a><\/div><a class=\"post-title-link\" href=\"https:\/\/www.kjt.lu\/fr\/radio-1007-interviews-avec-et-sur-le-kjt-kanner-jugendtelefon\/\"><h2 class=\"post-title\" title=\"Radio 100,7 Interviews avec et sur le KJT Kanner-Jugendtelefon\">Radio 100,7 Interviews avec et sur le KJT Kanner-Jugendtelefon<\/h2><\/a><div class=\"post-excerpt\">Au cours des derniers mois, Radio 100,7 a r\u00e9alis\u00e9 plusieurs interviews avec le KJT sur des th\u00e8mes tr\u00e8s vari\u00e9s. \u00c9coutez-les\u00a0\u2026<\/div><a href=\"https:\/\/www.kjt.lu\/fr\/radio-1007-interviews-avec-et-sur-le-kjt-kanner-jugendtelefon\/\" class=\"post-view-detail\">Read More <span class=\"ion-ios-arrow-thin-right\"><\/span><\/a><\/div><\/div><\/div><div class=\"item post_recent\"><div class=\"item-inner posts_slider_2_template_default\"><div class=\"post-thumbnail\"><img decoding=\"async\" width=\"600\" height=\"346\" src=\"https:\/\/www.kjt.lu\/wp-content\/uploads\/2025\/08\/Mini-Lenster_Foto2-600x346.jpg\" class=\"attachment-alone-image-medium size-alone-image-medium\" alt=\"\" \/> <a href=\"https:\/\/www.kjt.lu\/fr\/ambassadeurs-en-action\/\" class=\"post-view-detail\">Read More <span class=\"ion-ios-arrow-thin-right\"><\/span><\/a><\/div><div class=\"post-caption\"><div class=\"post-term-list\"><a href=\"https:\/\/www.kjt.lu\/fr\/category\/actualites\/\" rel=\"tag\">Actualit\u00e9s<\/a>, <a href=\"https:\/\/www.kjt.lu\/fr\/category\/ambassadeur\/\" rel=\"tag\">ambassadeur<\/a>, <a href=\"https:\/\/www.kjt.lu\/fr\/category\/nouveautes\/\" rel=\"tag\">Nouveaut\u00e9s<\/a><\/div><a class=\"post-title-link\" href=\"https:\/\/www.kjt.lu\/fr\/ambassadeurs-en-action\/\"><h2 class=\"post-title\" title=\"Ambassadeurs en action\">Ambassadeurs en action<\/h2><\/a><div class=\"post-excerpt\">Nos ambassadeurs ont encore \u00e9t\u00e9 tr\u00e8s actifs cette ann\u00e9e scolaire \ud83d\ude42 Outre leur engagement dans diff\u00e9rentes \u00e9coles, les ambassadeurs ont\u2026<\/div><a href=\"https:\/\/www.kjt.lu\/fr\/ambassadeurs-en-action\/\" class=\"post-view-detail\">Read More <span class=\"ion-ios-arrow-thin-right\"><\/span><\/a><\/div><\/div><\/div>    <\/div>\n  <\/div>\n<\/div>\n[\/vc_column][\/vc_row]<\/p>\n<\/div>","protected":false},"excerpt":{"rendered":"<p>[vc_row][vc_column][vc_custom_heading text=\u00a0\u00bbNouvelles\u00a0\u00bb font_container=\u00a0\u00bbtag:h1|text_align:center\u00a0\u00bb use_theme_fonts=\u00a0\u00bbyes\u00a0\u00bb][vc_column_text]Vous trouverez ici toutes les nouvelles concernant le KJT : sujets et \u00e9v\u00e9nements actuels, articles, nouvelles publications,\u2026<\/p>\n","protected":false},"author":1,"featured_media":0,"parent":0,"menu_order":0,"comment_status":"closed","ping_status":"closed","template":"","meta":{"footnotes":""},"class_list":["post-3678","page","type-page","status-publish","hentry"],"yoast_head":"<!-- This site is optimized with the Yoast SEO plugin v25.4 - https:\/\/yoast.com\/wordpress\/plugins\/seo\/ -->\n<title>Nouvelles | KJT<\/title>\n<meta name=\"robots\" content=\"index, follow, max-snippet:-1, max-image-preview:large, max-video-preview:-1\" \/>\n<link rel=\"canonical\" href=\"https:\/\/www.kjt.lu\/fr\/nouveautes\/\" \/>\n<meta property=\"og:locale\" content=\"fr_FR\" \/>\n<meta property=\"og:type\" content=\"article\" \/>\n<meta property=\"og:title\" content=\"Nouvelles | KJT\" \/>\n<meta property=\"og:description\" content=\"[vc_row][vc_column][vc_custom_heading text=\u00a0\u00bbNouvelles\u00a0\u00bb font_container=\u00a0\u00bbtag:h1|text_align:center\u00a0\u00bb use_theme_fonts=\u00a0\u00bbyes\u00a0\u00bb][vc_column_text]Vous trouverez ici toutes les nouvelles concernant le KJT : sujets et \u00e9v\u00e9nements actuels, articles, nouvelles publications,\u2026\" \/>\n<meta property=\"og:url\" content=\"https:\/\/www.kjt.lu\/fr\/nouveautes\/\" \/>\n<meta property=\"og:site_name\" content=\"KJT\" \/>\n<meta property=\"article:publisher\" content=\"https:\/\/www.facebook.com\/kannerjugendtelefon\" \/>\n<meta property=\"article:modified_time\" content=\"2021-05-14T17:13:40+00:00\" \/>\n<meta name=\"twitter:card\" content=\"summary_large_image\" \/>\n<meta name=\"twitter:label1\" content=\"Dur\u00e9e de lecture estim\u00e9e\" \/>\n\t<meta name=\"twitter:data1\" content=\"1 minute\" \/>\n<script type=\"application\/ld+json\" class=\"yoast-schema-graph\">{\"@context\":\"https:\/\/schema.org\",\"@graph\":[{\"@type\":\"WebPage\",\"@id\":\"https:\/\/www.kjt.lu\/fr\/nouveautes\/\",\"url\":\"https:\/\/www.kjt.lu\/fr\/nouveautes\/\",\"name\":\"Nouvelles | KJT\",\"isPartOf\":{\"@id\":\"https:\/\/www.kjt.lu\/fr\/#website\"},\"datePublished\":\"2021-05-05T06:52:49+00:00\",\"dateModified\":\"2021-05-14T17:13:40+00:00\",\"breadcrumb\":{\"@id\":\"https:\/\/www.kjt.lu\/fr\/nouveautes\/#breadcrumb\"},\"inLanguage\":\"fr-FR\",\"potentialAction\":[{\"@type\":\"ReadAction\",\"target\":[\"https:\/\/www.kjt.lu\/fr\/nouveautes\/\"]}]},{\"@type\":\"BreadcrumbList\",\"@id\":\"https:\/\/www.kjt.lu\/fr\/nouveautes\/#breadcrumb\",\"itemListElement\":[{\"@type\":\"ListItem\",\"position\":1,\"name\":\"Startseite\",\"item\":\"https:\/\/www.kjt.lu\/fr\/\"},{\"@type\":\"ListItem\",\"position\":2,\"name\":\"Nouvelles\"}]},{\"@type\":\"WebSite\",\"@id\":\"https:\/\/www.kjt.lu\/fr\/#website\",\"url\":\"https:\/\/www.kjt.lu\/fr\/\",\"name\":\"KJT\",\"description\":\"Beratung, Hilfe und Informationen f\u00fcr Kinder und Jugendliche\",\"publisher\":{\"@id\":\"https:\/\/www.kjt.lu\/fr\/#organization\"},\"potentialAction\":[{\"@type\":\"SearchAction\",\"target\":{\"@type\":\"EntryPoint\",\"urlTemplate\":\"https:\/\/www.kjt.lu\/fr\/?s={search_term_string}\"},\"query-input\":{\"@type\":\"PropertyValueSpecification\",\"valueRequired\":true,\"valueName\":\"search_term_string\"}}],\"inLanguage\":\"fr-FR\"},{\"@type\":\"Organization\",\"@id\":\"https:\/\/www.kjt.lu\/fr\/#organization\",\"name\":\"KJT\",\"url\":\"https:\/\/www.kjt.lu\/fr\/\",\"logo\":{\"@type\":\"ImageObject\",\"inLanguage\":\"fr-FR\",\"@id\":\"https:\/\/www.kjt.lu\/fr\/#\/schema\/logo\/image\/\",\"url\":\"https:\/\/www.kjt.lu\/wp-content\/uploads\/2021\/01\/kjt_white_144x61.png\",\"contentUrl\":\"https:\/\/www.kjt.lu\/wp-content\/uploads\/2021\/01\/kjt_white_144x61.png\",\"width\":143,\"height\":61,\"caption\":\"KJT\"},\"image\":{\"@id\":\"https:\/\/www.kjt.lu\/fr\/#\/schema\/logo\/image\/\"},\"sameAs\":[\"https:\/\/www.facebook.com\/kannerjugendtelefon\",\"https:\/\/www.instagram.com\/kannerjugendtelefon\/\"]}]}<\/script>\n<!-- \/ Yoast SEO plugin. -->","yoast_head_json":{"title":"Nouvelles | KJT","robots":{"index":"index","follow":"follow","max-snippet":"max-snippet:-1","max-image-preview":"max-image-preview:large","max-video-preview":"max-video-preview:-1"},"canonical":"https:\/\/www.kjt.lu\/fr\/nouveautes\/","og_locale":"fr_FR","og_type":"article","og_title":"Nouvelles | KJT","og_description":"[vc_row][vc_column][vc_custom_heading text=\u00a0\u00bbNouvelles\u00a0\u00bb font_container=\u00a0\u00bbtag:h1|text_align:center\u00a0\u00bb use_theme_fonts=\u00a0\u00bbyes\u00a0\u00bb][vc_column_text]Vous trouverez ici toutes les nouvelles concernant le KJT : sujets et \u00e9v\u00e9nements actuels, articles, nouvelles publications,\u2026","og_url":"https:\/\/www.kjt.lu\/fr\/nouveautes\/","og_site_name":"KJT","article_publisher":"https:\/\/www.facebook.com\/kannerjugendtelefon","article_modified_time":"2021-05-14T17:13:40+00:00","twitter_card":"summary_large_image","twitter_misc":{"Dur\u00e9e de lecture estim\u00e9e":"1 minute"},"schema":{"@context":"https:\/\/schema.org","@graph":[{"@type":"WebPage","@id":"https:\/\/www.kjt.lu\/fr\/nouveautes\/","url":"https:\/\/www.kjt.lu\/fr\/nouveautes\/","name":"Nouvelles | KJT","isPartOf":{"@id":"https:\/\/www.kjt.lu\/fr\/#website"},"datePublished":"2021-05-05T06:52:49+00:00","dateModified":"2021-05-14T17:13:40+00:00","breadcrumb":{"@id":"https:\/\/www.kjt.lu\/fr\/nouveautes\/#breadcrumb"},"inLanguage":"fr-FR","potentialAction":[{"@type":"ReadAction","target":["https:\/\/www.kjt.lu\/fr\/nouveautes\/"]}]},{"@type":"BreadcrumbList","@id":"https:\/\/www.kjt.lu\/fr\/nouveautes\/#breadcrumb","itemListElement":[{"@type":"ListItem","position":1,"name":"Startseite","item":"https:\/\/www.kjt.lu\/fr\/"},{"@type":"ListItem","position":2,"name":"Nouvelles"}]},{"@type":"WebSite","@id":"https:\/\/www.kjt.lu\/fr\/#website","url":"https:\/\/www.kjt.lu\/fr\/","name":"KJT","description":"Beratung, Hilfe und Informationen f\u00fcr Kinder und Jugendliche","publisher":{"@id":"https:\/\/www.kjt.lu\/fr\/#organization"},"potentialAction":[{"@type":"SearchAction","target":{"@type":"EntryPoint","urlTemplate":"https:\/\/www.kjt.lu\/fr\/?s={search_term_string}"},"query-input":{"@type":"PropertyValueSpecification","valueRequired":true,"valueName":"search_term_string"}}],"inLanguage":"fr-FR"},{"@type":"Organization","@id":"https:\/\/www.kjt.lu\/fr\/#organization","name":"KJT","url":"https:\/\/www.kjt.lu\/fr\/","logo":{"@type":"ImageObject","inLanguage":"fr-FR","@id":"https:\/\/www.kjt.lu\/fr\/#\/schema\/logo\/image\/","url":"https:\/\/www.kjt.lu\/wp-content\/uploads\/2021\/01\/kjt_white_144x61.png","contentUrl":"https:\/\/www.kjt.lu\/wp-content\/uploads\/2021\/01\/kjt_white_144x61.png","width":143,"height":61,"caption":"KJT"},"image":{"@id":"https:\/\/www.kjt.lu\/fr\/#\/schema\/logo\/image\/"},"sameAs":["https:\/\/www.facebook.com\/kannerjugendtelefon","https:\/\/www.instagram.com\/kannerjugendtelefon\/"]}]}},"_links":{"self":[{"href":"https:\/\/www.kjt.lu\/fr\/wp-json\/wp\/v2\/pages\/3678"}],"collection":[{"href":"https:\/\/www.kjt.lu\/fr\/wp-json\/wp\/v2\/pages"}],"about":[{"href":"https:\/\/www.kjt.lu\/fr\/wp-json\/wp\/v2\/types\/page"}],"author":[{"embeddable":true,"href":"https:\/\/www.kjt.lu\/fr\/wp-json\/wp\/v2\/users\/1"}],"replies":[{"embeddable":true,"href":"https:\/\/www.kjt.lu\/fr\/wp-json\/wp\/v2\/comments?post=3678"}],"version-history":[{"count":4,"href":"https:\/\/www.kjt.lu\/fr\/wp-json\/wp\/v2\/pages\/3678\/revisions"}],"predecessor-version":[{"id":5572,"href":"https:\/\/www.kjt.lu\/fr\/wp-json\/wp\/v2\/pages\/3678\/revisions\/5572"}],"wp:attachment":[{"href":"https:\/\/www.kjt.lu\/fr\/wp-json\/wp\/v2\/media?parent=3678"}],"curies":[{"name":"wp","href":"https:\/\/api.w.org\/{rel}","templated":true}]}}