{"id":3581,"date":"2021-04-30T10:55:24","date_gmt":"2021-04-30T08:55:24","guid":{"rendered":"https:\/\/new.kjt.lu\/conseils-par-chat\/"},"modified":"2025-10-14T12:20:01","modified_gmt":"2025-10-14T10:20:01","slug":"conseils-par-chat","status":"publish","type":"page","link":"https:\/\/www.kjt.lu\/fr\/conseils-par-chat\/","title":{"rendered":"Conseils par chat"},"content":{"rendered":"<div class=\"wpb-content-wrapper\"><p>[vc_section][vc_row equal_height=\u00a0\u00bbyes\u00a0\u00bb][vc_column][vc_custom_heading text=\u00a0\u00bbConseils par chat\u00a0\u00bb font_container=\u00a0\u00bbtag:h1|text_align:center\u00a0\u00bb use_theme_fonts=\u00a0\u00bbyes\u00a0\u00bb][vc_empty_space][\/vc_column][\/vc_row][vc_row equal_height=\u00a0\u00bbyes\u00a0\u00bb][vc_column][vc_column_text css=\u00a0\u00bb\u00a0\u00bb]Il y a trop de tumulte autour de toi pour parler au t\u00e9l\u00e9phone sans \u00eatre d\u00e9rang\u00e9 ? Ou bien tu pr\u00e9f\u00e8res g\u00e9n\u00e9ralement t\u2018exprimer par \u00e9crit ? Ce qui te tracasses doit \u00eatre partag\u00e9 imm\u00e9diatement, mais doit \u00e9galement \u00eatre \u00ab\u00a0entendu\u00a0\u00bb et \u00ab\u00a0discut\u00e9\u00a0\u00bb en temps utile ? Alors le conseil par chat est l&rsquo;endroit id\u00e9al pour toi !<\/p>\n<p>L&rsquo;\u00e9quipe de conseil est compos\u00e9e d&rsquo;adolescents et de jeunes adultes jusqu&rsquo;\u00e0 27 ans. Ils ont re\u00e7u une formation et te fournissent des conseils suppl\u00e9mentaires bas\u00e9s sur leurs propres exp\u00e9riences. Ils sont l\u00e0 pour toi, dans le chat en direct et te soutiennent dans une multitude de sujets.<\/p>\n<p>Dans le cadre du conseil par chat, l&rsquo;anonymat et la confidentialit\u00e9 sont importants pour nous.<\/p>\n<p>Pour ton login choisis un surnom et un mot de passe. S\u00e9curise les et commence \u00e0 taper ![\/vc_column_text][vc_empty_space][\/vc_column][\/vc_row][\/vc_section][vc_section][vc_row equal_height=\u00a0\u00bbyes\u00a0\u00bb][vc_column][vc_custom_heading text=\u00a0\u00bbHoraires d&rsquo;occupation\u00a0\u00bb font_container=\u00a0\u00bbtag:h2|text_align:center\u00a0\u00bb use_theme_fonts=\u00a0\u00bbyes\u00a0\u00bb][vc_empty_space][\/vc_column][\/vc_row][vc_row equal_height=\u00a0\u00bbyes\u00a0\u00bb content_placement=\u00a0\u00bbmiddle\u00a0\u00bb][vc_column]<div  class=\"wpb_theme_custom_element wpb_featured_box\">\n  <div class=\"vc-custom-inner-wrap\">\n    <div class=\"featured-box-alignment alignment-center content-alignment-center\"><div class=\"icon-wrap\"><div class=\"type-icon graphic-shape-circle\" style=\"width: 50px;height: 50px;background-color: #54a56c\"><span style=\"color: #ffffff\" class=\"_icon fas fa-angle-right\"><\/span><\/div><\/div><div class=\"entry-box-wrap\"><h4 class=\"featured-box-title\" style=\"color: #222222;\">Mardi<\/h4><div class=\"featured-box-text\" style=\"color: #444444;\">18h \u00e0 21h<\/div><\/div><\/div>  <\/div>\n<\/div>\n[\/vc_column][\/vc_row][\/vc_section][vc_row][vc_column][vc_btn title=\u00a0\u00bbVers la consultation par chat\u00a0\u00bb color=\u00a0\u00bbdanger\u00a0\u00bb size=\u00a0\u00bblg\u00a0\u00bb align=\u00a0\u00bbcenter\u00a0\u00bb i_icon_fontawesome=\u00a0\u00bbfar fa-comments\u00a0\u00bb add_icon=\u00a0\u00bbtrue\u00a0\u00bb link=\u00a0\u00bburl:https%3A%2F%2Fonline-chatberatung.kjt.lu%3Flang%3Dfr|target:_blank\u00a0\u00bb][\/vc_column][\/vc_row]<\/p>\n<\/div>","protected":false},"excerpt":{"rendered":"<p>[vc_section][vc_row equal_height=\u00a0\u00bbyes\u00a0\u00bb][vc_column][vc_custom_heading text=\u00a0\u00bbConseils par chat\u00a0\u00bb font_container=\u00a0\u00bbtag:h1|text_align:center\u00a0\u00bb use_theme_fonts=\u00a0\u00bbyes\u00a0\u00bb][vc_empty_space][\/vc_column][\/vc_row][vc_row equal_height=\u00a0\u00bbyes\u00a0\u00bb][vc_column][vc_column_text css=\u00a0\u00bb\u00a0\u00bb]Il y a trop de tumulte autour de toi pour parler au\u2026<\/p>\n","protected":false},"author":2,"featured_media":0,"parent":0,"menu_order":0,"comment_status":"closed","ping_status":"closed","template":"","meta":{"footnotes":""},"class_list":["post-3581","page","type-page","status-publish","hentry"],"yoast_head":"<!-- This site is optimized with the Yoast SEO plugin v25.4 - https:\/\/yoast.com\/wordpress\/plugins\/seo\/ -->\n<title>Conseils par chat | KJT<\/title>\n<meta name=\"robots\" content=\"index, follow, max-snippet:-1, max-image-preview:large, max-video-preview:-1\" \/>\n<link rel=\"canonical\" href=\"https:\/\/www.kjt.lu\/fr\/conseils-par-chat\/\" \/>\n<meta property=\"og:locale\" content=\"fr_FR\" \/>\n<meta property=\"og:type\" content=\"article\" \/>\n<meta property=\"og:title\" content=\"Conseils par chat | KJT\" \/>\n<meta property=\"og:description\" content=\"[vc_section][vc_row equal_height=\u00a0\u00bbyes\u00a0\u00bb][vc_column][vc_custom_heading text=\u00a0\u00bbConseils par chat\u00a0\u00bb font_container=\u00a0\u00bbtag:h1|text_align:center\u00a0\u00bb use_theme_fonts=\u00a0\u00bbyes\u00a0\u00bb][vc_empty_space][\/vc_column][\/vc_row][vc_row equal_height=\u00a0\u00bbyes\u00a0\u00bb][vc_column][vc_column_text css=\u00a0\u00bb\u00a0\u00bb]Il y a trop de tumulte autour de toi pour parler au\u2026\" \/>\n<meta property=\"og:url\" content=\"https:\/\/www.kjt.lu\/fr\/conseils-par-chat\/\" \/>\n<meta property=\"og:site_name\" content=\"KJT\" \/>\n<meta property=\"article:publisher\" content=\"https:\/\/www.facebook.com\/kannerjugendtelefon\" \/>\n<meta property=\"article:modified_time\" content=\"2025-10-14T10:20:01+00:00\" \/>\n<meta name=\"twitter:card\" content=\"summary_large_image\" \/>\n<meta name=\"twitter:label1\" content=\"Dur\u00e9e de lecture estim\u00e9e\" \/>\n\t<meta name=\"twitter:data1\" content=\"1 minute\" \/>\n<script type=\"application\/ld+json\" class=\"yoast-schema-graph\">{\"@context\":\"https:\/\/schema.org\",\"@graph\":[{\"@type\":\"WebPage\",\"@id\":\"https:\/\/www.kjt.lu\/fr\/conseils-par-chat\/\",\"url\":\"https:\/\/www.kjt.lu\/fr\/conseils-par-chat\/\",\"name\":\"Conseils par chat | KJT\",\"isPartOf\":{\"@id\":\"https:\/\/www.kjt.lu\/fr\/#website\"},\"datePublished\":\"2021-04-30T08:55:24+00:00\",\"dateModified\":\"2025-10-14T10:20:01+00:00\",\"breadcrumb\":{\"@id\":\"https:\/\/www.kjt.lu\/fr\/conseils-par-chat\/#breadcrumb\"},\"inLanguage\":\"fr-FR\",\"potentialAction\":[{\"@type\":\"ReadAction\",\"target\":[\"https:\/\/www.kjt.lu\/fr\/conseils-par-chat\/\"]}]},{\"@type\":\"BreadcrumbList\",\"@id\":\"https:\/\/www.kjt.lu\/fr\/conseils-par-chat\/#breadcrumb\",\"itemListElement\":[{\"@type\":\"ListItem\",\"position\":1,\"name\":\"Startseite\",\"item\":\"https:\/\/www.kjt.lu\/fr\/\"},{\"@type\":\"ListItem\",\"position\":2,\"name\":\"Conseils par chat\"}]},{\"@type\":\"WebSite\",\"@id\":\"https:\/\/www.kjt.lu\/fr\/#website\",\"url\":\"https:\/\/www.kjt.lu\/fr\/\",\"name\":\"KJT\",\"description\":\"Beratung, Hilfe und Informationen f\u00fcr Kinder und Jugendliche\",\"publisher\":{\"@id\":\"https:\/\/www.kjt.lu\/fr\/#organization\"},\"potentialAction\":[{\"@type\":\"SearchAction\",\"target\":{\"@type\":\"EntryPoint\",\"urlTemplate\":\"https:\/\/www.kjt.lu\/fr\/?s={search_term_string}\"},\"query-input\":{\"@type\":\"PropertyValueSpecification\",\"valueRequired\":true,\"valueName\":\"search_term_string\"}}],\"inLanguage\":\"fr-FR\"},{\"@type\":\"Organization\",\"@id\":\"https:\/\/www.kjt.lu\/fr\/#organization\",\"name\":\"KJT\",\"url\":\"https:\/\/www.kjt.lu\/fr\/\",\"logo\":{\"@type\":\"ImageObject\",\"inLanguage\":\"fr-FR\",\"@id\":\"https:\/\/www.kjt.lu\/fr\/#\/schema\/logo\/image\/\",\"url\":\"https:\/\/www.kjt.lu\/wp-content\/uploads\/2021\/01\/kjt_white_144x61.png\",\"contentUrl\":\"https:\/\/www.kjt.lu\/wp-content\/uploads\/2021\/01\/kjt_white_144x61.png\",\"width\":143,\"height\":61,\"caption\":\"KJT\"},\"image\":{\"@id\":\"https:\/\/www.kjt.lu\/fr\/#\/schema\/logo\/image\/\"},\"sameAs\":[\"https:\/\/www.facebook.com\/kannerjugendtelefon\",\"https:\/\/www.instagram.com\/kannerjugendtelefon\/\"]}]}<\/script>\n<!-- \/ Yoast SEO plugin. -->","yoast_head_json":{"title":"Conseils par chat | KJT","robots":{"index":"index","follow":"follow","max-snippet":"max-snippet:-1","max-image-preview":"max-image-preview:large","max-video-preview":"max-video-preview:-1"},"canonical":"https:\/\/www.kjt.lu\/fr\/conseils-par-chat\/","og_locale":"fr_FR","og_type":"article","og_title":"Conseils par chat | KJT","og_description":"[vc_section][vc_row equal_height=\u00a0\u00bbyes\u00a0\u00bb][vc_column][vc_custom_heading text=\u00a0\u00bbConseils par chat\u00a0\u00bb font_container=\u00a0\u00bbtag:h1|text_align:center\u00a0\u00bb use_theme_fonts=\u00a0\u00bbyes\u00a0\u00bb][vc_empty_space][\/vc_column][\/vc_row][vc_row equal_height=\u00a0\u00bbyes\u00a0\u00bb][vc_column][vc_column_text css=\u00a0\u00bb\u00a0\u00bb]Il y a trop de tumulte autour de toi pour parler au\u2026","og_url":"https:\/\/www.kjt.lu\/fr\/conseils-par-chat\/","og_site_name":"KJT","article_publisher":"https:\/\/www.facebook.com\/kannerjugendtelefon","article_modified_time":"2025-10-14T10:20:01+00:00","twitter_card":"summary_large_image","twitter_misc":{"Dur\u00e9e de lecture estim\u00e9e":"1 minute"},"schema":{"@context":"https:\/\/schema.org","@graph":[{"@type":"WebPage","@id":"https:\/\/www.kjt.lu\/fr\/conseils-par-chat\/","url":"https:\/\/www.kjt.lu\/fr\/conseils-par-chat\/","name":"Conseils par chat | KJT","isPartOf":{"@id":"https:\/\/www.kjt.lu\/fr\/#website"},"datePublished":"2021-04-30T08:55:24+00:00","dateModified":"2025-10-14T10:20:01+00:00","breadcrumb":{"@id":"https:\/\/www.kjt.lu\/fr\/conseils-par-chat\/#breadcrumb"},"inLanguage":"fr-FR","potentialAction":[{"@type":"ReadAction","target":["https:\/\/www.kjt.lu\/fr\/conseils-par-chat\/"]}]},{"@type":"BreadcrumbList","@id":"https:\/\/www.kjt.lu\/fr\/conseils-par-chat\/#breadcrumb","itemListElement":[{"@type":"ListItem","position":1,"name":"Startseite","item":"https:\/\/www.kjt.lu\/fr\/"},{"@type":"ListItem","position":2,"name":"Conseils par chat"}]},{"@type":"WebSite","@id":"https:\/\/www.kjt.lu\/fr\/#website","url":"https:\/\/www.kjt.lu\/fr\/","name":"KJT","description":"Beratung, Hilfe und Informationen f\u00fcr Kinder und Jugendliche","publisher":{"@id":"https:\/\/www.kjt.lu\/fr\/#organization"},"potentialAction":[{"@type":"SearchAction","target":{"@type":"EntryPoint","urlTemplate":"https:\/\/www.kjt.lu\/fr\/?s={search_term_string}"},"query-input":{"@type":"PropertyValueSpecification","valueRequired":true,"valueName":"search_term_string"}}],"inLanguage":"fr-FR"},{"@type":"Organization","@id":"https:\/\/www.kjt.lu\/fr\/#organization","name":"KJT","url":"https:\/\/www.kjt.lu\/fr\/","logo":{"@type":"ImageObject","inLanguage":"fr-FR","@id":"https:\/\/www.kjt.lu\/fr\/#\/schema\/logo\/image\/","url":"https:\/\/www.kjt.lu\/wp-content\/uploads\/2021\/01\/kjt_white_144x61.png","contentUrl":"https:\/\/www.kjt.lu\/wp-content\/uploads\/2021\/01\/kjt_white_144x61.png","width":143,"height":61,"caption":"KJT"},"image":{"@id":"https:\/\/www.kjt.lu\/fr\/#\/schema\/logo\/image\/"},"sameAs":["https:\/\/www.facebook.com\/kannerjugendtelefon","https:\/\/www.instagram.com\/kannerjugendtelefon\/"]}]}},"_links":{"self":[{"href":"https:\/\/www.kjt.lu\/fr\/wp-json\/wp\/v2\/pages\/3581"}],"collection":[{"href":"https:\/\/www.kjt.lu\/fr\/wp-json\/wp\/v2\/pages"}],"about":[{"href":"https:\/\/www.kjt.lu\/fr\/wp-json\/wp\/v2\/types\/page"}],"author":[{"embeddable":true,"href":"https:\/\/www.kjt.lu\/fr\/wp-json\/wp\/v2\/users\/2"}],"replies":[{"embeddable":true,"href":"https:\/\/www.kjt.lu\/fr\/wp-json\/wp\/v2\/comments?post=3581"}],"version-history":[{"count":79,"href":"https:\/\/www.kjt.lu\/fr\/wp-json\/wp\/v2\/pages\/3581\/revisions"}],"predecessor-version":[{"id":15758,"href":"https:\/\/www.kjt.lu\/fr\/wp-json\/wp\/v2\/pages\/3581\/revisions\/15758"}],"wp:attachment":[{"href":"https:\/\/www.kjt.lu\/fr\/wp-json\/wp\/v2\/media?parent=3581"}],"curies":[{"name":"wp","href":"https:\/\/api.w.org\/{rel}","templated":true}]}}