{"id":3575,"date":"2021-04-30T10:47:42","date_gmt":"2021-04-30T08:47:42","guid":{"rendered":"https:\/\/new.kjt.lu\/ecoute-parents\/"},"modified":"2024-11-06T12:16:55","modified_gmt":"2024-11-06T11:16:55","slug":"ecoute-parents","status":"publish","type":"page","link":"https:\/\/www.kjt.lu\/fr\/ecoute-parents\/","title":{"rendered":"Ecoute Parents"},"content":{"rendered":"<div class=\"wpb-content-wrapper\"><p>[vc_section full_width=\u00a0\u00bbstretch_row\u00a0\u00bb css=\u00a0\u00bb.vc_custom_1599079290619{padding-top: 45px !important;padding-bottom: 45px !important;background-position: 0 0 !important;background-repeat: no-repeat !important;}\u00a0\u00bb][vc_row][vc_column offset=\u00a0\u00bbvc_col-lg-offset-0 vc_col-lg-12 vc_col-md-offset-3 vc_col-md-6&Prime;][vc_custom_heading text=\u00a0\u00bbElterentelefon (Ecoute Parents)\u00a0\u00bb font_container=\u00a0\u00bbtag:h1|text_align:center\u00a0\u00bb use_theme_fonts=\u00a0\u00bbyes\u00a0\u00bb link=\u00a0\u00bb|||\u00a0\u00bb][vc_custom_heading text=\u00a0\u00bbParlez-nous en !\u00a0\u00bb font_container=\u00a0\u00bbtag:h2|text_align:center\u00a0\u00bb use_theme_fonts=\u00a0\u00bbyes\u00a0\u00bb][vc_btn title=\u00a0\u00bb8002 4444 appelez maintenant\u00a0\u00bb color=\u00a0\u00bbdanger\u00a0\u00bb size=\u00a0\u00bblg\u00a0\u00bb align=\u00a0\u00bbcenter\u00a0\u00bb i_align=\u00a0\u00bbright\u00a0\u00bb i_icon_fontawesome=\u00a0\u00bbfas fa-phone\u00a0\u00bb css_animation=\u00a0\u00bbfadeIn\u00a0\u00bb add_icon=\u00a0\u00bbtrue\u00a0\u00bb link=\u00a0\u00bburl:http%3A%2F%2Ft%C3%A9l%3A%2F%2F80024444&Prime;][vc_empty_space][vc_column_text]Elterentelefon est un service d\u2019\u00e9coute t\u00e9l\u00e9phonique, de conseil et d&rsquo;information qui soutient de mani\u00e8re rapide, comp\u00e9tente et anonyme les parents et autres personnes int\u00e9ress\u00e9es dans des questions souvent difficiles de l&rsquo;\u00e9ducation des enfants.<\/p>\n<p>Il propose aux parents, aux grands-parents et \u00e0 toute personne responsable pour des enfants ou des adolescents, des entretiens et des conseils sur des questions d\u2019\u00e9ducation, ainsi qu&rsquo;un soutien et des suggestions dans des situations de stress.<\/p>\n<p>L&rsquo;accent n&rsquo;est pas mis sur l&rsquo;intervention, mais sur la clarification, l&rsquo;orientation, l&rsquo;information et l&rsquo;auto-responsabilit\u00e9. Elterentelefon permet de cr\u00e9er des \u00e9changes entre les parents et leurs enfants ou avec d&rsquo;autres structures d&rsquo;aide.<\/p>\n<p>Vos interlocuteurs au Elterentelefon sont des personnes professionelles et b\u00e9n\u00e9voles qualifi\u00e9s et bien form\u00e9es. Tous les conseillers b\u00e9n\u00e9ficient d&rsquo;une supervision r\u00e9guli\u00e8re et d&rsquo;une formation continue pour les accompagner dans leur travail de conseil.<\/p>\n<p>Il va de soi que, tout comme au Kanner-Jugendtelefon, toutes les conversations au Elterentelefon sont <strong>anonymes<\/strong>, <strong>confidentielles<\/strong> et <strong>gratuit<\/strong>. Tous les conseillers s&rsquo;engagent \u00e0 respecter cette discr\u00e9tion.[\/vc_column_text][\/vc_column][\/vc_row][\/vc_section][vc_section full_width=\u00a0\u00bbstretch_row\u00a0\u00bb css=\u00a0\u00bb.vc_custom_1499312300240{padding-top: 45px !important;padding-bottom: 45px !important;background-color: #f2f2f2 !important;}\u00a0\u00bb][vc_row][vc_column offset=\u00a0\u00bbvc_col-lg-offset-3 vc_col-lg-6 vc_col-md-offset-3 vc_col-md-6&Prime;][vc_custom_heading text=\u00a0\u00bbHoraires d&rsquo;occupation\u00a0\u00bb font_container=\u00a0\u00bbtag:h2|text_align:center\u00a0\u00bb use_theme_fonts=\u00a0\u00bbyes\u00a0\u00bb][vc_custom_heading text=\u00a0\u00bb\u00a0\u00bb font_container=\u00a0\u00bbtag:p|text_align:center\u00a0\u00bb google_fonts=\u00a0\u00bbfont_family:Raleway%3A100%2C200%2C300%2Cregular%2C500%2C600%2C700%2C800%2C900|font_style:300%20light%20regular%3A300%3Anormal\u00a0\u00bb][\/vc_column][\/vc_row][vc_row equal_height=\u00a0\u00bbyes\u00a0\u00bb css=\u00a0\u00bb.vc_custom_1499312566359{margin-top: 45px !important;}\u00a0\u00bb][vc_column width=\u00a0\u00bb1\/3&Prime; css=\u00a0\u00bb.vc_custom_1499312664932{margin-bottom: 30px !important;}\u00a0\u00bb]<div  class=\"wpb_theme_custom_element wpb_featured_box vc_custom_1697706766782\">\n  <div class=\"vc-custom-inner-wrap\">\n    <div class=\"featured-box-alignment alignment-left vertical-alignment-top\"><div class=\"icon-wrap\"><div class=\"type-icon graphic-shape-circle\" style=\"width: 50px;height: 50px;background-color: #54a56c\"><span style=\"color: #ffffff\" class=\"_icon fas fa-angle-right\"><\/span><\/div><\/div><div class=\"entry-box-wrap\"><h4 class=\"featured-box-title\" style=\"color: #222222;\">Lundi<\/h4><div class=\"featured-box-text\" style=\"color: #444444;\">9h \u00e0 12h<br \/>\nNouveau: 18h \u00e0 20h (en anglais)<\/div><\/div><\/div>  <\/div>\n<\/div>\n<div  class=\"wpb_theme_custom_element wpb_featured_box vc_custom_1618473728023\">\n  <div class=\"vc-custom-inner-wrap\">\n    <div class=\"featured-box-alignment alignment-left vertical-alignment-top\"><div class=\"icon-wrap\"><div class=\"type-icon graphic-shape-circle\" style=\"width: 50px;height: 50px;background-color: #54a56c\"><span style=\"color: #ffffff\" class=\"_icon fas fa-angle-right\"><\/span><\/div><\/div><div class=\"entry-box-wrap\"><h4 class=\"featured-box-title\" style=\"color: #222222;\">Jeudi<\/h4><div class=\"featured-box-text\" style=\"color: #444444;\">9h \u00e0 12h<\/div><\/div><\/div>  <\/div>\n<\/div>\n[\/vc_column][vc_column width=\u00a0\u00bb1\/3&Prime; css=\u00a0\u00bb.vc_custom_1499312196033{margin-bottom: 30px !important;}\u00a0\u00bb]<div  class=\"wpb_theme_custom_element wpb_featured_box vc_custom_1599205481507\">\n  <div class=\"vc-custom-inner-wrap\">\n    <div class=\"featured-box-alignment alignment-left vertical-alignment-top\"><div class=\"icon-wrap\"><div class=\"type-icon graphic-shape-circle\" style=\"width: 50px;height: 50px;background-color: #54a56c\"><span style=\"color: #ffffff\" class=\"_icon fas fa-angle-right\"><\/span><\/div><\/div><div class=\"entry-box-wrap\"><h4 class=\"featured-box-title\" style=\"color: #222222;\">Mardi<\/h4><div class=\"featured-box-text\" style=\"color: #444444;\">9h \u00e0 12h<\/div><\/div><\/div>  <\/div>\n<\/div>\n<div  class=\"wpb_theme_custom_element wpb_featured_box vc_custom_1618473736830\">\n  <div class=\"vc-custom-inner-wrap\">\n    <div class=\"featured-box-alignment alignment-left vertical-alignment-top\"><div class=\"icon-wrap\"><div class=\"type-icon graphic-shape-circle\" style=\"width: 50px;height: 50px;background-color: #54a56c\"><span style=\"color: #ffffff\" class=\"_icon fas fa-angle-right\"><\/span><\/div><\/div><div class=\"entry-box-wrap\"><h4 class=\"featured-box-title\" style=\"color: #222222;\">Vendredi<\/h4><div class=\"featured-box-text\" style=\"color: #444444;\">9h \u00e0 12h<\/div><\/div><\/div>  <\/div>\n<\/div>\n[\/vc_column][vc_column width=\u00a0\u00bb1\/3&Prime; css=\u00a0\u00bb.vc_custom_1499312209134{margin-bottom: 30px !important;}\u00a0\u00bb]<div  class=\"wpb_theme_custom_element wpb_featured_box vc_custom_1618905832716\">\n  <div class=\"vc-custom-inner-wrap\">\n    <div class=\"featured-box-alignment alignment-left vertical-alignment-top\"><div class=\"icon-wrap\"><div class=\"type-icon graphic-shape-circle\" style=\"width: 50px;height: 50px;background-color: #54a56c\"><span style=\"color: #ffffff\" class=\"_icon fas fa-angle-right\"><\/span><\/div><\/div><div class=\"entry-box-wrap\"><h4 class=\"featured-box-title\" style=\"color: #222222;\">Mercredi<\/h4><div class=\"featured-box-text\" style=\"color: #444444;\">9h \u00e0 12h<br \/>\n17h \u00e0 20h<\/div><\/div><\/div>  <\/div>\n<\/div>\n[\/vc_column][\/vc_row][vc_row][vc_column css=\u00a0\u00bb.vc_custom_1599071601074{margin-bottom: 30px !important;}\u00a0\u00bb][vc_custom_heading text=\u00a0\u00bbTout appel est le bienvenu !\u00a0\u00bb font_container=\u00a0\u00bbtag:h2|text_align:center\u00a0\u00bb use_theme_fonts=\u00a0\u00bbyes\u00a0\u00bb][\/vc_column][\/vc_row][vc_row content_placement=\u00a0\u00bbmiddle\u00a0\u00bb][vc_column][vc_column_text]<\/p>\n<p style=\"text-align: center;\">Elterentelefon est accessible au num\u00e9ro <a href=\"https:\/\/t\u00e9l:\/\/80024444\"><strong> 8002 4444<\/strong><\/a><\/p>\n<p>[\/vc_column_text][vc_single_image image=\u00a0\u00bb14531&Prime; img_size=\u00a0\u00bbmedium\u00a0\u00bb alignment=\u00a0\u00bbcenter\u00a0\u00bb onclick=\u00a0\u00bbcustom_link\u00a0\u00bb css=\u00a0\u00bb.vc_custom_1730891812883{margin-top: 190px !important;}\u00a0\u00bb link=\u00a0\u00bbtel:\/\/26640555&Prime;][\/vc_column][\/vc_row][\/vc_section]<\/p>\n<\/div>","protected":false},"excerpt":{"rendered":"<p>[vc_section full_width=\u00a0\u00bbstretch_row\u00a0\u00bb css=\u00a0\u00bb.vc_custom_1599079290619{padding-top: 45px !important;padding-bottom: 45px !important;background-position: 0 0 !important;background-repeat: no-repeat !important;}\u00a0\u00bb][vc_row][vc_column offset=\u00a0\u00bbvc_col-lg-offset-0 vc_col-lg-12 vc_col-md-offset-3 vc_col-md-6&Prime;][vc_custom_heading text=\u00a0\u00bbElterentelefon (Ecoute Parents)\u00a0\u00bb font_container=\u00a0\u00bbtag:h1|text_align:center\u00a0\u00bb\u2026<\/p>\n","protected":false},"author":2,"featured_media":0,"parent":0,"menu_order":0,"comment_status":"closed","ping_status":"closed","template":"","meta":{"footnotes":""},"class_list":["post-3575","page","type-page","status-publish","hentry"],"yoast_head":"<!-- This site is optimized with the Yoast SEO plugin v25.4 - https:\/\/yoast.com\/wordpress\/plugins\/seo\/ -->\n<title>Ecoute Parents | KJT<\/title>\n<meta name=\"robots\" content=\"index, follow, max-snippet:-1, max-image-preview:large, max-video-preview:-1\" \/>\n<link rel=\"canonical\" href=\"https:\/\/www.kjt.lu\/fr\/ecoute-parents\/\" \/>\n<meta property=\"og:locale\" content=\"fr_FR\" \/>\n<meta property=\"og:type\" content=\"article\" \/>\n<meta property=\"og:title\" content=\"Ecoute Parents | KJT\" \/>\n<meta property=\"og:description\" content=\"[vc_section full_width=\u00a0\u00bbstretch_row\u00a0\u00bb css=\u00a0\u00bb.vc_custom_1599079290619{padding-top: 45px !important;padding-bottom: 45px !important;background-position: 0 0 !important;background-repeat: no-repeat !important;}\u00a0\u00bb][vc_row][vc_column offset=\u00a0\u00bbvc_col-lg-offset-0 vc_col-lg-12 vc_col-md-offset-3 vc_col-md-6&Prime;][vc_custom_heading text=\u00a0\u00bbElterentelefon (Ecoute Parents)\u00a0\u00bb font_container=\u00a0\u00bbtag:h1|text_align:center\u00a0\u00bb\u2026\" \/>\n<meta property=\"og:url\" content=\"https:\/\/www.kjt.lu\/fr\/ecoute-parents\/\" \/>\n<meta property=\"og:site_name\" content=\"KJT\" \/>\n<meta property=\"article:publisher\" content=\"https:\/\/www.facebook.com\/kannerjugendtelefon\" \/>\n<meta property=\"article:modified_time\" content=\"2024-11-06T11:16:55+00:00\" \/>\n<meta name=\"twitter:card\" content=\"summary_large_image\" \/>\n<meta name=\"twitter:label1\" content=\"Dur\u00e9e de lecture estim\u00e9e\" \/>\n\t<meta name=\"twitter:data1\" content=\"3 minutes\" \/>\n<script type=\"application\/ld+json\" class=\"yoast-schema-graph\">{\"@context\":\"https:\/\/schema.org\",\"@graph\":[{\"@type\":\"WebPage\",\"@id\":\"https:\/\/www.kjt.lu\/fr\/ecoute-parents\/\",\"url\":\"https:\/\/www.kjt.lu\/fr\/ecoute-parents\/\",\"name\":\"Ecoute Parents | KJT\",\"isPartOf\":{\"@id\":\"https:\/\/www.kjt.lu\/fr\/#website\"},\"datePublished\":\"2021-04-30T08:47:42+00:00\",\"dateModified\":\"2024-11-06T11:16:55+00:00\",\"breadcrumb\":{\"@id\":\"https:\/\/www.kjt.lu\/fr\/ecoute-parents\/#breadcrumb\"},\"inLanguage\":\"fr-FR\",\"potentialAction\":[{\"@type\":\"ReadAction\",\"target\":[\"https:\/\/www.kjt.lu\/fr\/ecoute-parents\/\"]}]},{\"@type\":\"BreadcrumbList\",\"@id\":\"https:\/\/www.kjt.lu\/fr\/ecoute-parents\/#breadcrumb\",\"itemListElement\":[{\"@type\":\"ListItem\",\"position\":1,\"name\":\"Startseite\",\"item\":\"https:\/\/www.kjt.lu\/fr\/\"},{\"@type\":\"ListItem\",\"position\":2,\"name\":\"Ecoute Parents\"}]},{\"@type\":\"WebSite\",\"@id\":\"https:\/\/www.kjt.lu\/fr\/#website\",\"url\":\"https:\/\/www.kjt.lu\/fr\/\",\"name\":\"KJT\",\"description\":\"Beratung, Hilfe und Informationen f\u00fcr Kinder und Jugendliche\",\"publisher\":{\"@id\":\"https:\/\/www.kjt.lu\/fr\/#organization\"},\"potentialAction\":[{\"@type\":\"SearchAction\",\"target\":{\"@type\":\"EntryPoint\",\"urlTemplate\":\"https:\/\/www.kjt.lu\/fr\/?s={search_term_string}\"},\"query-input\":{\"@type\":\"PropertyValueSpecification\",\"valueRequired\":true,\"valueName\":\"search_term_string\"}}],\"inLanguage\":\"fr-FR\"},{\"@type\":\"Organization\",\"@id\":\"https:\/\/www.kjt.lu\/fr\/#organization\",\"name\":\"KJT\",\"url\":\"https:\/\/www.kjt.lu\/fr\/\",\"logo\":{\"@type\":\"ImageObject\",\"inLanguage\":\"fr-FR\",\"@id\":\"https:\/\/www.kjt.lu\/fr\/#\/schema\/logo\/image\/\",\"url\":\"https:\/\/www.kjt.lu\/wp-content\/uploads\/2021\/01\/kjt_white_144x61.png\",\"contentUrl\":\"https:\/\/www.kjt.lu\/wp-content\/uploads\/2021\/01\/kjt_white_144x61.png\",\"width\":143,\"height\":61,\"caption\":\"KJT\"},\"image\":{\"@id\":\"https:\/\/www.kjt.lu\/fr\/#\/schema\/logo\/image\/\"},\"sameAs\":[\"https:\/\/www.facebook.com\/kannerjugendtelefon\",\"https:\/\/www.instagram.com\/kannerjugendtelefon\/\"]}]}<\/script>\n<!-- \/ Yoast SEO plugin. -->","yoast_head_json":{"title":"Ecoute Parents | KJT","robots":{"index":"index","follow":"follow","max-snippet":"max-snippet:-1","max-image-preview":"max-image-preview:large","max-video-preview":"max-video-preview:-1"},"canonical":"https:\/\/www.kjt.lu\/fr\/ecoute-parents\/","og_locale":"fr_FR","og_type":"article","og_title":"Ecoute Parents | KJT","og_description":"[vc_section full_width=\u00a0\u00bbstretch_row\u00a0\u00bb css=\u00a0\u00bb.vc_custom_1599079290619{padding-top: 45px !important;padding-bottom: 45px !important;background-position: 0 0 !important;background-repeat: no-repeat !important;}\u00a0\u00bb][vc_row][vc_column offset=\u00a0\u00bbvc_col-lg-offset-0 vc_col-lg-12 vc_col-md-offset-3 vc_col-md-6&Prime;][vc_custom_heading text=\u00a0\u00bbElterentelefon (Ecoute Parents)\u00a0\u00bb font_container=\u00a0\u00bbtag:h1|text_align:center\u00a0\u00bb\u2026","og_url":"https:\/\/www.kjt.lu\/fr\/ecoute-parents\/","og_site_name":"KJT","article_publisher":"https:\/\/www.facebook.com\/kannerjugendtelefon","article_modified_time":"2024-11-06T11:16:55+00:00","twitter_card":"summary_large_image","twitter_misc":{"Dur\u00e9e de lecture estim\u00e9e":"3 minutes"},"schema":{"@context":"https:\/\/schema.org","@graph":[{"@type":"WebPage","@id":"https:\/\/www.kjt.lu\/fr\/ecoute-parents\/","url":"https:\/\/www.kjt.lu\/fr\/ecoute-parents\/","name":"Ecoute Parents | KJT","isPartOf":{"@id":"https:\/\/www.kjt.lu\/fr\/#website"},"datePublished":"2021-04-30T08:47:42+00:00","dateModified":"2024-11-06T11:16:55+00:00","breadcrumb":{"@id":"https:\/\/www.kjt.lu\/fr\/ecoute-parents\/#breadcrumb"},"inLanguage":"fr-FR","potentialAction":[{"@type":"ReadAction","target":["https:\/\/www.kjt.lu\/fr\/ecoute-parents\/"]}]},{"@type":"BreadcrumbList","@id":"https:\/\/www.kjt.lu\/fr\/ecoute-parents\/#breadcrumb","itemListElement":[{"@type":"ListItem","position":1,"name":"Startseite","item":"https:\/\/www.kjt.lu\/fr\/"},{"@type":"ListItem","position":2,"name":"Ecoute Parents"}]},{"@type":"WebSite","@id":"https:\/\/www.kjt.lu\/fr\/#website","url":"https:\/\/www.kjt.lu\/fr\/","name":"KJT","description":"Beratung, Hilfe und Informationen f\u00fcr Kinder und Jugendliche","publisher":{"@id":"https:\/\/www.kjt.lu\/fr\/#organization"},"potentialAction":[{"@type":"SearchAction","target":{"@type":"EntryPoint","urlTemplate":"https:\/\/www.kjt.lu\/fr\/?s={search_term_string}"},"query-input":{"@type":"PropertyValueSpecification","valueRequired":true,"valueName":"search_term_string"}}],"inLanguage":"fr-FR"},{"@type":"Organization","@id":"https:\/\/www.kjt.lu\/fr\/#organization","name":"KJT","url":"https:\/\/www.kjt.lu\/fr\/","logo":{"@type":"ImageObject","inLanguage":"fr-FR","@id":"https:\/\/www.kjt.lu\/fr\/#\/schema\/logo\/image\/","url":"https:\/\/www.kjt.lu\/wp-content\/uploads\/2021\/01\/kjt_white_144x61.png","contentUrl":"https:\/\/www.kjt.lu\/wp-content\/uploads\/2021\/01\/kjt_white_144x61.png","width":143,"height":61,"caption":"KJT"},"image":{"@id":"https:\/\/www.kjt.lu\/fr\/#\/schema\/logo\/image\/"},"sameAs":["https:\/\/www.facebook.com\/kannerjugendtelefon","https:\/\/www.instagram.com\/kannerjugendtelefon\/"]}]}},"_links":{"self":[{"href":"https:\/\/www.kjt.lu\/fr\/wp-json\/wp\/v2\/pages\/3575"}],"collection":[{"href":"https:\/\/www.kjt.lu\/fr\/wp-json\/wp\/v2\/pages"}],"about":[{"href":"https:\/\/www.kjt.lu\/fr\/wp-json\/wp\/v2\/types\/page"}],"author":[{"embeddable":true,"href":"https:\/\/www.kjt.lu\/fr\/wp-json\/wp\/v2\/users\/2"}],"replies":[{"embeddable":true,"href":"https:\/\/www.kjt.lu\/fr\/wp-json\/wp\/v2\/comments?post=3575"}],"version-history":[{"count":34,"href":"https:\/\/www.kjt.lu\/fr\/wp-json\/wp\/v2\/pages\/3575\/revisions"}],"predecessor-version":[{"id":15205,"href":"https:\/\/www.kjt.lu\/fr\/wp-json\/wp\/v2\/pages\/3575\/revisions\/15205"}],"wp:attachment":[{"href":"https:\/\/www.kjt.lu\/fr\/wp-json\/wp\/v2\/media?parent=3575"}],"curies":[{"name":"wp","href":"https:\/\/api.w.org\/{rel}","templated":true}]}}