{"id":3569,"date":"2021-04-30T10:36:43","date_gmt":"2021-04-30T08:36:43","guid":{"rendered":"https:\/\/new.kjt.lu\/bee-secure-stopline\/"},"modified":"2022-11-28T10:53:18","modified_gmt":"2022-11-28T09:53:18","slug":"bee-secure-stopline","status":"publish","type":"page","link":"https:\/\/www.kjt.lu\/fr\/bee-secure-stopline\/","title":{"rendered":"BEE SECURE Stopline"},"content":{"rendered":"<div class=\"wpb-content-wrapper\"><p>[vc_row][vc_column][vc_custom_heading text=\u00a0\u00bbBEE SECURE Stopline\u00a0\u00bb font_container=\u00a0\u00bbtag:h1|text_align:center\u00a0\u00bb use_theme_fonts=\u00a0\u00bbyes\u00a0\u00bb][vc_empty_space][\/vc_column][\/vc_row][vc_row][vc_column][vc_column_text]Les contenus ill\u00e9gaux provenant des domaines suivants peuvent \u00eatre signal\u00e9s sur la BEE SECURE Stopline :<\/p>\n<ul>\n<li>Repr\u00e9sentations d&rsquo;abus sexuels sur des mineurs<\/li>\n<li>Racisme, r\u00e9visionnisme ou discrimination (y compris les discours de haine)<\/li>\n<li>Terrorisme<\/li>\n<\/ul>\n<p>[\/vc_column_text][vc_empty_space][vc_column_text]Vous pouvez d\u00e9couvrir comment signaler un tel contenu <a href=\"https:\/\/stopline.bee-secure.lu\/fr\/#reportprocess\" target=\"_blank\" rel=\"noopener\">ici.<\/a> Vous trouverez le formulaire de rapport correspondant <a href=\"https:\/\/stopline.bee-secure.lu\/fr\/report\/\" target=\"_blank\" rel=\"noopener\">ici<\/a> &#8211; le formulaire est accessible 24 heures sur 24, 7 jours sur 7.[\/vc_column_text][vc_empty_space][vc_column_text]Pour toute question concernant d&rsquo;autres contenus ill\u00e9gaux en ligne, veuillez contacter la police ou la <a href=\"https:\/\/www.kjt.lu\/fr\/bee-secure-helpline\/\">BEE SECURE Helpline 8002 1234<\/a>.[\/vc_column_text][\/vc_column][\/vc_row][vc_row][vc_column][vc_single_image image=\u00a0\u00bb13139&Prime; img_size=\u00a0\u00bbmedium\u00a0\u00bb alignment=\u00a0\u00bbcenter\u00a0\u00bb onclick=\u00a0\u00bbcustom_link\u00a0\u00bb img_link_target=\u00a0\u00bb_blank\u00a0\u00bb link=\u00a0\u00bbhttps:\/\/stopline.bee-secure.lu\/fr\/\u00a0\u00bb][\/vc_column][\/vc_row]<\/p>\n<\/div>","protected":false},"excerpt":{"rendered":"<p>[vc_row][vc_column][vc_custom_heading text=\u00a0\u00bbBEE SECURE Stopline\u00a0\u00bb font_container=\u00a0\u00bbtag:h1|text_align:center\u00a0\u00bb use_theme_fonts=\u00a0\u00bbyes\u00a0\u00bb][vc_empty_space][\/vc_column][\/vc_row][vc_row][vc_column][vc_column_text]Les contenus ill\u00e9gaux provenant des domaines suivants peuvent \u00eatre signal\u00e9s sur la BEE SECURE Stopline\u2026<\/p>\n","protected":false},"author":2,"featured_media":0,"parent":0,"menu_order":0,"comment_status":"closed","ping_status":"closed","template":"","meta":{"footnotes":""},"class_list":["post-3569","page","type-page","status-publish","hentry"],"yoast_head":"<!-- This site is optimized with the Yoast SEO plugin v25.4 - https:\/\/yoast.com\/wordpress\/plugins\/seo\/ -->\n<title>BEE SECURE Stopline | KJT<\/title>\n<meta name=\"robots\" content=\"index, follow, max-snippet:-1, max-image-preview:large, max-video-preview:-1\" \/>\n<link rel=\"canonical\" href=\"https:\/\/www.kjt.lu\/fr\/bee-secure-stopline\/\" \/>\n<meta property=\"og:locale\" content=\"fr_FR\" \/>\n<meta property=\"og:type\" content=\"article\" \/>\n<meta property=\"og:title\" content=\"BEE SECURE Stopline | KJT\" \/>\n<meta property=\"og:description\" content=\"[vc_row][vc_column][vc_custom_heading text=\u00a0\u00bbBEE SECURE Stopline\u00a0\u00bb font_container=\u00a0\u00bbtag:h1|text_align:center\u00a0\u00bb use_theme_fonts=\u00a0\u00bbyes\u00a0\u00bb][vc_empty_space][\/vc_column][\/vc_row][vc_row][vc_column][vc_column_text]Les contenus ill\u00e9gaux provenant des domaines suivants peuvent \u00eatre signal\u00e9s sur la BEE SECURE Stopline\u2026\" \/>\n<meta property=\"og:url\" content=\"https:\/\/www.kjt.lu\/fr\/bee-secure-stopline\/\" \/>\n<meta property=\"og:site_name\" content=\"KJT\" \/>\n<meta property=\"article:publisher\" content=\"https:\/\/www.facebook.com\/kannerjugendtelefon\" \/>\n<meta property=\"article:modified_time\" content=\"2022-11-28T09:53:18+00:00\" \/>\n<meta name=\"twitter:card\" content=\"summary_large_image\" \/>\n<meta name=\"twitter:label1\" content=\"Dur\u00e9e de lecture estim\u00e9e\" \/>\n\t<meta name=\"twitter:data1\" content=\"1 minute\" \/>\n<script type=\"application\/ld+json\" class=\"yoast-schema-graph\">{\"@context\":\"https:\/\/schema.org\",\"@graph\":[{\"@type\":\"WebPage\",\"@id\":\"https:\/\/www.kjt.lu\/fr\/bee-secure-stopline\/\",\"url\":\"https:\/\/www.kjt.lu\/fr\/bee-secure-stopline\/\",\"name\":\"BEE SECURE Stopline | KJT\",\"isPartOf\":{\"@id\":\"https:\/\/www.kjt.lu\/fr\/#website\"},\"datePublished\":\"2021-04-30T08:36:43+00:00\",\"dateModified\":\"2022-11-28T09:53:18+00:00\",\"breadcrumb\":{\"@id\":\"https:\/\/www.kjt.lu\/fr\/bee-secure-stopline\/#breadcrumb\"},\"inLanguage\":\"fr-FR\",\"potentialAction\":[{\"@type\":\"ReadAction\",\"target\":[\"https:\/\/www.kjt.lu\/fr\/bee-secure-stopline\/\"]}]},{\"@type\":\"BreadcrumbList\",\"@id\":\"https:\/\/www.kjt.lu\/fr\/bee-secure-stopline\/#breadcrumb\",\"itemListElement\":[{\"@type\":\"ListItem\",\"position\":1,\"name\":\"Startseite\",\"item\":\"https:\/\/www.kjt.lu\/fr\/\"},{\"@type\":\"ListItem\",\"position\":2,\"name\":\"BEE SECURE Stopline\"}]},{\"@type\":\"WebSite\",\"@id\":\"https:\/\/www.kjt.lu\/fr\/#website\",\"url\":\"https:\/\/www.kjt.lu\/fr\/\",\"name\":\"KJT\",\"description\":\"Beratung, Hilfe und Informationen f\u00fcr Kinder und Jugendliche\",\"publisher\":{\"@id\":\"https:\/\/www.kjt.lu\/fr\/#organization\"},\"potentialAction\":[{\"@type\":\"SearchAction\",\"target\":{\"@type\":\"EntryPoint\",\"urlTemplate\":\"https:\/\/www.kjt.lu\/fr\/?s={search_term_string}\"},\"query-input\":{\"@type\":\"PropertyValueSpecification\",\"valueRequired\":true,\"valueName\":\"search_term_string\"}}],\"inLanguage\":\"fr-FR\"},{\"@type\":\"Organization\",\"@id\":\"https:\/\/www.kjt.lu\/fr\/#organization\",\"name\":\"KJT\",\"url\":\"https:\/\/www.kjt.lu\/fr\/\",\"logo\":{\"@type\":\"ImageObject\",\"inLanguage\":\"fr-FR\",\"@id\":\"https:\/\/www.kjt.lu\/fr\/#\/schema\/logo\/image\/\",\"url\":\"https:\/\/www.kjt.lu\/wp-content\/uploads\/2021\/01\/kjt_white_144x61.png\",\"contentUrl\":\"https:\/\/www.kjt.lu\/wp-content\/uploads\/2021\/01\/kjt_white_144x61.png\",\"width\":143,\"height\":61,\"caption\":\"KJT\"},\"image\":{\"@id\":\"https:\/\/www.kjt.lu\/fr\/#\/schema\/logo\/image\/\"},\"sameAs\":[\"https:\/\/www.facebook.com\/kannerjugendtelefon\",\"https:\/\/www.instagram.com\/kannerjugendtelefon\/\"]}]}<\/script>\n<!-- \/ Yoast SEO plugin. -->","yoast_head_json":{"title":"BEE SECURE Stopline | KJT","robots":{"index":"index","follow":"follow","max-snippet":"max-snippet:-1","max-image-preview":"max-image-preview:large","max-video-preview":"max-video-preview:-1"},"canonical":"https:\/\/www.kjt.lu\/fr\/bee-secure-stopline\/","og_locale":"fr_FR","og_type":"article","og_title":"BEE SECURE Stopline | KJT","og_description":"[vc_row][vc_column][vc_custom_heading text=\u00a0\u00bbBEE SECURE Stopline\u00a0\u00bb font_container=\u00a0\u00bbtag:h1|text_align:center\u00a0\u00bb use_theme_fonts=\u00a0\u00bbyes\u00a0\u00bb][vc_empty_space][\/vc_column][\/vc_row][vc_row][vc_column][vc_column_text]Les contenus ill\u00e9gaux provenant des domaines suivants peuvent \u00eatre signal\u00e9s sur la BEE SECURE Stopline\u2026","og_url":"https:\/\/www.kjt.lu\/fr\/bee-secure-stopline\/","og_site_name":"KJT","article_publisher":"https:\/\/www.facebook.com\/kannerjugendtelefon","article_modified_time":"2022-11-28T09:53:18+00:00","twitter_card":"summary_large_image","twitter_misc":{"Dur\u00e9e de lecture estim\u00e9e":"1 minute"},"schema":{"@context":"https:\/\/schema.org","@graph":[{"@type":"WebPage","@id":"https:\/\/www.kjt.lu\/fr\/bee-secure-stopline\/","url":"https:\/\/www.kjt.lu\/fr\/bee-secure-stopline\/","name":"BEE SECURE Stopline | KJT","isPartOf":{"@id":"https:\/\/www.kjt.lu\/fr\/#website"},"datePublished":"2021-04-30T08:36:43+00:00","dateModified":"2022-11-28T09:53:18+00:00","breadcrumb":{"@id":"https:\/\/www.kjt.lu\/fr\/bee-secure-stopline\/#breadcrumb"},"inLanguage":"fr-FR","potentialAction":[{"@type":"ReadAction","target":["https:\/\/www.kjt.lu\/fr\/bee-secure-stopline\/"]}]},{"@type":"BreadcrumbList","@id":"https:\/\/www.kjt.lu\/fr\/bee-secure-stopline\/#breadcrumb","itemListElement":[{"@type":"ListItem","position":1,"name":"Startseite","item":"https:\/\/www.kjt.lu\/fr\/"},{"@type":"ListItem","position":2,"name":"BEE SECURE Stopline"}]},{"@type":"WebSite","@id":"https:\/\/www.kjt.lu\/fr\/#website","url":"https:\/\/www.kjt.lu\/fr\/","name":"KJT","description":"Beratung, Hilfe und Informationen f\u00fcr Kinder und Jugendliche","publisher":{"@id":"https:\/\/www.kjt.lu\/fr\/#organization"},"potentialAction":[{"@type":"SearchAction","target":{"@type":"EntryPoint","urlTemplate":"https:\/\/www.kjt.lu\/fr\/?s={search_term_string}"},"query-input":{"@type":"PropertyValueSpecification","valueRequired":true,"valueName":"search_term_string"}}],"inLanguage":"fr-FR"},{"@type":"Organization","@id":"https:\/\/www.kjt.lu\/fr\/#organization","name":"KJT","url":"https:\/\/www.kjt.lu\/fr\/","logo":{"@type":"ImageObject","inLanguage":"fr-FR","@id":"https:\/\/www.kjt.lu\/fr\/#\/schema\/logo\/image\/","url":"https:\/\/www.kjt.lu\/wp-content\/uploads\/2021\/01\/kjt_white_144x61.png","contentUrl":"https:\/\/www.kjt.lu\/wp-content\/uploads\/2021\/01\/kjt_white_144x61.png","width":143,"height":61,"caption":"KJT"},"image":{"@id":"https:\/\/www.kjt.lu\/fr\/#\/schema\/logo\/image\/"},"sameAs":["https:\/\/www.facebook.com\/kannerjugendtelefon","https:\/\/www.instagram.com\/kannerjugendtelefon\/"]}]}},"_links":{"self":[{"href":"https:\/\/www.kjt.lu\/fr\/wp-json\/wp\/v2\/pages\/3569"}],"collection":[{"href":"https:\/\/www.kjt.lu\/fr\/wp-json\/wp\/v2\/pages"}],"about":[{"href":"https:\/\/www.kjt.lu\/fr\/wp-json\/wp\/v2\/types\/page"}],"author":[{"embeddable":true,"href":"https:\/\/www.kjt.lu\/fr\/wp-json\/wp\/v2\/users\/2"}],"replies":[{"embeddable":true,"href":"https:\/\/www.kjt.lu\/fr\/wp-json\/wp\/v2\/comments?post=3569"}],"version-history":[{"count":10,"href":"https:\/\/www.kjt.lu\/fr\/wp-json\/wp\/v2\/pages\/3569\/revisions"}],"predecessor-version":[{"id":13146,"href":"https:\/\/www.kjt.lu\/fr\/wp-json\/wp\/v2\/pages\/3569\/revisions\/13146"}],"wp:attachment":[{"href":"https:\/\/www.kjt.lu\/fr\/wp-json\/wp\/v2\/media?parent=3569"}],"curies":[{"name":"wp","href":"https:\/\/api.w.org\/{rel}","templated":true}]}}