{"id":3544,"date":"2021-04-30T09:13:29","date_gmt":"2021-04-30T07:13:29","guid":{"rendered":"https:\/\/new.kjt.lu\/a-propos-de-nous\/"},"modified":"2026-03-26T11:47:06","modified_gmt":"2026-03-26T10:47:06","slug":"a-propos-de-nous","status":"publish","type":"page","link":"https:\/\/www.kjt.lu\/fr\/a-propos-de-nous\/","title":{"rendered":"A propos de nous"},"content":{"rendered":"<div class=\"wpb-content-wrapper\"><p>[vc_row][vc_column][vc_custom_heading text=\u00a0\u00bbA propos de nous\u00a0\u00bb font_container=\u00a0\u00bbtag:h1|text_align:center\u00a0\u00bb use_theme_fonts=\u00a0\u00bbyes\u00a0\u00bb][\/vc_column][\/vc_row][vc_row source=\u00a0\u00bb\u00a0\u00bb text=\u00a0\u00bbHELP US REACH OUR GOAL\u00a0\u00bb font_container=\u00a0\u00bbtag:h2|text_align:center\u00a0\u00bb use_theme_fonts=\u00a0\u00bbyes\u00a0\u00bb google_fonts=\u00a0\u00bbfont_family:Abril%20Fatface%3Aregular|font_style:400%20regular%3A400%3Anormal\u00a0\u00bb custom_letter_spacing=\u00a0\u00bb\u00a0\u00bb link=\u00a0\u00bb\u00a0\u00bb][vc_column][vc_custom_heading text=\u00a0\u00bbComment tout a commenc\u00e9 &#8230;\u00a0\u00bb font_container=\u00a0\u00bbtag:h2|text_align:center\u00a0\u00bb use_theme_fonts=\u00a0\u00bbyes\u00a0\u00bb][vc_column_text css=\u00a0\u00bb\u00a0\u00bb]Le Kanner-Jugendtelefon (KJT) a \u00e9t\u00e9 fond\u00e9 en 1992 en coop\u00e9ration avec la Croix-Rouge, la Fondation Kannerschlass, la Ligue M\u00e9dico-Sociale et Caritas Jeunes et Familles. Aujourd&rsquo;hui, le KJT est un service propos\u00e9 par CJF L\u00ebtzebuerg a.s.b.l.. La fondation du KJT en 1992, \u00e0 l&rsquo;\u00e9poque sous le nom de \u00ab\u00a0Kannersuergentelefon\u00a0\u00bb, a eu lieu dans le cadre de la ratification de la Convention des Nations Unies sur les droits de l&rsquo;enfant. Le KJT doit donner \u00e0 chaque enfant et \u00e0 chaque jeune, un moyen d&rsquo;\u00eatre entendu.<\/p>\n<p>&nbsp;<\/p>\n<p>Le KJT est financ\u00e9 par une convention avec avec le SNJ (Service National de la Jeunesse) du Minist\u00e8re de l\u2019\u00c9ducation nationale, de l\u2019Enfance et de la Jeunesse (approbation minist\u00e9rielle CAMF CSF AI 202504\/01 et CAMF FSE AI 202504\/01).[\/vc_column_text][vc_empty_space][vc_custom_heading text=\u00a0\u00bbNotre mission\u00a0\u00bb font_container=\u00a0\u00bbtag:h2|text_align:center\u00a0\u00bb use_theme_fonts=\u00a0\u00bbyes\u00a0\u00bb][vc_column_text]Le KJT conseille et soutient les enfants et les jeunes, ainsi que les personnes qui s&rsquo;occupent d&rsquo;eux, dans leurs pr\u00e9occupations et leurs questions quotidiennes, leurs craintes, leurs probl\u00e8mes et aussi leurs crises.<\/p>\n<p>&nbsp;<\/p>\n<p style=\"text-align: center;\"><strong>\u00ab\u00a0Personne ne doit rester seul.\u00a0\u00bb<\/strong><\/p>\n<p>&nbsp;<\/p>\n<p>Chaque enfant, chaque adolescent peut s&rsquo;adresser directement \u00e0 des conseillers sp\u00e9cialement form\u00e9s. Les parents, et les personnes en relation avec les enfants, ainsi que les professionnels du domaine p\u00e9dagogique et psychologique, ont \u00e9galement acc\u00e8s \u00e0 ce service de conseil simple et direct.[\/vc_column_text][vc_empty_space][vc_custom_heading text=\u00a0\u00bbComment fonctionne le KJT ?\u00a0\u00bb font_container=\u00a0\u00bbtag:h2|text_align:center\u00a0\u00bb use_theme_fonts=\u00a0\u00bbyes\u00a0\u00bb][vc_column_text]<\/p>\n<p style=\"text-align: center;\"><strong>\u00ab\u00a0Nous sommes l\u00e0 pour toi ! Nous avons le temps pour t&rsquo;\u00e9couter !<\/strong><\/p>\n<p>&nbsp;<\/p>\n<p>Dans la conversation, nous \u00e9laborons des solutions individuelles avec la personne qui nous contacte et nous l&rsquo;aidons \u00e0 les r\u00e9aliser. Si n\u00e9cessaire, nous pouvons \u00e9galement orienter la personne vers d&rsquo;autres institutions.<\/p>\n<div id=\"gtx-trans\" style=\"position: absolute; left: 20px; top: 43.7188px;\">\n<div class=\"gtx-trans-icon\"><\/div>\n<\/div>\n<p>[\/vc_column_text][vc_empty_space][vc_custom_heading text=\u00a0\u00bbNos principes en mati\u00e8re de conseil :\u00a0\u00bb font_container=\u00a0\u00bbtag:h2|text_align:center\u00a0\u00bb use_theme_fonts=\u00a0\u00bbyes\u00a0\u00bb][vc_column_text]<\/p>\n<ul>\n<li><strong>Anonymat<\/strong><br \/>\nQuiconque nous contacte n&rsquo;est pas tenu de fournir des informations personnelles. Le personnel du 116111, de l&rsquo;aide en ligne, de la ligne d&rsquo;assistance aux parents et de la ligne d&rsquo;assistance BEE SECURE reste \u00e9galement anonyme.<\/li>\n<\/ul>\n<p>&nbsp;<\/p>\n<ul>\n<li><strong><strong>Confidentialit\u00e9 du conseiller<br \/>\n<\/strong><\/strong>Aucune information ne sera transmise \u00e0 des tiers.<\/li>\n<\/ul>\n<p>&nbsp;<\/p>\n<ul>\n<li><strong>Tol\u00e9rance et respect<br \/>\n<\/strong>Chaque personne qui nous contacte est accept\u00e9e sans pr\u00e9jug\u00e9s et sur un pied d&rsquo;\u00e9galit\u00e9.<\/li>\n<\/ul>\n<p>&nbsp;<\/p>\n<ul>\n<li><strong><strong>Autod\u00e9termination<br \/>\n<\/strong><\/strong>La personne qui nous contacte d\u00e9cide de mani\u00e8re autonome de la voie qu&rsquo;elle souhaite suivre apr\u00e8s la s\u00e9ance de conseil.<\/li>\n<\/ul>\n<p>&nbsp;<\/p>\n<ul>\n<li><strong><strong>Ouverture<br \/>\n<\/strong><\/strong>Nous sommes \u00e0 l\u2018\u00e9coute de toutes questions et \u00e0 tous les probl\u00e8mes et sommes convaincus qu&rsquo;il vaut toujours la peine de parler aux conseillers, surtout lorsque les probl\u00e8mes s\u2018 aggravent.<\/li>\n<\/ul>\n<p>[\/vc_column_text][vc_empty_space][vc_custom_heading text=\u00a0\u00bbNos services\u00a0\u00bb font_container=\u00a0\u00bbtag:h2|text_align:center\u00a0\u00bb use_theme_fonts=\u00a0\u00bbyes\u00a0\u00bb][vc_column_text]Depuis sa fondation, KJT s&rsquo;est adapt\u00e9 aux besoins et au d\u00e9veloppement de la soci\u00e9t\u00e9. Le Kanner-Jugendtelefon s\u2019est agrandi en rajoutant au service d\u2019assistance par t\u00e9l\u00e9phone 1 1 6 1 1 1 pour les enfants et les jeunes, le service d\u2019assistance en ligne Online Help (<a href=\"https:\/\/localhost:8080\/kjt\/wordpress\">www.kjt.lu<\/a>). En 2007, le \u00ab\u00a0Elterentelefon \/ \u00c9coute parents\u00a0\u00bb a \u00e9t\u00e9 lanc\u00e9, ainsi que la BEE SECURE Helpline et la BEE SECURE Stopline. En 2021, le conseil par chat en peer-to-peer a \u00e9t\u00e9 rajout\u00e9.[\/vc_column_text][vc_custom_heading text=\u00a0\u00bbCoop\u00e9ration au niveau international :<br \/>\nEnsemble pour les enfants et les jeunes\u00a0\u00bb font_container=\u00a0\u00bbtag:h2|text_align:center\u00a0\u00bb use_theme_fonts=\u00a0\u00bbyes\u00a0\u00bb css=\u00a0\u00bb.vc_custom_1620248517465{padding-top: 60px !important;}\u00a0\u00bb el_id=\u00a0\u00bbinternational-vernetzt\u00a0\u00bb][vc_column_text css=\u00a0\u00bb\u00a0\u00bb]Le KJT coop\u00e8re avec ses services au niveau international :[\/vc_column_text][\/vc_column][vc_column width=\u00a0\u00bb1\/3&Prime;][vc_single_image image=\u00a0\u00bb2753&Prime; img_size=\u00a0\u00bbmedium\u00a0\u00bb][\/vc_column][vc_column width=\u00a0\u00bb2\/3&Prime;][vc_column_text]Child Helpline International, l&rsquo;association mondiale de l\u2018\u00e9coute pour enfants et adolescents.[\/vc_column_text][\/vc_column][\/vc_row][vc_row][vc_column width=\u00a0\u00bb1\/3&Prime;][vc_single_image image=\u00a0\u00bb2758&Prime; img_size=\u00a0\u00bbmedium\u00a0\u00bb][\/vc_column][vc_column width=\u00a0\u00bb2\/3&Prime;][vc_column_text]Insafe est un r\u00e9seau europ\u00e9en d&rsquo;organisations nationales qui vise \u00e0 sensibiliser les jeunes \u00e0 une utilisation s\u00fbre et responsable de l\u2018internet.[\/vc_column_text][\/vc_column][\/vc_row][vc_row][vc_column width=\u00a0\u00bb1\/3&Prime;][vc_single_image image=\u00a0\u00bb2927&Prime; img_size=\u00a0\u00bbmedium\u00a0\u00bb][\/vc_column][vc_column width=\u00a0\u00bb2\/3&Prime;][vc_column_text]INHOPE, l&rsquo;Association internationale des hotlines-Internet pour lutter contre les contenus ill\u00e9gaux sur Internet, en particulier la diffusion d&rsquo;images d&rsquo;abus sexuels sur mineurs.[\/vc_column_text][\/vc_column][\/vc_row][vc_row][vc_column width=\u00a0\u00bb1\/3&Prime;][vc_single_image image=\u00a0\u00bb16038&Prime; img_size=\u00a0\u00bbmedium\u00a0\u00bb css=\u00a0\u00bb\u00a0\u00bb][\/vc_column][vc_column width=\u00a0\u00bb2\/3&Prime;][vc_column_text css=\u00a0\u00bb\u00a0\u00bb]INACH est un r\u00e9seau international de lutte contre la haine sur Internet<\/p>\n<p>La vision d&rsquo;INACH consiste \u00e0 faire respecter les droits de l&rsquo;homme sur Internet gr\u00e2ce \u00e0 une coop\u00e9ration transnationale[\/vc_column_text][\/vc_column][\/vc_row][vc_row][vc_column][vc_empty_space][\/vc_column][\/vc_row][vc_row][vc_column offset=\u00a0\u00bbvc_col-lg-offset-3 vc_col-lg-9 vc_col-md-offset-1 vc_col-md-11&Prime;][vc_column_text]<\/p>\n<p style=\"text-align: left;\">Pour plus d&rsquo;informations:<\/p>\n<ul>\n<li><a href=\"https:\/\/www.kjt.lu\/porteurs\/?lang=fr\">Porteurs<\/a><\/li>\n<li style=\"text-align: left;\"><a href=\"https:\/\/www.kjt.lu\/rapports-annuels\/?lang=fr\">Rapports annuels<\/a><\/li>\n<li style=\"text-align: left;\"><a href=\"https:\/\/www.kjt.lu\/dons\/?lang=fr\">Dons<\/a><\/li>\n<li style=\"text-align: left;\"><a href=\"https:\/\/www.kjt.lu\/ehrenamtliche-mitarbeit\/\">Travail b\u00e9n\u00e9vol<\/a><\/li>\n<\/ul>\n<p>[\/vc_column_text][\/vc_column][\/vc_row]<\/p>\n<\/div>","protected":false},"excerpt":{"rendered":"<p>[vc_row][vc_column][vc_custom_heading text=\u00a0\u00bbA propos de nous\u00a0\u00bb font_container=\u00a0\u00bbtag:h1|text_align:center\u00a0\u00bb use_theme_fonts=\u00a0\u00bbyes\u00a0\u00bb][\/vc_column][\/vc_row][vc_row source=\u00a0\u00bb\u00a0\u00bb text=\u00a0\u00bbHELP US REACH OUR GOAL\u00a0\u00bb font_container=\u00a0\u00bbtag:h2|text_align:center\u00a0\u00bb use_theme_fonts=\u00a0\u00bbyes\u00a0\u00bb google_fonts=\u00a0\u00bbfont_family:Abril%20Fatface%3Aregular|font_style:400%20regular%3A400%3Anormal\u00a0\u00bb custom_letter_spacing=\u00a0\u00bb\u00a0\u00bb link=\u00a0\u00bb\u00a0\u00bb][vc_column][vc_custom_heading text=\u00a0\u00bbComment tout\u2026<\/p>\n","protected":false},"author":1,"featured_media":0,"parent":0,"menu_order":0,"comment_status":"closed","ping_status":"closed","template":"visual-builder-template.php","meta":{"footnotes":""},"class_list":["post-3544","page","type-page","status-publish","hentry"],"yoast_head":"<!-- This site is optimized with the Yoast SEO plugin v25.4 - https:\/\/yoast.com\/wordpress\/plugins\/seo\/ -->\n<title>A propos de nous | KJT<\/title>\n<meta name=\"robots\" content=\"index, follow, max-snippet:-1, max-image-preview:large, max-video-preview:-1\" \/>\n<link rel=\"canonical\" href=\"https:\/\/www.kjt.lu\/fr\/a-propos-de-nous\/\" \/>\n<meta property=\"og:locale\" content=\"fr_FR\" \/>\n<meta property=\"og:type\" content=\"article\" \/>\n<meta property=\"og:title\" content=\"A propos de nous | KJT\" \/>\n<meta property=\"og:description\" content=\"[vc_row][vc_column][vc_custom_heading text=\u00a0\u00bbA propos de nous\u00a0\u00bb font_container=\u00a0\u00bbtag:h1|text_align:center\u00a0\u00bb use_theme_fonts=\u00a0\u00bbyes\u00a0\u00bb][\/vc_column][\/vc_row][vc_row source=\u00a0\u00bb\u00a0\u00bb text=\u00a0\u00bbHELP US REACH OUR GOAL\u00a0\u00bb font_container=\u00a0\u00bbtag:h2|text_align:center\u00a0\u00bb use_theme_fonts=\u00a0\u00bbyes\u00a0\u00bb google_fonts=\u00a0\u00bbfont_family:Abril%20Fatface%3Aregular|font_style:400%20regular%3A400%3Anormal\u00a0\u00bb custom_letter_spacing=\u00a0\u00bb\u00a0\u00bb link=\u00a0\u00bb\u00a0\u00bb][vc_column][vc_custom_heading text=\u00a0\u00bbComment tout\u2026\" \/>\n<meta property=\"og:url\" content=\"https:\/\/www.kjt.lu\/fr\/a-propos-de-nous\/\" \/>\n<meta property=\"og:site_name\" content=\"KJT\" \/>\n<meta property=\"article:publisher\" content=\"https:\/\/www.facebook.com\/kannerjugendtelefon\" \/>\n<meta property=\"article:modified_time\" content=\"2026-03-26T10:47:06+00:00\" \/>\n<meta name=\"twitter:card\" content=\"summary_large_image\" \/>\n<meta name=\"twitter:label1\" content=\"Dur\u00e9e de lecture estim\u00e9e\" \/>\n\t<meta name=\"twitter:data1\" content=\"5 minutes\" \/>\n<script type=\"application\/ld+json\" class=\"yoast-schema-graph\">{\"@context\":\"https:\/\/schema.org\",\"@graph\":[{\"@type\":\"WebPage\",\"@id\":\"https:\/\/www.kjt.lu\/fr\/a-propos-de-nous\/\",\"url\":\"https:\/\/www.kjt.lu\/fr\/a-propos-de-nous\/\",\"name\":\"A propos de nous | KJT\",\"isPartOf\":{\"@id\":\"https:\/\/www.kjt.lu\/fr\/#website\"},\"datePublished\":\"2021-04-30T07:13:29+00:00\",\"dateModified\":\"2026-03-26T10:47:06+00:00\",\"breadcrumb\":{\"@id\":\"https:\/\/www.kjt.lu\/fr\/a-propos-de-nous\/#breadcrumb\"},\"inLanguage\":\"fr-FR\",\"potentialAction\":[{\"@type\":\"ReadAction\",\"target\":[\"https:\/\/www.kjt.lu\/fr\/a-propos-de-nous\/\"]}]},{\"@type\":\"BreadcrumbList\",\"@id\":\"https:\/\/www.kjt.lu\/fr\/a-propos-de-nous\/#breadcrumb\",\"itemListElement\":[{\"@type\":\"ListItem\",\"position\":1,\"name\":\"Startseite\",\"item\":\"https:\/\/www.kjt.lu\/fr\/\"},{\"@type\":\"ListItem\",\"position\":2,\"name\":\"A propos de nous\"}]},{\"@type\":\"WebSite\",\"@id\":\"https:\/\/www.kjt.lu\/fr\/#website\",\"url\":\"https:\/\/www.kjt.lu\/fr\/\",\"name\":\"KJT\",\"description\":\"Beratung, Hilfe und Informationen f\u00fcr Kinder und Jugendliche\",\"publisher\":{\"@id\":\"https:\/\/www.kjt.lu\/fr\/#organization\"},\"potentialAction\":[{\"@type\":\"SearchAction\",\"target\":{\"@type\":\"EntryPoint\",\"urlTemplate\":\"https:\/\/www.kjt.lu\/fr\/?s={search_term_string}\"},\"query-input\":{\"@type\":\"PropertyValueSpecification\",\"valueRequired\":true,\"valueName\":\"search_term_string\"}}],\"inLanguage\":\"fr-FR\"},{\"@type\":\"Organization\",\"@id\":\"https:\/\/www.kjt.lu\/fr\/#organization\",\"name\":\"KJT\",\"url\":\"https:\/\/www.kjt.lu\/fr\/\",\"logo\":{\"@type\":\"ImageObject\",\"inLanguage\":\"fr-FR\",\"@id\":\"https:\/\/www.kjt.lu\/fr\/#\/schema\/logo\/image\/\",\"url\":\"https:\/\/www.kjt.lu\/wp-content\/uploads\/2021\/01\/kjt_white_144x61.png\",\"contentUrl\":\"https:\/\/www.kjt.lu\/wp-content\/uploads\/2021\/01\/kjt_white_144x61.png\",\"width\":143,\"height\":61,\"caption\":\"KJT\"},\"image\":{\"@id\":\"https:\/\/www.kjt.lu\/fr\/#\/schema\/logo\/image\/\"},\"sameAs\":[\"https:\/\/www.facebook.com\/kannerjugendtelefon\",\"https:\/\/www.instagram.com\/kannerjugendtelefon\/\"]}]}<\/script>\n<!-- \/ Yoast SEO plugin. -->","yoast_head_json":{"title":"A propos de nous | KJT","robots":{"index":"index","follow":"follow","max-snippet":"max-snippet:-1","max-image-preview":"max-image-preview:large","max-video-preview":"max-video-preview:-1"},"canonical":"https:\/\/www.kjt.lu\/fr\/a-propos-de-nous\/","og_locale":"fr_FR","og_type":"article","og_title":"A propos de nous | KJT","og_description":"[vc_row][vc_column][vc_custom_heading text=\u00a0\u00bbA propos de nous\u00a0\u00bb font_container=\u00a0\u00bbtag:h1|text_align:center\u00a0\u00bb use_theme_fonts=\u00a0\u00bbyes\u00a0\u00bb][\/vc_column][\/vc_row][vc_row source=\u00a0\u00bb\u00a0\u00bb text=\u00a0\u00bbHELP US REACH OUR GOAL\u00a0\u00bb font_container=\u00a0\u00bbtag:h2|text_align:center\u00a0\u00bb use_theme_fonts=\u00a0\u00bbyes\u00a0\u00bb google_fonts=\u00a0\u00bbfont_family:Abril%20Fatface%3Aregular|font_style:400%20regular%3A400%3Anormal\u00a0\u00bb custom_letter_spacing=\u00a0\u00bb\u00a0\u00bb link=\u00a0\u00bb\u00a0\u00bb][vc_column][vc_custom_heading text=\u00a0\u00bbComment tout\u2026","og_url":"https:\/\/www.kjt.lu\/fr\/a-propos-de-nous\/","og_site_name":"KJT","article_publisher":"https:\/\/www.facebook.com\/kannerjugendtelefon","article_modified_time":"2026-03-26T10:47:06+00:00","twitter_card":"summary_large_image","twitter_misc":{"Dur\u00e9e de lecture estim\u00e9e":"5 minutes"},"schema":{"@context":"https:\/\/schema.org","@graph":[{"@type":"WebPage","@id":"https:\/\/www.kjt.lu\/fr\/a-propos-de-nous\/","url":"https:\/\/www.kjt.lu\/fr\/a-propos-de-nous\/","name":"A propos de nous | KJT","isPartOf":{"@id":"https:\/\/www.kjt.lu\/fr\/#website"},"datePublished":"2021-04-30T07:13:29+00:00","dateModified":"2026-03-26T10:47:06+00:00","breadcrumb":{"@id":"https:\/\/www.kjt.lu\/fr\/a-propos-de-nous\/#breadcrumb"},"inLanguage":"fr-FR","potentialAction":[{"@type":"ReadAction","target":["https:\/\/www.kjt.lu\/fr\/a-propos-de-nous\/"]}]},{"@type":"BreadcrumbList","@id":"https:\/\/www.kjt.lu\/fr\/a-propos-de-nous\/#breadcrumb","itemListElement":[{"@type":"ListItem","position":1,"name":"Startseite","item":"https:\/\/www.kjt.lu\/fr\/"},{"@type":"ListItem","position":2,"name":"A propos de nous"}]},{"@type":"WebSite","@id":"https:\/\/www.kjt.lu\/fr\/#website","url":"https:\/\/www.kjt.lu\/fr\/","name":"KJT","description":"Beratung, Hilfe und Informationen f\u00fcr Kinder und Jugendliche","publisher":{"@id":"https:\/\/www.kjt.lu\/fr\/#organization"},"potentialAction":[{"@type":"SearchAction","target":{"@type":"EntryPoint","urlTemplate":"https:\/\/www.kjt.lu\/fr\/?s={search_term_string}"},"query-input":{"@type":"PropertyValueSpecification","valueRequired":true,"valueName":"search_term_string"}}],"inLanguage":"fr-FR"},{"@type":"Organization","@id":"https:\/\/www.kjt.lu\/fr\/#organization","name":"KJT","url":"https:\/\/www.kjt.lu\/fr\/","logo":{"@type":"ImageObject","inLanguage":"fr-FR","@id":"https:\/\/www.kjt.lu\/fr\/#\/schema\/logo\/image\/","url":"https:\/\/www.kjt.lu\/wp-content\/uploads\/2021\/01\/kjt_white_144x61.png","contentUrl":"https:\/\/www.kjt.lu\/wp-content\/uploads\/2021\/01\/kjt_white_144x61.png","width":143,"height":61,"caption":"KJT"},"image":{"@id":"https:\/\/www.kjt.lu\/fr\/#\/schema\/logo\/image\/"},"sameAs":["https:\/\/www.facebook.com\/kannerjugendtelefon","https:\/\/www.instagram.com\/kannerjugendtelefon\/"]}]}},"_links":{"self":[{"href":"https:\/\/www.kjt.lu\/fr\/wp-json\/wp\/v2\/pages\/3544"}],"collection":[{"href":"https:\/\/www.kjt.lu\/fr\/wp-json\/wp\/v2\/pages"}],"about":[{"href":"https:\/\/www.kjt.lu\/fr\/wp-json\/wp\/v2\/types\/page"}],"author":[{"embeddable":true,"href":"https:\/\/www.kjt.lu\/fr\/wp-json\/wp\/v2\/users\/1"}],"replies":[{"embeddable":true,"href":"https:\/\/www.kjt.lu\/fr\/wp-json\/wp\/v2\/comments?post=3544"}],"version-history":[{"count":14,"href":"https:\/\/www.kjt.lu\/fr\/wp-json\/wp\/v2\/pages\/3544\/revisions"}],"predecessor-version":[{"id":16047,"href":"https:\/\/www.kjt.lu\/fr\/wp-json\/wp\/v2\/pages\/3544\/revisions\/16047"}],"wp:attachment":[{"href":"https:\/\/www.kjt.lu\/fr\/wp-json\/wp\/v2\/media?parent=3544"}],"curies":[{"name":"wp","href":"https:\/\/api.w.org\/{rel}","templated":true}]}}