{"id":3520,"date":"2021-04-29T10:24:10","date_gmt":"2021-04-29T08:24:10","guid":{"rendered":"https:\/\/new.kjt.lu\/enfants-de-parents-mentalement-malades\/"},"modified":"2021-05-14T19:16:56","modified_gmt":"2021-05-14T17:16:56","slug":"enfants-de-parents-mentalement-malades","status":"publish","type":"page","link":"https:\/\/www.kjt.lu\/fr\/enfants-de-parents-mentalement-malades\/","title":{"rendered":"Enfants de parents mentalement malades"},"content":{"rendered":"<div class=\"wpb-content-wrapper\"><p>[vc_row][vc_column]\n\t\t\t<!-- START SeperationDivorce REVOLUTION SLIDER 6.7.16 --><p class=\"rs-p-wp-fix\"><\/p>\n\t\t\t<rs-module-wrap id=\"rev_slider_15_1_wrapper\" data-source=\"gallery\" style=\"visibility:hidden;background:transparent;padding:0;margin:0px auto;margin-top:0;margin-bottom:0;\">\n\t\t\t\t<rs-module id=\"rev_slider_15_1\" style=\"\" data-version=\"6.7.16\">\n\t\t\t\t\t<rs-slides style=\"overflow: hidden; position: absolute;\">\n\t\t\t\t\t\t<rs-slide style=\"position: absolute;\" data-key=\"rs-72\" data-title=\"Slide\" data-anim=\"ms:1000;r:0;\" data-in=\"o:0;\" data-out=\"a:false;\">\n\t\t\t\t\t\t\t<img decoding=\"async\" src=\"\/\/www.kjt.lu\/wp-content\/plugins\/revslider\/sr6\/assets\/assets\/dummy.png\" alt=\"\" title=\"Seperation-Divorce\" width=\"1920\" height=\"1080\" class=\"rev-slidebg tp-rs-img rs-lazyload\" data-lazyload=\"\/\/www.kjt.lu\/wp-content\/uploads\/2021\/01\/slide_Seperation-Divorce_61365477.jpg\" data-no-retina>\n<!---->\t\t\t\t\t<\/rs-slide>\n\t\t\t\t\t<\/rs-slides>\n\t\t\t\t<\/rs-module>\n\t\t\t\t<script>\n\t\t\t\t\tsetREVStartSize({c: 'rev_slider_15_1',rl:[1240,1024,768,480],el:[900],gw:[1240],gh:[900],type:'hero',justify:'',layout:'fullwidth',mh:\"0\"});if (window.RS_MODULES!==undefined && window.RS_MODULES.modules!==undefined && window.RS_MODULES.modules[\"revslider151\"]!==undefined) {window.RS_MODULES.modules[\"revslider151\"].once = false;window.revapi15 = undefined;if (window.RS_MODULES.checkMinimal!==undefined) window.RS_MODULES.checkMinimal()}\n\t\t\t\t<\/script>\n\t\t\t<\/rs-module-wrap>\n\t\t\t<!-- END REVOLUTION SLIDER -->\n[\/vc_column][\/vc_row][vc_section full_width=\u00a0\u00bbstretch_row\u00a0\u00bb css=\u00a0\u00bb.vc_custom_1499312142784{padding-top: 45px !important;padding-bottom: 45px !important;}\u00a0\u00bb][vc_row][vc_column][vc_custom_heading text=\u00a0\u00bbMa m\u00e8re est toujours si triste\u2026\u00a0\u00bb font_container=\u00a0\u00bbtag:h1|text_align:center\u00a0\u00bb use_theme_fonts=\u00a0\u00bbyes\u00a0\u00bb][\/vc_column][vc_column offset=\u00a0\u00bbvc_col-lg-offset-1 vc_col-lg-10 vc_col-md-offset-1 vc_col-md-10&Prime;][vc_empty_space][vc_custom_heading text=\u00a0\u00bbEst-ce normal?<\/p>\n<p>D&rsquo;une certaine mani\u00e8re, maman ou papa est diff\u00e9rent que d\u2019habitude, ou tu ne les connais pas vraiment diff\u00e9remment, mais quand ton amie est venue te visiter la derni\u00e8re fois, elle a dit : \u00ab C\u2019est quoi ce comportement de ta m\u00e8re ?! \u00bb.<\/p>\n<p>Ton p\u00e8re ou ta m\u00e8re ont-ils soudainement des sauts d&rsquo;humeur fr\u00e9quents ou des pens\u00e9es et des craintes \u00e9tranges ? Il y a aussi des parents qui boivent beaucoup d&rsquo;alcool et qui sont ensuite tr\u00e8s agressifs. Lorsque les parents ont soudainement beaucoup de jours tristes et, par exemple, ne se l\u00e8vent plus du canap\u00e9 ou ne font plus les choses qu&rsquo;ils avaient l&rsquo;habitude de faire pour toi et tes fr\u00e8res et s\u0153urs, c&rsquo;est assez \u00e9trange. Parfois, tu peux m\u00eame te sentir g\u00ean\u00e9 par ce qui se passe \u00e0 la maison et tu essaies de le cacher \u00e0 tes amis ou \u00e0 tes professeurs. Tu essaies peut-\u00eatre de remplacer tes parents, d&rsquo;aider plus que d&rsquo;habitude \u00e0 la maison, de t&rsquo;occuper de tes fr\u00e8res et s\u0153urs et en plus tu essaies de r\u00e9ussir \u00e0 l\u2019\u00e9cole.\u00a0\u00bb font_container=\u00a0\u00bbtag:p|text_align:left\u00a0\u00bb google_fonts=\u00a0\u00bbfont_family:Raleway%3A100%2C200%2C300%2Cregular%2C500%2C600%2C700%2C800%2C900|font_style:300%20light%20regular%3A300%3Anormal\u00a0\u00bb][vc_custom_heading text=\u00a0\u00bbTu as peut-\u00eatre peur de ce qui pourrait arriver si les autres savaient que ta m\u00e8re ou ton p\u00e8re sont si diff\u00e9rents. Tout cela peut \u00eatre tr\u00e8s effrayant et d\u00e9routant pour toi. Tu as peut-\u00eatre le sentiment d&rsquo;\u00eatre responsable ou que c&rsquo;est de ta faute ? Mais laisse-moi te dire une chose, tu n&rsquo;es pas responsable du fonctionnement de ta famille.\u00a0\u00bb font_container=\u00a0\u00bbtag:p|text_align:left\u00a0\u00bb google_fonts=\u00a0\u00bbfont_family:Raleway%3A100%2C200%2C300%2Cregular%2C500%2C600%2C700%2C800%2C900|font_style:300%20light%20regular%3A300%3Anormal\u00a0\u00bb][vc_custom_heading text=\u00a0\u00bbTout comme notre corps peut tomber malade, notre \u00e2me le peut aussi. Mais m\u00eame dans cette affaire difficile, il existe une aide pour toi et tes parents. En raison d&rsquo;une maladie, tes parents peuvent ne pas \u00eatre en mesure de prendre soin de toi comme tu le m\u00e9rites et en as besoin. Tout le monde peut avoir une mauvaise journ\u00e9e, mais si elle se prolonge, il est important que tes parents et toi obteniez de l&rsquo;aide.<\/p>\n<p>Tu peux chatter, t\u00e9l\u00e9phoner ou nous \u00e9crire. Nous allons voir ensemble ce qui est possible.\u00a0\u00bb font_container=\u00a0\u00bbtag:p|text_align:left\u00a0\u00bb google_fonts=\u00a0\u00bbfont_family:Raleway%3A100%2C200%2C300%2Cregular%2C500%2C600%2C700%2C800%2C900|font_style:300%20light%20regular%3A300%3Anormal\u00a0\u00bb][\/vc_column][\/vc_row][vc_row][vc_column css=\u00a0\u00bb.vc_custom_1499312251005{margin-bottom: 30px !important;}\u00a0\u00bb][vc_empty_space]<div  class=\"wpb_theme_custom_element wpb_featured_box\">\n  <div class=\"vc-custom-inner-wrap\">\n    <div class=\"featured-box-alignment alignment-center content-alignment-center\"><div class=\"icon-wrap\"><div class=\"type-icon graphic-shape-rounded\" style=\"width: 50px;height: 50px;background-color: #54a56c\"><span style=\"color: #ffffff\" class=\"_icon fas fa-exclamation\"><\/span><\/div><\/div><div class=\"entry-box-wrap\"><h4 class=\"featured-box-title\" style=\"color: #222222;\">1 1 6 1 1 1<\/h4><div class=\"featured-box-text\" style=\"color: #444444;\">Kanner-Jugendtelefon<\/div><\/div><\/div>  <\/div>\n<\/div>\n[\/vc_column][\/vc_row][\/vc_section][vc_section][vc_row][vc_column][vc_custom_heading text=\u00a0\u00bbIci tu trouves de l&rsquo;aide sur ce sujet\u00a0\u00bb font_container=\u00a0\u00bbtag:h3|font_size:18|text_align:center\u00a0\u00bb google_fonts=\u00a0\u00bbfont_family:Adamina%3Aregular|font_style:400%20regular%3A400%3Anormal\u00a0\u00bb][vc_column_text]<\/p>\n<p style=\"text-align: center;\"><span style=\"font-size: 12pt;\"><a href=\"https:\/\/www.kjt.lu\/fr\/1-1-6-1-1-1\/?lang=fr\">Kanner-Jugendtelefon<\/a> ; <a href=\"https:\/\/www.kjt.lu\/conseils-par-chat\/?lang=fr\">Chatberodung<\/a> ; <a href=\"https:\/\/www.kjt.lu\/fr\/online-help\/?lang=fr\">Online Help<\/a><\/span> ; <a href=\"https:\/\/www.kjt.lu\/ecoute-parents\/?lang=fr\"><span style=\"font-size: 12pt;\">Elterentelefon<\/span><\/a><\/p>\n<p>[\/vc_column_text][vc_custom_heading text=\u00a0\u00bbTu pourrais aussi \u00eatre int\u00e9ress\u00e9 par\u00a0\u00bb font_container=\u00a0\u00bbtag:h3|font_size:18|text_align:center\u00a0\u00bb google_fonts=\u00a0\u00bbfont_family:Adamina%3Aregular|font_style:400%20regular%3A400%3Anormal\u00a0\u00bb][vc_column_text]<\/p>\n<p style=\"text-align: center;\"><span style=\"font-size: 12pt;\"><a href=\"https:\/\/www.kjt.lu\/sante-mentale\/?lang=fr\">Psych\u00e9 et sant\u00e9<\/a> ; <a href=\"https:\/\/www.kjt.lu\/stress-pression\/?lang=fr\">Stress, pression<\/a> ; <a href=\"https:\/\/www.kjt.lu\/violence\/?lang=fr\">Violence<\/a> ;<a href=\"https:\/\/www.kjt.lu\/conflits-dans-la-famille\/?lang=fr\">Famille, querelle, conflit<\/a> ; <a href=\"https:\/\/www.kjt.lu\/abus-sexuel\/?lang=fr\">Abus sexuel<\/a> ; <a href=\"https:\/\/www.kjt.lu\/separation-divorce\/?lang=fr\">S\u00e9paration, divorce<\/a> ; <a href=\"https:\/\/www.kjt.lu\/suicide\/?lang=fr\">Suicide, pens\u00e9es suicidaires<\/a> <\/span><\/p>\n<p>[\/vc_column_text][\/vc_column][\/vc_row][\/vc_section]<\/p>\n<\/div>","protected":false},"excerpt":{"rendered":"<p>[vc_row][vc_column][\/vc_column][\/vc_row][vc_section full_width=\u00a0\u00bbstretch_row\u00a0\u00bb css=\u00a0\u00bb.vc_custom_1499312142784{padding-top: 45px !important;padding-bottom: 45px !important;}\u00a0\u00bb][vc_row][vc_column][vc_custom_heading text=\u00a0\u00bbMa m\u00e8re est toujours si triste\u2026\u00a0\u00bb font_container=\u00a0\u00bbtag:h1|text_align:center\u00a0\u00bb use_theme_fonts=\u00a0\u00bbyes\u00a0\u00bb][\/vc_column][vc_column offset=\u00a0\u00bbvc_col-lg-offset-1 vc_col-lg-10 vc_col-md-offset-1 vc_col-md-10&Prime;][vc_empty_space][vc_custom_heading text=\u00a0\u00bbEst-ce\u2026<\/p>\n","protected":false},"author":1,"featured_media":0,"parent":0,"menu_order":0,"comment_status":"closed","ping_status":"closed","template":"","meta":{"footnotes":""},"class_list":["post-3520","page","type-page","status-publish","hentry"],"yoast_head":"<!-- This site is optimized with the Yoast SEO plugin v25.4 - https:\/\/yoast.com\/wordpress\/plugins\/seo\/ -->\n<title>Enfants de parents mentalement malades | KJT<\/title>\n<meta name=\"robots\" content=\"index, follow, max-snippet:-1, max-image-preview:large, max-video-preview:-1\" \/>\n<link rel=\"canonical\" href=\"https:\/\/www.kjt.lu\/fr\/enfants-de-parents-mentalement-malades\/\" \/>\n<meta property=\"og:locale\" content=\"fr_FR\" \/>\n<meta property=\"og:type\" content=\"article\" \/>\n<meta property=\"og:title\" content=\"Enfants de parents mentalement malades | KJT\" \/>\n<meta property=\"og:description\" content=\"[vc_row][vc_column][\/vc_column][\/vc_row][vc_section full_width=\u00a0\u00bbstretch_row\u00a0\u00bb css=\u00a0\u00bb.vc_custom_1499312142784{padding-top: 45px !important;padding-bottom: 45px !important;}\u00a0\u00bb][vc_row][vc_column][vc_custom_heading text=\u00a0\u00bbMa m\u00e8re est toujours si triste\u2026\u00a0\u00bb font_container=\u00a0\u00bbtag:h1|text_align:center\u00a0\u00bb use_theme_fonts=\u00a0\u00bbyes\u00a0\u00bb][\/vc_column][vc_column offset=\u00a0\u00bbvc_col-lg-offset-1 vc_col-lg-10 vc_col-md-offset-1 vc_col-md-10&Prime;][vc_empty_space][vc_custom_heading text=\u00a0\u00bbEst-ce\u2026\" \/>\n<meta property=\"og:url\" content=\"https:\/\/www.kjt.lu\/fr\/enfants-de-parents-mentalement-malades\/\" \/>\n<meta property=\"og:site_name\" content=\"KJT\" \/>\n<meta property=\"article:publisher\" content=\"https:\/\/www.facebook.com\/kannerjugendtelefon\" \/>\n<meta property=\"article:modified_time\" content=\"2021-05-14T17:16:56+00:00\" \/>\n<meta name=\"twitter:card\" content=\"summary_large_image\" \/>\n<meta name=\"twitter:label1\" content=\"Dur\u00e9e de lecture estim\u00e9e\" \/>\n\t<meta name=\"twitter:data1\" content=\"3 minutes\" \/>\n<script type=\"application\/ld+json\" class=\"yoast-schema-graph\">{\"@context\":\"https:\/\/schema.org\",\"@graph\":[{\"@type\":\"WebPage\",\"@id\":\"https:\/\/www.kjt.lu\/fr\/enfants-de-parents-mentalement-malades\/\",\"url\":\"https:\/\/www.kjt.lu\/fr\/enfants-de-parents-mentalement-malades\/\",\"name\":\"Enfants de parents mentalement malades | KJT\",\"isPartOf\":{\"@id\":\"https:\/\/www.kjt.lu\/fr\/#website\"},\"datePublished\":\"2021-04-29T08:24:10+00:00\",\"dateModified\":\"2021-05-14T17:16:56+00:00\",\"breadcrumb\":{\"@id\":\"https:\/\/www.kjt.lu\/fr\/enfants-de-parents-mentalement-malades\/#breadcrumb\"},\"inLanguage\":\"fr-FR\",\"potentialAction\":[{\"@type\":\"ReadAction\",\"target\":[\"https:\/\/www.kjt.lu\/fr\/enfants-de-parents-mentalement-malades\/\"]}]},{\"@type\":\"BreadcrumbList\",\"@id\":\"https:\/\/www.kjt.lu\/fr\/enfants-de-parents-mentalement-malades\/#breadcrumb\",\"itemListElement\":[{\"@type\":\"ListItem\",\"position\":1,\"name\":\"Startseite\",\"item\":\"https:\/\/www.kjt.lu\/fr\/\"},{\"@type\":\"ListItem\",\"position\":2,\"name\":\"Enfants de parents mentalement malades\"}]},{\"@type\":\"WebSite\",\"@id\":\"https:\/\/www.kjt.lu\/fr\/#website\",\"url\":\"https:\/\/www.kjt.lu\/fr\/\",\"name\":\"KJT\",\"description\":\"Beratung, Hilfe und Informationen f\u00fcr Kinder und Jugendliche\",\"publisher\":{\"@id\":\"https:\/\/www.kjt.lu\/fr\/#organization\"},\"potentialAction\":[{\"@type\":\"SearchAction\",\"target\":{\"@type\":\"EntryPoint\",\"urlTemplate\":\"https:\/\/www.kjt.lu\/fr\/?s={search_term_string}\"},\"query-input\":{\"@type\":\"PropertyValueSpecification\",\"valueRequired\":true,\"valueName\":\"search_term_string\"}}],\"inLanguage\":\"fr-FR\"},{\"@type\":\"Organization\",\"@id\":\"https:\/\/www.kjt.lu\/fr\/#organization\",\"name\":\"KJT\",\"url\":\"https:\/\/www.kjt.lu\/fr\/\",\"logo\":{\"@type\":\"ImageObject\",\"inLanguage\":\"fr-FR\",\"@id\":\"https:\/\/www.kjt.lu\/fr\/#\/schema\/logo\/image\/\",\"url\":\"https:\/\/www.kjt.lu\/wp-content\/uploads\/2021\/01\/kjt_white_144x61.png\",\"contentUrl\":\"https:\/\/www.kjt.lu\/wp-content\/uploads\/2021\/01\/kjt_white_144x61.png\",\"width\":143,\"height\":61,\"caption\":\"KJT\"},\"image\":{\"@id\":\"https:\/\/www.kjt.lu\/fr\/#\/schema\/logo\/image\/\"},\"sameAs\":[\"https:\/\/www.facebook.com\/kannerjugendtelefon\",\"https:\/\/www.instagram.com\/kannerjugendtelefon\/\"]}]}<\/script>\n<!-- \/ Yoast SEO plugin. -->","yoast_head_json":{"title":"Enfants de parents mentalement malades | KJT","robots":{"index":"index","follow":"follow","max-snippet":"max-snippet:-1","max-image-preview":"max-image-preview:large","max-video-preview":"max-video-preview:-1"},"canonical":"https:\/\/www.kjt.lu\/fr\/enfants-de-parents-mentalement-malades\/","og_locale":"fr_FR","og_type":"article","og_title":"Enfants de parents mentalement malades | KJT","og_description":"[vc_row][vc_column][\/vc_column][\/vc_row][vc_section full_width=\u00a0\u00bbstretch_row\u00a0\u00bb css=\u00a0\u00bb.vc_custom_1499312142784{padding-top: 45px !important;padding-bottom: 45px !important;}\u00a0\u00bb][vc_row][vc_column][vc_custom_heading text=\u00a0\u00bbMa m\u00e8re est toujours si triste\u2026\u00a0\u00bb font_container=\u00a0\u00bbtag:h1|text_align:center\u00a0\u00bb use_theme_fonts=\u00a0\u00bbyes\u00a0\u00bb][\/vc_column][vc_column offset=\u00a0\u00bbvc_col-lg-offset-1 vc_col-lg-10 vc_col-md-offset-1 vc_col-md-10&Prime;][vc_empty_space][vc_custom_heading text=\u00a0\u00bbEst-ce\u2026","og_url":"https:\/\/www.kjt.lu\/fr\/enfants-de-parents-mentalement-malades\/","og_site_name":"KJT","article_publisher":"https:\/\/www.facebook.com\/kannerjugendtelefon","article_modified_time":"2021-05-14T17:16:56+00:00","twitter_card":"summary_large_image","twitter_misc":{"Dur\u00e9e de lecture estim\u00e9e":"3 minutes"},"schema":{"@context":"https:\/\/schema.org","@graph":[{"@type":"WebPage","@id":"https:\/\/www.kjt.lu\/fr\/enfants-de-parents-mentalement-malades\/","url":"https:\/\/www.kjt.lu\/fr\/enfants-de-parents-mentalement-malades\/","name":"Enfants de parents mentalement malades | KJT","isPartOf":{"@id":"https:\/\/www.kjt.lu\/fr\/#website"},"datePublished":"2021-04-29T08:24:10+00:00","dateModified":"2021-05-14T17:16:56+00:00","breadcrumb":{"@id":"https:\/\/www.kjt.lu\/fr\/enfants-de-parents-mentalement-malades\/#breadcrumb"},"inLanguage":"fr-FR","potentialAction":[{"@type":"ReadAction","target":["https:\/\/www.kjt.lu\/fr\/enfants-de-parents-mentalement-malades\/"]}]},{"@type":"BreadcrumbList","@id":"https:\/\/www.kjt.lu\/fr\/enfants-de-parents-mentalement-malades\/#breadcrumb","itemListElement":[{"@type":"ListItem","position":1,"name":"Startseite","item":"https:\/\/www.kjt.lu\/fr\/"},{"@type":"ListItem","position":2,"name":"Enfants de parents mentalement malades"}]},{"@type":"WebSite","@id":"https:\/\/www.kjt.lu\/fr\/#website","url":"https:\/\/www.kjt.lu\/fr\/","name":"KJT","description":"Beratung, Hilfe und Informationen f\u00fcr Kinder und Jugendliche","publisher":{"@id":"https:\/\/www.kjt.lu\/fr\/#organization"},"potentialAction":[{"@type":"SearchAction","target":{"@type":"EntryPoint","urlTemplate":"https:\/\/www.kjt.lu\/fr\/?s={search_term_string}"},"query-input":{"@type":"PropertyValueSpecification","valueRequired":true,"valueName":"search_term_string"}}],"inLanguage":"fr-FR"},{"@type":"Organization","@id":"https:\/\/www.kjt.lu\/fr\/#organization","name":"KJT","url":"https:\/\/www.kjt.lu\/fr\/","logo":{"@type":"ImageObject","inLanguage":"fr-FR","@id":"https:\/\/www.kjt.lu\/fr\/#\/schema\/logo\/image\/","url":"https:\/\/www.kjt.lu\/wp-content\/uploads\/2021\/01\/kjt_white_144x61.png","contentUrl":"https:\/\/www.kjt.lu\/wp-content\/uploads\/2021\/01\/kjt_white_144x61.png","width":143,"height":61,"caption":"KJT"},"image":{"@id":"https:\/\/www.kjt.lu\/fr\/#\/schema\/logo\/image\/"},"sameAs":["https:\/\/www.facebook.com\/kannerjugendtelefon","https:\/\/www.instagram.com\/kannerjugendtelefon\/"]}]}},"_links":{"self":[{"href":"https:\/\/www.kjt.lu\/fr\/wp-json\/wp\/v2\/pages\/3520"}],"collection":[{"href":"https:\/\/www.kjt.lu\/fr\/wp-json\/wp\/v2\/pages"}],"about":[{"href":"https:\/\/www.kjt.lu\/fr\/wp-json\/wp\/v2\/types\/page"}],"author":[{"embeddable":true,"href":"https:\/\/www.kjt.lu\/fr\/wp-json\/wp\/v2\/users\/1"}],"replies":[{"embeddable":true,"href":"https:\/\/www.kjt.lu\/fr\/wp-json\/wp\/v2\/comments?post=3520"}],"version-history":[{"count":16,"href":"https:\/\/www.kjt.lu\/fr\/wp-json\/wp\/v2\/pages\/3520\/revisions"}],"predecessor-version":[{"id":5611,"href":"https:\/\/www.kjt.lu\/fr\/wp-json\/wp\/v2\/pages\/3520\/revisions\/5611"}],"wp:attachment":[{"href":"https:\/\/www.kjt.lu\/fr\/wp-json\/wp\/v2\/media?parent=3520"}],"curies":[{"name":"wp","href":"https:\/\/api.w.org\/{rel}","templated":true}]}}