{"id":3439,"date":"2021-04-28T11:05:15","date_gmt":"2021-04-28T09:05:15","guid":{"rendered":"https:\/\/new.kjt.lu\/suicide\/"},"modified":"2021-05-14T19:10:17","modified_gmt":"2021-05-14T17:10:17","slug":"suicide","status":"publish","type":"page","link":"https:\/\/www.kjt.lu\/fr\/suicide\/","title":{"rendered":"Suicide"},"content":{"rendered":"<div class=\"wpb-content-wrapper\"><p>[vc_row][vc_column]\n\t\t\t<!-- START Suicide REVOLUTION SLIDER 6.7.16 --><p class=\"rs-p-wp-fix\"><\/p>\n\t\t\t<rs-module-wrap id=\"rev_slider_21_1_wrapper\" data-source=\"gallery\" style=\"visibility:hidden;background:transparent;padding:0;margin:0px auto;margin-top:0;margin-bottom:0;\">\n\t\t\t\t<rs-module id=\"rev_slider_21_1\" style=\"\" data-version=\"6.7.16\">\n\t\t\t\t\t<rs-slides style=\"overflow: hidden; position: absolute;\">\n\t\t\t\t\t\t<rs-slide style=\"position: absolute;\" data-key=\"rs-78\" data-title=\"Slide\" data-anim=\"ms:1000;r:0;\" data-in=\"o:0;\" data-out=\"a:false;\">\n\t\t\t\t\t\t\t<img decoding=\"async\" src=\"\/\/www.kjt.lu\/wp-content\/plugins\/revslider\/sr6\/assets\/assets\/dummy.png\" alt=\"\" title=\"Sexual Abuse\" width=\"1920\" height=\"1080\" class=\"rev-slidebg tp-rs-img rs-lazyload\" data-lazyload=\"\/\/www.kjt.lu\/wp-content\/uploads\/2021\/01\/slide_Sexual-Abuse_275632832.jpg\" data-no-retina>\n<!---->\t\t\t\t\t<\/rs-slide>\n\t\t\t\t\t<\/rs-slides>\n\t\t\t\t<\/rs-module>\n\t\t\t\t<script>\n\t\t\t\t\tsetREVStartSize({c: 'rev_slider_21_1',rl:[1240,1024,768,480],el:[900],gw:[1240],gh:[900],type:'hero',justify:'',layout:'fullwidth',mh:\"0\"});if (window.RS_MODULES!==undefined && window.RS_MODULES.modules!==undefined && window.RS_MODULES.modules[\"revslider211\"]!==undefined) {window.RS_MODULES.modules[\"revslider211\"].once = false;window.revapi21 = undefined;if (window.RS_MODULES.checkMinimal!==undefined) window.RS_MODULES.checkMinimal()}\n\t\t\t\t<\/script>\n\t\t\t<\/rs-module-wrap>\n\t\t\t<!-- END REVOLUTION SLIDER -->\n[\/vc_column][\/vc_row][vc_section full_width=\u00a0\u00bbstretch_row\u00a0\u00bb css=\u00a0\u00bb.vc_custom_1499312142784{padding-top: 45px !important;padding-bottom: 45px !important;}\u00a0\u00bb][vc_row][vc_column][vc_custom_heading text=\u00a0\u00bbJe ne vois pas d\u2019issue : Il y a toujours une issue !\u00a0\u00bb font_container=\u00a0\u00bbtag:h1|text_align:center\u00a0\u00bb use_theme_fonts=\u00a0\u00bbyes\u00a0\u00bb][\/vc_column][vc_column offset=\u00a0\u00bbvc_col-lg-offset-1 vc_col-lg-10 vc_col-md-offset-1 vc_col-md-10&Prime;][vc_empty_space][vc_column_text]Parfois, la vie semble difficile. Tout semble lourd, sans issue, sans faire sens. La joie est partie. Tu te sens impuissant, d\u00e9sesp\u00e9r\u00e9. Peut-\u00eatre que tu penses que ce serait mieux si tu ne vivais plus ? Quand on se sent comme \u00e7a, on ne peut m\u00eame pas imaginer que les choses puissent \u00eatre diff\u00e9rentes plus tard. \u00c0 mesure que tu avances, de nouvelles perspectives, de nouvelles possibilit\u00e9s s&rsquo;ouvrent. Ta vie peut aussi redevenir diff\u00e9rente. Parle de tes probl\u00e8mes. Ne reste pas seul et laisse-nous t\u2019aider. Appelle-nous d\u00e8s maintenant ou \u00e9cris-nous. Nous sommes l\u00e0 pour toi. Tu n&rsquo;es pas seul.[\/vc_column_text][vc_custom_heading text=\u00a0\u00bbQu&rsquo;est-ce qui rend la chose si difficile ?\u00a0\u00bb font_container=\u00a0\u00bbtag:h2|text_align:center\u00a0\u00bb use_theme_fonts=\u00a0\u00bbyes\u00a0\u00bb][vc_column_text]De nombreux probl\u00e8mes, petits et grands, se rassemblent et s&#8217;empilent sans \u00eatre tri\u00e9s pour former une grande montagne. Ils te donnent l&rsquo;impression de t\u2019\u00e9craser. Tu te sens petit et impuissant, comme s&rsquo;il \u00e9tait inutile d&rsquo;essayer de lutter contre elle.[\/vc_column_text][vc_custom_heading text=\u00a0\u00bbQu&rsquo;est-ce qui peut t\u2019aider ?\u00a0\u00bb font_container=\u00a0\u00bbtag:h2|text_align:center\u00a0\u00bb use_theme_fonts=\u00a0\u00bbyes\u00a0\u00bb][vc_column_text]N&rsquo;est-il pas vrai que l&rsquo;id\u00e9e de s&rsquo;enlever la vie n&rsquo;est pas le souhait d&rsquo;\u00eatre mort, mais plut\u00f4t le souhait d&rsquo;\u00eatre lib\u00e9r\u00e9 des probl\u00e8mes ? De nombreuses personnes qui pensent \u00e0 en finir avec la vie souhaitent \u00eatre lib\u00e9r\u00e9es de leurs soucis, de leurs peurs, de leurs probl\u00e8mes et de leur chagrin.<\/p>\n<p>Il y a une partie de toi qui est pleine de vie et qui se bat contre l&rsquo;autre partie. Cette partie veut continuer \u00e0 vivre, mais pas comme \u00e7a. Essaie de trouver ce qui devrait changer en premier pour que la partie joyeuse devienne plus forte ? Que veut cette partie ?<\/p>\n<p>Essaie de diviser les probl\u00e8mes individuels qui se sont transform\u00e9s en une grande montagne en probl\u00e8mes individuels et examine-les un par un. Peut-\u00eatre que \u00e7a semble difficile.<\/p>\n<p>Essaie de rester actif, m\u00eame si c&rsquo;est difficile. Que pourrais-tu faire pr\u00e9cis\u00e9ment? Avec qui? Qu&rsquo;est-ce que tu aimerais faire d&rsquo;autre ? Peut-\u00eatre le jogging, le fitness, promener le chien, lire un livre passionnant, parler \u00e0 quelqu&rsquo;un au t\u00e9l\u00e9phone, dessiner&#8230; ? Il se peut que tu dois vraiment te forcer \u00e0 le faire, mais tu verras que cela te changera les id\u00e9es et te fera du bien.<\/p>\n<p>Il est important que tu saches que tu n&rsquo;es pas seul \u00e0 avoir des pens\u00e9es suicidaires. Tu ne dois en aucun cas te sentir coupable ou avoir honte. De nombreuses personnes ont \u00e9t\u00e9 confront\u00e9es \u00e0 ces id\u00e9es noires. M\u00eame s&rsquo;il n&rsquo;est pas facile d&rsquo;en parler \u00e0 quelqu&rsquo;un, toutes les personnes ont dit \u00e0 quel point cela leur faisait du bien de pouvoir enfin en parler honn\u00eatement et ouvertement, Ils \u00e9taient soulag\u00e9s. Fais-toi aussi cette d\u00e9marche. <strong>Ne te retires pas<\/strong>, <strong>parles-en<\/strong>. Y-a-t-il quelqu&rsquo;un \u00e0 qui tu peux parler honn\u00eatement de tes sentiments ? Essaie de te confier \u00e0 quelqu&rsquo;un et de partager tes pens\u00e9es avec quelqu&rsquo;un. Tu peux toujours nous appeler ou nous \u00e9crire.[\/vc_column_text][\/vc_column][\/vc_row][vc_row][vc_column css=\u00a0\u00bb.vc_custom_1607072571253{margin-bottom: 30px !important;}\u00a0\u00bb offset=\u00a0\u00bbvc_col-lg-offset-1 vc_col-lg-10&Prime;][vc_empty_space][vc_custom_heading text=\u00a0\u00bbNe reste pas seul !\u00a0\u00bb font_container=\u00a0\u00bbtag:h2|text_align:center\u00a0\u00bb use_theme_fonts=\u00a0\u00bbyes\u00a0\u00bb][vc_column_text]Si les pens\u00e9es suicidaires te poursuivent, ne reste pas seul. Parle \u00e0 ton m\u00e9decin de famille, au SePAS de ton \u00e9cole, \u00e0 un psychologue ou \u00e0 un psychoth\u00e9rapeute, \u00e0 tes parents ou \u00e0 une personne de confiance. Tu peux aussi nous \u00e9crire (www.kjt.lu) ou nous appeler.[\/vc_column_text][vc_btn title=\u00a0\u00bb1 1 6 1 1 1 appelle-nous maintenant\u00a0\u00bb color=\u00a0\u00bbdanger\u00a0\u00bb size=\u00a0\u00bblg\u00a0\u00bb align=\u00a0\u00bbcenter\u00a0\u00bb i_icon_fontawesome=\u00a0\u00bbfas fa-phone-alt\u00a0\u00bb add_icon=\u00a0\u00bbtrue\u00a0\u00bb link=\u00a0\u00bburl:t%C3%A9l%3A%2F%2F116111|\u00a0\u00bb][vc_column_text]En cas d&rsquo;urgence, contacte le num\u00e9ro d&rsquo;urgence 1 1 2 et demande un conseiller du GSP (Groupe de Support Psychologique).<\/p>\n<p>Tu n&rsquo;es pas le probl\u00e8me, tu es juste entour\u00e9 de probl\u00e8mes en ce moment. Tu es pr\u00e9cieux ! Ne renonce pas \u00e0 toi M\u00eame si tu ne le voies pas maintenant, tu es important pour d&rsquo;autres personnes. Tu n&rsquo;es pas seul ! Nous sommes l\u00e0 pour toi et nous sommes avec toi.[\/vc_column_text][\/vc_column][\/vc_row][\/vc_section][vc_section][vc_row][vc_column][vc_custom_heading text=\u00a0\u00bbIci tu trouves de l&rsquo;aide sur ce sujet\u00a0\u00bb font_container=\u00a0\u00bbtag:h3|font_size:18|text_align:center\u00a0\u00bb google_fonts=\u00a0\u00bbfont_family:Adamina%3Aregular|font_style:400%20regular%3A400%3Anormal\u00a0\u00bb][vc_column_text]<\/p>\n<p style=\"text-align: center;\"><span style=\"font-size: 12pt;\"><a href=\"https:\/\/www.kjt.lu\/fr\/1-1-6-1-1-1\/?lang=fr\">Kanner-Jugendtelefon<\/a> ; <a href=\"https:\/\/www.kjt.lu\/conseils-par-chat\/?lang=fr\">Chatberodung<\/a> ; <a href=\"https:\/\/www.kjt.lu\/fr\/online-help\/?lang=fr\">Online Help<\/a> ; <a href=\"https:\/\/www.kjt.lu\/ecoute-parents\/?lang=fr\">Elterentelefon<\/a><br \/>\n<\/span><\/p>\n<p>[\/vc_column_text][vc_custom_heading text=\u00a0\u00bbTu pourrais aussi \u00eatre int\u00e9ress\u00e9 par\u00a0\u00bb font_container=\u00a0\u00bbtag:h3|font_size:18|text_align:center\u00a0\u00bb google_fonts=\u00a0\u00bbfont_family:Adamina%3Aregular|font_style:400%20regular%3A400%3Anormal\u00a0\u00bb][vc_column_text]<\/p>\n<p style=\"text-align: center;\"><span style=\"font-size: 12pt;\"><a href=\"https:\/\/www.kjt.lu\/sante-mentale\/?lang=fr\">Psyche und Gesundheit<\/a> ; <a href=\"https:\/\/www.kjt.lu\/stress-pression\/?lang=fr\">Stress, Druck<\/a> ; <a href=\"https:\/\/www.kjt.lu\/cyberharcelement\/?lang=fr\">(Cyber)Mobbing<\/a> ; <a href=\"https:\/\/www.kjt.lu\/violence\/?lang=fr\">Gewalt<\/a> ; <a href=\"https:\/\/www.kjt.lu\/enfants-de-parents-mentalement-malades\/?lang=fr\">(psychisch) kranke Eltern<\/a> ; <a href=\"https:\/\/www.kjt.lu\/conflits-dans-la-famille\/?lang=fr\">Familie, Streit, Konflikt<\/a> ; <a href=\"https:\/\/www.kjt.lu\/sexualite\/?lang=fr\">Sexualit\u00e4t<\/a> ; <a href=\"https:\/\/www.kjt.lu\/abus-sexuel\/?lang=fr\">sexueller Missbrauch<\/a> ; <a href=\"https:\/\/www.kjt.lu\/separation-divorce\/?lang=fr\">Trennung, Scheidung<\/a><\/span><\/p>\n<p>[\/vc_column_text][\/vc_column][\/vc_row][\/vc_section]<\/p>\n<\/div>","protected":false},"excerpt":{"rendered":"<p>[vc_row][vc_column][\/vc_column][\/vc_row][vc_section full_width=\u00a0\u00bbstretch_row\u00a0\u00bb css=\u00a0\u00bb.vc_custom_1499312142784{padding-top: 45px !important;padding-bottom: 45px !important;}\u00a0\u00bb][vc_row][vc_column][vc_custom_heading text=\u00a0\u00bbJe ne vois pas d\u2019issue : Il y a toujours une issue !\u00a0\u00bb\u2026<\/p>\n","protected":false},"author":1,"featured_media":0,"parent":0,"menu_order":0,"comment_status":"closed","ping_status":"closed","template":"","meta":{"footnotes":""},"class_list":["post-3439","page","type-page","status-publish","hentry"],"yoast_head":"<!-- This site is optimized with the Yoast SEO plugin v25.4 - https:\/\/yoast.com\/wordpress\/plugins\/seo\/ -->\n<title>Suicide | KJT<\/title>\n<meta name=\"robots\" content=\"index, follow, max-snippet:-1, max-image-preview:large, max-video-preview:-1\" \/>\n<link rel=\"canonical\" href=\"https:\/\/www.kjt.lu\/fr\/suicide\/\" \/>\n<meta property=\"og:locale\" content=\"fr_FR\" \/>\n<meta property=\"og:type\" content=\"article\" \/>\n<meta property=\"og:title\" content=\"Suicide | KJT\" \/>\n<meta property=\"og:description\" content=\"[vc_row][vc_column][\/vc_column][\/vc_row][vc_section full_width=\u00a0\u00bbstretch_row\u00a0\u00bb css=\u00a0\u00bb.vc_custom_1499312142784{padding-top: 45px !important;padding-bottom: 45px !important;}\u00a0\u00bb][vc_row][vc_column][vc_custom_heading text=\u00a0\u00bbJe ne vois pas d\u2019issue : Il y a toujours une issue !\u00a0\u00bb\u2026\" \/>\n<meta property=\"og:url\" content=\"https:\/\/www.kjt.lu\/fr\/suicide\/\" \/>\n<meta property=\"og:site_name\" content=\"KJT\" \/>\n<meta property=\"article:publisher\" content=\"https:\/\/www.facebook.com\/kannerjugendtelefon\" \/>\n<meta property=\"article:modified_time\" content=\"2021-05-14T17:10:17+00:00\" \/>\n<meta name=\"twitter:card\" content=\"summary_large_image\" \/>\n<meta name=\"twitter:label1\" content=\"Dur\u00e9e de lecture estim\u00e9e\" \/>\n\t<meta name=\"twitter:data1\" content=\"5 minutes\" \/>\n<script type=\"application\/ld+json\" class=\"yoast-schema-graph\">{\"@context\":\"https:\/\/schema.org\",\"@graph\":[{\"@type\":\"WebPage\",\"@id\":\"https:\/\/www.kjt.lu\/fr\/suicide\/\",\"url\":\"https:\/\/www.kjt.lu\/fr\/suicide\/\",\"name\":\"Suicide | KJT\",\"isPartOf\":{\"@id\":\"https:\/\/www.kjt.lu\/fr\/#website\"},\"datePublished\":\"2021-04-28T09:05:15+00:00\",\"dateModified\":\"2021-05-14T17:10:17+00:00\",\"breadcrumb\":{\"@id\":\"https:\/\/www.kjt.lu\/fr\/suicide\/#breadcrumb\"},\"inLanguage\":\"fr-FR\",\"potentialAction\":[{\"@type\":\"ReadAction\",\"target\":[\"https:\/\/www.kjt.lu\/fr\/suicide\/\"]}]},{\"@type\":\"BreadcrumbList\",\"@id\":\"https:\/\/www.kjt.lu\/fr\/suicide\/#breadcrumb\",\"itemListElement\":[{\"@type\":\"ListItem\",\"position\":1,\"name\":\"Startseite\",\"item\":\"https:\/\/www.kjt.lu\/fr\/\"},{\"@type\":\"ListItem\",\"position\":2,\"name\":\"Suicide\"}]},{\"@type\":\"WebSite\",\"@id\":\"https:\/\/www.kjt.lu\/fr\/#website\",\"url\":\"https:\/\/www.kjt.lu\/fr\/\",\"name\":\"KJT\",\"description\":\"Beratung, Hilfe und Informationen f\u00fcr Kinder und Jugendliche\",\"publisher\":{\"@id\":\"https:\/\/www.kjt.lu\/fr\/#organization\"},\"potentialAction\":[{\"@type\":\"SearchAction\",\"target\":{\"@type\":\"EntryPoint\",\"urlTemplate\":\"https:\/\/www.kjt.lu\/fr\/?s={search_term_string}\"},\"query-input\":{\"@type\":\"PropertyValueSpecification\",\"valueRequired\":true,\"valueName\":\"search_term_string\"}}],\"inLanguage\":\"fr-FR\"},{\"@type\":\"Organization\",\"@id\":\"https:\/\/www.kjt.lu\/fr\/#organization\",\"name\":\"KJT\",\"url\":\"https:\/\/www.kjt.lu\/fr\/\",\"logo\":{\"@type\":\"ImageObject\",\"inLanguage\":\"fr-FR\",\"@id\":\"https:\/\/www.kjt.lu\/fr\/#\/schema\/logo\/image\/\",\"url\":\"https:\/\/www.kjt.lu\/wp-content\/uploads\/2021\/01\/kjt_white_144x61.png\",\"contentUrl\":\"https:\/\/www.kjt.lu\/wp-content\/uploads\/2021\/01\/kjt_white_144x61.png\",\"width\":143,\"height\":61,\"caption\":\"KJT\"},\"image\":{\"@id\":\"https:\/\/www.kjt.lu\/fr\/#\/schema\/logo\/image\/\"},\"sameAs\":[\"https:\/\/www.facebook.com\/kannerjugendtelefon\",\"https:\/\/www.instagram.com\/kannerjugendtelefon\/\"]}]}<\/script>\n<!-- \/ Yoast SEO plugin. -->","yoast_head_json":{"title":"Suicide | KJT","robots":{"index":"index","follow":"follow","max-snippet":"max-snippet:-1","max-image-preview":"max-image-preview:large","max-video-preview":"max-video-preview:-1"},"canonical":"https:\/\/www.kjt.lu\/fr\/suicide\/","og_locale":"fr_FR","og_type":"article","og_title":"Suicide | KJT","og_description":"[vc_row][vc_column][\/vc_column][\/vc_row][vc_section full_width=\u00a0\u00bbstretch_row\u00a0\u00bb css=\u00a0\u00bb.vc_custom_1499312142784{padding-top: 45px !important;padding-bottom: 45px !important;}\u00a0\u00bb][vc_row][vc_column][vc_custom_heading text=\u00a0\u00bbJe ne vois pas d\u2019issue : Il y a toujours une issue !\u00a0\u00bb\u2026","og_url":"https:\/\/www.kjt.lu\/fr\/suicide\/","og_site_name":"KJT","article_publisher":"https:\/\/www.facebook.com\/kannerjugendtelefon","article_modified_time":"2021-05-14T17:10:17+00:00","twitter_card":"summary_large_image","twitter_misc":{"Dur\u00e9e de lecture estim\u00e9e":"5 minutes"},"schema":{"@context":"https:\/\/schema.org","@graph":[{"@type":"WebPage","@id":"https:\/\/www.kjt.lu\/fr\/suicide\/","url":"https:\/\/www.kjt.lu\/fr\/suicide\/","name":"Suicide | KJT","isPartOf":{"@id":"https:\/\/www.kjt.lu\/fr\/#website"},"datePublished":"2021-04-28T09:05:15+00:00","dateModified":"2021-05-14T17:10:17+00:00","breadcrumb":{"@id":"https:\/\/www.kjt.lu\/fr\/suicide\/#breadcrumb"},"inLanguage":"fr-FR","potentialAction":[{"@type":"ReadAction","target":["https:\/\/www.kjt.lu\/fr\/suicide\/"]}]},{"@type":"BreadcrumbList","@id":"https:\/\/www.kjt.lu\/fr\/suicide\/#breadcrumb","itemListElement":[{"@type":"ListItem","position":1,"name":"Startseite","item":"https:\/\/www.kjt.lu\/fr\/"},{"@type":"ListItem","position":2,"name":"Suicide"}]},{"@type":"WebSite","@id":"https:\/\/www.kjt.lu\/fr\/#website","url":"https:\/\/www.kjt.lu\/fr\/","name":"KJT","description":"Beratung, Hilfe und Informationen f\u00fcr Kinder und Jugendliche","publisher":{"@id":"https:\/\/www.kjt.lu\/fr\/#organization"},"potentialAction":[{"@type":"SearchAction","target":{"@type":"EntryPoint","urlTemplate":"https:\/\/www.kjt.lu\/fr\/?s={search_term_string}"},"query-input":{"@type":"PropertyValueSpecification","valueRequired":true,"valueName":"search_term_string"}}],"inLanguage":"fr-FR"},{"@type":"Organization","@id":"https:\/\/www.kjt.lu\/fr\/#organization","name":"KJT","url":"https:\/\/www.kjt.lu\/fr\/","logo":{"@type":"ImageObject","inLanguage":"fr-FR","@id":"https:\/\/www.kjt.lu\/fr\/#\/schema\/logo\/image\/","url":"https:\/\/www.kjt.lu\/wp-content\/uploads\/2021\/01\/kjt_white_144x61.png","contentUrl":"https:\/\/www.kjt.lu\/wp-content\/uploads\/2021\/01\/kjt_white_144x61.png","width":143,"height":61,"caption":"KJT"},"image":{"@id":"https:\/\/www.kjt.lu\/fr\/#\/schema\/logo\/image\/"},"sameAs":["https:\/\/www.facebook.com\/kannerjugendtelefon","https:\/\/www.instagram.com\/kannerjugendtelefon\/"]}]}},"_links":{"self":[{"href":"https:\/\/www.kjt.lu\/fr\/wp-json\/wp\/v2\/pages\/3439"}],"collection":[{"href":"https:\/\/www.kjt.lu\/fr\/wp-json\/wp\/v2\/pages"}],"about":[{"href":"https:\/\/www.kjt.lu\/fr\/wp-json\/wp\/v2\/types\/page"}],"author":[{"embeddable":true,"href":"https:\/\/www.kjt.lu\/fr\/wp-json\/wp\/v2\/users\/1"}],"replies":[{"embeddable":true,"href":"https:\/\/www.kjt.lu\/fr\/wp-json\/wp\/v2\/comments?post=3439"}],"version-history":[{"count":19,"href":"https:\/\/www.kjt.lu\/fr\/wp-json\/wp\/v2\/pages\/3439\/revisions"}],"predecessor-version":[{"id":5544,"href":"https:\/\/www.kjt.lu\/fr\/wp-json\/wp\/v2\/pages\/3439\/revisions\/5544"}],"wp:attachment":[{"href":"https:\/\/www.kjt.lu\/fr\/wp-json\/wp\/v2\/media?parent=3439"}],"curies":[{"name":"wp","href":"https:\/\/api.w.org\/{rel}","templated":true}]}}