{"id":3433,"date":"2021-04-28T10:30:52","date_gmt":"2021-04-28T08:30:52","guid":{"rendered":"https:\/\/new.kjt.lu\/sante-mentale\/"},"modified":"2023-10-18T13:19:25","modified_gmt":"2023-10-18T11:19:25","slug":"sante-mentale","status":"publish","type":"page","link":"https:\/\/www.kjt.lu\/fr\/sante-mentale\/","title":{"rendered":"Sant\u00e9 mentale"},"content":{"rendered":"<div class=\"wpb-content-wrapper\"><p>[vc_row][vc_column]\n\t\t\t<!-- START Mental health REVOLUTION SLIDER 6.7.16 --><p class=\"rs-p-wp-fix\"><\/p>\n\t\t\t<rs-module-wrap id=\"rev_slider_17_1_wrapper\" data-source=\"gallery\" style=\"visibility:hidden;background:transparent;padding:0;margin:0px auto;margin-top:0;margin-bottom:0;\">\n\t\t\t\t<rs-module id=\"rev_slider_17_1\" style=\"\" data-version=\"6.7.16\">\n\t\t\t\t\t<rs-slides style=\"overflow: hidden; position: absolute;\">\n\t\t\t\t\t\t<rs-slide style=\"position: absolute;\" data-key=\"rs-74\" data-title=\"Slide\" data-anim=\"ms:1000;r:0;\" data-in=\"o:0;\" data-out=\"a:false;\">\n\t\t\t\t\t\t\t<img decoding=\"async\" src=\"\/\/www.kjt.lu\/wp-content\/plugins\/revslider\/sr6\/assets\/assets\/dummy.png\" alt=\"\" title=\"mental health\" width=\"1920\" height=\"1080\" class=\"rev-slidebg tp-rs-img rs-lazyload\" data-lazyload=\"\/\/www.kjt.lu\/wp-content\/uploads\/2021\/01\/slide_mental-health_278232026.jpg\" data-no-retina>\n<!---->\t\t\t\t\t<\/rs-slide>\n\t\t\t\t\t<\/rs-slides>\n\t\t\t\t<\/rs-module>\n\t\t\t\t<script>\n\t\t\t\t\tsetREVStartSize({c: 'rev_slider_17_1',rl:[1240,1024,768,480],el:[900],gw:[1240],gh:[900],type:'hero',justify:'',layout:'fullwidth',mh:\"0\"});if (window.RS_MODULES!==undefined && window.RS_MODULES.modules!==undefined && window.RS_MODULES.modules[\"revslider171\"]!==undefined) {window.RS_MODULES.modules[\"revslider171\"].once = false;window.revapi17 = undefined;if (window.RS_MODULES.checkMinimal!==undefined) window.RS_MODULES.checkMinimal()}\n\t\t\t\t<\/script>\n\t\t\t<\/rs-module-wrap>\n\t\t\t<!-- END REVOLUTION SLIDER -->\n[\/vc_column][\/vc_row][vc_section full_width=\u00a0\u00bbstretch_row\u00a0\u00bb css=\u00a0\u00bb.vc_custom_1499312142784{padding-top: 45px !important;padding-bottom: 45px !important;}\u00a0\u00bb][vc_row][vc_column][vc_custom_heading text=\u00a0\u00bbSant\u00e9 mentale\u00a0\u00bb font_container=\u00a0\u00bbtag:h1|text_align:center\u00a0\u00bb use_theme_fonts=\u00a0\u00bbyes\u00a0\u00bb][vc_empty_space][\/vc_column][vc_column offset=\u00a0\u00bbvc_col-lg-offset-1 vc_col-lg-10 vc_col-md-offset-1 vc_col-md-10&Prime;][vc_column_text]Ta sant\u00e9 mentale a un impact direct sur ton bien-\u00eatre. Plus tu te sens bien, plus tu es en mesure de te concentrer, de faire face aux situations quotidiennes ou d&rsquo;interagir avec les autres. Tu te sens \u00e9quilibr\u00e9.[\/vc_column_text][vc_column_text]De nombreux domaines et situations de la vie peuvent affecter la sant\u00e9 mentale, comme le stress \u00e0 la maison ou \u00e0 l&rsquo;\u00e9cole, les conflits avec les amis, le (cyber)harc\u00e8lement, la perte d&rsquo;une personne aim\u00e9e ou une exp\u00e9rience traumatique et\/ou stressante.[\/vc_column_text][vc_column_text]Parfois, il n&rsquo;y a pas de raison \u00e9vidente, et pourtant tu te sens triste, seul, impuissant, stress\u00e9, anxieux, paniqu\u00e9, apathique, ou peut-\u00eatre sans confiance en vous<u>,<\/u>sans valeur, sans espoir. Il peut en r\u00e9sulter une humeur d\u00e9pressive, des troubles de l&rsquo;alimentation, une d\u00e9pendance, des pens\u00e9es suicidaires ou un comportement d&rsquo;automutilation.[\/vc_column_text][vc_column_text]Parler, \u00e7a aide ! Mais il n&rsquo;est pas facile de mettre des mots sur ses sentiments et de partager ses pens\u00e9es et ses \u00e9motions personnelles avec les autres. Si tu as des difficult\u00e9s d&rsquo;en parler avec tes amis, tes parents ou tes confidents, nous sommes l\u00e0 pour toi. Tu peux nous parler ou nous \u00e9crire de mani\u00e8re confidentielle et anonyme. Nous t\u2019\u00e9coutons. Nous r\u00e9fl\u00e9chirons ensemble \u00e0 ce qui pourrait t\u2019aider dans ta situation. Ne reste pas seul. Appelle-nous ou \u00e9cris-nous.[\/vc_column_text][vc_empty_space][vc_toggle title=\u00a0\u00bbHumeur d\u00e9pressive\u00a0\u00bb css=\u00a0\u00bb.vc_custom_1697625109845{background-color: #ededd3 !important;}\u00a0\u00bb]<strong>Je ne veux pas ! Laisse-moi tranquille ! Une mauvaise humeur ?<\/strong><\/p>\n<p>\u00ab\u00a0J&rsquo;aimerais rester au lit toute la journ\u00e9e.\u00a0\u00bb \u00ab\u00a0Aujourd&rsquo;hui, ce n&rsquo;est pas mon jour !\u00a0\u00bb \u00ab\u00a0D&rsquo;une certaine mani\u00e8re, tout va mal en ce moment\u00a0\u00bb, qui ne le sait pas. Les phases difficiles au cours desquelles il y a un manque d&rsquo;\u00e9nergie ou de joie de vivre \u00e0 court terme font partie de la vie. Des sensations telles que la fatigue, la tristesse, l&rsquo;apathie, l&rsquo;abattement sont \u00e9galement typiques de la \u00ab\u00a0mauvaise humeur\u00a0\u00bb, et apparaissent \u00e0 certains moments et sont v\u00e9cues comme tr\u00e8s stressantes. Certaines personnes peuvent dormir toute la journ\u00e9e, d&rsquo;autres, bien que mortes de fatigue, dorment tr\u00e8s mal. Bien que l&rsquo;on sente que les contacts sociaux seraient bons, que le d\u00e9sir de quelque chose se fasse sentir, on ne se l\u00e8ve pas, ou seulement avec beaucoup de difficult\u00e9.<\/p>\n<p>Il s&rsquo;agit le plus souvent de r\u00e9actions naturelles au stress et elles passent g\u00e9n\u00e9ralement. Pour de nombreuses crises v\u00e9cues, les sentiments positifs se r\u00e9affirment rapidement. En particulier pendant la pubert\u00e9, lorsque les hormones sont chamboul\u00e9es et peuvent provoquer des fluctuations d\u2019\u00e9motions, il est important de prendre soin de soi.<\/p>\n<p>Si tu remarques de tels changements en toi et si tu souffres de telles \u00ab\u00a0d\u00e9pressions\u00a0\u00bb, si tu souhaites en parler \u00e0 quelqu&rsquo;un ou si tu ne sais pas vraiment comment y faire face, ne reste pas seul avec cette situation. Appelle-nous ou \u00e9cris-nous. Nous sommes l\u00e0 pour toi.[\/vc_toggle][vc_toggle title=\u00a0\u00bbAnxi\u00e9t\u00e9\u00a0\u00bb css=\u00a0\u00bb.vc_custom_1697625130837{background-color: #ededd3 !important;}\u00a0\u00bb]<strong>Toujours cette peur<\/strong><\/p>\n<p>Elle est dans ta voie. Elle te bloque. Parfois, la peur devient de plus en plus grande et peut m\u00eame provoquer une panique. Qu&rsquo;est-ce que je peux faire ?<\/p>\n<p>Connais-tu l&rsquo;histoire de la silhouette mena\u00e7ante d&rsquo;une dame v\u00eatue de noir qui ne cesse de frapper \u00e0 ta porte ? C&rsquo;est ainsi que le psychanalyste suisse C. G. Jung a d\u00e9crit la peur. Il ne nous sert \u00e0 rien de nous cacher dans le dernier coin de notre chambre. Peu importe o\u00f9 nous nous cachons, nous entendons ses coups incessants. Il nous conseille d&rsquo;\u00eatre courageux et de lui ouvrir la porte. On devrait s&rsquo;asseoir \u00e0 la table avec elle et commencer \u00e0 parler. Ce faisant, la dame \u00ab\u00a0noire\u00a0\u00bb se transforme progressivement en dame \u00ab\u00a0sage\u00a0\u00bb.<\/p>\n<p>La peur a quelque chose de sombre, de \u00ab\u00a0noir\u00a0\u00bb, de d\u00e9sagr\u00e9able, d&rsquo;excitant, que nous voulons fuir. D&rsquo;autre part, il nous montre son c\u00f4t\u00e9 lumineux, \u00ab\u00a0blanc\u00a0\u00bb, veut nous emp\u00eacher de faire une erreur, nous prot\u00e9ger d&rsquo;un danger imminent et nous encourager \u00e0 \u00eatre attentifs et devient ainsi, r\u00e9trospectivement, pour nous un conseiller \u00ab\u00a0sage\u00a0\u00bb de notre vie. Une vie sans peur n&rsquo;est pas seulement impensable, elle serait dangereuse.<\/p>\n<p>Parler des peurs, c&rsquo;est mieux les percevoir et les comprendre, car derri\u00e8re elles, il y a toujours une cause, un d\u00e9clencheur. \u00c9viter d&rsquo;en parler, c&rsquo;est augmenter la tension. La pire chose que l&rsquo;on puisse faire avec des peurs est de rester seul avec elles.<\/p>\n<p>Tu as donc besoin de quelqu&rsquo;un \u00e0 qui parler de cette peur, quelqu&rsquo;un qui t\u2019\u00e9coute et t\u2019accompagne, afin que la peur ne continue pas \u00e0 grandir comme une citrouille de plus en plus grosse. Si tu ne sais pas vers qui te tourner ou si tu trouves difficile de parler \u00e0 quelqu&rsquo;un que tu connais, nous sommes l\u00e0 pour toi ! Aies du courage et ne reste pas seul ![\/vc_toggle][vc_toggle title=\u00a0\u00bbStress, Pression\u00a0\u00bb css=\u00a0\u00bb.vc_custom_1697627577929{background-color: #ededd3 !important;}\u00a0\u00bb]<strong>Tout est trop pour moi ! Je n&rsquo;en peux plus !<\/strong><\/p>\n<p>L&rsquo;\u00e9cole, les examens, les \u00e9ch\u00e9ances, le travail sur les dossiers, les parents ou les fr\u00e8res et s\u0153urs ennuyeux, le stress avec les amis, pas de temps pour quoi que ce soit, l&rsquo;agitation, Corona, &#8230; STRESS ! PRESSION !<\/p>\n<p>Tout se met en place, tu as l&rsquo;impression de te trouver devant une montagne que tu ne peux pas conqu\u00e9rir &#8211; trop petit, trop faible. Tu remarques que tu as des probl\u00e8mes pour te concentrer. Tes pens\u00e9es tournent en rond &#8211; le jour, la nuit, de sorte que tu ne peux pas bien dormir. Tu as presque la t\u00eate qui tourne \u00e0 cause de tout. Tu veux tellement dire STOP.<\/p>\n<p>Si tu remarques que tu es tendu et nerveux, que tu es facilement irrit\u00e9 et malheureux, ne reste pas seul avec cela. Parles-en \u00e0 quelqu&rsquo;un. Parler, \u00e7a aide ! Essaie de faire un voyage avec quelqu&rsquo;un pour v\u00e9rifier exactement quelles sont les choses qui s&rsquo;accumulent et provoquent cette montagne. Peut-\u00eatre cela t\u2019aidera \u00e0 aborder certaines choses diff\u00e9remment, \u00e0 \u00e9tablir des priorit\u00e9s, \u00e0 mettre certaines choses au second plan.<\/p>\n<p>La vie est pleine de changements. Tu changes. C&rsquo;est une bonne chose. M\u00eame si c&rsquo;est parfois un plus grand d\u00e9fi qui ne se pr\u00e9sente pas toujours au bon moment. La plupart du temps, il ne convient pas du tout. Parce qu&rsquo;il faut de l&rsquo;\u00e9nergie pour s&rsquo;adapter, pour s&rsquo;installer. Parfois, il faut de nouvelles strat\u00e9gies.<\/p>\n<p>Lorsque tu as l&rsquo;impression que ta montagne te bloque ; que tes pens\u00e9es ne te l\u00e2chent pas et tournent en rond, qu&rsquo;une vague de tes probl\u00e8mes et sentiments menace de te submerger ; que tu sembles perdre le contr\u00f4le, &#8230;<\/p>\n<p>Ne reste pas seul avec \u00e7a ! C&rsquo;est plus facile \u00e0 deux. Confie-toi \u00e0 quelqu&rsquo;un. Tes parents, un ami, ta grand-m\u00e8re ou ton grand-p\u00e8re, une tante, un oncle, un professeur, un voisin&#8230; ou Nous ! Nous sommes l\u00e0 pour toi ! Appelle-nous ou \u00e9cris-nous ![\/vc_toggle][vc_empty_space]<div  class=\"wpb_theme_custom_element wpb_featured_box\">\n  <div class=\"vc-custom-inner-wrap\">\n    <div class=\"featured-box-alignment alignment-center content-alignment-center\"><div class=\"icon-wrap\"><div class=\"type-icon graphic-shape-rounded\" style=\"width: 50px;height: 50px;background-color: #2ecc71\"><span style=\"color: #ffffff\" class=\"_icon fas fa-exclamation\"><\/span><\/div><\/div><div class=\"entry-box-wrap\"><h4 class=\"featured-box-title\" style=\"color: #222222;\">1 1 6 1 1 1<\/h4><div class=\"featured-box-text\" style=\"color: #444444;\">Kanner-Jugendtelefon<\/div><\/div><\/div>  <\/div>\n<\/div>\n[\/vc_column][\/vc_row][\/vc_section][vc_section][vc_row][vc_column][vc_custom_heading text=\u00a0\u00bbIci tu trouves de l&rsquo;aide sur ce sujet\u00a0\u00bb font_container=\u00a0\u00bbtag:h3|font_size:18|text_align:center\u00a0\u00bb google_fonts=\u00a0\u00bbfont_family:Adamina%3Aregular|font_style:400%20regular%3A400%3Anormal\u00a0\u00bb][vc_column_text]<\/p>\n<p style=\"text-align: center;\"><span style=\"font-size: 12pt;\"><a href=\"https:\/\/www.kjt.lu\/fr\/1-1-6-1-1-1\/?lang=fr\">Kanner-Jugendtelefon<\/a> ; <a href=\"https:\/\/www.kjt.lu\/conseils-par-chat\/?lang=fr\">Chatberodung<\/a> ; <a href=\"https:\/\/www.kjt.lu\/fr\/online-help\/?lang=fr\">Online Help<\/a><\/span> ; <a href=\"https:\/\/www.kjt.lu\/ecoute-parents\/?lang=fr\"><span style=\"font-size: 12pt;\">Elterentelefon<\/span><\/a><\/p>\n<p>[\/vc_column_text][vc_custom_heading text=\u00a0\u00bbTu pourrais aussi \u00eatre int\u00e9ress\u00e9 par\u00a0\u00bb font_container=\u00a0\u00bbtag:h3|font_size:18|text_align:center\u00a0\u00bb google_fonts=\u00a0\u00bbfont_family:Adamina%3Aregular|font_style:400%20regular%3A400%3Anormal\u00a0\u00bb][vc_column_text]<\/p>\n<p style=\"text-align: center;\"><span style=\"font-size: 12pt;\"><a href=\"https:\/\/www.kjt.lu\/stress-pression\/?lang=fr\">Stress, Druck<\/a> ; <a href=\"https:\/\/www.kjt.lu\/cyberharcelement\/?lang=fr\">(Cyber)Mobbing<\/a> ; <a href=\"https:\/\/www.kjt.lu\/violence\/?lang=fr\">Gewalt<\/a> ; <a href=\"https:\/\/www.kjt.lu\/enfants-de-parents-mentalement-malades\/?lang=fr\">(psychisch) kranke Eltern<\/a> ; <a href=\"https:\/\/www.kjt.lu\/conflits-dans-la-famille\/?lang=fr\">Familie, Streit, Konflikt<\/a> ; <a href=\"https:\/\/www.kjt.lu\/sexualite\/?lang=fr\">Sexualit\u00e4t<\/a> ; <a href=\"https:\/\/www.kjt.lu\/abus-sexuel\/?lang=fr\">sexueller Missbrauch<\/a> ; <a href=\"https:\/\/www.kjt.lu\/separation-divorce\/?lang=fr\">Trennung, Scheidung<\/a> ; <a href=\"https:\/\/www.kjt.lu\/amitie\/?lang=fr\">Freunde, Freundschaft<\/a> ; <a href=\"https:\/\/www.kjt.lu\/fr\/sexting\/?lang=fr\">Sexting, Nudes<\/a> ; <a href=\"https:\/\/www.kjt.lu\/suicide\/?lang=fr\">Suizid, suizidale Gedanken<\/a><\/span><\/p>\n<p>[\/vc_column_text][\/vc_column][\/vc_row][\/vc_section]<\/p>\n<\/div>","protected":false},"excerpt":{"rendered":"<p>[vc_row][vc_column][\/vc_column][\/vc_row][vc_section full_width=\u00a0\u00bbstretch_row\u00a0\u00bb css=\u00a0\u00bb.vc_custom_1499312142784{padding-top: 45px !important;padding-bottom: 45px !important;}\u00a0\u00bb][vc_row][vc_column][vc_custom_heading text=\u00a0\u00bbSant\u00e9 mentale\u00a0\u00bb font_container=\u00a0\u00bbtag:h1|text_align:center\u00a0\u00bb use_theme_fonts=\u00a0\u00bbyes\u00a0\u00bb][vc_empty_space][\/vc_column][vc_column offset=\u00a0\u00bbvc_col-lg-offset-1 vc_col-lg-10 vc_col-md-offset-1 vc_col-md-10&Prime;][vc_column_text]Ta sant\u00e9 mentale a un impact\u2026<\/p>\n","protected":false},"author":1,"featured_media":0,"parent":0,"menu_order":0,"comment_status":"closed","ping_status":"closed","template":"","meta":{"footnotes":""},"class_list":["post-3433","page","type-page","status-publish","hentry"],"yoast_head":"<!-- This site is optimized with the Yoast SEO plugin v25.4 - https:\/\/yoast.com\/wordpress\/plugins\/seo\/ -->\n<title>Sant\u00e9 mentale | KJT<\/title>\n<meta name=\"robots\" content=\"index, follow, max-snippet:-1, max-image-preview:large, max-video-preview:-1\" \/>\n<link rel=\"canonical\" href=\"https:\/\/www.kjt.lu\/fr\/sante-mentale\/\" \/>\n<meta property=\"og:locale\" content=\"fr_FR\" \/>\n<meta property=\"og:type\" content=\"article\" \/>\n<meta property=\"og:title\" content=\"Sant\u00e9 mentale | KJT\" \/>\n<meta property=\"og:description\" content=\"[vc_row][vc_column][\/vc_column][\/vc_row][vc_section full_width=\u00a0\u00bbstretch_row\u00a0\u00bb css=\u00a0\u00bb.vc_custom_1499312142784{padding-top: 45px !important;padding-bottom: 45px !important;}\u00a0\u00bb][vc_row][vc_column][vc_custom_heading text=\u00a0\u00bbSant\u00e9 mentale\u00a0\u00bb font_container=\u00a0\u00bbtag:h1|text_align:center\u00a0\u00bb use_theme_fonts=\u00a0\u00bbyes\u00a0\u00bb][vc_empty_space][\/vc_column][vc_column offset=\u00a0\u00bbvc_col-lg-offset-1 vc_col-lg-10 vc_col-md-offset-1 vc_col-md-10&Prime;][vc_column_text]Ta sant\u00e9 mentale a un impact\u2026\" \/>\n<meta property=\"og:url\" content=\"https:\/\/www.kjt.lu\/fr\/sante-mentale\/\" \/>\n<meta property=\"og:site_name\" content=\"KJT\" \/>\n<meta property=\"article:publisher\" content=\"https:\/\/www.facebook.com\/kannerjugendtelefon\" \/>\n<meta property=\"article:modified_time\" content=\"2023-10-18T11:19:25+00:00\" \/>\n<meta name=\"twitter:card\" content=\"summary_large_image\" \/>\n<meta name=\"twitter:label1\" content=\"Dur\u00e9e de lecture estim\u00e9e\" \/>\n\t<meta name=\"twitter:data1\" content=\"7 minutes\" \/>\n<script type=\"application\/ld+json\" class=\"yoast-schema-graph\">{\"@context\":\"https:\/\/schema.org\",\"@graph\":[{\"@type\":\"WebPage\",\"@id\":\"https:\/\/www.kjt.lu\/fr\/sante-mentale\/\",\"url\":\"https:\/\/www.kjt.lu\/fr\/sante-mentale\/\",\"name\":\"Sant\u00e9 mentale | KJT\",\"isPartOf\":{\"@id\":\"https:\/\/www.kjt.lu\/fr\/#website\"},\"datePublished\":\"2021-04-28T08:30:52+00:00\",\"dateModified\":\"2023-10-18T11:19:25+00:00\",\"breadcrumb\":{\"@id\":\"https:\/\/www.kjt.lu\/fr\/sante-mentale\/#breadcrumb\"},\"inLanguage\":\"fr-FR\",\"potentialAction\":[{\"@type\":\"ReadAction\",\"target\":[\"https:\/\/www.kjt.lu\/fr\/sante-mentale\/\"]}]},{\"@type\":\"BreadcrumbList\",\"@id\":\"https:\/\/www.kjt.lu\/fr\/sante-mentale\/#breadcrumb\",\"itemListElement\":[{\"@type\":\"ListItem\",\"position\":1,\"name\":\"Startseite\",\"item\":\"https:\/\/www.kjt.lu\/fr\/\"},{\"@type\":\"ListItem\",\"position\":2,\"name\":\"Sant\u00e9 mentale\"}]},{\"@type\":\"WebSite\",\"@id\":\"https:\/\/www.kjt.lu\/fr\/#website\",\"url\":\"https:\/\/www.kjt.lu\/fr\/\",\"name\":\"KJT\",\"description\":\"Beratung, Hilfe und Informationen f\u00fcr Kinder und Jugendliche\",\"publisher\":{\"@id\":\"https:\/\/www.kjt.lu\/fr\/#organization\"},\"potentialAction\":[{\"@type\":\"SearchAction\",\"target\":{\"@type\":\"EntryPoint\",\"urlTemplate\":\"https:\/\/www.kjt.lu\/fr\/?s={search_term_string}\"},\"query-input\":{\"@type\":\"PropertyValueSpecification\",\"valueRequired\":true,\"valueName\":\"search_term_string\"}}],\"inLanguage\":\"fr-FR\"},{\"@type\":\"Organization\",\"@id\":\"https:\/\/www.kjt.lu\/fr\/#organization\",\"name\":\"KJT\",\"url\":\"https:\/\/www.kjt.lu\/fr\/\",\"logo\":{\"@type\":\"ImageObject\",\"inLanguage\":\"fr-FR\",\"@id\":\"https:\/\/www.kjt.lu\/fr\/#\/schema\/logo\/image\/\",\"url\":\"https:\/\/www.kjt.lu\/wp-content\/uploads\/2021\/01\/kjt_white_144x61.png\",\"contentUrl\":\"https:\/\/www.kjt.lu\/wp-content\/uploads\/2021\/01\/kjt_white_144x61.png\",\"width\":143,\"height\":61,\"caption\":\"KJT\"},\"image\":{\"@id\":\"https:\/\/www.kjt.lu\/fr\/#\/schema\/logo\/image\/\"},\"sameAs\":[\"https:\/\/www.facebook.com\/kannerjugendtelefon\",\"https:\/\/www.instagram.com\/kannerjugendtelefon\/\"]}]}<\/script>\n<!-- \/ Yoast SEO plugin. -->","yoast_head_json":{"title":"Sant\u00e9 mentale | KJT","robots":{"index":"index","follow":"follow","max-snippet":"max-snippet:-1","max-image-preview":"max-image-preview:large","max-video-preview":"max-video-preview:-1"},"canonical":"https:\/\/www.kjt.lu\/fr\/sante-mentale\/","og_locale":"fr_FR","og_type":"article","og_title":"Sant\u00e9 mentale | KJT","og_description":"[vc_row][vc_column][\/vc_column][\/vc_row][vc_section full_width=\u00a0\u00bbstretch_row\u00a0\u00bb css=\u00a0\u00bb.vc_custom_1499312142784{padding-top: 45px !important;padding-bottom: 45px !important;}\u00a0\u00bb][vc_row][vc_column][vc_custom_heading text=\u00a0\u00bbSant\u00e9 mentale\u00a0\u00bb font_container=\u00a0\u00bbtag:h1|text_align:center\u00a0\u00bb use_theme_fonts=\u00a0\u00bbyes\u00a0\u00bb][vc_empty_space][\/vc_column][vc_column offset=\u00a0\u00bbvc_col-lg-offset-1 vc_col-lg-10 vc_col-md-offset-1 vc_col-md-10&Prime;][vc_column_text]Ta sant\u00e9 mentale a un impact\u2026","og_url":"https:\/\/www.kjt.lu\/fr\/sante-mentale\/","og_site_name":"KJT","article_publisher":"https:\/\/www.facebook.com\/kannerjugendtelefon","article_modified_time":"2023-10-18T11:19:25+00:00","twitter_card":"summary_large_image","twitter_misc":{"Dur\u00e9e de lecture estim\u00e9e":"7 minutes"},"schema":{"@context":"https:\/\/schema.org","@graph":[{"@type":"WebPage","@id":"https:\/\/www.kjt.lu\/fr\/sante-mentale\/","url":"https:\/\/www.kjt.lu\/fr\/sante-mentale\/","name":"Sant\u00e9 mentale | KJT","isPartOf":{"@id":"https:\/\/www.kjt.lu\/fr\/#website"},"datePublished":"2021-04-28T08:30:52+00:00","dateModified":"2023-10-18T11:19:25+00:00","breadcrumb":{"@id":"https:\/\/www.kjt.lu\/fr\/sante-mentale\/#breadcrumb"},"inLanguage":"fr-FR","potentialAction":[{"@type":"ReadAction","target":["https:\/\/www.kjt.lu\/fr\/sante-mentale\/"]}]},{"@type":"BreadcrumbList","@id":"https:\/\/www.kjt.lu\/fr\/sante-mentale\/#breadcrumb","itemListElement":[{"@type":"ListItem","position":1,"name":"Startseite","item":"https:\/\/www.kjt.lu\/fr\/"},{"@type":"ListItem","position":2,"name":"Sant\u00e9 mentale"}]},{"@type":"WebSite","@id":"https:\/\/www.kjt.lu\/fr\/#website","url":"https:\/\/www.kjt.lu\/fr\/","name":"KJT","description":"Beratung, Hilfe und Informationen f\u00fcr Kinder und Jugendliche","publisher":{"@id":"https:\/\/www.kjt.lu\/fr\/#organization"},"potentialAction":[{"@type":"SearchAction","target":{"@type":"EntryPoint","urlTemplate":"https:\/\/www.kjt.lu\/fr\/?s={search_term_string}"},"query-input":{"@type":"PropertyValueSpecification","valueRequired":true,"valueName":"search_term_string"}}],"inLanguage":"fr-FR"},{"@type":"Organization","@id":"https:\/\/www.kjt.lu\/fr\/#organization","name":"KJT","url":"https:\/\/www.kjt.lu\/fr\/","logo":{"@type":"ImageObject","inLanguage":"fr-FR","@id":"https:\/\/www.kjt.lu\/fr\/#\/schema\/logo\/image\/","url":"https:\/\/www.kjt.lu\/wp-content\/uploads\/2021\/01\/kjt_white_144x61.png","contentUrl":"https:\/\/www.kjt.lu\/wp-content\/uploads\/2021\/01\/kjt_white_144x61.png","width":143,"height":61,"caption":"KJT"},"image":{"@id":"https:\/\/www.kjt.lu\/fr\/#\/schema\/logo\/image\/"},"sameAs":["https:\/\/www.facebook.com\/kannerjugendtelefon","https:\/\/www.instagram.com\/kannerjugendtelefon\/"]}]}},"_links":{"self":[{"href":"https:\/\/www.kjt.lu\/fr\/wp-json\/wp\/v2\/pages\/3433"}],"collection":[{"href":"https:\/\/www.kjt.lu\/fr\/wp-json\/wp\/v2\/pages"}],"about":[{"href":"https:\/\/www.kjt.lu\/fr\/wp-json\/wp\/v2\/types\/page"}],"author":[{"embeddable":true,"href":"https:\/\/www.kjt.lu\/fr\/wp-json\/wp\/v2\/users\/1"}],"replies":[{"embeddable":true,"href":"https:\/\/www.kjt.lu\/fr\/wp-json\/wp\/v2\/comments?post=3433"}],"version-history":[{"count":15,"href":"https:\/\/www.kjt.lu\/fr\/wp-json\/wp\/v2\/pages\/3433\/revisions"}],"predecessor-version":[{"id":14623,"href":"https:\/\/www.kjt.lu\/fr\/wp-json\/wp\/v2\/pages\/3433\/revisions\/14623"}],"wp:attachment":[{"href":"https:\/\/www.kjt.lu\/fr\/wp-json\/wp\/v2\/media?parent=3433"}],"curies":[{"name":"wp","href":"https:\/\/api.w.org\/{rel}","templated":true}]}}