{"id":3396,"date":"2021-04-27T15:46:17","date_gmt":"2021-04-27T13:46:17","guid":{"rendered":"https:\/\/new.kjt.lu\/sexting\/"},"modified":"2021-05-14T18:05:32","modified_gmt":"2021-05-14T16:05:32","slug":"sexting","status":"publish","type":"page","link":"https:\/\/www.kjt.lu\/fr\/sexting\/","title":{"rendered":"Sexting"},"content":{"rendered":"<div class=\"wpb-content-wrapper\"><p>[vc_row][vc_column]\n\t\t\t<!-- START Sexting REVOLUTION SLIDER 6.7.16 --><p class=\"rs-p-wp-fix\"><\/p>\n\t\t\t<rs-module-wrap id=\"rev_slider_18_1_wrapper\" data-source=\"gallery\" style=\"visibility:hidden;background:transparent;padding:0;margin:0px auto;margin-top:0;margin-bottom:0;\">\n\t\t\t\t<rs-module id=\"rev_slider_18_1\" style=\"\" data-version=\"6.7.16\">\n\t\t\t\t\t<rs-slides style=\"overflow: hidden; position: absolute;\">\n\t\t\t\t\t\t<rs-slide style=\"position: absolute;\" data-key=\"rs-75\" data-title=\"Slide\" data-anim=\"ms:1000;r:0;\" data-in=\"o:0;\" data-out=\"a:false;\">\n\t\t\t\t\t\t\t<img decoding=\"async\" src=\"\/\/www.kjt.lu\/wp-content\/plugins\/revslider\/sr6\/assets\/assets\/dummy.png\" alt=\"\" title=\"Sexting\" width=\"1920\" height=\"1080\" class=\"rev-slidebg tp-rs-img rs-lazyload\" data-lazyload=\"\/\/www.kjt.lu\/wp-content\/uploads\/2021\/01\/slide_Sexting_259097274.jpg\" data-no-retina>\n<!---->\t\t\t\t\t<\/rs-slide>\n\t\t\t\t\t<\/rs-slides>\n\t\t\t\t<\/rs-module>\n\t\t\t\t<script>\n\t\t\t\t\tsetREVStartSize({c: 'rev_slider_18_1',rl:[1240,1024,768,480],el:[900],gw:[1240],gh:[900],type:'hero',justify:'',layout:'fullwidth',mh:\"0\"});if (window.RS_MODULES!==undefined && window.RS_MODULES.modules!==undefined && window.RS_MODULES.modules[\"revslider181\"]!==undefined) {window.RS_MODULES.modules[\"revslider181\"].once = false;window.revapi18 = undefined;if (window.RS_MODULES.checkMinimal!==undefined) window.RS_MODULES.checkMinimal()}\n\t\t\t\t<\/script>\n\t\t\t<\/rs-module-wrap>\n\t\t\t<!-- END REVOLUTION SLIDER -->\n[\/vc_column][\/vc_row][vc_section full_width=\u00a0\u00bbstretch_row\u00a0\u00bb css=\u00a0\u00bb.vc_custom_1618825792061{padding-top: 45px !important;padding-bottom: 20px !important;}\u00a0\u00bb][vc_row][vc_column][vc_custom_heading text=\u00a0\u00bbOh non! Maintenant ils m\u2019ont vu tout nu \u00a0\u00bb font_container=\u00a0\u00bbtag:h1|text_align:center\u00a0\u00bb use_theme_fonts=\u00a0\u00bbyes\u00a0\u00bb][vc_empty_space][\/vc_column]Le sexting est le partage consensuel d&rsquo;images, de vid\u00e9os et de photos qui peuvent \u00eatre aussi bien attractives que sexy. [vc_empty_space][vc_column_text]La cr\u00e9ation, l&rsquo;envoi et la possession de photos de nus et similaires, impliquant des mineurs, sont INTERDITES par la loi. M\u00eame la cr\u00e9ation et l&rsquo;envoi d\u2018 images de soi-m\u00eame tombent sous la \u00ab\u00a0repr\u00e9sentation pornographique des mineurs\u00a0\u00bb selon le Code P\u00e9nal. M\u00eame si on est mineur, on est passible de poursuites si on prend, envoie ou transmet des images\/vid\u00e9os sexualis\u00e9es de soi-m\u00eame.[\/vc_column_text][vc_column_text]Toutefois, la possibilit\u00e9 qu&rsquo;une photo ou une vid\u00e9o soit utilis\u00e9e de mani\u00e8re abusive par l&rsquo;interlocuteur constitue un risque important.[\/vc_column_text][vc_column_text]Les raisons pour lesquelles on d\u00e9cide de faire du sexting peuvent \u00eatre tr\u00e8s diff\u00e9rentes. Tu trouves une personne int\u00e9ressante et souhaites attirer son attention. Tu es peut-\u00eatre amoureux et tu veux faire une belle surprise. Ou bien vous \u00eates en couple et tu veux que ton partenaire attend avec impatience la prochaine fois qu\u2018 il te voit. Parfois, on ne peut pas se voir aussi souvent offline.[\/vc_column_text][vc_column_text]Il se peut aussi qu\u2018on se laisse convaincre d&rsquo;envoyer des photos de nus de soi ou que quelqu\u2019un fait pression, voire du chantage ?[\/vc_column_text][vc_column_text]Quoi qu&rsquo;il en soit, le point le plus important est que chacun prend la d\u00e9cision soi-m\u00eame. Cela signifie que chacun dit \u00ab Oui, je veux faire \u00e7a. \u00bb ou \u00ab Non, je ne veux pas faire \u00e7a \u00bb pour soi-m\u00eame.[\/vc_column_text][vc_column_text]Les raisons pour lesquelles une image ou une vid\u00e9o est abus\u00e9e peuvent \u00eatre tout \u00e0 fait diff\u00e9rentes. Un ami qui n&rsquo;est pas un bon ami a eu ton portable dans les mains. La personne en qui tu avais confiance n&rsquo;est pas si digne de confiance apr\u00e8s tout. Une relation prend fin et les \u00e9motions qui y jouent un r\u00f4le t\u2019emp\u00eachent de r\u00e9fl\u00e9chir clairement et de prendre les bonnes d\u00e9cisions. Quelqu&rsquo;un t\u2018en veut.[\/vc_row][vc_row][vc_column][vc_empty_space][\/vc_column][\/vc_row][vc_row][vc_column][vc_empty_space][vc_custom_heading text=\u00a0\u00bbListe de contr\u00f4le\u00a0\u00bb use_theme_fonts=\u00a0\u00bbyes\u00a0\u00bb][vc_column_text]<\/p>\n<ul>\n<li>Qui veut cette photo ?<\/li>\n<li>Est-ce que JE veux vraiment prendre cette photo ?<\/li>\n<li>Est-ce que JE veux vraiment envoyer la photo \u00e0 cette personne ?<\/li>\n<li>Cette question me donne-t-elle un sentiment \u00e9trange ?<\/li>\n<li>Quelles sont les cons\u00e9quences possibles pour moi ?<\/li>\n<li>Est-ce que je veux d&rsquo;abord en parler \u00e0 quelqu&rsquo;un ?<\/li>\n<li>Que disent mes droits \u00e0 ce sujet?<\/li>\n<li>Que dit la loi ?<\/li>\n<li><strong>Puis-je dire NON ? Bien s\u00fbr que tu peux dire NON !<\/strong><\/li>\n<\/ul>\n<p>&nbsp;<\/p>\n<p>Si tu as d&rsquo;autres questions sur le sujet du sexting, tu peux contacter la BEE SECURE Helpline (8002 1234) ou le Kanner-Jugendtelefon (1 1 6 1 1 1).<\/p>\n<p>&nbsp;<\/p>\n<p>Tu peux \u00e9galement trouver plus d&rsquo;informations sur ce sujet sur les pages suivantes :[\/vc_column_text][\/vc_column][\/vc_row][\/vc_section][vc_row][vc_column width=\u00a0\u00bb1\/2&Prime;][vc_btn title=\u00a0\u00bbSexting : de quoi s&rsquo;agit-il ?\u00a0\u00bb color=\u00a0\u00bbdanger\u00a0\u00bb size=\u00a0\u00bblg\u00a0\u00bb align=\u00a0\u00bbcenter\u00a0\u00bb i_icon_fontawesome=\u00a0\u00bbfar fa-arrow-alt-circle-right\u00a0\u00bb add_icon=\u00a0\u00bbtrue\u00a0\u00bb link=\u00a0\u00bburl:https%3A%2F%2Fwww.klicksafe.de%2Fthemen%2Fproblematische-inhalte%2Fsexting%2Fsexting-worum-gehts%2F%23s%7Csexting|\u00a0\u00bb][vc_empty_space][\/vc_column][vc_column width=\u00a0\u00bb1\/2&Prime;][vc_btn title=\u00a0\u00bbC&rsquo;est quoi le sexting ?\u00a0\u00bb color=\u00a0\u00bbdanger\u00a0\u00bb size=\u00a0\u00bblg\u00a0\u00bb align=\u00a0\u00bbcenter\u00a0\u00bb i_icon_fontawesome=\u00a0\u00bbfar fa-arrow-alt-circle-right\u00a0\u00bb add_icon=\u00a0\u00bbtrue\u00a0\u00bb link=\u00a0\u00bburl:https%3A%2F%2Fwww.bee-secure.lu%2Fde%2Fnews%2Fwas-ist-sexting%2F|\u00a0\u00bb][\/vc_column][\/vc_row][vc_section disable_element=\u00a0\u00bbyes\u00a0\u00bb][vc_row][vc_column][vc_custom_heading text=\u00a0\u00bbArticles sur le sujet sexting\u00a0\u00bb font_container=\u00a0\u00bbtag:h2|text_align:center\u00a0\u00bb use_theme_fonts=\u00a0\u00bbyes\u00a0\u00bb]<div  class=\"wpb_theme_custom_element wpb_posts_slider_2\">\n  <div class=\"vc-custom-inner-wrap\">\n    <div class=\"owl-carousel\" data-bears-owl-carousel='eyJpdGVtcyI6MSwibWFyZ2luIjowLCJsb29wIjowLCJjZW50ZXIiOjAsInN0YWdlUGFkZGluZyI6MCwic3RhcnRQb3NpdGlvbiI6MCwibmF2IjowLCJkb3RzIjowLCJzbGlkZUJ5IjoxLCJhdXRvcGxheSI6MCwiYXV0b3BsYXlIb3ZlclBhdXNlIjowLCJhdXRvcGxheVRpbWVvdXQiOjUwMDAsInNtYXJ0U3BlZWQiOjI1MCwicmVzcG9uc2l2ZSI6eyIwIjp7Iml0ZW1zIjoxLCJzdGFnZVBhZGRpbmciOjB9LCI0ODAiOnsiaXRlbXMiOjEsInN0YWdlUGFkZGluZyI6MH0sIjc2OCI6eyJpdGVtcyI6MSwic3RhZ2VQYWRkaW5nIjowfSwiMTAwMCI6eyJpdGVtcyI6MSwic3RhZ2VQYWRkaW5nIjowfX19'>\n\t<div class=\"item\">There are no posts to display!<\/div>    <\/div>\n  <\/div>\n<\/div>\n[\/vc_column][\/vc_row][\/vc_section][vc_section][vc_row][vc_column][vc_custom_heading text=\u00a0\u00bbIci tu peux trouver de l&rsquo;aide sur ce sujet\u00a0\u00bb font_container=\u00a0\u00bbtag:h3|font_size:18|text_align:center\u00a0\u00bb google_fonts=\u00a0\u00bbfont_family:Adamina%3Aregular|font_style:400%20regular%3A400%3Anormal\u00a0\u00bb][vc_column_text]<\/p>\n<\/div>","protected":false},"excerpt":{"rendered":"<p>[vc_row][vc_column][\/vc_column][\/vc_row][vc_section full_width=\u00a0\u00bbstretch_row\u00a0\u00bb css=\u00a0\u00bb.vc_custom_1618825792061{padding-top: 45px !important;padding-bottom: 20px !important;}\u00a0\u00bb][vc_row][vc_column][vc_custom_heading text=\u00a0\u00bbOh non! Maintenant ils m\u2019ont vu tout nu \u00a0\u00bb font_container=\u00a0\u00bbtag:h1|text_align:center\u00a0\u00bb use_theme_fonts=\u00a0\u00bbyes\u00a0\u00bb][vc_empty_space][\/vc_column]Le sexting est\u2026<\/p>\n","protected":false},"author":1,"featured_media":0,"parent":0,"menu_order":0,"comment_status":"closed","ping_status":"closed","template":"","meta":{"footnotes":""},"class_list":["post-3396","page","type-page","status-publish","hentry"],"yoast_head":"<!-- This site is optimized with the Yoast SEO plugin v25.4 - https:\/\/yoast.com\/wordpress\/plugins\/seo\/ -->\n<title>Sexting | KJT<\/title>\n<meta name=\"robots\" content=\"index, follow, max-snippet:-1, max-image-preview:large, max-video-preview:-1\" \/>\n<link rel=\"canonical\" href=\"https:\/\/www.kjt.lu\/fr\/sexting\/\" \/>\n<meta property=\"og:locale\" content=\"fr_FR\" \/>\n<meta property=\"og:type\" content=\"article\" \/>\n<meta property=\"og:title\" content=\"Sexting | KJT\" \/>\n<meta property=\"og:description\" content=\"[vc_row][vc_column][\/vc_column][\/vc_row][vc_section full_width=\u00a0\u00bbstretch_row\u00a0\u00bb css=\u00a0\u00bb.vc_custom_1618825792061{padding-top: 45px !important;padding-bottom: 20px !important;}\u00a0\u00bb][vc_row][vc_column][vc_custom_heading text=\u00a0\u00bbOh non! Maintenant ils m\u2019ont vu tout nu \u00a0\u00bb font_container=\u00a0\u00bbtag:h1|text_align:center\u00a0\u00bb use_theme_fonts=\u00a0\u00bbyes\u00a0\u00bb][vc_empty_space][\/vc_column]Le sexting est\u2026\" \/>\n<meta property=\"og:url\" content=\"https:\/\/www.kjt.lu\/fr\/sexting\/\" \/>\n<meta property=\"og:site_name\" content=\"KJT\" \/>\n<meta property=\"article:publisher\" content=\"https:\/\/www.facebook.com\/kannerjugendtelefon\" \/>\n<meta property=\"article:modified_time\" content=\"2021-05-14T16:05:32+00:00\" \/>\n<meta name=\"twitter:card\" content=\"summary_large_image\" \/>\n<meta name=\"twitter:label1\" content=\"Dur\u00e9e de lecture estim\u00e9e\" \/>\n\t<meta name=\"twitter:data1\" content=\"3 minutes\" \/>\n<script type=\"application\/ld+json\" class=\"yoast-schema-graph\">{\"@context\":\"https:\/\/schema.org\",\"@graph\":[{\"@type\":\"WebPage\",\"@id\":\"https:\/\/www.kjt.lu\/fr\/sexting\/\",\"url\":\"https:\/\/www.kjt.lu\/fr\/sexting\/\",\"name\":\"Sexting | KJT\",\"isPartOf\":{\"@id\":\"https:\/\/www.kjt.lu\/fr\/#website\"},\"datePublished\":\"2021-04-27T13:46:17+00:00\",\"dateModified\":\"2021-05-14T16:05:32+00:00\",\"breadcrumb\":{\"@id\":\"https:\/\/www.kjt.lu\/fr\/sexting\/#breadcrumb\"},\"inLanguage\":\"fr-FR\",\"potentialAction\":[{\"@type\":\"ReadAction\",\"target\":[\"https:\/\/www.kjt.lu\/fr\/sexting\/\"]}]},{\"@type\":\"BreadcrumbList\",\"@id\":\"https:\/\/www.kjt.lu\/fr\/sexting\/#breadcrumb\",\"itemListElement\":[{\"@type\":\"ListItem\",\"position\":1,\"name\":\"Startseite\",\"item\":\"https:\/\/www.kjt.lu\/fr\/\"},{\"@type\":\"ListItem\",\"position\":2,\"name\":\"Sexting\"}]},{\"@type\":\"WebSite\",\"@id\":\"https:\/\/www.kjt.lu\/fr\/#website\",\"url\":\"https:\/\/www.kjt.lu\/fr\/\",\"name\":\"KJT\",\"description\":\"Beratung, Hilfe und Informationen f\u00fcr Kinder und Jugendliche\",\"publisher\":{\"@id\":\"https:\/\/www.kjt.lu\/fr\/#organization\"},\"potentialAction\":[{\"@type\":\"SearchAction\",\"target\":{\"@type\":\"EntryPoint\",\"urlTemplate\":\"https:\/\/www.kjt.lu\/fr\/?s={search_term_string}\"},\"query-input\":{\"@type\":\"PropertyValueSpecification\",\"valueRequired\":true,\"valueName\":\"search_term_string\"}}],\"inLanguage\":\"fr-FR\"},{\"@type\":\"Organization\",\"@id\":\"https:\/\/www.kjt.lu\/fr\/#organization\",\"name\":\"KJT\",\"url\":\"https:\/\/www.kjt.lu\/fr\/\",\"logo\":{\"@type\":\"ImageObject\",\"inLanguage\":\"fr-FR\",\"@id\":\"https:\/\/www.kjt.lu\/fr\/#\/schema\/logo\/image\/\",\"url\":\"https:\/\/www.kjt.lu\/wp-content\/uploads\/2021\/01\/kjt_white_144x61.png\",\"contentUrl\":\"https:\/\/www.kjt.lu\/wp-content\/uploads\/2021\/01\/kjt_white_144x61.png\",\"width\":143,\"height\":61,\"caption\":\"KJT\"},\"image\":{\"@id\":\"https:\/\/www.kjt.lu\/fr\/#\/schema\/logo\/image\/\"},\"sameAs\":[\"https:\/\/www.facebook.com\/kannerjugendtelefon\",\"https:\/\/www.instagram.com\/kannerjugendtelefon\/\"]}]}<\/script>\n<!-- \/ Yoast SEO plugin. -->","yoast_head_json":{"title":"Sexting | KJT","robots":{"index":"index","follow":"follow","max-snippet":"max-snippet:-1","max-image-preview":"max-image-preview:large","max-video-preview":"max-video-preview:-1"},"canonical":"https:\/\/www.kjt.lu\/fr\/sexting\/","og_locale":"fr_FR","og_type":"article","og_title":"Sexting | KJT","og_description":"[vc_row][vc_column][\/vc_column][\/vc_row][vc_section full_width=\u00a0\u00bbstretch_row\u00a0\u00bb css=\u00a0\u00bb.vc_custom_1618825792061{padding-top: 45px !important;padding-bottom: 20px !important;}\u00a0\u00bb][vc_row][vc_column][vc_custom_heading text=\u00a0\u00bbOh non! Maintenant ils m\u2019ont vu tout nu \u00a0\u00bb font_container=\u00a0\u00bbtag:h1|text_align:center\u00a0\u00bb use_theme_fonts=\u00a0\u00bbyes\u00a0\u00bb][vc_empty_space][\/vc_column]Le sexting est\u2026","og_url":"https:\/\/www.kjt.lu\/fr\/sexting\/","og_site_name":"KJT","article_publisher":"https:\/\/www.facebook.com\/kannerjugendtelefon","article_modified_time":"2021-05-14T16:05:32+00:00","twitter_card":"summary_large_image","twitter_misc":{"Dur\u00e9e de lecture estim\u00e9e":"3 minutes"},"schema":{"@context":"https:\/\/schema.org","@graph":[{"@type":"WebPage","@id":"https:\/\/www.kjt.lu\/fr\/sexting\/","url":"https:\/\/www.kjt.lu\/fr\/sexting\/","name":"Sexting | KJT","isPartOf":{"@id":"https:\/\/www.kjt.lu\/fr\/#website"},"datePublished":"2021-04-27T13:46:17+00:00","dateModified":"2021-05-14T16:05:32+00:00","breadcrumb":{"@id":"https:\/\/www.kjt.lu\/fr\/sexting\/#breadcrumb"},"inLanguage":"fr-FR","potentialAction":[{"@type":"ReadAction","target":["https:\/\/www.kjt.lu\/fr\/sexting\/"]}]},{"@type":"BreadcrumbList","@id":"https:\/\/www.kjt.lu\/fr\/sexting\/#breadcrumb","itemListElement":[{"@type":"ListItem","position":1,"name":"Startseite","item":"https:\/\/www.kjt.lu\/fr\/"},{"@type":"ListItem","position":2,"name":"Sexting"}]},{"@type":"WebSite","@id":"https:\/\/www.kjt.lu\/fr\/#website","url":"https:\/\/www.kjt.lu\/fr\/","name":"KJT","description":"Beratung, Hilfe und Informationen f\u00fcr Kinder und Jugendliche","publisher":{"@id":"https:\/\/www.kjt.lu\/fr\/#organization"},"potentialAction":[{"@type":"SearchAction","target":{"@type":"EntryPoint","urlTemplate":"https:\/\/www.kjt.lu\/fr\/?s={search_term_string}"},"query-input":{"@type":"PropertyValueSpecification","valueRequired":true,"valueName":"search_term_string"}}],"inLanguage":"fr-FR"},{"@type":"Organization","@id":"https:\/\/www.kjt.lu\/fr\/#organization","name":"KJT","url":"https:\/\/www.kjt.lu\/fr\/","logo":{"@type":"ImageObject","inLanguage":"fr-FR","@id":"https:\/\/www.kjt.lu\/fr\/#\/schema\/logo\/image\/","url":"https:\/\/www.kjt.lu\/wp-content\/uploads\/2021\/01\/kjt_white_144x61.png","contentUrl":"https:\/\/www.kjt.lu\/wp-content\/uploads\/2021\/01\/kjt_white_144x61.png","width":143,"height":61,"caption":"KJT"},"image":{"@id":"https:\/\/www.kjt.lu\/fr\/#\/schema\/logo\/image\/"},"sameAs":["https:\/\/www.facebook.com\/kannerjugendtelefon","https:\/\/www.instagram.com\/kannerjugendtelefon\/"]}]}},"_links":{"self":[{"href":"https:\/\/www.kjt.lu\/fr\/wp-json\/wp\/v2\/pages\/3396"}],"collection":[{"href":"https:\/\/www.kjt.lu\/fr\/wp-json\/wp\/v2\/pages"}],"about":[{"href":"https:\/\/www.kjt.lu\/fr\/wp-json\/wp\/v2\/types\/page"}],"author":[{"embeddable":true,"href":"https:\/\/www.kjt.lu\/fr\/wp-json\/wp\/v2\/users\/1"}],"replies":[{"embeddable":true,"href":"https:\/\/www.kjt.lu\/fr\/wp-json\/wp\/v2\/comments?post=3396"}],"version-history":[{"count":10,"href":"https:\/\/www.kjt.lu\/fr\/wp-json\/wp\/v2\/pages\/3396\/revisions"}],"predecessor-version":[{"id":5253,"href":"https:\/\/www.kjt.lu\/fr\/wp-json\/wp\/v2\/pages\/3396\/revisions\/5253"}],"wp:attachment":[{"href":"https:\/\/www.kjt.lu\/fr\/wp-json\/wp\/v2\/media?parent=3396"}],"curies":[{"name":"wp","href":"https:\/\/api.w.org\/{rel}","templated":true}]}}