{"id":2892,"date":"2020-12-04T09:15:42","date_gmt":"2020-12-04T08:15:42","guid":{"rendered":"https:\/\/new.kjt.lu\/kinder-psychisch-kranker-eltern-copy\/"},"modified":"2021-05-14T19:02:20","modified_gmt":"2021-05-14T17:02:20","slug":"konflikte-in-der-familie","status":"publish","type":"page","link":"https:\/\/www.kjt.lu\/de\/konflikte-in-der-familie\/","title":{"rendered":"Konflikte in der Familie"},"content":{"rendered":"<div class=\"wpb-content-wrapper\"><p>[vc_row][vc_column]\n\t\t\t<!-- START Family conflicts REVOLUTION SLIDER 6.7.16 --><p class=\"rs-p-wp-fix\"><\/p>\n\t\t\t<rs-module-wrap id=\"rev_slider_25_1_wrapper\" data-source=\"gallery\" style=\"visibility:hidden;background:transparent;padding:0;margin:0px auto;margin-top:0;margin-bottom:0;\">\n\t\t\t\t<rs-module id=\"rev_slider_25_1\" style=\"\" data-version=\"6.7.16\">\n\t\t\t\t\t<rs-slides style=\"overflow: hidden; position: absolute;\">\n\t\t\t\t\t\t<rs-slide style=\"position: absolute;\" data-key=\"rs-112\" data-title=\"Slide\" data-anim=\"ms:1000;r:0;\" data-in=\"o:0;\" data-out=\"a:false;\">\n\t\t\t\t\t\t\t<img decoding=\"async\" src=\"\/\/www.kjt.lu\/wp-content\/plugins\/revslider\/sr6\/assets\/assets\/dummy.png\" alt=\"\" title=\"Konflikte in der Familie\" width=\"2560\" height=\"1707\" class=\"rev-slidebg tp-rs-img rs-lazyload\" data-lazyload=\"\/\/www.kjt.lu\/wp-content\/uploads\/2021\/04\/konflikte_in_der_familie.jpg\" data-bg=\"p:center top;\" data-no-retina>\n<!---->\t\t\t\t\t<\/rs-slide>\n\t\t\t\t\t<\/rs-slides>\n\t\t\t\t<\/rs-module>\n\t\t\t\t<script>\n\t\t\t\t\tsetREVStartSize({c: 'rev_slider_25_1',rl:[1240,1024,768,480],el:[900],gw:[1240],gh:[900],type:'hero',justify:'',layout:'fullwidth',mh:\"0\"});if (window.RS_MODULES!==undefined && window.RS_MODULES.modules!==undefined && window.RS_MODULES.modules[\"revslider251\"]!==undefined) {window.RS_MODULES.modules[\"revslider251\"].once = false;window.revapi25 = undefined;if (window.RS_MODULES.checkMinimal!==undefined) window.RS_MODULES.checkMinimal()}\n\t\t\t\t<\/script>\n\t\t\t<\/rs-module-wrap>\n\t\t\t<!-- END REVOLUTION SLIDER -->\n[\/vc_column][\/vc_row][vc_section full_width=&#8220;stretch_row&#8220; css=&#8220;.vc_custom_1499312142784{padding-top: 45px !important;padding-bottom: 45px !important;}&#8220;][vc_row][vc_column][vc_custom_heading text=&#8220;Zuhause ist dicke Luft&#8220; font_container=&#8220;tag:h1|text_align:center&#8220; use_theme_fonts=&#8220;yes&#8220;][\/vc_column][vc_column offset=&#8220;vc_col-lg-offset-1 vc_col-lg-10 vc_col-md-offset-1 vc_col-md-10&#8243;][vc_empty_space][vc_custom_heading text=&#8220;Gibt es Momente in deiner Familie, da w\u00fcrdest du dich am liebsten in Luft aufl\u00f6sen oder einfach von Zuhause ausrei\u00dfen? Diskussionen um Ausgehzeiten, Aufstehen am Wochenende, im Haushalt helfen oder K\u00f6rperschmuck. Wom\u00f6glich hast du auch das Gef\u00fchl, dass deine Eltern sich an dich klammern und nicht richtig akzeptieren, dass du erwachsen und selbstst\u00e4ndig wirst.<\/p>\n<p>Ein weiteres gro\u00dfes Thema ist die Beziehung deiner Eltern. Dein Vater und deine Mutter streiten sich so oft oder schweigen sich nur noch an. Jeder versucht dich f\u00fcr sich zu gewinnen oder reden schlecht \u00fcber den anderen Elternteil. Die neue Partnerin von deinem Vater spielt sich auf als w\u00e4re sie deine Mutter und ihr Kinder sind auch verzogen. Diese neue Familie hast du dir sicher nicht ausgesucht. Dabei f\u00fchlst du dich zwischen den St\u00fchlen oder empfindest ein schlechtes Gewissen. Z.B. dann wenn der eine Elternteil eine neue Partnerschaft eingegangen ist und der andere noch alleine ist.&#8220; font_container=&#8220;tag:p|text_align:left&#8220; google_fonts=&#8220;font_family:Raleway%3A100%2C200%2C300%2Cregular%2C500%2C600%2C700%2C800%2C900|font_style:300%20light%20regular%3A300%3Anormal&#8220;][vc_custom_heading text=&#8220;Falls du Geschwister hast, kennst du es vielleicht mit diesen verglichen zu werden und wie sich das anf\u00fchlt. Ein weiteres Problem k\u00f6nnte sein, dass eines deiner Geschwister krank ist und sich zuhause daher fast alles um dieses Kind dreht und du dabei auf der Strecke bleibst. Oder aber, du musst sehr viel Verantwortung f\u00fcr deine Geschwister \u00fcbernehmen.&#8220; font_container=&#8220;tag:p|text_align:left&#8220; google_fonts=&#8220;font_family:Raleway%3A100%2C200%2C300%2Cregular%2C500%2C600%2C700%2C800%2C900|font_style:300%20light%20regular%3A300%3Anormal&#8220;][vc_custom_heading text=&#8220;Deine Eltern machen Vieles davon nicht mit Absicht und sind manchmal auch selbst \u00fcberlastet und vielleicht ist die Situation bald vorbei. Trotzdem, solche Situationen k\u00f6nnen echt nerven, denn dein Zuhause f\u00fchlt sich dann nicht mehr an wie ein Ort an dem du dich gerne zur\u00fcckziehst oder du dich geborgen f\u00fchlst. Manchmal weist du vielleicht nicht an wen du dich mit deinem \u00c4rger oder deinem Kummer wenden sollt. Vielleicht hast du aber tolle Freunde oder liebevolle Gro\u00dfeltern oder sonst jemand wohlwollendes in deinem Leben, auf den du zur\u00fcckgreifen kannst.<\/p>\n<p>Falls dies aber gerade nicht so ist oder du lieber mit einer anonymen Person sprichst, dann denk daran, dass es das KJT gibt. Unsere Berater und Beraterinnen sind f\u00fcr dich da und unterst\u00fctzend dich in allen Lebenslagen. Bleib nicht alleine.&#8220; font_container=&#8220;tag:p|text_align:left&#8220; google_fonts=&#8220;font_family:Raleway%3A100%2C200%2C300%2Cregular%2C500%2C600%2C700%2C800%2C900|font_style:300%20light%20regular%3A300%3Anormal&#8220;][\/vc_column][\/vc_row][vc_row][vc_column css=&#8220;.vc_custom_1499312251005{margin-bottom: 30px !important;}&#8220;][vc_empty_space]<div  class=\"wpb_theme_custom_element wpb_featured_box\">\n  <div class=\"vc-custom-inner-wrap\">\n    <div class=\"featured-box-alignment alignment-center content-alignment-center\"><div class=\"icon-wrap\"><div class=\"type-icon graphic-shape-rounded\" style=\"width: 50px;height: 50px;background-color: #54a56c\"><span style=\"color: #ffffff\" class=\"_icon fas fa-exclamation\"><\/span><\/div><\/div><div class=\"entry-box-wrap\"><h4 class=\"featured-box-title\" style=\"color: #222222;\">1 1 6 1 1 1<\/h4><div class=\"featured-box-text\" style=\"color: #444444;\">Kanner-Jugendtelefon<\/div><\/div><\/div>  <\/div>\n<\/div>\n[\/vc_column][\/vc_row][\/vc_section][vc_row][vc_column][vc_custom_heading text=&#8220;Hier findest du Unterst\u00fctzung zu diesem Thema&#8220; font_container=&#8220;tag:h3|font_size:18|text_align:center&#8220; google_fonts=&#8220;font_family:Adamina%3Aregular|font_style:400%20regular%3A400%3Anormal&#8220;][vc_column_text]<\/p>\n<p style=\"text-align: center;\"><span style=\"font-size: 12pt;\"><a href=\"https:\/\/www.kjt.lu\/1-1-6-1-1-1\/\">Kanner-Jugendtelefon<\/a> ; <a href=\"https:\/\/www.kjt.lu\/chatberodung\/\">Chatberodung<\/a> ; <a href=\"https:\/\/www.kjt.lu\/online-help\/\">Online Help<\/a> ; <\/span><a href=\"https:\/\/www.kjt.lu\/elterentelefon\/\"><span style=\"font-size: 12pt;\">Elterentelefon<\/span><\/a><\/p>\n<p>[\/vc_column_text][vc_custom_heading text=&#8220;Vielleicht interessiert dich auch&#8220; font_container=&#8220;tag:h3|font_size:18|text_align:center&#8220; google_fonts=&#8220;font_family:Adamina%3Aregular|font_style:400%20regular%3A400%3Anormal&#8220;][vc_column_text]<\/p>\n<p style=\"text-align: center;\"><span style=\"font-size: 12pt;\"><a href=\"https:\/\/www.kjt.lu\/gewalt\/\">Gewalt<\/a> ;\u00a0<a href=\"https:\/\/www.kjt.lu\/kinder-psychisch-kranker-eltern\/\">(psychisch) kranke Eltern<\/a> ; <a href=\"https:\/\/www.kjt.lu\/psychische-gesundheit\/\">Psyche und Gesundheit<\/a> ; <a href=\"https:\/\/www.kjt.lu\/sexualitaet\/\">Sexualit\u00e4t<\/a> ; <a href=\"https:\/\/www.kjt.lu\/stress-druck\/\">Stress, Druck<\/a> ; <a href=\"https:\/\/www.kjt.lu\/trennung-scheidung\/\">Trennung, Scheidung<\/a><\/span><\/p>\n<p>[\/vc_column_text][\/vc_column][\/vc_row]<\/p>\n<\/div>","protected":false},"excerpt":{"rendered":"<p>[vc_row][vc_column][\/vc_column][\/vc_row][vc_section full_width=&#8220;stretch_row&#8220; css=&#8220;.vc_custom_1499312142784{padding-top: 45px !important;padding-bottom: 45px !important;}&#8220;][vc_row][vc_column][vc_custom_heading text=&#8220;Zuhause ist dicke Luft&#8220; font_container=&#8220;tag:h1|text_align:center&#8220; use_theme_fonts=&#8220;yes&#8220;][\/vc_column][vc_column offset=&#8220;vc_col-lg-offset-1 vc_col-lg-10 vc_col-md-offset-1 vc_col-md-10&#8243;][vc_empty_space][vc_custom_heading text=&#8220;Gibt es Momente&hellip;<\/p>\n","protected":false},"author":1,"featured_media":0,"parent":0,"menu_order":0,"comment_status":"closed","ping_status":"closed","template":"","meta":{"footnotes":""},"class_list":["post-2892","page","type-page","status-publish","hentry"],"yoast_head":"<!-- This site is optimized with the Yoast SEO plugin v25.4 - https:\/\/yoast.com\/wordpress\/plugins\/seo\/ -->\n<title>Konflikte in der Familie | KJT<\/title>\n<meta name=\"robots\" content=\"index, follow, max-snippet:-1, max-image-preview:large, max-video-preview:-1\" \/>\n<link rel=\"canonical\" href=\"https:\/\/www.kjt.lu\/de\/konflikte-in-der-familie\/\" \/>\n<meta property=\"og:locale\" content=\"de_DE\" \/>\n<meta property=\"og:type\" content=\"article\" \/>\n<meta property=\"og:title\" content=\"Konflikte in der Familie | KJT\" \/>\n<meta property=\"og:description\" content=\"[vc_row][vc_column][\/vc_column][\/vc_row][vc_section full_width=&#8220;stretch_row&#8220; css=&#8220;.vc_custom_1499312142784{padding-top: 45px !important;padding-bottom: 45px !important;}&#8220;][vc_row][vc_column][vc_custom_heading text=&#8220;Zuhause ist dicke Luft&#8220; font_container=&#8220;tag:h1|text_align:center&#8220; use_theme_fonts=&#8220;yes&#8220;][\/vc_column][vc_column offset=&#8220;vc_col-lg-offset-1 vc_col-lg-10 vc_col-md-offset-1 vc_col-md-10&#8243;][vc_empty_space][vc_custom_heading text=&#8220;Gibt es Momente&hellip;\" \/>\n<meta property=\"og:url\" content=\"https:\/\/www.kjt.lu\/de\/konflikte-in-der-familie\/\" \/>\n<meta property=\"og:site_name\" content=\"KJT\" \/>\n<meta property=\"article:publisher\" content=\"https:\/\/www.facebook.com\/kannerjugendtelefon\" \/>\n<meta property=\"article:modified_time\" content=\"2021-05-14T17:02:20+00:00\" \/>\n<meta name=\"twitter:card\" content=\"summary_large_image\" \/>\n<meta name=\"twitter:label1\" content=\"Gesch\u00e4tzte Lesezeit\" \/>\n\t<meta name=\"twitter:data1\" content=\"2\u00a0Minuten\" \/>\n<script type=\"application\/ld+json\" class=\"yoast-schema-graph\">{\"@context\":\"https:\/\/schema.org\",\"@graph\":[{\"@type\":\"WebPage\",\"@id\":\"https:\/\/www.kjt.lu\/de\/konflikte-in-der-familie\/\",\"url\":\"https:\/\/www.kjt.lu\/de\/konflikte-in-der-familie\/\",\"name\":\"Konflikte in der Familie | KJT\",\"isPartOf\":{\"@id\":\"https:\/\/www.kjt.lu\/de\/#website\"},\"datePublished\":\"2020-12-04T08:15:42+00:00\",\"dateModified\":\"2021-05-14T17:02:20+00:00\",\"breadcrumb\":{\"@id\":\"https:\/\/www.kjt.lu\/de\/konflikte-in-der-familie\/#breadcrumb\"},\"inLanguage\":\"de\",\"potentialAction\":[{\"@type\":\"ReadAction\",\"target\":[\"https:\/\/www.kjt.lu\/de\/konflikte-in-der-familie\/\"]}]},{\"@type\":\"BreadcrumbList\",\"@id\":\"https:\/\/www.kjt.lu\/de\/konflikte-in-der-familie\/#breadcrumb\",\"itemListElement\":[{\"@type\":\"ListItem\",\"position\":1,\"name\":\"Startseite\",\"item\":\"https:\/\/www.kjt.lu\/de\/\"},{\"@type\":\"ListItem\",\"position\":2,\"name\":\"Konflikte in der Familie\"}]},{\"@type\":\"WebSite\",\"@id\":\"https:\/\/www.kjt.lu\/de\/#website\",\"url\":\"https:\/\/www.kjt.lu\/de\/\",\"name\":\"KJT\",\"description\":\"Beratung, Hilfe und Informationen f\u00fcr Kinder und Jugendliche\",\"publisher\":{\"@id\":\"https:\/\/www.kjt.lu\/de\/#organization\"},\"potentialAction\":[{\"@type\":\"SearchAction\",\"target\":{\"@type\":\"EntryPoint\",\"urlTemplate\":\"https:\/\/www.kjt.lu\/de\/?s={search_term_string}\"},\"query-input\":{\"@type\":\"PropertyValueSpecification\",\"valueRequired\":true,\"valueName\":\"search_term_string\"}}],\"inLanguage\":\"de\"},{\"@type\":\"Organization\",\"@id\":\"https:\/\/www.kjt.lu\/de\/#organization\",\"name\":\"KJT\",\"url\":\"https:\/\/www.kjt.lu\/de\/\",\"logo\":{\"@type\":\"ImageObject\",\"inLanguage\":\"de\",\"@id\":\"https:\/\/www.kjt.lu\/de\/#\/schema\/logo\/image\/\",\"url\":\"https:\/\/www.kjt.lu\/wp-content\/uploads\/2021\/01\/kjt_white_144x61.png\",\"contentUrl\":\"https:\/\/www.kjt.lu\/wp-content\/uploads\/2021\/01\/kjt_white_144x61.png\",\"width\":143,\"height\":61,\"caption\":\"KJT\"},\"image\":{\"@id\":\"https:\/\/www.kjt.lu\/de\/#\/schema\/logo\/image\/\"},\"sameAs\":[\"https:\/\/www.facebook.com\/kannerjugendtelefon\",\"https:\/\/www.instagram.com\/kannerjugendtelefon\/\"]}]}<\/script>\n<!-- \/ Yoast SEO plugin. -->","yoast_head_json":{"title":"Konflikte in der Familie | KJT","robots":{"index":"index","follow":"follow","max-snippet":"max-snippet:-1","max-image-preview":"max-image-preview:large","max-video-preview":"max-video-preview:-1"},"canonical":"https:\/\/www.kjt.lu\/de\/konflikte-in-der-familie\/","og_locale":"de_DE","og_type":"article","og_title":"Konflikte in der Familie | KJT","og_description":"[vc_row][vc_column][\/vc_column][\/vc_row][vc_section full_width=&#8220;stretch_row&#8220; css=&#8220;.vc_custom_1499312142784{padding-top: 45px !important;padding-bottom: 45px !important;}&#8220;][vc_row][vc_column][vc_custom_heading text=&#8220;Zuhause ist dicke Luft&#8220; font_container=&#8220;tag:h1|text_align:center&#8220; use_theme_fonts=&#8220;yes&#8220;][\/vc_column][vc_column offset=&#8220;vc_col-lg-offset-1 vc_col-lg-10 vc_col-md-offset-1 vc_col-md-10&#8243;][vc_empty_space][vc_custom_heading text=&#8220;Gibt es Momente&hellip;","og_url":"https:\/\/www.kjt.lu\/de\/konflikte-in-der-familie\/","og_site_name":"KJT","article_publisher":"https:\/\/www.facebook.com\/kannerjugendtelefon","article_modified_time":"2021-05-14T17:02:20+00:00","twitter_card":"summary_large_image","twitter_misc":{"Gesch\u00e4tzte Lesezeit":"2\u00a0Minuten"},"schema":{"@context":"https:\/\/schema.org","@graph":[{"@type":"WebPage","@id":"https:\/\/www.kjt.lu\/de\/konflikte-in-der-familie\/","url":"https:\/\/www.kjt.lu\/de\/konflikte-in-der-familie\/","name":"Konflikte in der Familie | KJT","isPartOf":{"@id":"https:\/\/www.kjt.lu\/de\/#website"},"datePublished":"2020-12-04T08:15:42+00:00","dateModified":"2021-05-14T17:02:20+00:00","breadcrumb":{"@id":"https:\/\/www.kjt.lu\/de\/konflikte-in-der-familie\/#breadcrumb"},"inLanguage":"de","potentialAction":[{"@type":"ReadAction","target":["https:\/\/www.kjt.lu\/de\/konflikte-in-der-familie\/"]}]},{"@type":"BreadcrumbList","@id":"https:\/\/www.kjt.lu\/de\/konflikte-in-der-familie\/#breadcrumb","itemListElement":[{"@type":"ListItem","position":1,"name":"Startseite","item":"https:\/\/www.kjt.lu\/de\/"},{"@type":"ListItem","position":2,"name":"Konflikte in der Familie"}]},{"@type":"WebSite","@id":"https:\/\/www.kjt.lu\/de\/#website","url":"https:\/\/www.kjt.lu\/de\/","name":"KJT","description":"Beratung, Hilfe und Informationen f\u00fcr Kinder und Jugendliche","publisher":{"@id":"https:\/\/www.kjt.lu\/de\/#organization"},"potentialAction":[{"@type":"SearchAction","target":{"@type":"EntryPoint","urlTemplate":"https:\/\/www.kjt.lu\/de\/?s={search_term_string}"},"query-input":{"@type":"PropertyValueSpecification","valueRequired":true,"valueName":"search_term_string"}}],"inLanguage":"de"},{"@type":"Organization","@id":"https:\/\/www.kjt.lu\/de\/#organization","name":"KJT","url":"https:\/\/www.kjt.lu\/de\/","logo":{"@type":"ImageObject","inLanguage":"de","@id":"https:\/\/www.kjt.lu\/de\/#\/schema\/logo\/image\/","url":"https:\/\/www.kjt.lu\/wp-content\/uploads\/2021\/01\/kjt_white_144x61.png","contentUrl":"https:\/\/www.kjt.lu\/wp-content\/uploads\/2021\/01\/kjt_white_144x61.png","width":143,"height":61,"caption":"KJT"},"image":{"@id":"https:\/\/www.kjt.lu\/de\/#\/schema\/logo\/image\/"},"sameAs":["https:\/\/www.facebook.com\/kannerjugendtelefon","https:\/\/www.instagram.com\/kannerjugendtelefon\/"]}]}},"_links":{"self":[{"href":"https:\/\/www.kjt.lu\/de\/wp-json\/wp\/v2\/pages\/2892"}],"collection":[{"href":"https:\/\/www.kjt.lu\/de\/wp-json\/wp\/v2\/pages"}],"about":[{"href":"https:\/\/www.kjt.lu\/de\/wp-json\/wp\/v2\/types\/page"}],"author":[{"embeddable":true,"href":"https:\/\/www.kjt.lu\/de\/wp-json\/wp\/v2\/users\/1"}],"replies":[{"embeddable":true,"href":"https:\/\/www.kjt.lu\/de\/wp-json\/wp\/v2\/comments?post=2892"}],"version-history":[{"count":9,"href":"https:\/\/www.kjt.lu\/de\/wp-json\/wp\/v2\/pages\/2892\/revisions"}],"predecessor-version":[{"id":3453,"href":"https:\/\/www.kjt.lu\/de\/wp-json\/wp\/v2\/pages\/2892\/revisions\/3453"}],"wp:attachment":[{"href":"https:\/\/www.kjt.lu\/de\/wp-json\/wp\/v2\/media?parent=2892"}],"curies":[{"name":"wp","href":"https:\/\/api.w.org\/{rel}","templated":true}]}}