{"id":2886,"date":"2020-12-04T09:09:34","date_gmt":"2020-12-04T08:09:34","guid":{"rendered":"https:\/\/new.kjt.lu\/freundschaft-copy\/"},"modified":"2021-05-14T19:02:28","modified_gmt":"2021-05-14T17:02:28","slug":"kinder-psychisch-kranker-eltern","status":"publish","type":"page","link":"https:\/\/www.kjt.lu\/de\/kinder-psychisch-kranker-eltern\/","title":{"rendered":"Kinder psychisch kranker Eltern"},"content":{"rendered":"<div class=\"wpb-content-wrapper\"><p>[vc_row][vc_column]\n\t\t\t<!-- START SeperationDivorce REVOLUTION SLIDER 6.7.16 --><p class=\"rs-p-wp-fix\"><\/p>\n\t\t\t<rs-module-wrap id=\"rev_slider_15_1_wrapper\" data-source=\"gallery\" style=\"visibility:hidden;background:transparent;padding:0;margin:0px auto;margin-top:0;margin-bottom:0;\">\n\t\t\t\t<rs-module id=\"rev_slider_15_1\" style=\"\" data-version=\"6.7.16\">\n\t\t\t\t\t<rs-slides style=\"overflow: hidden; position: absolute;\">\n\t\t\t\t\t\t<rs-slide style=\"position: absolute;\" data-key=\"rs-72\" data-title=\"Slide\" data-anim=\"ms:1000;r:0;\" data-in=\"o:0;\" data-out=\"a:false;\">\n\t\t\t\t\t\t\t<img decoding=\"async\" src=\"\/\/www.kjt.lu\/wp-content\/plugins\/revslider\/sr6\/assets\/assets\/dummy.png\" alt=\"\" title=\"Seperation-Divorce\" width=\"1920\" height=\"1080\" class=\"rev-slidebg tp-rs-img rs-lazyload\" data-lazyload=\"\/\/www.kjt.lu\/wp-content\/uploads\/2021\/01\/slide_Seperation-Divorce_61365477.jpg\" data-no-retina>\n<!---->\t\t\t\t\t<\/rs-slide>\n\t\t\t\t\t<\/rs-slides>\n\t\t\t\t<\/rs-module>\n\t\t\t\t<script>\n\t\t\t\t\tsetREVStartSize({c: 'rev_slider_15_1',rl:[1240,1024,768,480],el:[900],gw:[1240],gh:[900],type:'hero',justify:'',layout:'fullwidth',mh:\"0\"});if (window.RS_MODULES!==undefined && window.RS_MODULES.modules!==undefined && window.RS_MODULES.modules[\"revslider151\"]!==undefined) {window.RS_MODULES.modules[\"revslider151\"].once = false;window.revapi15 = undefined;if (window.RS_MODULES.checkMinimal!==undefined) window.RS_MODULES.checkMinimal()}\n\t\t\t\t<\/script>\n\t\t\t<\/rs-module-wrap>\n\t\t\t<!-- END REVOLUTION SLIDER -->\n[\/vc_column][\/vc_row][vc_section full_width=&#8220;stretch_row&#8220; css=&#8220;.vc_custom_1499312142784{padding-top: 45px !important;padding-bottom: 45px !important;}&#8220;][vc_row][vc_column][vc_custom_heading text=&#8220;Meine Mama ist immer so traurig&#8230;&#8220; font_container=&#8220;tag:h1|text_align:center&#8220; use_theme_fonts=&#8220;yes&#8220;][\/vc_column][vc_column offset=&#8220;vc_col-lg-offset-1 vc_col-lg-10 vc_col-md-offset-1 vc_col-md-10&#8243;][vc_empty_space][vc_custom_heading text=&#8220;Ist das normal?<\/p>\n<p>Irgendwie ist Mama oder Papa anders als sonst oder du kennst sie nur so, aber als deine Freundin letztes Mal zu Besuch war, meinte sie \u201eWie ist deine Mutter denn drauf?!\u201c<\/p>\n<p>Hat dein Vater oder deine Mutter etwa pl\u00f6tzlich ganz h\u00e4ufig Stimmungsschwankungen oder seltsame Gedanken und \u00c4ngste? Es gibt auch Eltern, die viel Alkohol trinken und dann sehr aggressiv sind. Wenn Eltern pl\u00f6tzlich viele Traurigtage haben und z.B. nicht mehr von der Couch hochkommen oder Dinge nicht mehr erledigen, die sie sonst f\u00fcr dich und deine Geschwister getan haben, ist das schon seltsam. Manchmal ist es dir vielleicht sogar peinlich was zu Haus los ist und du versuchst es vor deinen Freunden oder deinen Lehrern zu verstecken. Wom\u00f6glich versuchst du ganz viel f\u00fcr deine Eltern einzuspringen, hilfst mehr als sonst im Haushalt, k\u00fcmmerst dich um deine Geschwister und versuchst auch noch den Schulstoff irgendwie hinzubekommen.&#8220; font_container=&#8220;tag:p|text_align:left&#8220; google_fonts=&#8220;font_family:Raleway%3A100%2C200%2C300%2Cregular%2C500%2C600%2C700%2C800%2C900|font_style:300%20light%20regular%3A300%3Anormal&#8220;][vc_custom_heading text=&#8220;Du hast wom\u00f6glich Angst was passieren k\u00f6nnte, wenn andere w\u00fcssten, dass deine Mutter oder dein Vater so anders drauf sind. All dies kann sehr be\u00e4ngstigend und verwirrend f\u00fcr dich sein. Vielleicht hast du auch das Gef\u00fchl verantwortlich zu sein oder es sei deine Schuld? Aber lass dir eines gesagt sein, du bist nicht verantwortlich f\u00fcr das Funktionieren deiner Familie.&#8220; font_container=&#8220;tag:p|text_align:left&#8220; google_fonts=&#8220;font_family:Raleway%3A100%2C200%2C300%2Cregular%2C500%2C600%2C700%2C800%2C900|font_style:300%20light%20regular%3A300%3Anormal&#8220;][vc_custom_heading text=&#8220;Genau wie unser K\u00f6per krank werden kann, kann auch unsere Seele mal \u201eSchnupfen\u201c haben. Aber auch in dieser schwierigen Angelegenheit gibt es Hilfe f\u00fcr dich und deine Eltern. Krankheitsbedingt kann es so kommen, dass deine Eltern sich momentan nicht mehr so um dich k\u00fcmmern k\u00f6nnen, wie du es brauchst und wie du auch ein Recht darauf hast. Jeder kann mal einen schlechten Tag haben, aber wenn es anh\u00e4lt, ist es wichtig, dass deine Eltern und auch du Hilfe bekommen.<\/p>\n<p>Mit uns kannst du chatten, telefonieren oder schreiben. Wir schauen dann zusammen weiter.&#8220; font_container=&#8220;tag:p|text_align:left&#8220; google_fonts=&#8220;font_family:Raleway%3A100%2C200%2C300%2Cregular%2C500%2C600%2C700%2C800%2C900|font_style:300%20light%20regular%3A300%3Anormal&#8220;][\/vc_column][\/vc_row][vc_row][vc_column css=&#8220;.vc_custom_1499312251005{margin-bottom: 30px !important;}&#8220;][vc_empty_space]<div  class=\"wpb_theme_custom_element wpb_featured_box\">\n  <div class=\"vc-custom-inner-wrap\">\n    <div class=\"featured-box-alignment alignment-center content-alignment-center\"><div class=\"icon-wrap\"><div class=\"type-icon graphic-shape-rounded\" style=\"width: 50px;height: 50px;background-color: #54a56c\"><span style=\"color: #ffffff\" class=\"_icon fas fa-exclamation\"><\/span><\/div><\/div><div class=\"entry-box-wrap\"><h4 class=\"featured-box-title\" style=\"color: #222222;\">1 1 6 1 1 1<\/h4><div class=\"featured-box-text\" style=\"color: #444444;\">Kanner-Jugendtelefon<\/div><\/div><\/div>  <\/div>\n<\/div>\n[\/vc_column][\/vc_row][\/vc_section][vc_section][vc_row][vc_column][vc_custom_heading text=&#8220;Hier findest du Unterst\u00fctzung zu diesem Thema&#8220; font_container=&#8220;tag:h3|font_size:18|text_align:center&#8220; google_fonts=&#8220;font_family:Adamina%3Aregular|font_style:400%20regular%3A400%3Anormal&#8220;][vc_column_text]<\/p>\n<p style=\"text-align: center;\"><span style=\"font-size: 12pt;\"><a href=\"https:\/\/www.kjt.lu\/1-1-6-1-1-1\/\">Kanner-Jugendtelefon<\/a> ; <a href=\"https:\/\/www.kjt.lu\/chatberodung\/\">Chatberodung<\/a> ; <a href=\"https:\/\/www.kjt.lu\/online-help\/\">Online Help<\/a> ; <\/span><a href=\"https:\/\/www.kjt.lu\/elterentelefon\/\"><span style=\"font-size: 12pt;\">Elterentelefon<\/span><\/a><\/p>\n<p>[\/vc_column_text][vc_custom_heading text=&#8220;Vielleicht interessiert dich auch&#8220; font_container=&#8220;tag:h3|font_size:18|text_align:center&#8220; google_fonts=&#8220;font_family:Adamina%3Aregular|font_style:400%20regular%3A400%3Anormal&#8220;][vc_column_text]<\/p>\n<p style=\"text-align: center;\"><span style=\"font-size: 12pt;\"><a href=\"https:\/\/www.kjt.lu\/psychische-gesundheit\/\">Psyche und Gesundheit<\/a> ;\u00a0<a href=\"https:\/\/www.kjt.lu\/stress-druck\/\">Stress, Druck<\/a> ; <a href=\"https:\/\/www.kjt.lu\/gewalt\/\">Gewalt<\/a> ; <a href=\"https:\/\/www.kjt.lu\/konflikte-in-der-familie\/\">Familie, Streit, Konflikt<\/a> ; <a href=\"https:\/\/www.kjt.lu\/sexueller-missbrauch\/\">sexueller Missbrauch<\/a> ; <a href=\"https:\/\/www.kjt.lu\/trennung-scheidung\/\">Trennung, Scheidung<\/a> ;\u00a0<a href=\"https:\/\/www.kjt.lu\/suizid\/\">Suizid, suizidale Gedanken<\/a> <\/span><\/p>\n<p>[\/vc_column_text][\/vc_column][\/vc_row][\/vc_section]<\/p>\n<\/div>","protected":false},"excerpt":{"rendered":"<p>[vc_row][vc_column][\/vc_column][\/vc_row][vc_section full_width=&#8220;stretch_row&#8220; css=&#8220;.vc_custom_1499312142784{padding-top: 45px !important;padding-bottom: 45px !important;}&#8220;][vc_row][vc_column][vc_custom_heading text=&#8220;Meine Mama ist immer so traurig&#8230;&#8220; font_container=&#8220;tag:h1|text_align:center&#8220; use_theme_fonts=&#8220;yes&#8220;][\/vc_column][vc_column offset=&#8220;vc_col-lg-offset-1 vc_col-lg-10 vc_col-md-offset-1 vc_col-md-10&#8243;][vc_empty_space][vc_custom_heading text=&#8220;Ist&hellip;<\/p>\n","protected":false},"author":1,"featured_media":0,"parent":0,"menu_order":0,"comment_status":"closed","ping_status":"closed","template":"","meta":{"footnotes":""},"class_list":["post-2886","page","type-page","status-publish","hentry"],"yoast_head":"<!-- This site is optimized with the Yoast SEO plugin v25.4 - https:\/\/yoast.com\/wordpress\/plugins\/seo\/ -->\n<title>Kinder psychisch kranker Eltern | KJT<\/title>\n<meta name=\"robots\" content=\"index, follow, max-snippet:-1, max-image-preview:large, max-video-preview:-1\" \/>\n<link rel=\"canonical\" href=\"https:\/\/www.kjt.lu\/de\/kinder-psychisch-kranker-eltern\/\" \/>\n<meta property=\"og:locale\" content=\"de_DE\" \/>\n<meta property=\"og:type\" content=\"article\" \/>\n<meta property=\"og:title\" content=\"Kinder psychisch kranker Eltern | KJT\" \/>\n<meta property=\"og:description\" content=\"[vc_row][vc_column][\/vc_column][\/vc_row][vc_section full_width=&#8220;stretch_row&#8220; css=&#8220;.vc_custom_1499312142784{padding-top: 45px !important;padding-bottom: 45px !important;}&#8220;][vc_row][vc_column][vc_custom_heading text=&#8220;Meine Mama ist immer so traurig&#8230;&#8220; font_container=&#8220;tag:h1|text_align:center&#8220; use_theme_fonts=&#8220;yes&#8220;][\/vc_column][vc_column offset=&#8220;vc_col-lg-offset-1 vc_col-lg-10 vc_col-md-offset-1 vc_col-md-10&#8243;][vc_empty_space][vc_custom_heading text=&#8220;Ist&hellip;\" \/>\n<meta property=\"og:url\" content=\"https:\/\/www.kjt.lu\/de\/kinder-psychisch-kranker-eltern\/\" \/>\n<meta property=\"og:site_name\" content=\"KJT\" \/>\n<meta property=\"article:publisher\" content=\"https:\/\/www.facebook.com\/kannerjugendtelefon\" \/>\n<meta property=\"article:modified_time\" content=\"2021-05-14T17:02:28+00:00\" \/>\n<meta name=\"twitter:card\" content=\"summary_large_image\" \/>\n<meta name=\"twitter:label1\" content=\"Gesch\u00e4tzte Lesezeit\" \/>\n\t<meta name=\"twitter:data1\" content=\"2\u00a0Minuten\" \/>\n<script type=\"application\/ld+json\" class=\"yoast-schema-graph\">{\"@context\":\"https:\/\/schema.org\",\"@graph\":[{\"@type\":\"WebPage\",\"@id\":\"https:\/\/www.kjt.lu\/de\/kinder-psychisch-kranker-eltern\/\",\"url\":\"https:\/\/www.kjt.lu\/de\/kinder-psychisch-kranker-eltern\/\",\"name\":\"Kinder psychisch kranker Eltern | KJT\",\"isPartOf\":{\"@id\":\"https:\/\/www.kjt.lu\/de\/#website\"},\"datePublished\":\"2020-12-04T08:09:34+00:00\",\"dateModified\":\"2021-05-14T17:02:28+00:00\",\"breadcrumb\":{\"@id\":\"https:\/\/www.kjt.lu\/de\/kinder-psychisch-kranker-eltern\/#breadcrumb\"},\"inLanguage\":\"de\",\"potentialAction\":[{\"@type\":\"ReadAction\",\"target\":[\"https:\/\/www.kjt.lu\/de\/kinder-psychisch-kranker-eltern\/\"]}]},{\"@type\":\"BreadcrumbList\",\"@id\":\"https:\/\/www.kjt.lu\/de\/kinder-psychisch-kranker-eltern\/#breadcrumb\",\"itemListElement\":[{\"@type\":\"ListItem\",\"position\":1,\"name\":\"Startseite\",\"item\":\"https:\/\/www.kjt.lu\/de\/\"},{\"@type\":\"ListItem\",\"position\":2,\"name\":\"Kinder psychisch kranker Eltern\"}]},{\"@type\":\"WebSite\",\"@id\":\"https:\/\/www.kjt.lu\/de\/#website\",\"url\":\"https:\/\/www.kjt.lu\/de\/\",\"name\":\"KJT\",\"description\":\"Beratung, Hilfe und Informationen f\u00fcr Kinder und Jugendliche\",\"publisher\":{\"@id\":\"https:\/\/www.kjt.lu\/de\/#organization\"},\"potentialAction\":[{\"@type\":\"SearchAction\",\"target\":{\"@type\":\"EntryPoint\",\"urlTemplate\":\"https:\/\/www.kjt.lu\/de\/?s={search_term_string}\"},\"query-input\":{\"@type\":\"PropertyValueSpecification\",\"valueRequired\":true,\"valueName\":\"search_term_string\"}}],\"inLanguage\":\"de\"},{\"@type\":\"Organization\",\"@id\":\"https:\/\/www.kjt.lu\/de\/#organization\",\"name\":\"KJT\",\"url\":\"https:\/\/www.kjt.lu\/de\/\",\"logo\":{\"@type\":\"ImageObject\",\"inLanguage\":\"de\",\"@id\":\"https:\/\/www.kjt.lu\/de\/#\/schema\/logo\/image\/\",\"url\":\"https:\/\/www.kjt.lu\/wp-content\/uploads\/2021\/01\/kjt_white_144x61.png\",\"contentUrl\":\"https:\/\/www.kjt.lu\/wp-content\/uploads\/2021\/01\/kjt_white_144x61.png\",\"width\":143,\"height\":61,\"caption\":\"KJT\"},\"image\":{\"@id\":\"https:\/\/www.kjt.lu\/de\/#\/schema\/logo\/image\/\"},\"sameAs\":[\"https:\/\/www.facebook.com\/kannerjugendtelefon\",\"https:\/\/www.instagram.com\/kannerjugendtelefon\/\"]}]}<\/script>\n<!-- \/ Yoast SEO plugin. -->","yoast_head_json":{"title":"Kinder psychisch kranker Eltern | KJT","robots":{"index":"index","follow":"follow","max-snippet":"max-snippet:-1","max-image-preview":"max-image-preview:large","max-video-preview":"max-video-preview:-1"},"canonical":"https:\/\/www.kjt.lu\/de\/kinder-psychisch-kranker-eltern\/","og_locale":"de_DE","og_type":"article","og_title":"Kinder psychisch kranker Eltern | KJT","og_description":"[vc_row][vc_column][\/vc_column][\/vc_row][vc_section full_width=&#8220;stretch_row&#8220; css=&#8220;.vc_custom_1499312142784{padding-top: 45px !important;padding-bottom: 45px !important;}&#8220;][vc_row][vc_column][vc_custom_heading text=&#8220;Meine Mama ist immer so traurig&#8230;&#8220; font_container=&#8220;tag:h1|text_align:center&#8220; use_theme_fonts=&#8220;yes&#8220;][\/vc_column][vc_column offset=&#8220;vc_col-lg-offset-1 vc_col-lg-10 vc_col-md-offset-1 vc_col-md-10&#8243;][vc_empty_space][vc_custom_heading text=&#8220;Ist&hellip;","og_url":"https:\/\/www.kjt.lu\/de\/kinder-psychisch-kranker-eltern\/","og_site_name":"KJT","article_publisher":"https:\/\/www.facebook.com\/kannerjugendtelefon","article_modified_time":"2021-05-14T17:02:28+00:00","twitter_card":"summary_large_image","twitter_misc":{"Gesch\u00e4tzte Lesezeit":"2\u00a0Minuten"},"schema":{"@context":"https:\/\/schema.org","@graph":[{"@type":"WebPage","@id":"https:\/\/www.kjt.lu\/de\/kinder-psychisch-kranker-eltern\/","url":"https:\/\/www.kjt.lu\/de\/kinder-psychisch-kranker-eltern\/","name":"Kinder psychisch kranker Eltern | KJT","isPartOf":{"@id":"https:\/\/www.kjt.lu\/de\/#website"},"datePublished":"2020-12-04T08:09:34+00:00","dateModified":"2021-05-14T17:02:28+00:00","breadcrumb":{"@id":"https:\/\/www.kjt.lu\/de\/kinder-psychisch-kranker-eltern\/#breadcrumb"},"inLanguage":"de","potentialAction":[{"@type":"ReadAction","target":["https:\/\/www.kjt.lu\/de\/kinder-psychisch-kranker-eltern\/"]}]},{"@type":"BreadcrumbList","@id":"https:\/\/www.kjt.lu\/de\/kinder-psychisch-kranker-eltern\/#breadcrumb","itemListElement":[{"@type":"ListItem","position":1,"name":"Startseite","item":"https:\/\/www.kjt.lu\/de\/"},{"@type":"ListItem","position":2,"name":"Kinder psychisch kranker Eltern"}]},{"@type":"WebSite","@id":"https:\/\/www.kjt.lu\/de\/#website","url":"https:\/\/www.kjt.lu\/de\/","name":"KJT","description":"Beratung, Hilfe und Informationen f\u00fcr Kinder und Jugendliche","publisher":{"@id":"https:\/\/www.kjt.lu\/de\/#organization"},"potentialAction":[{"@type":"SearchAction","target":{"@type":"EntryPoint","urlTemplate":"https:\/\/www.kjt.lu\/de\/?s={search_term_string}"},"query-input":{"@type":"PropertyValueSpecification","valueRequired":true,"valueName":"search_term_string"}}],"inLanguage":"de"},{"@type":"Organization","@id":"https:\/\/www.kjt.lu\/de\/#organization","name":"KJT","url":"https:\/\/www.kjt.lu\/de\/","logo":{"@type":"ImageObject","inLanguage":"de","@id":"https:\/\/www.kjt.lu\/de\/#\/schema\/logo\/image\/","url":"https:\/\/www.kjt.lu\/wp-content\/uploads\/2021\/01\/kjt_white_144x61.png","contentUrl":"https:\/\/www.kjt.lu\/wp-content\/uploads\/2021\/01\/kjt_white_144x61.png","width":143,"height":61,"caption":"KJT"},"image":{"@id":"https:\/\/www.kjt.lu\/de\/#\/schema\/logo\/image\/"},"sameAs":["https:\/\/www.facebook.com\/kannerjugendtelefon","https:\/\/www.instagram.com\/kannerjugendtelefon\/"]}]}},"_links":{"self":[{"href":"https:\/\/www.kjt.lu\/de\/wp-json\/wp\/v2\/pages\/2886"}],"collection":[{"href":"https:\/\/www.kjt.lu\/de\/wp-json\/wp\/v2\/pages"}],"about":[{"href":"https:\/\/www.kjt.lu\/de\/wp-json\/wp\/v2\/types\/page"}],"author":[{"embeddable":true,"href":"https:\/\/www.kjt.lu\/de\/wp-json\/wp\/v2\/users\/1"}],"replies":[{"embeddable":true,"href":"https:\/\/www.kjt.lu\/de\/wp-json\/wp\/v2\/comments?post=2886"}],"version-history":[{"count":12,"href":"https:\/\/www.kjt.lu\/de\/wp-json\/wp\/v2\/pages\/2886\/revisions"}],"predecessor-version":[{"id":5459,"href":"https:\/\/www.kjt.lu\/de\/wp-json\/wp\/v2\/pages\/2886\/revisions\/5459"}],"wp:attachment":[{"href":"https:\/\/www.kjt.lu\/de\/wp-json\/wp\/v2\/media?parent=2886"}],"curies":[{"name":"wp","href":"https:\/\/api.w.org\/{rel}","templated":true}]}}