{"id":2798,"date":"2020-12-03T11:17:44","date_gmt":"2020-12-03T10:17:44","guid":{"rendered":"https:\/\/new.kjt.lu\/?page_id=2798"},"modified":"2026-02-03T11:57:46","modified_gmt":"2026-02-03T10:57:46","slug":"botschafter-vom-kjt","status":"publish","type":"page","link":"https:\/\/www.kjt.lu\/de\/botschafter-vom-kjt\/","title":{"rendered":"Botschafter vom KJT"},"content":{"rendered":"<div class=\"wpb-content-wrapper\"><p>[vc_row source=&#8220;&#8220; text=&#8220;HELP US REACH OUR GOAL&#8220; font_container=&#8220;tag:h2|text_align:center&#8220; use_theme_fonts=&#8220;yes&#8220; google_fonts=&#8220;font_family:Abril%20Fatface%3Aregular|font_style:400%20regular%3A400%3Anormal&#8220; custom_letter_spacing=&#8220;&#8220; link=&#8220;&#8220;][vc_column width=&#8220;10\/12&#8243; offset=&#8220;vc_col-lg-offset-1&#8243;][vc_custom_heading text=&#8220;Botschafter vom KJT&#8220; font_container=&#8220;tag:h2|text_align:center&#8220; use_theme_fonts=&#8220;yes&#8220;][vc_empty_space][vc_column_text css=&#8220;&#8220;]Die Botschafter vom KJT ist ein Projekt, das unter dem Mitwirken der freiwilligen Mitarbeiter entstanden ist. Dieses Team besteht aus Ehrenamtlichen, die \u00fcber eine jahrelange Beratungserfahrung am Kanner-Jugendtelefon verf\u00fcgen. Seit 2014, besucht das Botschafterteam, Schulen, Maison Relais und Veranstaltungen im ganzen Land. Bei Bedarf werden die Botschafter durch feste Mitarbeiter des KJT unterst\u00fctzt.<\/p>\n<p>Das Ziel dieses Angebotes ist, ein Maximum an Kindern und Jugendlichen zu erreichen und ihnen die Nummer 1 1 6 1 1 1 nahezubringen. Ganz nach dem Motto: \u201eDas Leben ver\u00e4ndert sich. Jetzt geht es dir gut, und wenn es dir einmal nicht so gut geht, hast du die Telefonnummer 1 1 6 1 1 1\u201c. Dies passiert in erster Linie \u00fcber einen interaktiven Workshop. Hier kommen Kinder und Jugendliche mit den fr\u00fcheren Beraterinnen in Kontakt. Der Austausch \u00fcber die KJT-Dienste und die Grundprinzipien des KJT ist vertrauensbildend und erleichtert Kindern und Jugendlichen den Zugang. So lernen sie aber auch das Lehrpersonal nicht nur die 1 1 6 1 1 1 kennen, sondern wissen auch, unter welchen Voraussetzungen sie darauf zur\u00fcckgreifen k\u00f6nnen.<\/p>\n<p>&nbsp;<\/p>\n<p>Wir freuen uns \u00fcber jede Einladung!<\/p>\n<p>N\u00e4here Informationen <a href=\"https:\/\/www.kjt.lu\/wp-content\/uploads\/2024\/03\/Neues-Poster-Botschafter.png\" target=\"_blank\" rel=\"noopener noreferrer\"><u>hier<\/u><\/a> oder kontaktieren sie uns \u00fcber unser <a href=\"https:\/\/www.kjt.lu\/kontakt\">Kontaktformular<\/a>.[\/vc_column_text][\/vc_column][\/vc_row]<\/p>\n<\/div>","protected":false},"excerpt":{"rendered":"<p>[vc_row source=&#8220;&#8220; text=&#8220;HELP US REACH OUR GOAL&#8220; font_container=&#8220;tag:h2|text_align:center&#8220; use_theme_fonts=&#8220;yes&#8220; google_fonts=&#8220;font_family:Abril%20Fatface%3Aregular|font_style:400%20regular%3A400%3Anormal&#8220; custom_letter_spacing=&#8220;&#8220; link=&#8220;&#8220;][vc_column width=&#8220;10\/12&#8243; offset=&#8220;vc_col-lg-offset-1&#8243;][vc_custom_heading text=&#8220;Botschafter vom KJT&#8220; font_container=&#8220;tag:h2|text_align:center&#8220; use_theme_fonts=&#8220;yes&#8220;][vc_empty_space][vc_column_text css=&#8220;&#8220;]Die&hellip;<\/p>\n","protected":false},"author":2,"featured_media":0,"parent":0,"menu_order":0,"comment_status":"closed","ping_status":"closed","template":"","meta":{"footnotes":""},"class_list":["post-2798","page","type-page","status-publish","hentry"],"yoast_head":"<!-- This site is optimized with the Yoast SEO plugin v25.4 - https:\/\/yoast.com\/wordpress\/plugins\/seo\/ -->\n<title>Botschafter vom KJT | KJT<\/title>\n<meta name=\"description\" content=\"Das Ziel der Botschafter ist es, ein Maximum an Kindern und Jugendlichen zu erreichen und ihnen die Nummer 1 1 6 1 1 1 nahezubringen.\" \/>\n<meta name=\"robots\" content=\"index, follow, max-snippet:-1, max-image-preview:large, max-video-preview:-1\" \/>\n<link rel=\"canonical\" href=\"https:\/\/www.kjt.lu\/de\/botschafter-vom-kjt\/\" \/>\n<meta property=\"og:locale\" content=\"de_DE\" \/>\n<meta property=\"og:type\" content=\"article\" \/>\n<meta property=\"og:title\" content=\"Botschafter vom KJT | KJT\" \/>\n<meta property=\"og:description\" content=\"Das Ziel der Botschafter ist es, ein Maximum an Kindern und Jugendlichen zu erreichen und ihnen die Nummer 1 1 6 1 1 1 nahezubringen.\" \/>\n<meta property=\"og:url\" content=\"https:\/\/www.kjt.lu\/de\/botschafter-vom-kjt\/\" \/>\n<meta property=\"og:site_name\" content=\"KJT\" \/>\n<meta property=\"article:publisher\" content=\"https:\/\/www.facebook.com\/kannerjugendtelefon\" \/>\n<meta property=\"article:modified_time\" content=\"2026-02-03T10:57:46+00:00\" \/>\n<meta name=\"twitter:card\" content=\"summary_large_image\" \/>\n<meta name=\"twitter:label1\" content=\"Gesch\u00e4tzte Lesezeit\" \/>\n\t<meta name=\"twitter:data1\" content=\"2\u00a0Minuten\" \/>\n<script type=\"application\/ld+json\" class=\"yoast-schema-graph\">{\"@context\":\"https:\/\/schema.org\",\"@graph\":[{\"@type\":\"WebPage\",\"@id\":\"https:\/\/www.kjt.lu\/de\/botschafter-vom-kjt\/\",\"url\":\"https:\/\/www.kjt.lu\/de\/botschafter-vom-kjt\/\",\"name\":\"Botschafter vom KJT | KJT\",\"isPartOf\":{\"@id\":\"https:\/\/www.kjt.lu\/de\/#website\"},\"datePublished\":\"2020-12-03T10:17:44+00:00\",\"dateModified\":\"2026-02-03T10:57:46+00:00\",\"description\":\"Das Ziel der Botschafter ist es, ein Maximum an Kindern und Jugendlichen zu erreichen und ihnen die Nummer 1 1 6 1 1 1 nahezubringen.\",\"breadcrumb\":{\"@id\":\"https:\/\/www.kjt.lu\/de\/botschafter-vom-kjt\/#breadcrumb\"},\"inLanguage\":\"de\",\"potentialAction\":[{\"@type\":\"ReadAction\",\"target\":[\"https:\/\/www.kjt.lu\/de\/botschafter-vom-kjt\/\"]}]},{\"@type\":\"BreadcrumbList\",\"@id\":\"https:\/\/www.kjt.lu\/de\/botschafter-vom-kjt\/#breadcrumb\",\"itemListElement\":[{\"@type\":\"ListItem\",\"position\":1,\"name\":\"Startseite\",\"item\":\"https:\/\/www.kjt.lu\/de\/\"},{\"@type\":\"ListItem\",\"position\":2,\"name\":\"Botschafter vom KJT\"}]},{\"@type\":\"WebSite\",\"@id\":\"https:\/\/www.kjt.lu\/de\/#website\",\"url\":\"https:\/\/www.kjt.lu\/de\/\",\"name\":\"KJT\",\"description\":\"Beratung, Hilfe und Informationen f\u00fcr Kinder und Jugendliche\",\"publisher\":{\"@id\":\"https:\/\/www.kjt.lu\/de\/#organization\"},\"potentialAction\":[{\"@type\":\"SearchAction\",\"target\":{\"@type\":\"EntryPoint\",\"urlTemplate\":\"https:\/\/www.kjt.lu\/de\/?s={search_term_string}\"},\"query-input\":{\"@type\":\"PropertyValueSpecification\",\"valueRequired\":true,\"valueName\":\"search_term_string\"}}],\"inLanguage\":\"de\"},{\"@type\":\"Organization\",\"@id\":\"https:\/\/www.kjt.lu\/de\/#organization\",\"name\":\"KJT\",\"url\":\"https:\/\/www.kjt.lu\/de\/\",\"logo\":{\"@type\":\"ImageObject\",\"inLanguage\":\"de\",\"@id\":\"https:\/\/www.kjt.lu\/de\/#\/schema\/logo\/image\/\",\"url\":\"https:\/\/www.kjt.lu\/wp-content\/uploads\/2021\/01\/kjt_white_144x61.png\",\"contentUrl\":\"https:\/\/www.kjt.lu\/wp-content\/uploads\/2021\/01\/kjt_white_144x61.png\",\"width\":143,\"height\":61,\"caption\":\"KJT\"},\"image\":{\"@id\":\"https:\/\/www.kjt.lu\/de\/#\/schema\/logo\/image\/\"},\"sameAs\":[\"https:\/\/www.facebook.com\/kannerjugendtelefon\",\"https:\/\/www.instagram.com\/kannerjugendtelefon\/\"]}]}<\/script>\n<!-- \/ Yoast SEO plugin. -->","yoast_head_json":{"title":"Botschafter vom KJT | KJT","description":"Das Ziel der Botschafter ist es, ein Maximum an Kindern und Jugendlichen zu erreichen und ihnen die Nummer 1 1 6 1 1 1 nahezubringen.","robots":{"index":"index","follow":"follow","max-snippet":"max-snippet:-1","max-image-preview":"max-image-preview:large","max-video-preview":"max-video-preview:-1"},"canonical":"https:\/\/www.kjt.lu\/de\/botschafter-vom-kjt\/","og_locale":"de_DE","og_type":"article","og_title":"Botschafter vom KJT | KJT","og_description":"Das Ziel der Botschafter ist es, ein Maximum an Kindern und Jugendlichen zu erreichen und ihnen die Nummer 1 1 6 1 1 1 nahezubringen.","og_url":"https:\/\/www.kjt.lu\/de\/botschafter-vom-kjt\/","og_site_name":"KJT","article_publisher":"https:\/\/www.facebook.com\/kannerjugendtelefon","article_modified_time":"2026-02-03T10:57:46+00:00","twitter_card":"summary_large_image","twitter_misc":{"Gesch\u00e4tzte Lesezeit":"2\u00a0Minuten"},"schema":{"@context":"https:\/\/schema.org","@graph":[{"@type":"WebPage","@id":"https:\/\/www.kjt.lu\/de\/botschafter-vom-kjt\/","url":"https:\/\/www.kjt.lu\/de\/botschafter-vom-kjt\/","name":"Botschafter vom KJT | KJT","isPartOf":{"@id":"https:\/\/www.kjt.lu\/de\/#website"},"datePublished":"2020-12-03T10:17:44+00:00","dateModified":"2026-02-03T10:57:46+00:00","description":"Das Ziel der Botschafter ist es, ein Maximum an Kindern und Jugendlichen zu erreichen und ihnen die Nummer 1 1 6 1 1 1 nahezubringen.","breadcrumb":{"@id":"https:\/\/www.kjt.lu\/de\/botschafter-vom-kjt\/#breadcrumb"},"inLanguage":"de","potentialAction":[{"@type":"ReadAction","target":["https:\/\/www.kjt.lu\/de\/botschafter-vom-kjt\/"]}]},{"@type":"BreadcrumbList","@id":"https:\/\/www.kjt.lu\/de\/botschafter-vom-kjt\/#breadcrumb","itemListElement":[{"@type":"ListItem","position":1,"name":"Startseite","item":"https:\/\/www.kjt.lu\/de\/"},{"@type":"ListItem","position":2,"name":"Botschafter vom KJT"}]},{"@type":"WebSite","@id":"https:\/\/www.kjt.lu\/de\/#website","url":"https:\/\/www.kjt.lu\/de\/","name":"KJT","description":"Beratung, Hilfe und Informationen f\u00fcr Kinder und Jugendliche","publisher":{"@id":"https:\/\/www.kjt.lu\/de\/#organization"},"potentialAction":[{"@type":"SearchAction","target":{"@type":"EntryPoint","urlTemplate":"https:\/\/www.kjt.lu\/de\/?s={search_term_string}"},"query-input":{"@type":"PropertyValueSpecification","valueRequired":true,"valueName":"search_term_string"}}],"inLanguage":"de"},{"@type":"Organization","@id":"https:\/\/www.kjt.lu\/de\/#organization","name":"KJT","url":"https:\/\/www.kjt.lu\/de\/","logo":{"@type":"ImageObject","inLanguage":"de","@id":"https:\/\/www.kjt.lu\/de\/#\/schema\/logo\/image\/","url":"https:\/\/www.kjt.lu\/wp-content\/uploads\/2021\/01\/kjt_white_144x61.png","contentUrl":"https:\/\/www.kjt.lu\/wp-content\/uploads\/2021\/01\/kjt_white_144x61.png","width":143,"height":61,"caption":"KJT"},"image":{"@id":"https:\/\/www.kjt.lu\/de\/#\/schema\/logo\/image\/"},"sameAs":["https:\/\/www.facebook.com\/kannerjugendtelefon","https:\/\/www.instagram.com\/kannerjugendtelefon\/"]}]}},"_links":{"self":[{"href":"https:\/\/www.kjt.lu\/de\/wp-json\/wp\/v2\/pages\/2798"}],"collection":[{"href":"https:\/\/www.kjt.lu\/de\/wp-json\/wp\/v2\/pages"}],"about":[{"href":"https:\/\/www.kjt.lu\/de\/wp-json\/wp\/v2\/types\/page"}],"author":[{"embeddable":true,"href":"https:\/\/www.kjt.lu\/de\/wp-json\/wp\/v2\/users\/2"}],"replies":[{"embeddable":true,"href":"https:\/\/www.kjt.lu\/de\/wp-json\/wp\/v2\/comments?post=2798"}],"version-history":[{"count":22,"href":"https:\/\/www.kjt.lu\/de\/wp-json\/wp\/v2\/pages\/2798\/revisions"}],"predecessor-version":[{"id":15966,"href":"https:\/\/www.kjt.lu\/de\/wp-json\/wp\/v2\/pages\/2798\/revisions\/15966"}],"wp:attachment":[{"href":"https:\/\/www.kjt.lu\/de\/wp-json\/wp\/v2\/media?parent=2798"}],"curies":[{"name":"wp","href":"https:\/\/api.w.org\/{rel}","templated":true}]}}