{"id":2782,"date":"2020-12-03T09:51:52","date_gmt":"2020-12-03T08:51:52","guid":{"rendered":"https:\/\/new.kjt.lu\/?page_id=2782"},"modified":"2026-01-14T13:44:16","modified_gmt":"2026-01-14T12:44:16","slug":"ehrenamtliche-mitarbeit-am-kjt","status":"publish","type":"page","link":"https:\/\/www.kjt.lu\/de\/ehrenamtliche-mitarbeit-am-kjt\/","title":{"rendered":"Ehrenamtliche Mitarbeit am KJT"},"content":{"rendered":"<div class=\"wpb-content-wrapper\"><p>[vc_row][vc_column][vc_custom_heading text=&#8220;Ehrenamtliche Mitarbeit am KJT&#8220; font_container=&#8220;tag:h1|text_align:center&#8220; use_theme_fonts=&#8220;yes&#8220;][vc_empty_space][vc_single_image image=&#8220;3421&#8243; img_size=&#8220;medium&#8220; alignment=&#8220;center&#8220;][vc_empty_space][vc_column_text css=&#8220;&#8220;]Die Beratungsarbeit am KJT basiert auf der Mitarbeit von ehrenamtlichen Mitarbeitern. Ehrenamtliche Mitarbeiter sind je speziell ausgebildete Berater am 1 1 6 1 1 1 Kanner-Jugendtelefon, an der Online Help und dem Elterentelefon. Sie unterst\u00fctzen die Beratung an der BEE SECURE Helpline.<\/p>\n<p>&nbsp;<\/p>\n<p><strong>Wie werde ich ehrenamtlicher Berater vom KJT?<\/strong><\/p>\n<p>Alle freiwilligen Mitarbeiter des KJT nehmen an einer Grundausbildung teil. Die Grundausbildung betr\u00e4gt 70 Stunden und etwa 50 Stunden Praktikum.<\/p>\n<p>Die Grundausbildung ruht auf drei S\u00e4ulen:<\/p>\n<ul>\n<li><strong>Grundhaltungen des Beraters und Gespr\u00e4chstechniken<\/strong><\/li>\n<li><strong>Psychologisches und p\u00e4dagogisches Wissen<\/strong><br \/>\nEntwicklungspsychologie des Kindheits- und des Jugendalters, Familienstrukturen und Familiendynamik, Scheidung, Sexualit\u00e4t, Abh\u00e4ngigkeit, Psychische Gesundheit, Gewalt in Familien, sexuelle Gewalt gegen Kinder usw.<\/li>\n<li><strong>Kenntnisse \u00fcber die Beratungs- und Hilfseinrichtungen in Luxemburg.<\/strong><\/li>\n<\/ul>\n<p>Das Praktikum besteht aus zwei Phasen. In einer ersten Phase besucht der Praktikant erfahrene Berater und h\u00f6rt bei Beratungsgespr\u00e4chen mit, in der zweiten Phase f\u00fchrt er unter Begleitung eines Mentors eigene Gespr\u00e4che.<\/p>\n<p>&nbsp;<\/p>\n<p><strong>Was muss ich mitbringen, um ehrenamtlicher Berater zu werden?<\/strong><\/p>\n<p>Als ausgebildeter ehrenamtlicher Mitarbeiter trage ich mich in zwei Schichten pro Monat ein (eine Schicht dauert zwischen 2 und 3 Stunden). Jeder Mitarbeiter ist verpflichtet einmal monatlich an einer Supervision teilzunehmen (maximale Dauer 3 Stunden). Des Weiteren nimmt jeder Mitarbeiter innerhalb eines Jahres an mindestens 1 Weiterbildung, sowie an 1 Themenabend teil. Supervision und Fortbildung dienen der Qualit\u00e4tssicherung der Beratungsarbeit.<\/p>\n<p>&nbsp;<\/p>\n<p><strong>Wann findet die n\u00e4chste Grundausbildung statt?<\/strong><\/p>\n<p>Etwa alle 2 Jahre organisieren wir eine neue Grundausbildung. Die n\u00e4chste Grundausbildung startet im Herbst 2027. Vor jedem Start laden wir zu einem Informationsabend ein.<\/p>\n<p>&nbsp;<\/p>\n<p><strong>Was passiert nachdem ich die Grundausbildung abgeschlossen habe?<\/strong><\/p>\n<p>Nach der abgeschlossenen Grundausbildung werden sie als aktiver Mitarbeiter in den Dienst des 1 1 6 1 1 1 Kanner-Jugendtelefons aufgenommen. Sie werden Mitarbeiter im sch\u00f6nen Team von interessanten und netten Beratern vom KJT. Sie k\u00f6nnen sich jetzt selbstst\u00e4ndig in die ihrer zeitlichen M\u00f6glichkeiten entsprechenden Schichten eintragen, sowie in eine f\u00fcr sie passende Supervisionsgruppe. Die monatliche Supervision dient der kritischen Reflexion der Beratungsarbeit, der Verbesserung der Beratungskompetenz, der Psychohygiene, der Qualit\u00e4tssicherung der Beratungsarbeit und der Erweiterung des Fachwissens.<\/p>\n<p>Nach der Ausbildung sind ehrenamtliche Mitarbeiter verpflichtet an regelm\u00e4\u00dfig angebotenen Weiterbildungsseminaren und Themenabenden teilzunehmen. Diese dienen der Weiterentwicklung der Beratungskompetenz und der Erweiterung und Vertiefung des Fachwissens zu allen Bereichen des Schutzes, der Gesundheit und des Wohlergehens von Kindern und Jugendlichen.<\/p>\n<p>Nach 3 Jahren Erfahrung k\u00f6nnen unsere ehrenamtlichen Berater sich auf Wunsch zum Onlineberater oder Elternberater weiterbilden.<\/p>\n<p>&nbsp;<\/p>\n<p><strong>Interessiert? Wo kann ich mich melden?<\/strong><\/p>\n<p>Sch\u00f6n, dass sie an der freiwilligen Mitarbeit interessiert sind. Melden sie sich gerne \u00fcber untenstehendes Formular. Wir werden sie zum n\u00e4chsten Informationsabend einladen.<\/p>\n<p>F\u00fcr weitere Fragen nutzen sie einfach dieses\u00a0<a href=\"https:\/\/www.kjt.lu\/kontakt\/\" target=\"_blank\" rel=\"noopener\">Kontaktformular<\/a>.<\/p>\n<p>Wir freuen uns auf Sie![\/vc_column_text][vc_custom_heading text=&#8220;Ihr Interesse an freiwilliger Mitarbeit&#8220; font_container=&#8220;tag:h2|text_align:center&#8220; use_theme_fonts=&#8220;yes&#8220; css=&#8220;.vc_custom_1615758115642{padding-top: 32px !important;padding-bottom: 20px !important;}&#8220;]\n<div class=\"wpcf7 no-js\" id=\"wpcf7-f3118-o1\" lang=\"de-DE\" dir=\"ltr\" data-wpcf7-id=\"3118\">\n<div class=\"screen-reader-response\"><p role=\"status\" aria-live=\"polite\" aria-atomic=\"true\"><\/p> <ul><\/ul><\/div>\n<form action=\"\/de\/wp-json\/wp\/v2\/pages\/2782#wpcf7-f3118-o1\" method=\"post\" class=\"wpcf7-form init\" aria-label=\"Kontaktformular\" novalidate=\"novalidate\" data-status=\"init\">\n<div style=\"display: none;\">\n<input type=\"hidden\" name=\"_wpcf7\" value=\"3118\" \/>\n<input type=\"hidden\" name=\"_wpcf7_version\" value=\"6.0.4\" \/>\n<input type=\"hidden\" name=\"_wpcf7_locale\" value=\"de_DE\" \/>\n<input type=\"hidden\" name=\"_wpcf7_unit_tag\" value=\"wpcf7-f3118-o1\" \/>\n<input type=\"hidden\" name=\"_wpcf7_container_post\" value=\"0\" \/>\n<input type=\"hidden\" name=\"_wpcf7_posted_data_hash\" value=\"\" \/>\n<input type=\"hidden\" name=\"_wpcf7cf_hidden_group_fields\" value=\"[]\" \/>\n<input type=\"hidden\" name=\"_wpcf7cf_hidden_groups\" value=\"[]\" \/>\n<input type=\"hidden\" name=\"_wpcf7cf_visible_groups\" value=\"[]\" \/>\n<input type=\"hidden\" name=\"_wpcf7cf_repeaters\" value=\"[]\" \/>\n<input type=\"hidden\" name=\"_wpcf7cf_steps\" value=\"{}\" \/>\n<input type=\"hidden\" name=\"_wpcf7cf_options\" value=\"{&quot;form_id&quot;:3118,&quot;conditions&quot;:[],&quot;settings&quot;:{&quot;animation&quot;:&quot;yes&quot;,&quot;animation_intime&quot;:200,&quot;animation_outtime&quot;:200,&quot;conditions_ui&quot;:&quot;normal&quot;,&quot;notice_dismissed&quot;:false,&quot;notice_dismissed_rollback-cf7-5.3.2&quot;:true,&quot;notice_dismissed_update-cf7-5.6.1&quot;:true,&quot;notice_dismissed_update-cf7-5.6.2&quot;:true,&quot;notice_dismissed_update-cf7-5.7.7&quot;:true,&quot;notice_dismissed_rollback-cf7-5.9.3&quot;:true,&quot;notice_dismissed_rollback-cf7-5.9.5&quot;:true,&quot;notice_dismissed_update-cf7-6.1&quot;:true}}\" \/>\n<\/div>\n<div class=\"ctf ct-name\">\n\t<p><label> Name<br \/>\n<span class=\"wpcf7-form-control-wrap\" data-name=\"your-name\"><input size=\"40\" maxlength=\"400\" class=\"wpcf7-form-control wpcf7-text\" aria-invalid=\"false\" value=\"\" type=\"text\" name=\"your-name\" \/><\/span> <\/label>\n\t<\/p>\n<\/div>\n<div class=\"ctf ct-email\">\n\t<p><label> Vorname<br \/>\n<span class=\"wpcf7-form-control-wrap\" data-name=\"your-vorname\"><input size=\"40\" maxlength=\"400\" class=\"wpcf7-form-control wpcf7-text\" aria-invalid=\"false\" value=\"\" type=\"text\" name=\"your-vorname\" \/><\/span> <\/label>\n\t<\/p>\n<\/div>\n<div class=\"ctf ct-street\">\n\t<p><label> Strasse und Nr oder Postfach<br \/>\n<span class=\"wpcf7-form-control-wrap\" data-name=\"your-street\"><input size=\"40\" maxlength=\"400\" class=\"wpcf7-form-control wpcf7-text\" aria-invalid=\"false\" value=\"\" type=\"text\" name=\"your-street\" \/><\/span> <\/label><span id=\"wpcf7-69e34c8e5e21e-wrapper\" class=\"wpcf7-form-control-wrap street-wrap\" style=\"display:none !important; visibility:hidden !important;\"><input type=\"hidden\" name=\"street-time-start\" value=\"1776503950\"><input type=\"hidden\" name=\"street-time-check\" value=\"3\"><label for=\"wpcf7-69e34c8e5e21e-field\" class=\"hp-message\">Bitte lasse dieses Feld leer.<\/label><input id=\"wpcf7-69e34c8e5e21e-field\"  class=\"wpcf7-form-control wpcf7-text\" type=\"text\" name=\"street\" value=\"\" size=\"40\" tabindex=\"-1\" autocomplete=\"new-password\" \/><\/span>\n\t<\/p>\n<\/div>\n<div class=\"ctf ct-name\">\n\t<p><label> Postleitzahl<br \/>\n<span class=\"wpcf7-form-control-wrap\" data-name=\"your-plz\"><input size=\"40\" maxlength=\"400\" class=\"wpcf7-form-control wpcf7-text\" aria-invalid=\"false\" value=\"\" type=\"text\" name=\"your-plz\" \/><\/span> <\/label>\n\t<\/p>\n<\/div>\n<div class=\"ctf ct-email\">\n\t<p><label> Ort<br \/>\n<span class=\"wpcf7-form-control-wrap\" data-name=\"your-ort\"><input size=\"40\" maxlength=\"400\" class=\"wpcf7-form-control wpcf7-text\" aria-invalid=\"false\" value=\"\" type=\"text\" name=\"your-ort\" \/><\/span> <\/label>\n\t<\/p>\n<\/div>\n<div class=\"ctf\">\n\t<p><label> Telefonnummer<br \/>\n<span class=\"wpcf7-form-control-wrap\" data-name=\"your-telefon\"><input size=\"40\" maxlength=\"400\" class=\"wpcf7-form-control wpcf7-text\" aria-invalid=\"false\" value=\"\" type=\"text\" name=\"your-telefon\" \/><\/span> <\/label>\n\t<\/p>\n<\/div>\n<div class=\"ctf ct-email-wide\">\n\t<p><label> Email *<br \/>\n<span class=\"wpcf7-form-control-wrap\" data-name=\"your-email\"><input size=\"40\" maxlength=\"400\" class=\"wpcf7-form-control wpcf7-email wpcf7-validates-as-required wpcf7-text wpcf7-validates-as-email\" aria-required=\"true\" aria-invalid=\"false\" value=\"\" type=\"email\" name=\"your-email\" \/><\/span> <\/label>\n\t<\/p>\n<\/div>\n<div class=\"ctf\">\n\t<p><label> Informationspaket<br \/>\n<span class=\"wpcf7-form-control-wrap\" data-name=\"menu-infopaket\"><select class=\"wpcf7-form-control wpcf7-select wpcf7-validates-as-required\" aria-required=\"true\" aria-invalid=\"false\" name=\"menu-infopaket\"><option value=\"Bitte w\u00e4hlen\">Bitte w\u00e4hlen<\/option><option value=\"Ja, ich m\u00f6chte das Info-Dossier per Post zugeschickt bekommen\">Ja, ich m\u00f6chte das Info-Dossier per Post zugeschickt bekommen<\/option><option value=\"Ja, ich m\u00f6chte das Info-Dossier per E-Mail zugeschickt bekommen\">Ja, ich m\u00f6chte das Info-Dossier per E-Mail zugeschickt bekommen<\/option><option value=\"Nein, danke\">Nein, danke<\/option><\/select><\/span><br \/>\n<\/label>\n\t<\/p>\n<\/div>\n<div class=\"ctf\">\n\t<p><label> Einladung zur Informationsveranstaltung<br \/>\n<span class=\"wpcf7-form-control-wrap\" data-name=\"menu-versammlung\"><select class=\"wpcf7-form-control wpcf7-select wpcf7-validates-as-required\" aria-required=\"true\" aria-invalid=\"false\" name=\"menu-versammlung\"><option value=\"Bitte w\u00e4hlen\">Bitte w\u00e4hlen<\/option><option value=\"Ja, ich m\u00f6chte eine Einladung per Post zugeschickt bekommen\">Ja, ich m\u00f6chte eine Einladung per Post zugeschickt bekommen<\/option><option value=\"Ja, ich m\u00f6chte eine Einladung per E-Mail erhalten\">Ja, ich m\u00f6chte eine Einladung per E-Mail erhalten<\/option><option value=\"Nein, danke\">Nein, danke<\/option><\/select><\/span><br \/>\n<\/label>\n\t<\/p>\n<\/div>\n<div class=\"ctf\">\n\t<p><label> Kontaktaufnahme gew\u00fcnscht?<br \/>\n<span class=\"wpcf7-form-control-wrap\" data-name=\"menu-kontakt\"><select class=\"wpcf7-form-control wpcf7-select wpcf7-validates-as-required\" aria-required=\"true\" aria-invalid=\"false\" name=\"menu-kontakt\"><option value=\"Bitte w\u00e4hlen\">Bitte w\u00e4hlen<\/option><option value=\"Ja, ich m\u00f6chte in den n\u00e4chsten Tagen telefonisch kontaktiert werden.\">Ja, ich m\u00f6chte in den n\u00e4chsten Tagen telefonisch kontaktiert werden.<\/option><option value=\"Nein, danke\">Nein, danke<\/option><\/select><\/span><br \/>\n<\/label>\n\t<\/p>\n<\/div>\n<div class=\"ctf ct-mess\">\n\t<p><label> Bemerkungen oder Fragen<br \/>\n<span class=\"wpcf7-form-control-wrap\" data-name=\"your-message\"><textarea cols=\"40\" rows=\"10\" maxlength=\"2000\" class=\"wpcf7-form-control wpcf7-textarea\" aria-invalid=\"false\" name=\"your-message\"><\/textarea><\/span> <\/label>\n\t<\/p>\n<\/div>\n<div class=\"ctf ct-quiz\">\n\t<p><label><br \/>\n<span class=\"wpcf7-form-control-wrap\" data-name=\"random-math-quiz\"><label><span class=\"wpcf7-quiz-label\">7 + 1 = ?<\/span> <input size=\"40\" class=\"wpcf7-form-control wpcf7-quiz\" autocomplete=\"off\" aria-required=\"true\" aria-invalid=\"false\" type=\"text\" name=\"random-math-quiz\" \/><\/label><input type=\"hidden\" name=\"_wpcf7_quiz_answer_random-math-quiz\" value=\"5d491d0893a9f84c79b8e1a90cbbf9b1\" \/><\/span><\/label>\n\t<\/p>\n<\/div>\n<div class=\"ctf\">\n\t<p><span class=\"wpcf7-form-control-wrap\" data-name=\"acceptance-datenschutz\"><span class=\"wpcf7-form-control wpcf7-acceptance\"><span class=\"wpcf7-list-item\"><label><input type=\"checkbox\" name=\"acceptance-datenschutz\" value=\"1\" aria-invalid=\"false\" \/><span class=\"wpcf7-list-item-label\">Ich bin damit einverstanden, dass die \u00fcber dieses Formular gesendeten Daten nur zur Bearbeitung meiner Anfrage verwendet werden. Die Datenverarbeitung unterliegt <a href=\"\/datenschutz\/\" title=\"Zur Datenschutzerkl\u00e4rung\" target=\"_blank\">unseren Datenschutzbestimmungen<\/a>.<\/span><\/label><\/span><\/span><\/span>\n\t<\/p>\n<\/div>\n<div class=\"ctf\">\n\t<p>&nbsp;\n\t<\/p>\n<\/div>\n<p><input class=\"wpcf7-form-control wpcf7-submit has-spinner\" type=\"submit\" value=\"Absenden\" \/>\n<\/p><div class=\"wpcf7-response-output\" aria-hidden=\"true\"><\/div>\n<\/form>\n<\/div>\n[\/vc_column][\/vc_row]<\/p>\n<\/div>","protected":false},"excerpt":{"rendered":"<p>[vc_row][vc_column][vc_custom_heading text=&#8220;Ehrenamtliche Mitarbeit am KJT&#8220; font_container=&#8220;tag:h1|text_align:center&#8220; use_theme_fonts=&#8220;yes&#8220;][vc_empty_space][vc_single_image image=&#8220;3421&#8243; img_size=&#8220;medium&#8220; alignment=&#8220;center&#8220;][vc_empty_space][vc_column_text css=&#8220;&#8220;]Die Beratungsarbeit am KJT basiert auf der Mitarbeit von ehrenamtlichen&hellip;<\/p>\n","protected":false},"author":2,"featured_media":0,"parent":0,"menu_order":0,"comment_status":"closed","ping_status":"closed","template":"","meta":{"footnotes":""},"class_list":["post-2782","page","type-page","status-publish","hentry"],"yoast_head":"<!-- This site is optimized with the Yoast SEO plugin v25.4 - https:\/\/yoast.com\/wordpress\/plugins\/seo\/ -->\n<title>Ehrenamtliche Mitarbeit am KJT | KJT<\/title>\n<meta name=\"robots\" content=\"index, follow, max-snippet:-1, max-image-preview:large, max-video-preview:-1\" \/>\n<link rel=\"canonical\" href=\"https:\/\/www.kjt.lu\/de\/ehrenamtliche-mitarbeit-am-kjt\/\" \/>\n<meta property=\"og:locale\" content=\"de_DE\" \/>\n<meta property=\"og:type\" content=\"article\" \/>\n<meta property=\"og:title\" content=\"Ehrenamtliche Mitarbeit am KJT | KJT\" \/>\n<meta property=\"og:description\" content=\"[vc_row][vc_column][vc_custom_heading text=&#8220;Ehrenamtliche Mitarbeit am KJT&#8220; font_container=&#8220;tag:h1|text_align:center&#8220; use_theme_fonts=&#8220;yes&#8220;][vc_empty_space][vc_single_image image=&#8220;3421&#8243; img_size=&#8220;medium&#8220; alignment=&#8220;center&#8220;][vc_empty_space][vc_column_text css=&#8220;&#8220;]Die Beratungsarbeit am KJT basiert auf der Mitarbeit von ehrenamtlichen&hellip;\" \/>\n<meta property=\"og:url\" content=\"https:\/\/www.kjt.lu\/de\/ehrenamtliche-mitarbeit-am-kjt\/\" \/>\n<meta property=\"og:site_name\" content=\"KJT\" \/>\n<meta property=\"article:publisher\" content=\"https:\/\/www.facebook.com\/kannerjugendtelefon\" \/>\n<meta property=\"article:modified_time\" content=\"2026-01-14T12:44:16+00:00\" \/>\n<meta name=\"twitter:card\" content=\"summary_large_image\" \/>\n<meta name=\"twitter:label1\" content=\"Gesch\u00e4tzte Lesezeit\" \/>\n\t<meta name=\"twitter:data1\" content=\"3\u00a0Minuten\" \/>\n<script type=\"application\/ld+json\" class=\"yoast-schema-graph\">{\"@context\":\"https:\/\/schema.org\",\"@graph\":[{\"@type\":\"WebPage\",\"@id\":\"https:\/\/www.kjt.lu\/de\/ehrenamtliche-mitarbeit-am-kjt\/\",\"url\":\"https:\/\/www.kjt.lu\/de\/ehrenamtliche-mitarbeit-am-kjt\/\",\"name\":\"Ehrenamtliche Mitarbeit am KJT | KJT\",\"isPartOf\":{\"@id\":\"https:\/\/www.kjt.lu\/de\/#website\"},\"datePublished\":\"2020-12-03T08:51:52+00:00\",\"dateModified\":\"2026-01-14T12:44:16+00:00\",\"breadcrumb\":{\"@id\":\"https:\/\/www.kjt.lu\/de\/ehrenamtliche-mitarbeit-am-kjt\/#breadcrumb\"},\"inLanguage\":\"de\",\"potentialAction\":[{\"@type\":\"ReadAction\",\"target\":[\"https:\/\/www.kjt.lu\/de\/ehrenamtliche-mitarbeit-am-kjt\/\"]}]},{\"@type\":\"BreadcrumbList\",\"@id\":\"https:\/\/www.kjt.lu\/de\/ehrenamtliche-mitarbeit-am-kjt\/#breadcrumb\",\"itemListElement\":[{\"@type\":\"ListItem\",\"position\":1,\"name\":\"Startseite\",\"item\":\"https:\/\/www.kjt.lu\/de\/\"},{\"@type\":\"ListItem\",\"position\":2,\"name\":\"Ehrenamtliche Mitarbeit am KJT\"}]},{\"@type\":\"WebSite\",\"@id\":\"https:\/\/www.kjt.lu\/de\/#website\",\"url\":\"https:\/\/www.kjt.lu\/de\/\",\"name\":\"KJT\",\"description\":\"Beratung, Hilfe und Informationen f\u00fcr Kinder und Jugendliche\",\"publisher\":{\"@id\":\"https:\/\/www.kjt.lu\/de\/#organization\"},\"potentialAction\":[{\"@type\":\"SearchAction\",\"target\":{\"@type\":\"EntryPoint\",\"urlTemplate\":\"https:\/\/www.kjt.lu\/de\/?s={search_term_string}\"},\"query-input\":{\"@type\":\"PropertyValueSpecification\",\"valueRequired\":true,\"valueName\":\"search_term_string\"}}],\"inLanguage\":\"de\"},{\"@type\":\"Organization\",\"@id\":\"https:\/\/www.kjt.lu\/de\/#organization\",\"name\":\"KJT\",\"url\":\"https:\/\/www.kjt.lu\/de\/\",\"logo\":{\"@type\":\"ImageObject\",\"inLanguage\":\"de\",\"@id\":\"https:\/\/www.kjt.lu\/de\/#\/schema\/logo\/image\/\",\"url\":\"https:\/\/www.kjt.lu\/wp-content\/uploads\/2021\/01\/kjt_white_144x61.png\",\"contentUrl\":\"https:\/\/www.kjt.lu\/wp-content\/uploads\/2021\/01\/kjt_white_144x61.png\",\"width\":143,\"height\":61,\"caption\":\"KJT\"},\"image\":{\"@id\":\"https:\/\/www.kjt.lu\/de\/#\/schema\/logo\/image\/\"},\"sameAs\":[\"https:\/\/www.facebook.com\/kannerjugendtelefon\",\"https:\/\/www.instagram.com\/kannerjugendtelefon\/\"]}]}<\/script>\n<!-- \/ Yoast SEO plugin. -->","yoast_head_json":{"title":"Ehrenamtliche Mitarbeit am KJT | KJT","robots":{"index":"index","follow":"follow","max-snippet":"max-snippet:-1","max-image-preview":"max-image-preview:large","max-video-preview":"max-video-preview:-1"},"canonical":"https:\/\/www.kjt.lu\/de\/ehrenamtliche-mitarbeit-am-kjt\/","og_locale":"de_DE","og_type":"article","og_title":"Ehrenamtliche Mitarbeit am KJT | KJT","og_description":"[vc_row][vc_column][vc_custom_heading text=&#8220;Ehrenamtliche Mitarbeit am KJT&#8220; font_container=&#8220;tag:h1|text_align:center&#8220; use_theme_fonts=&#8220;yes&#8220;][vc_empty_space][vc_single_image image=&#8220;3421&#8243; img_size=&#8220;medium&#8220; alignment=&#8220;center&#8220;][vc_empty_space][vc_column_text css=&#8220;&#8220;]Die Beratungsarbeit am KJT basiert auf der Mitarbeit von ehrenamtlichen&hellip;","og_url":"https:\/\/www.kjt.lu\/de\/ehrenamtliche-mitarbeit-am-kjt\/","og_site_name":"KJT","article_publisher":"https:\/\/www.facebook.com\/kannerjugendtelefon","article_modified_time":"2026-01-14T12:44:16+00:00","twitter_card":"summary_large_image","twitter_misc":{"Gesch\u00e4tzte Lesezeit":"3\u00a0Minuten"},"schema":{"@context":"https:\/\/schema.org","@graph":[{"@type":"WebPage","@id":"https:\/\/www.kjt.lu\/de\/ehrenamtliche-mitarbeit-am-kjt\/","url":"https:\/\/www.kjt.lu\/de\/ehrenamtliche-mitarbeit-am-kjt\/","name":"Ehrenamtliche Mitarbeit am KJT | KJT","isPartOf":{"@id":"https:\/\/www.kjt.lu\/de\/#website"},"datePublished":"2020-12-03T08:51:52+00:00","dateModified":"2026-01-14T12:44:16+00:00","breadcrumb":{"@id":"https:\/\/www.kjt.lu\/de\/ehrenamtliche-mitarbeit-am-kjt\/#breadcrumb"},"inLanguage":"de","potentialAction":[{"@type":"ReadAction","target":["https:\/\/www.kjt.lu\/de\/ehrenamtliche-mitarbeit-am-kjt\/"]}]},{"@type":"BreadcrumbList","@id":"https:\/\/www.kjt.lu\/de\/ehrenamtliche-mitarbeit-am-kjt\/#breadcrumb","itemListElement":[{"@type":"ListItem","position":1,"name":"Startseite","item":"https:\/\/www.kjt.lu\/de\/"},{"@type":"ListItem","position":2,"name":"Ehrenamtliche Mitarbeit am KJT"}]},{"@type":"WebSite","@id":"https:\/\/www.kjt.lu\/de\/#website","url":"https:\/\/www.kjt.lu\/de\/","name":"KJT","description":"Beratung, Hilfe und Informationen f\u00fcr Kinder und Jugendliche","publisher":{"@id":"https:\/\/www.kjt.lu\/de\/#organization"},"potentialAction":[{"@type":"SearchAction","target":{"@type":"EntryPoint","urlTemplate":"https:\/\/www.kjt.lu\/de\/?s={search_term_string}"},"query-input":{"@type":"PropertyValueSpecification","valueRequired":true,"valueName":"search_term_string"}}],"inLanguage":"de"},{"@type":"Organization","@id":"https:\/\/www.kjt.lu\/de\/#organization","name":"KJT","url":"https:\/\/www.kjt.lu\/de\/","logo":{"@type":"ImageObject","inLanguage":"de","@id":"https:\/\/www.kjt.lu\/de\/#\/schema\/logo\/image\/","url":"https:\/\/www.kjt.lu\/wp-content\/uploads\/2021\/01\/kjt_white_144x61.png","contentUrl":"https:\/\/www.kjt.lu\/wp-content\/uploads\/2021\/01\/kjt_white_144x61.png","width":143,"height":61,"caption":"KJT"},"image":{"@id":"https:\/\/www.kjt.lu\/de\/#\/schema\/logo\/image\/"},"sameAs":["https:\/\/www.facebook.com\/kannerjugendtelefon","https:\/\/www.instagram.com\/kannerjugendtelefon\/"]}]}},"_links":{"self":[{"href":"https:\/\/www.kjt.lu\/de\/wp-json\/wp\/v2\/pages\/2782"}],"collection":[{"href":"https:\/\/www.kjt.lu\/de\/wp-json\/wp\/v2\/pages"}],"about":[{"href":"https:\/\/www.kjt.lu\/de\/wp-json\/wp\/v2\/types\/page"}],"author":[{"embeddable":true,"href":"https:\/\/www.kjt.lu\/de\/wp-json\/wp\/v2\/users\/2"}],"replies":[{"embeddable":true,"href":"https:\/\/www.kjt.lu\/de\/wp-json\/wp\/v2\/comments?post=2782"}],"version-history":[{"count":36,"href":"https:\/\/www.kjt.lu\/de\/wp-json\/wp\/v2\/pages\/2782\/revisions"}],"predecessor-version":[{"id":15929,"href":"https:\/\/www.kjt.lu\/de\/wp-json\/wp\/v2\/pages\/2782\/revisions\/15929"}],"wp:attachment":[{"href":"https:\/\/www.kjt.lu\/de\/wp-json\/wp\/v2\/media?parent=2782"}],"curies":[{"name":"wp","href":"https:\/\/api.w.org\/{rel}","templated":true}]}}