{"id":2742,"date":"2020-12-03T08:07:26","date_gmt":"2020-12-03T07:07:26","guid":{"rendered":"https:\/\/new.kjt.lu\/?page_id=2742"},"modified":"2025-05-20T13:11:54","modified_gmt":"2025-05-20T11:11:54","slug":"jahresberichte","status":"publish","type":"page","link":"https:\/\/www.kjt.lu\/de\/jahresberichte\/","title":{"rendered":"Jahresberichte"},"content":{"rendered":"<div class=\"wpb-content-wrapper\"><p>[vc_row][vc_column][vc_custom_heading text=&#8220;Jahresberichte&#8220; font_container=&#8220;tag:h1|text_align:center&#8220; use_theme_fonts=&#8220;yes&#8220;][vc_custom_heading text=&#8220;Zahlen und Fakten&#8220; font_container=&#8220;tag:h2|text_align:center&#8220; use_theme_fonts=&#8220;yes&#8220;][vc_empty_space][vc_column_text css=&#8220;&#8220;]Jedes Jahr zum Child Helpline International Tag (17.5.) ver\u00f6ffentlicht das KJT den Jahresbericht.<\/p>\n<p>&nbsp;<\/p>\n<p>Der Jahresbericht gibt Aufschluss \u00fcber die Themen mit denen Kindern, Jugendliche und Eltern die verschiedenen Dienste des KJT kontaktiert haben. In den Themen spiegeln sich Bed\u00fcrfnisse von Menschen wieder; sie erm\u00f6glichen auch Aussagen \u00fcber die psychische Gesundheit, sowie das allgemeine Wohlbefinden der Kinder und Jugendlichen in Luxemburg zu machen.<\/p>\n<p>&nbsp;<\/p>\n<p>Hier finden sie unsere Jahresberichte:<\/p>\n<p>&nbsp;<\/p>\n<p><a href=\"https:\/\/www.kjt.lu\/wp-content\/uploads\/2025\/05\/KJT-Annual-Report-2024-DE.pdf\" target=\"_blank\" rel=\"noopener\"><strong>2024 Jahresbericht<\/strong><\/a><\/p>\n<p><a href=\"https:\/\/www.kjt.lu\/wp-content\/uploads\/2024\/08\/KJT-Annual-Report-2023-DE.pdf\" target=\"_blank\" rel=\"noopener\">2023 Jahresbericht<\/a><\/p>\n<p><a href=\"https:\/\/www.kjt.lu\/wp-content\/uploads\/2023\/05\/KJT-Annual-Report-2022-DE.pdf\" target=\"_blank\" rel=\"noopener\">2022 Jahresbericht<\/a><\/p>\n<p><a href=\"https:\/\/www.kjt.lu\/wp-content\/uploads\/2022\/05\/KJT-Annual-Report-2021-V1.pdf\" target=\"_blank\" rel=\"noopener\">2021 Jahresbericht<\/a><\/p>\n<p><a href=\"https:\/\/www.kjt.lu\/wp-content\/uploads\/2021\/05\/KJT-Annual-Report-2020-final.pdf\" target=\"_blank\" rel=\"noopener\">2020 Jahresbericht<\/a><\/p>\n<p><a href=\"https:\/\/www.kjt.lu\/wp-content\/uploads\/2020\/12\/KJT-Annual_Report_2019.pdf\" target=\"_blank\" rel=\"noopener noreferrer\">2019 Jahresbericht<\/a><\/p>\n<p><a href=\"https:\/\/www.kjt.lu\/wp-content\/uploads\/2020\/12\/KJT-Annual-Report-2018.pdf\" target=\"_blank\" rel=\"noopener noreferrer\">2018 Jahresbericht<\/a><\/p>\n<p><a href=\"https:\/\/www.kjt.lu\/wp-content\/uploads\/2020\/12\/KJT-Annual-Report-2017.pdf\" target=\"_blank\" rel=\"noopener noreferrer\">2017 Jahresbericht<\/a><\/p>\n<p><a href=\"https:\/\/www.kjt.lu\/wp-content\/uploads\/2020\/12\/KJT-Annual-Report-2016.pdf\" target=\"_blank\" rel=\"noopener noreferrer\">2016 Jahresbericht<\/a><\/p>\n<p><a href=\"https:\/\/www.kjt.lu\/wp-content\/uploads\/2020\/12\/KJT_Jahresbericht-2015.pdf\" target=\"_blank\" rel=\"noopener noreferrer\">2015 Jahresbericht<\/a><\/p>\n<p><a href=\"https:\/\/www.kjt.lu\/wp-content\/uploads\/2020\/12\/KJT_Jahresbericht-2014.pdf\" target=\"_blank\" rel=\"noopener noreferrer\">2014 Jahresbericht<\/a><\/p>\n<p><a href=\"https:\/\/www.kjt.lu\/wp-content\/uploads\/2020\/12\/KJT_Jahresbericht-2013.pdf\" target=\"_blank\" rel=\"noopener noreferrer\">2013 Jahresbericht<\/a><\/p>\n<p><a href=\"https:\/\/www.kjt.lu\/wp-content\/uploads\/2020\/12\/KJT_Jahresbericht-2011.pdf\" target=\"_blank\" rel=\"noopener noreferrer\">2011 Jahresbericht<\/a>[\/vc_column_text][\/vc_column][\/vc_row]<\/p>\n<\/div>","protected":false},"excerpt":{"rendered":"<p>[vc_row][vc_column][vc_custom_heading text=&#8220;Jahresberichte&#8220; font_container=&#8220;tag:h1|text_align:center&#8220; use_theme_fonts=&#8220;yes&#8220;][vc_custom_heading text=&#8220;Zahlen und Fakten&#8220; font_container=&#8220;tag:h2|text_align:center&#8220; use_theme_fonts=&#8220;yes&#8220;][vc_empty_space][vc_column_text css=&#8220;&#8220;]Jedes Jahr zum Child Helpline International Tag (17.5.) ver\u00f6ffentlicht das KJT&hellip;<\/p>\n","protected":false},"author":2,"featured_media":0,"parent":0,"menu_order":0,"comment_status":"closed","ping_status":"closed","template":"","meta":{"footnotes":""},"class_list":["post-2742","page","type-page","status-publish","hentry"],"yoast_head":"<!-- This site is optimized with the Yoast SEO plugin v25.4 - https:\/\/yoast.com\/wordpress\/plugins\/seo\/ -->\n<title>Jahresberichte | KJT<\/title>\n<meta name=\"robots\" content=\"index, follow, max-snippet:-1, max-image-preview:large, max-video-preview:-1\" \/>\n<link rel=\"canonical\" href=\"https:\/\/www.kjt.lu\/de\/jahresberichte\/\" \/>\n<meta property=\"og:locale\" content=\"de_DE\" \/>\n<meta property=\"og:type\" content=\"article\" \/>\n<meta property=\"og:title\" content=\"Jahresberichte | KJT\" \/>\n<meta property=\"og:description\" content=\"[vc_row][vc_column][vc_custom_heading text=&#8220;Jahresberichte&#8220; font_container=&#8220;tag:h1|text_align:center&#8220; use_theme_fonts=&#8220;yes&#8220;][vc_custom_heading text=&#8220;Zahlen und Fakten&#8220; font_container=&#8220;tag:h2|text_align:center&#8220; use_theme_fonts=&#8220;yes&#8220;][vc_empty_space][vc_column_text css=&#8220;&#8220;]Jedes Jahr zum Child Helpline International Tag (17.5.) ver\u00f6ffentlicht das KJT&hellip;\" \/>\n<meta property=\"og:url\" content=\"https:\/\/www.kjt.lu\/de\/jahresberichte\/\" \/>\n<meta property=\"og:site_name\" content=\"KJT\" \/>\n<meta property=\"article:publisher\" content=\"https:\/\/www.facebook.com\/kannerjugendtelefon\" \/>\n<meta property=\"article:modified_time\" content=\"2025-05-20T11:11:54+00:00\" \/>\n<meta name=\"twitter:card\" content=\"summary_large_image\" \/>\n<meta name=\"twitter:label1\" content=\"Gesch\u00e4tzte Lesezeit\" \/>\n\t<meta name=\"twitter:data1\" content=\"1\u00a0Minute\" \/>\n<script type=\"application\/ld+json\" class=\"yoast-schema-graph\">{\"@context\":\"https:\/\/schema.org\",\"@graph\":[{\"@type\":\"WebPage\",\"@id\":\"https:\/\/www.kjt.lu\/de\/jahresberichte\/\",\"url\":\"https:\/\/www.kjt.lu\/de\/jahresberichte\/\",\"name\":\"Jahresberichte | KJT\",\"isPartOf\":{\"@id\":\"https:\/\/www.kjt.lu\/de\/#website\"},\"datePublished\":\"2020-12-03T07:07:26+00:00\",\"dateModified\":\"2025-05-20T11:11:54+00:00\",\"breadcrumb\":{\"@id\":\"https:\/\/www.kjt.lu\/de\/jahresberichte\/#breadcrumb\"},\"inLanguage\":\"de\",\"potentialAction\":[{\"@type\":\"ReadAction\",\"target\":[\"https:\/\/www.kjt.lu\/de\/jahresberichte\/\"]}]},{\"@type\":\"BreadcrumbList\",\"@id\":\"https:\/\/www.kjt.lu\/de\/jahresberichte\/#breadcrumb\",\"itemListElement\":[{\"@type\":\"ListItem\",\"position\":1,\"name\":\"Startseite\",\"item\":\"https:\/\/www.kjt.lu\/de\/\"},{\"@type\":\"ListItem\",\"position\":2,\"name\":\"Jahresberichte\"}]},{\"@type\":\"WebSite\",\"@id\":\"https:\/\/www.kjt.lu\/de\/#website\",\"url\":\"https:\/\/www.kjt.lu\/de\/\",\"name\":\"KJT\",\"description\":\"Beratung, Hilfe und Informationen f\u00fcr Kinder und Jugendliche\",\"publisher\":{\"@id\":\"https:\/\/www.kjt.lu\/de\/#organization\"},\"potentialAction\":[{\"@type\":\"SearchAction\",\"target\":{\"@type\":\"EntryPoint\",\"urlTemplate\":\"https:\/\/www.kjt.lu\/de\/?s={search_term_string}\"},\"query-input\":{\"@type\":\"PropertyValueSpecification\",\"valueRequired\":true,\"valueName\":\"search_term_string\"}}],\"inLanguage\":\"de\"},{\"@type\":\"Organization\",\"@id\":\"https:\/\/www.kjt.lu\/de\/#organization\",\"name\":\"KJT\",\"url\":\"https:\/\/www.kjt.lu\/de\/\",\"logo\":{\"@type\":\"ImageObject\",\"inLanguage\":\"de\",\"@id\":\"https:\/\/www.kjt.lu\/de\/#\/schema\/logo\/image\/\",\"url\":\"https:\/\/www.kjt.lu\/wp-content\/uploads\/2021\/01\/kjt_white_144x61.png\",\"contentUrl\":\"https:\/\/www.kjt.lu\/wp-content\/uploads\/2021\/01\/kjt_white_144x61.png\",\"width\":143,\"height\":61,\"caption\":\"KJT\"},\"image\":{\"@id\":\"https:\/\/www.kjt.lu\/de\/#\/schema\/logo\/image\/\"},\"sameAs\":[\"https:\/\/www.facebook.com\/kannerjugendtelefon\",\"https:\/\/www.instagram.com\/kannerjugendtelefon\/\"]}]}<\/script>\n<!-- \/ Yoast SEO plugin. -->","yoast_head_json":{"title":"Jahresberichte | KJT","robots":{"index":"index","follow":"follow","max-snippet":"max-snippet:-1","max-image-preview":"max-image-preview:large","max-video-preview":"max-video-preview:-1"},"canonical":"https:\/\/www.kjt.lu\/de\/jahresberichte\/","og_locale":"de_DE","og_type":"article","og_title":"Jahresberichte | KJT","og_description":"[vc_row][vc_column][vc_custom_heading text=&#8220;Jahresberichte&#8220; font_container=&#8220;tag:h1|text_align:center&#8220; use_theme_fonts=&#8220;yes&#8220;][vc_custom_heading text=&#8220;Zahlen und Fakten&#8220; font_container=&#8220;tag:h2|text_align:center&#8220; use_theme_fonts=&#8220;yes&#8220;][vc_empty_space][vc_column_text css=&#8220;&#8220;]Jedes Jahr zum Child Helpline International Tag (17.5.) ver\u00f6ffentlicht das KJT&hellip;","og_url":"https:\/\/www.kjt.lu\/de\/jahresberichte\/","og_site_name":"KJT","article_publisher":"https:\/\/www.facebook.com\/kannerjugendtelefon","article_modified_time":"2025-05-20T11:11:54+00:00","twitter_card":"summary_large_image","twitter_misc":{"Gesch\u00e4tzte Lesezeit":"1\u00a0Minute"},"schema":{"@context":"https:\/\/schema.org","@graph":[{"@type":"WebPage","@id":"https:\/\/www.kjt.lu\/de\/jahresberichte\/","url":"https:\/\/www.kjt.lu\/de\/jahresberichte\/","name":"Jahresberichte | KJT","isPartOf":{"@id":"https:\/\/www.kjt.lu\/de\/#website"},"datePublished":"2020-12-03T07:07:26+00:00","dateModified":"2025-05-20T11:11:54+00:00","breadcrumb":{"@id":"https:\/\/www.kjt.lu\/de\/jahresberichte\/#breadcrumb"},"inLanguage":"de","potentialAction":[{"@type":"ReadAction","target":["https:\/\/www.kjt.lu\/de\/jahresberichte\/"]}]},{"@type":"BreadcrumbList","@id":"https:\/\/www.kjt.lu\/de\/jahresberichte\/#breadcrumb","itemListElement":[{"@type":"ListItem","position":1,"name":"Startseite","item":"https:\/\/www.kjt.lu\/de\/"},{"@type":"ListItem","position":2,"name":"Jahresberichte"}]},{"@type":"WebSite","@id":"https:\/\/www.kjt.lu\/de\/#website","url":"https:\/\/www.kjt.lu\/de\/","name":"KJT","description":"Beratung, Hilfe und Informationen f\u00fcr Kinder und Jugendliche","publisher":{"@id":"https:\/\/www.kjt.lu\/de\/#organization"},"potentialAction":[{"@type":"SearchAction","target":{"@type":"EntryPoint","urlTemplate":"https:\/\/www.kjt.lu\/de\/?s={search_term_string}"},"query-input":{"@type":"PropertyValueSpecification","valueRequired":true,"valueName":"search_term_string"}}],"inLanguage":"de"},{"@type":"Organization","@id":"https:\/\/www.kjt.lu\/de\/#organization","name":"KJT","url":"https:\/\/www.kjt.lu\/de\/","logo":{"@type":"ImageObject","inLanguage":"de","@id":"https:\/\/www.kjt.lu\/de\/#\/schema\/logo\/image\/","url":"https:\/\/www.kjt.lu\/wp-content\/uploads\/2021\/01\/kjt_white_144x61.png","contentUrl":"https:\/\/www.kjt.lu\/wp-content\/uploads\/2021\/01\/kjt_white_144x61.png","width":143,"height":61,"caption":"KJT"},"image":{"@id":"https:\/\/www.kjt.lu\/de\/#\/schema\/logo\/image\/"},"sameAs":["https:\/\/www.facebook.com\/kannerjugendtelefon","https:\/\/www.instagram.com\/kannerjugendtelefon\/"]}]}},"_links":{"self":[{"href":"https:\/\/www.kjt.lu\/de\/wp-json\/wp\/v2\/pages\/2742"}],"collection":[{"href":"https:\/\/www.kjt.lu\/de\/wp-json\/wp\/v2\/pages"}],"about":[{"href":"https:\/\/www.kjt.lu\/de\/wp-json\/wp\/v2\/types\/page"}],"author":[{"embeddable":true,"href":"https:\/\/www.kjt.lu\/de\/wp-json\/wp\/v2\/users\/2"}],"replies":[{"embeddable":true,"href":"https:\/\/www.kjt.lu\/de\/wp-json\/wp\/v2\/comments?post=2742"}],"version-history":[{"count":16,"href":"https:\/\/www.kjt.lu\/de\/wp-json\/wp\/v2\/pages\/2742\/revisions"}],"predecessor-version":[{"id":15440,"href":"https:\/\/www.kjt.lu\/de\/wp-json\/wp\/v2\/pages\/2742\/revisions\/15440"}],"wp:attachment":[{"href":"https:\/\/www.kjt.lu\/de\/wp-json\/wp\/v2\/media?parent=2742"}],"curies":[{"name":"wp","href":"https:\/\/api.w.org\/{rel}","templated":true}]}}