{"id":2592,"date":"2020-09-14T22:38:48","date_gmt":"2020-09-14T20:38:48","guid":{"rendered":"https:\/\/new.kjt.lu\/?page_id=2592"},"modified":"2026-01-05T12:07:23","modified_gmt":"2026-01-05T11:07:23","slug":"impressum","status":"publish","type":"page","link":"https:\/\/www.kjt.lu\/de\/impressum\/","title":{"rendered":"Impressum"},"content":{"rendered":"<div class=\"wpb-content-wrapper\"><p>[vc_row][vc_column][vc_custom_heading text=&#8220;Impressum&#8220; font_container=&#8220;tag:h1|text_align:center&#8220; use_theme_fonts=&#8220;yes&#8220;][vc_column_text css=&#8220;&#8220;]<\/p>\r\n<p><strong>Website-Anbieter<\/strong><\/p>\r\n\r\n<p>Kanner-Jugendtelefon, eine Dienstelle von CJF L\u00ebtzebuerg a.s.b.l.\u00a0<\/p>\r\n\r\n<p>Sitz von CJF L\u00ebtzebuerg a.s.b.l.\u00a0:<\/p>\r\n<p>2, Rue Peternelchen &#8211; Cubus C2<\/p>\r\n<p>L-2370 Howald<\/p>\r\n<p>Akkreditierung: CAMF CSF AI 202504\/01 &amp; CAMF FSE AI 202504\/01<\/p>\r\n<p>E-Mail:\u00a0<a href=\"mailto:contact@kjt.lu\">contact@kjt.lu<\/a><\/p>\r\n<p>&nbsp;<\/p>\r\n\r\n<p><strong>Bildquellen<\/strong><\/p>\r\n<p>\u00a0<\/p>\r\n\r\n<ul class=\"wp-block-list\">\r\n<li>\u00a9<a href=\"https:\/\/tshirtsuperstar.com\/family-tshirts\/\" target=\"_blank\" rel=\"noopener\">Family T-Shirts\u00a0<\/a><\/li>\r\n<\/ul>\r\n<p>&nbsp;<\/p>\r\n\r\n<p><strong>Copyright<\/strong><\/p>\r\n\r\n<p>Copyright Website \u00a9 2021 Kanner-Jugendtelefon, eine Dienstelle von CJF L\u00ebtzebuerg a.s.b.l. \u00a0Alle Rechte vorbehalten. All rights reserved.<\/p>\r\n\r\n<p>Texte, Bilder, Grafiken sowie Gestaltung und Layout dieser Website unter\u00adliegen weltweitem Urheber\u00adrecht. Unerlaubte Vervielf\u00e4ltigung, Bearbeitung, Weitergabe, Verbreitung oder andere Art von Verwendung oder Verwertung einzelner Inhalte oder kompletter Seiten sind strafbar und werden sowohl straf- als auch zivil\u00adrechtlich verfolgt.<\/p>\r\n<p>&nbsp;<\/p>\r\n\r\n<p><strong>Haftung des Website-Nutzers<\/strong><\/p>\r\n\r\n<p>Der Website-Nutzer ist verpflichtet die Website verantwortungsbewusst zu nutzen. Er muss darauf achten keine Viren oder sonstige Malware einzuf\u00fchren und darf generell keine Nutzung bet\u00e4tigen die dem Website-Anbieter oder Dritten fahrl\u00e4ssig oder vors\u00e4tzlich Schaden zurichtet.<\/p>\r\n<p>&nbsp;<\/p>\r\n\r\n<p><strong>Haftung des Website-Anbieters<\/strong><\/p>\r\n\r\n<p>Die Inhalte des Internetauftritts wurden mit Sorgfalt und nach bestem Gewissen erstellt. Dennoch \u00fcbernimmt der Anbieter dieser Website keine Gew\u00e4hr f\u00fcr die Aktualit\u00e4t, Vollst\u00e4ndigkeit und Richtigkeit der bereitgestellten Seiten und Inhalte.<\/p>\r\n<p>&nbsp;<\/p>\r\n\r\n<p><strong>Externe Links<\/strong><\/p>\r\n\r\n<p>Diese Webseite enth\u00e4lt Verlinkungen zu anderen Websites, auf deren Inhalt der Anbieter der Website keinen Einfluss hat. Aus diesem Grund kann der Anbieter f\u00fcr diese Inhalte auch keine Gew\u00e4hr \u00fcbernehmen. F\u00fcr die Inhalte und Richtigkeit der bereitgestellten Informationen ist der jeweilige Anbieter der verlinkten Website im Prinzip verantwortlich.<\/p>\r\n\r\n<p>Der Website-Anbieter hat bei der erstma\u00adligen Verkn\u00fcpfung die fremden verlinkten Websites \u00fcberpr\u00fcft. Ver\u00e4nderungen der Inhalte der fremden Websites werden jedoch nicht st\u00e4ndig \u00fcberpr\u00fcft. Erst wenn der Website-Anbieter von anderen auf eine Unrechtm\u00e4\u00dfigkeit des Inhalts einer externen verlinkten Website hinge\u00adwiesen wird, wird er die Verlinkung ggf. einstellen.<\/p>\r\n<p>&nbsp;<\/p>\r\n\r\n<p><strong>E-Mail: Risiken bzgl. einer solchen Daten\u00fcbertragung<\/strong><\/p>\r\n\r\n<p>Die Daten\u00fcbertragung im Internet birgt Risiken: Infor\u00adma\u00adtionen, die Sie unverschl\u00fcsselt per E-Mail an den Website-Anbieter \u00fcbersenden, k\u00f6nnen von Dritten unterwegs gelesen, gespei\u00adchert und zweck\u00adent\u00adfremdet werden. Senden Sie also keine vertrau\u00adlichen Infor\u00adma\u00adtionen \u00fcber unverschl\u00fcsselte E-Mail.<\/p>\r\n<p>\u00a0<\/p>\r\n<p>[\/vc_column_text][\/vc_column][\/vc_row]<\/p><\/div>","protected":false},"excerpt":{"rendered":"<p>[vc_row][vc_column][vc_custom_heading text=&#8220;Impressum&#8220; font_container=&#8220;tag:h1|text_align:center&#8220; use_theme_fonts=&#8220;yes&#8220;][vc_column_text css=&#8220;&#8220;] Website-Anbieter Kanner-Jugendtelefon, eine Dienstelle von CJF L\u00ebtzebuerg a.s.b.l.\u00a0 Sitz von CJF L\u00ebtzebuerg a.s.b.l.\u00a0: 2, Rue&hellip;<\/p>\n","protected":false},"author":1,"featured_media":0,"parent":0,"menu_order":0,"comment_status":"closed","ping_status":"closed","template":"","meta":{"footnotes":""},"class_list":["post-2592","page","type-page","status-publish","hentry"],"yoast_head":"<!-- This site is optimized with the Yoast SEO plugin v25.4 - https:\/\/yoast.com\/wordpress\/plugins\/seo\/ -->\n<title>Impressum | KJT<\/title>\n<meta name=\"robots\" content=\"index, follow, max-snippet:-1, max-image-preview:large, max-video-preview:-1\" \/>\n<link rel=\"canonical\" href=\"https:\/\/www.kjt.lu\/de\/impressum\/\" \/>\n<meta property=\"og:locale\" content=\"de_DE\" \/>\n<meta property=\"og:type\" content=\"article\" \/>\n<meta property=\"og:title\" content=\"Impressum | KJT\" \/>\n<meta property=\"og:description\" content=\"[vc_row][vc_column][vc_custom_heading text=&#8220;Impressum&#8220; font_container=&#8220;tag:h1|text_align:center&#8220; use_theme_fonts=&#8220;yes&#8220;][vc_column_text css=&#8220;&#8220;] Website-Anbieter Kanner-Jugendtelefon, eine Dienstelle von CJF L\u00ebtzebuerg a.s.b.l.\u00a0 Sitz von CJF L\u00ebtzebuerg a.s.b.l.\u00a0: 2, Rue&hellip;\" \/>\n<meta property=\"og:url\" content=\"https:\/\/www.kjt.lu\/de\/impressum\/\" \/>\n<meta property=\"og:site_name\" content=\"KJT\" \/>\n<meta property=\"article:publisher\" content=\"https:\/\/www.facebook.com\/kannerjugendtelefon\" \/>\n<meta property=\"article:modified_time\" content=\"2026-01-05T11:07:23+00:00\" \/>\n<meta name=\"twitter:card\" content=\"summary_large_image\" \/>\n<meta name=\"twitter:label1\" content=\"Gesch\u00e4tzte Lesezeit\" \/>\n\t<meta name=\"twitter:data1\" content=\"2\u00a0Minuten\" \/>\n<script type=\"application\/ld+json\" class=\"yoast-schema-graph\">{\"@context\":\"https:\/\/schema.org\",\"@graph\":[{\"@type\":\"WebPage\",\"@id\":\"https:\/\/www.kjt.lu\/de\/impressum\/\",\"url\":\"https:\/\/www.kjt.lu\/de\/impressum\/\",\"name\":\"Impressum | KJT\",\"isPartOf\":{\"@id\":\"https:\/\/www.kjt.lu\/de\/#website\"},\"datePublished\":\"2020-09-14T20:38:48+00:00\",\"dateModified\":\"2026-01-05T11:07:23+00:00\",\"breadcrumb\":{\"@id\":\"https:\/\/www.kjt.lu\/de\/impressum\/#breadcrumb\"},\"inLanguage\":\"de\",\"potentialAction\":[{\"@type\":\"ReadAction\",\"target\":[\"https:\/\/www.kjt.lu\/de\/impressum\/\"]}]},{\"@type\":\"BreadcrumbList\",\"@id\":\"https:\/\/www.kjt.lu\/de\/impressum\/#breadcrumb\",\"itemListElement\":[{\"@type\":\"ListItem\",\"position\":1,\"name\":\"Startseite\",\"item\":\"https:\/\/www.kjt.lu\/de\/\"},{\"@type\":\"ListItem\",\"position\":2,\"name\":\"Impressum\"}]},{\"@type\":\"WebSite\",\"@id\":\"https:\/\/www.kjt.lu\/de\/#website\",\"url\":\"https:\/\/www.kjt.lu\/de\/\",\"name\":\"KJT\",\"description\":\"Beratung, Hilfe und Informationen f\u00fcr Kinder und Jugendliche\",\"publisher\":{\"@id\":\"https:\/\/www.kjt.lu\/de\/#organization\"},\"potentialAction\":[{\"@type\":\"SearchAction\",\"target\":{\"@type\":\"EntryPoint\",\"urlTemplate\":\"https:\/\/www.kjt.lu\/de\/?s={search_term_string}\"},\"query-input\":{\"@type\":\"PropertyValueSpecification\",\"valueRequired\":true,\"valueName\":\"search_term_string\"}}],\"inLanguage\":\"de\"},{\"@type\":\"Organization\",\"@id\":\"https:\/\/www.kjt.lu\/de\/#organization\",\"name\":\"KJT\",\"url\":\"https:\/\/www.kjt.lu\/de\/\",\"logo\":{\"@type\":\"ImageObject\",\"inLanguage\":\"de\",\"@id\":\"https:\/\/www.kjt.lu\/de\/#\/schema\/logo\/image\/\",\"url\":\"https:\/\/www.kjt.lu\/wp-content\/uploads\/2021\/01\/kjt_white_144x61.png\",\"contentUrl\":\"https:\/\/www.kjt.lu\/wp-content\/uploads\/2021\/01\/kjt_white_144x61.png\",\"width\":143,\"height\":61,\"caption\":\"KJT\"},\"image\":{\"@id\":\"https:\/\/www.kjt.lu\/de\/#\/schema\/logo\/image\/\"},\"sameAs\":[\"https:\/\/www.facebook.com\/kannerjugendtelefon\",\"https:\/\/www.instagram.com\/kannerjugendtelefon\/\"]}]}<\/script>\n<!-- \/ Yoast SEO plugin. -->","yoast_head_json":{"title":"Impressum | KJT","robots":{"index":"index","follow":"follow","max-snippet":"max-snippet:-1","max-image-preview":"max-image-preview:large","max-video-preview":"max-video-preview:-1"},"canonical":"https:\/\/www.kjt.lu\/de\/impressum\/","og_locale":"de_DE","og_type":"article","og_title":"Impressum | KJT","og_description":"[vc_row][vc_column][vc_custom_heading text=&#8220;Impressum&#8220; font_container=&#8220;tag:h1|text_align:center&#8220; use_theme_fonts=&#8220;yes&#8220;][vc_column_text css=&#8220;&#8220;] Website-Anbieter Kanner-Jugendtelefon, eine Dienstelle von CJF L\u00ebtzebuerg a.s.b.l.\u00a0 Sitz von CJF L\u00ebtzebuerg a.s.b.l.\u00a0: 2, Rue&hellip;","og_url":"https:\/\/www.kjt.lu\/de\/impressum\/","og_site_name":"KJT","article_publisher":"https:\/\/www.facebook.com\/kannerjugendtelefon","article_modified_time":"2026-01-05T11:07:23+00:00","twitter_card":"summary_large_image","twitter_misc":{"Gesch\u00e4tzte Lesezeit":"2\u00a0Minuten"},"schema":{"@context":"https:\/\/schema.org","@graph":[{"@type":"WebPage","@id":"https:\/\/www.kjt.lu\/de\/impressum\/","url":"https:\/\/www.kjt.lu\/de\/impressum\/","name":"Impressum | KJT","isPartOf":{"@id":"https:\/\/www.kjt.lu\/de\/#website"},"datePublished":"2020-09-14T20:38:48+00:00","dateModified":"2026-01-05T11:07:23+00:00","breadcrumb":{"@id":"https:\/\/www.kjt.lu\/de\/impressum\/#breadcrumb"},"inLanguage":"de","potentialAction":[{"@type":"ReadAction","target":["https:\/\/www.kjt.lu\/de\/impressum\/"]}]},{"@type":"BreadcrumbList","@id":"https:\/\/www.kjt.lu\/de\/impressum\/#breadcrumb","itemListElement":[{"@type":"ListItem","position":1,"name":"Startseite","item":"https:\/\/www.kjt.lu\/de\/"},{"@type":"ListItem","position":2,"name":"Impressum"}]},{"@type":"WebSite","@id":"https:\/\/www.kjt.lu\/de\/#website","url":"https:\/\/www.kjt.lu\/de\/","name":"KJT","description":"Beratung, Hilfe und Informationen f\u00fcr Kinder und Jugendliche","publisher":{"@id":"https:\/\/www.kjt.lu\/de\/#organization"},"potentialAction":[{"@type":"SearchAction","target":{"@type":"EntryPoint","urlTemplate":"https:\/\/www.kjt.lu\/de\/?s={search_term_string}"},"query-input":{"@type":"PropertyValueSpecification","valueRequired":true,"valueName":"search_term_string"}}],"inLanguage":"de"},{"@type":"Organization","@id":"https:\/\/www.kjt.lu\/de\/#organization","name":"KJT","url":"https:\/\/www.kjt.lu\/de\/","logo":{"@type":"ImageObject","inLanguage":"de","@id":"https:\/\/www.kjt.lu\/de\/#\/schema\/logo\/image\/","url":"https:\/\/www.kjt.lu\/wp-content\/uploads\/2021\/01\/kjt_white_144x61.png","contentUrl":"https:\/\/www.kjt.lu\/wp-content\/uploads\/2021\/01\/kjt_white_144x61.png","width":143,"height":61,"caption":"KJT"},"image":{"@id":"https:\/\/www.kjt.lu\/de\/#\/schema\/logo\/image\/"},"sameAs":["https:\/\/www.facebook.com\/kannerjugendtelefon","https:\/\/www.instagram.com\/kannerjugendtelefon\/"]}]}},"_links":{"self":[{"href":"https:\/\/www.kjt.lu\/de\/wp-json\/wp\/v2\/pages\/2592"}],"collection":[{"href":"https:\/\/www.kjt.lu\/de\/wp-json\/wp\/v2\/pages"}],"about":[{"href":"https:\/\/www.kjt.lu\/de\/wp-json\/wp\/v2\/types\/page"}],"author":[{"embeddable":true,"href":"https:\/\/www.kjt.lu\/de\/wp-json\/wp\/v2\/users\/1"}],"replies":[{"embeddable":true,"href":"https:\/\/www.kjt.lu\/de\/wp-json\/wp\/v2\/comments?post=2592"}],"version-history":[{"count":10,"href":"https:\/\/www.kjt.lu\/de\/wp-json\/wp\/v2\/pages\/2592\/revisions"}],"predecessor-version":[{"id":15856,"href":"https:\/\/www.kjt.lu\/de\/wp-json\/wp\/v2\/pages\/2592\/revisions\/15856"}],"wp:attachment":[{"href":"https:\/\/www.kjt.lu\/de\/wp-json\/wp\/v2\/media?parent=2592"}],"curies":[{"name":"wp","href":"https:\/\/api.w.org\/{rel}","templated":true}]}}