{"id":2539,"date":"2020-09-07T16:57:44","date_gmt":"2020-09-07T14:57:44","guid":{"rendered":"http:\/\/new.kjt.lu\/psychische-gesundheit-copy\/"},"modified":"2021-08-03T17:45:46","modified_gmt":"2021-08-03T15:45:46","slug":"trennung-scheidung","status":"publish","type":"page","link":"https:\/\/www.kjt.lu\/de\/trennung-scheidung\/","title":{"rendered":"Trennung \/ Scheidung"},"content":{"rendered":"<div class=\"wpb-content-wrapper\"><p>[vc_row][vc_column]\n\t\t\t<!-- START SeperationDivorce REVOLUTION SLIDER 6.7.16 --><p class=\"rs-p-wp-fix\"><\/p>\n\t\t\t<rs-module-wrap id=\"rev_slider_15_1_wrapper\" data-source=\"gallery\" style=\"visibility:hidden;background:transparent;padding:0;margin:0px auto;margin-top:0;margin-bottom:0;\">\n\t\t\t\t<rs-module id=\"rev_slider_15_1\" style=\"\" data-version=\"6.7.16\">\n\t\t\t\t\t<rs-slides style=\"overflow: hidden; position: absolute;\">\n\t\t\t\t\t\t<rs-slide style=\"position: absolute;\" data-key=\"rs-72\" data-title=\"Slide\" data-anim=\"ms:1000;r:0;\" data-in=\"o:0;\" data-out=\"a:false;\">\n\t\t\t\t\t\t\t<img decoding=\"async\" src=\"\/\/www.kjt.lu\/wp-content\/plugins\/revslider\/sr6\/assets\/assets\/dummy.png\" alt=\"\" title=\"Seperation-Divorce\" width=\"1920\" height=\"1080\" class=\"rev-slidebg tp-rs-img rs-lazyload\" data-lazyload=\"\/\/www.kjt.lu\/wp-content\/uploads\/2021\/01\/slide_Seperation-Divorce_61365477.jpg\" data-no-retina>\n<!---->\t\t\t\t\t<\/rs-slide>\n\t\t\t\t\t<\/rs-slides>\n\t\t\t\t<\/rs-module>\n\t\t\t\t<script>\n\t\t\t\t\tsetREVStartSize({c: 'rev_slider_15_1',rl:[1240,1024,768,480],el:[900],gw:[1240],gh:[900],type:'hero',justify:'',layout:'fullwidth',mh:\"0\"});if (window.RS_MODULES!==undefined && window.RS_MODULES.modules!==undefined && window.RS_MODULES.modules[\"revslider151\"]!==undefined) {window.RS_MODULES.modules[\"revslider151\"].once = false;window.revapi15 = undefined;if (window.RS_MODULES.checkMinimal!==undefined) window.RS_MODULES.checkMinimal()}\n\t\t\t\t<\/script>\n\t\t\t<\/rs-module-wrap>\n\t\t\t<!-- END REVOLUTION SLIDER -->\n[\/vc_column][\/vc_row][vc_section full_width=&#8220;stretch_row&#8220; css=&#8220;.vc_custom_1499312142784{padding-top: 45px !important;padding-bottom: 45px !important;}&#8220;][vc_row][vc_column][\/vc_column][vc_column offset=&#8220;vc_col-lg-offset-1 vc_col-lg-10 vc_col-md-offset-1 vc_col-md-10&#8243;][vc_custom_heading text=&#8220;Trennung \/ Scheidung&#8220; font_container=&#8220;tag:h1|text_align:center&#8220; use_theme_fonts=&#8220;yes&#8220;][vc_empty_space][vc_column_text]Wenn deine Eltern nicht mehr miteinander reden, immer h\u00e4ufiger streiten und die Atmosph\u00e4re zuhause st\u00e4ndig angespannt ist, stellst du dir wom\u00f6glich folgende Frage: \u201eWollen meine Eltern sich trennen\/scheiden lassen?\u201c Das l\u00f6st Angst und Unsicherheit aus, Sorge, vielleicht auch Wut und Traurigkeit. Oft gepaart mit der Frage \u201eBin ich Schuld?\u201c. Nein! Wenn Eltern sich trennen, dann ist das eine Sache zwischen diesen beiden Erwachsenen. So schmerzhaft es gerade in diesem Moment ist und so sehr du dir w\u00fcnschst, dass alles wieder \u201ewie vorher\u201c wird, ist es f\u00fcr Eltern, langfristig gesehen, doch manchmal die richtige Entscheidung, kein Paar mehr zu sein. Dass sie sich trennen bzw. scheiden lassen \u00e4ndert aber nichts daran, dass sie weiterhin deine Eltern sein werden.<\/p>\n<p>&nbsp;<\/p>\n<p>Auch f\u00fcr Eltern ist das eine stressige Zeit: Die eigene Beziehung geht zu Ende, sie f\u00fchlen sich verletzt, \u00fcberfordert, sind traurig und wissen nicht wohin, eventuell kommt noch ein Vertrauensbruch und das Gef\u00fchl, alleine zu sein, dazu. All das neben der Aufgabe, den eigenen Kindern Liebe und Zeit zu schenken und Verantwortung f\u00fcr die Kinder zu tragen, um die nun auch Sorge besteht: Wie wird mein Kind damit klarkommen? Wie oft darf ich mein Kind noch sehen? Was hat es mitbekommen, wie geht es ihm wenn es uns streiten h\u00f6rt? Wie wird es ihm gehen, wenn ich nicht da bin?<\/p>\n<p>&nbsp;<\/p>\n<p>F\u00fcr jeden in der Familie ist eine Trennung bzw. Scheidung eine sehr anstrengende und hoch emotionale Zeit, die m\u00f6glicherweise noch andere Konflikte hervorruft, die es sonst nicht geben w\u00fcrde.<\/p>\n<p>Jeder, der sich in solch einer schwierigen Situation befindet, du, deine Eltern oder auch Gro\u00dfeltern, die sich Sorgen machen, sollt wissen, dass ihr damit nicht alleine seid.<\/p>\n<p>Die Dienste des KJT stehen mit Beratung und Unterst\u00fctzung zur Seite: Jeder kann anrufen oder schreiben und dar\u00fcber reden, seine Fragen stellen und seine Sorgen \u00e4u\u00dfern. Das hilft, sich zu sortieren, einen frischen Blick auf das Ganze zu werfen so dass es einem nach und nach wieder bessergeht.[\/vc_column_text][vc_column_text][\/vc_column_text][vc_column_text][\/vc_column_text][\/vc_column][\/vc_row][\/vc_section][vc_section][vc_row][vc_column][vc_custom_heading text=&#8220;Hier findest du Unterst\u00fctzung zu diesem Thema&#8220; font_container=&#8220;tag:h3|font_size:18|text_align:center&#8220; google_fonts=&#8220;font_family:Adamina%3Aregular|font_style:400%20regular%3A400%3Anormal&#8220;][vc_column_text]<\/p>\n<p style=\"text-align: center;\"><span style=\"font-size: 12pt;\"><a href=\"https:\/\/www.kjt.lu\/1-1-6-1-1-1\/\">Kanner-Jugendtelefon<\/a> ; <a href=\"https:\/\/www.kjt.lu\/chatberodung\/\">Chatberodung<\/a> ; <a href=\"https:\/\/www.kjt.lu\/online-help\/\">Online Help<\/a> ; <a href=\"https:\/\/www.kjt.lu\/elterentelefon\/\">Elterentelefon<\/a><\/span><\/p>\n<p>[\/vc_column_text][vc_custom_heading text=&#8220;Vielleicht interessiert dich auch&#8220; font_container=&#8220;tag:h3|font_size:18|text_align:center&#8220; google_fonts=&#8220;font_family:Adamina%3Aregular|font_style:400%20regular%3A400%3Anormal&#8220;][vc_column_text]<\/p>\n<p style=\"text-align: center;\"><span style=\"font-size: 12pt;\"><a href=\"https:\/\/www.kjt.lu\/konflikte-in-der-familie\/\">Familie, Streit, Konflikt<\/a> ; <a href=\"https:\/\/www.kjt.lu\/stress-druck\/\">Stress, Druck<\/a> ;\u00a0<a href=\"https:\/\/www.kjt.lu\/psychische-gesundheit\/\">Psyche und Gesundheit<\/a> ; <a href=\"https:\/\/www.kjt.lu\/gewalt\/\">Gewalt<\/a> ; <a href=\"https:\/\/www.kjt.lu\/suizid\/\">Suizid, suizidale Gedanken<\/a><\/span><\/p>\n<p>[\/vc_column_text][\/vc_column][\/vc_row][\/vc_section]<\/p>\n<\/div>","protected":false},"excerpt":{"rendered":"<p>[vc_row][vc_column][\/vc_column][\/vc_row][vc_section full_width=&#8220;stretch_row&#8220; css=&#8220;.vc_custom_1499312142784{padding-top: 45px !important;padding-bottom: 45px !important;}&#8220;][vc_row][vc_column][\/vc_column][vc_column offset=&#8220;vc_col-lg-offset-1 vc_col-lg-10 vc_col-md-offset-1 vc_col-md-10&#8243;][vc_custom_heading text=&#8220;Trennung \/ Scheidung&#8220; font_container=&#8220;tag:h1|text_align:center&#8220; use_theme_fonts=&#8220;yes&#8220;][vc_empty_space][vc_column_text]Wenn deine Eltern nicht mehr&hellip;<\/p>\n","protected":false},"author":1,"featured_media":0,"parent":0,"menu_order":0,"comment_status":"closed","ping_status":"closed","template":"","meta":{"footnotes":""},"class_list":["post-2539","page","type-page","status-publish","hentry"],"yoast_head":"<!-- This site is optimized with the Yoast SEO plugin v25.4 - https:\/\/yoast.com\/wordpress\/plugins\/seo\/ -->\n<title>Trennung \/ Scheidung | KJT<\/title>\n<meta name=\"robots\" content=\"index, follow, max-snippet:-1, max-image-preview:large, max-video-preview:-1\" \/>\n<link rel=\"canonical\" href=\"https:\/\/www.kjt.lu\/de\/trennung-scheidung\/\" \/>\n<meta property=\"og:locale\" content=\"de_DE\" \/>\n<meta property=\"og:type\" content=\"article\" \/>\n<meta property=\"og:title\" content=\"Trennung \/ Scheidung | KJT\" \/>\n<meta property=\"og:description\" content=\"[vc_row][vc_column][\/vc_column][\/vc_row][vc_section full_width=&#8220;stretch_row&#8220; css=&#8220;.vc_custom_1499312142784{padding-top: 45px !important;padding-bottom: 45px !important;}&#8220;][vc_row][vc_column][\/vc_column][vc_column offset=&#8220;vc_col-lg-offset-1 vc_col-lg-10 vc_col-md-offset-1 vc_col-md-10&#8243;][vc_custom_heading text=&#8220;Trennung \/ Scheidung&#8220; font_container=&#8220;tag:h1|text_align:center&#8220; use_theme_fonts=&#8220;yes&#8220;][vc_empty_space][vc_column_text]Wenn deine Eltern nicht mehr&hellip;\" \/>\n<meta property=\"og:url\" content=\"https:\/\/www.kjt.lu\/de\/trennung-scheidung\/\" \/>\n<meta property=\"og:site_name\" content=\"KJT\" \/>\n<meta property=\"article:publisher\" content=\"https:\/\/www.facebook.com\/kannerjugendtelefon\" \/>\n<meta property=\"article:modified_time\" content=\"2021-08-03T15:45:46+00:00\" \/>\n<meta name=\"twitter:card\" content=\"summary_large_image\" \/>\n<meta name=\"twitter:label1\" content=\"Gesch\u00e4tzte Lesezeit\" \/>\n\t<meta name=\"twitter:data1\" content=\"2\u00a0Minuten\" \/>\n<script type=\"application\/ld+json\" class=\"yoast-schema-graph\">{\"@context\":\"https:\/\/schema.org\",\"@graph\":[{\"@type\":\"WebPage\",\"@id\":\"https:\/\/www.kjt.lu\/de\/trennung-scheidung\/\",\"url\":\"https:\/\/www.kjt.lu\/de\/trennung-scheidung\/\",\"name\":\"Trennung \/ Scheidung | KJT\",\"isPartOf\":{\"@id\":\"https:\/\/www.kjt.lu\/de\/#website\"},\"datePublished\":\"2020-09-07T14:57:44+00:00\",\"dateModified\":\"2021-08-03T15:45:46+00:00\",\"breadcrumb\":{\"@id\":\"https:\/\/www.kjt.lu\/de\/trennung-scheidung\/#breadcrumb\"},\"inLanguage\":\"de\",\"potentialAction\":[{\"@type\":\"ReadAction\",\"target\":[\"https:\/\/www.kjt.lu\/de\/trennung-scheidung\/\"]}]},{\"@type\":\"BreadcrumbList\",\"@id\":\"https:\/\/www.kjt.lu\/de\/trennung-scheidung\/#breadcrumb\",\"itemListElement\":[{\"@type\":\"ListItem\",\"position\":1,\"name\":\"Startseite\",\"item\":\"https:\/\/www.kjt.lu\/de\/\"},{\"@type\":\"ListItem\",\"position\":2,\"name\":\"Trennung \/ Scheidung\"}]},{\"@type\":\"WebSite\",\"@id\":\"https:\/\/www.kjt.lu\/de\/#website\",\"url\":\"https:\/\/www.kjt.lu\/de\/\",\"name\":\"KJT\",\"description\":\"Beratung, Hilfe und Informationen f\u00fcr Kinder und Jugendliche\",\"publisher\":{\"@id\":\"https:\/\/www.kjt.lu\/de\/#organization\"},\"potentialAction\":[{\"@type\":\"SearchAction\",\"target\":{\"@type\":\"EntryPoint\",\"urlTemplate\":\"https:\/\/www.kjt.lu\/de\/?s={search_term_string}\"},\"query-input\":{\"@type\":\"PropertyValueSpecification\",\"valueRequired\":true,\"valueName\":\"search_term_string\"}}],\"inLanguage\":\"de\"},{\"@type\":\"Organization\",\"@id\":\"https:\/\/www.kjt.lu\/de\/#organization\",\"name\":\"KJT\",\"url\":\"https:\/\/www.kjt.lu\/de\/\",\"logo\":{\"@type\":\"ImageObject\",\"inLanguage\":\"de\",\"@id\":\"https:\/\/www.kjt.lu\/de\/#\/schema\/logo\/image\/\",\"url\":\"https:\/\/www.kjt.lu\/wp-content\/uploads\/2021\/01\/kjt_white_144x61.png\",\"contentUrl\":\"https:\/\/www.kjt.lu\/wp-content\/uploads\/2021\/01\/kjt_white_144x61.png\",\"width\":143,\"height\":61,\"caption\":\"KJT\"},\"image\":{\"@id\":\"https:\/\/www.kjt.lu\/de\/#\/schema\/logo\/image\/\"},\"sameAs\":[\"https:\/\/www.facebook.com\/kannerjugendtelefon\",\"https:\/\/www.instagram.com\/kannerjugendtelefon\/\"]}]}<\/script>\n<!-- \/ Yoast SEO plugin. -->","yoast_head_json":{"title":"Trennung \/ Scheidung | KJT","robots":{"index":"index","follow":"follow","max-snippet":"max-snippet:-1","max-image-preview":"max-image-preview:large","max-video-preview":"max-video-preview:-1"},"canonical":"https:\/\/www.kjt.lu\/de\/trennung-scheidung\/","og_locale":"de_DE","og_type":"article","og_title":"Trennung \/ Scheidung | KJT","og_description":"[vc_row][vc_column][\/vc_column][\/vc_row][vc_section full_width=&#8220;stretch_row&#8220; css=&#8220;.vc_custom_1499312142784{padding-top: 45px !important;padding-bottom: 45px !important;}&#8220;][vc_row][vc_column][\/vc_column][vc_column offset=&#8220;vc_col-lg-offset-1 vc_col-lg-10 vc_col-md-offset-1 vc_col-md-10&#8243;][vc_custom_heading text=&#8220;Trennung \/ Scheidung&#8220; font_container=&#8220;tag:h1|text_align:center&#8220; use_theme_fonts=&#8220;yes&#8220;][vc_empty_space][vc_column_text]Wenn deine Eltern nicht mehr&hellip;","og_url":"https:\/\/www.kjt.lu\/de\/trennung-scheidung\/","og_site_name":"KJT","article_publisher":"https:\/\/www.facebook.com\/kannerjugendtelefon","article_modified_time":"2021-08-03T15:45:46+00:00","twitter_card":"summary_large_image","twitter_misc":{"Gesch\u00e4tzte Lesezeit":"2\u00a0Minuten"},"schema":{"@context":"https:\/\/schema.org","@graph":[{"@type":"WebPage","@id":"https:\/\/www.kjt.lu\/de\/trennung-scheidung\/","url":"https:\/\/www.kjt.lu\/de\/trennung-scheidung\/","name":"Trennung \/ Scheidung | KJT","isPartOf":{"@id":"https:\/\/www.kjt.lu\/de\/#website"},"datePublished":"2020-09-07T14:57:44+00:00","dateModified":"2021-08-03T15:45:46+00:00","breadcrumb":{"@id":"https:\/\/www.kjt.lu\/de\/trennung-scheidung\/#breadcrumb"},"inLanguage":"de","potentialAction":[{"@type":"ReadAction","target":["https:\/\/www.kjt.lu\/de\/trennung-scheidung\/"]}]},{"@type":"BreadcrumbList","@id":"https:\/\/www.kjt.lu\/de\/trennung-scheidung\/#breadcrumb","itemListElement":[{"@type":"ListItem","position":1,"name":"Startseite","item":"https:\/\/www.kjt.lu\/de\/"},{"@type":"ListItem","position":2,"name":"Trennung \/ Scheidung"}]},{"@type":"WebSite","@id":"https:\/\/www.kjt.lu\/de\/#website","url":"https:\/\/www.kjt.lu\/de\/","name":"KJT","description":"Beratung, Hilfe und Informationen f\u00fcr Kinder und Jugendliche","publisher":{"@id":"https:\/\/www.kjt.lu\/de\/#organization"},"potentialAction":[{"@type":"SearchAction","target":{"@type":"EntryPoint","urlTemplate":"https:\/\/www.kjt.lu\/de\/?s={search_term_string}"},"query-input":{"@type":"PropertyValueSpecification","valueRequired":true,"valueName":"search_term_string"}}],"inLanguage":"de"},{"@type":"Organization","@id":"https:\/\/www.kjt.lu\/de\/#organization","name":"KJT","url":"https:\/\/www.kjt.lu\/de\/","logo":{"@type":"ImageObject","inLanguage":"de","@id":"https:\/\/www.kjt.lu\/de\/#\/schema\/logo\/image\/","url":"https:\/\/www.kjt.lu\/wp-content\/uploads\/2021\/01\/kjt_white_144x61.png","contentUrl":"https:\/\/www.kjt.lu\/wp-content\/uploads\/2021\/01\/kjt_white_144x61.png","width":143,"height":61,"caption":"KJT"},"image":{"@id":"https:\/\/www.kjt.lu\/de\/#\/schema\/logo\/image\/"},"sameAs":["https:\/\/www.facebook.com\/kannerjugendtelefon","https:\/\/www.instagram.com\/kannerjugendtelefon\/"]}]}},"_links":{"self":[{"href":"https:\/\/www.kjt.lu\/de\/wp-json\/wp\/v2\/pages\/2539"}],"collection":[{"href":"https:\/\/www.kjt.lu\/de\/wp-json\/wp\/v2\/pages"}],"about":[{"href":"https:\/\/www.kjt.lu\/de\/wp-json\/wp\/v2\/types\/page"}],"author":[{"embeddable":true,"href":"https:\/\/www.kjt.lu\/de\/wp-json\/wp\/v2\/users\/1"}],"replies":[{"embeddable":true,"href":"https:\/\/www.kjt.lu\/de\/wp-json\/wp\/v2\/comments?post=2539"}],"version-history":[{"count":13,"href":"https:\/\/www.kjt.lu\/de\/wp-json\/wp\/v2\/pages\/2539\/revisions"}],"predecessor-version":[{"id":6730,"href":"https:\/\/www.kjt.lu\/de\/wp-json\/wp\/v2\/pages\/2539\/revisions\/6730"}],"wp:attachment":[{"href":"https:\/\/www.kjt.lu\/de\/wp-json\/wp\/v2\/media?parent=2539"}],"curies":[{"name":"wp","href":"https:\/\/api.w.org\/{rel}","templated":true}]}}