{"id":2532,"date":"2020-09-07T16:16:27","date_gmt":"2020-09-07T14:16:27","guid":{"rendered":"http:\/\/new.kjt.lu\/gewalt-copy\/"},"modified":"2021-05-14T18:53:15","modified_gmt":"2021-05-14T16:53:15","slug":"sexting","status":"publish","type":"page","link":"https:\/\/www.kjt.lu\/de\/sexting\/","title":{"rendered":"Sexting"},"content":{"rendered":"<div class=\"wpb-content-wrapper\"><p>[vc_row][vc_column]\n\t\t\t<!-- START Sexting REVOLUTION SLIDER 6.7.16 --><p class=\"rs-p-wp-fix\"><\/p>\n\t\t\t<rs-module-wrap id=\"rev_slider_18_1_wrapper\" data-source=\"gallery\" style=\"visibility:hidden;background:transparent;padding:0;margin:0px auto;margin-top:0;margin-bottom:0;\">\n\t\t\t\t<rs-module id=\"rev_slider_18_1\" style=\"\" data-version=\"6.7.16\">\n\t\t\t\t\t<rs-slides style=\"overflow: hidden; position: absolute;\">\n\t\t\t\t\t\t<rs-slide style=\"position: absolute;\" data-key=\"rs-75\" data-title=\"Slide\" data-anim=\"ms:1000;r:0;\" data-in=\"o:0;\" data-out=\"a:false;\">\n\t\t\t\t\t\t\t<img decoding=\"async\" src=\"\/\/www.kjt.lu\/wp-content\/plugins\/revslider\/sr6\/assets\/assets\/dummy.png\" alt=\"\" title=\"Sexting\" width=\"1920\" height=\"1080\" class=\"rev-slidebg tp-rs-img rs-lazyload\" data-lazyload=\"\/\/www.kjt.lu\/wp-content\/uploads\/2021\/01\/slide_Sexting_259097274.jpg\" data-no-retina>\n<!---->\t\t\t\t\t<\/rs-slide>\n\t\t\t\t\t<\/rs-slides>\n\t\t\t\t<\/rs-module>\n\t\t\t\t<script>\n\t\t\t\t\tsetREVStartSize({c: 'rev_slider_18_1',rl:[1240,1024,768,480],el:[900],gw:[1240],gh:[900],type:'hero',justify:'',layout:'fullwidth',mh:\"0\"});if (window.RS_MODULES!==undefined && window.RS_MODULES.modules!==undefined && window.RS_MODULES.modules[\"revslider181\"]!==undefined) {window.RS_MODULES.modules[\"revslider181\"].once = false;window.revapi18 = undefined;if (window.RS_MODULES.checkMinimal!==undefined) window.RS_MODULES.checkMinimal()}\n\t\t\t\t<\/script>\n\t\t\t<\/rs-module-wrap>\n\t\t\t<!-- END REVOLUTION SLIDER -->\n[\/vc_column][\/vc_row][vc_section full_width=&#8220;stretch_row&#8220; css=&#8220;.vc_custom_1618825792061{padding-top: 45px !important;padding-bottom: 20px !important;}&#8220;][vc_row][vc_column][vc_custom_heading text=&#8220;Oh nein! Jetzt haben die mich nackt gesehen!&#8220; font_container=&#8220;tag:h1|text_align:center&#8220; use_theme_fonts=&#8220;yes&#8220;][vc_empty_space][\/vc_column][vc_column offset=&#8220;vc_col-lg-offset-0 vc_col-lg-12 vc_col-md-offset-0 vc_col-md-12&#8243;][vc_column_text]Sexting ist der einvernehmliche Austausch von Bildern, Videos und Fotos, die irgendwo zwischen aufreizend und sexy sein k\u00f6nnen.<\/p>\n<p>Das Herstellen, Verschicken und der Besitz von Nacktfotos und \u00c4hnlichem, an dem Minderj\u00e4hrige beteiligt sind, ist gesetzlich VERBOTEN. Auch als Minderj\u00e4hrige\/r macht man sich strafbar, wenn man sexualisierte Bilder\/Videos von sich macht, verschickt oder weiterleitet.<\/p>\n<p>Die M\u00f6glichkeit, dass ein Bild oder ein Video vom Gegen\u00fcber missbraucht wird, ist jedoch ein gro\u00dfes Risiko.<\/p>\n<p>Die Gr\u00fcnde, aus denen man sich zum Sexting entscheidet, k\u00f6nnen ganz unterschiedlich sein. Man findet eine Person interessant und m\u00f6chte gerne deren Aufmerksamkeit erregen. Vielleicht ist man verliebt und m\u00f6chte eine nette \u00dcberraschung machen. Oder man ist in einer Beziehung und m\u00f6chte, dass sich der Partner besonders auf das n\u00e4chste Wiedersehen freut. Manchmal ist es einfach nicht m\u00f6glich sich so oft offline sehen.<\/p>\n<p>Es kann auch sein, dass man sich \u00fcberreden l\u00e4sst Nacktfotos von sich zu versenden, unter Druck gesetzt oder vielleicht gar erpresst wird.<\/p>\n<p>So oder so ist der wichtigste Punkt, dass man selber die Entscheidung trifft. Das bedeutet, jeder sagt f\u00fcr sich selbst \u201eJa, ich will das tun\u201c oder \u201eNein, ich will das nicht tun\u201c.<\/p>\n<p>Die Gr\u00fcnde, warum ein Bild oder Video missbraucht wird, k\u00f6nnen ebenso unterschiedlich sein. Ein Freund, der kein guter Freund ist, hat das Handy in die H\u00e4nde bekommen. Die Person, der man vertraut hat, entpuppt sich als doch nicht so vertrauensw\u00fcrdig. Eine Beziehung geht zu Ende und Emotionen, die dabei mitspielen, lassen einen nicht mehr klar denken und falsche Entscheidungen treffen. Jemand will Dir etwas Schlechtes.[\/vc_column_text][\/vc_column][\/vc_row][vc_row][vc_column][vc_custom_heading text=&#8220;Checkliste&#8220; use_theme_fonts=&#8220;yes&#8220;][vc_column_text]<\/p>\n<ul>\n<li>Wer will dieses Foto haben?<\/li>\n<li>Will ICH dieses Foto wirklich machen?<\/li>\n<li>Will ICH dieser Person das Foto \u00fcberhaupt schicken?<\/li>\n<li>Macht mir diese Frage ein seltsames Bauchgef\u00fchl?<\/li>\n<li>Welche Konsequenzen k\u00f6nnen dabei f\u00fcr mich entstehen?<\/li>\n<li>Will ich erst mit jemandem dr\u00fcber reden?<\/li>\n<li>Was sagen meine Rechte dazu?<\/li>\n<li>Was sagt das Gesetz dazu?<\/li>\n<li><strong>Darf ich NEIN sagen? <\/strong><strong>Nat\u00fcrlich darfst du NEIN sagen!<\/strong><\/li>\n<\/ul>\n<p>&nbsp;<\/p>\n<p>Wenn du weitere Fragen zum Thema Sexting hast, kannst du dich an die BEE SECURE Helpline (8002 1234) oder das Kanner-Jugendtelefon (1 1 6 1 1 1) wenden.<\/p>\n<p>&nbsp;<\/p>\n<p>Au\u00dferdem findest du auf folgenden Seiten weitere Informationen zum Thema:[\/vc_column_text][\/vc_column][\/vc_row][\/vc_section][vc_row][vc_column width=&#8220;1\/2&#8243;][vc_btn title=&#8220;Sexting &#8211; worum gehts?&#8220; color=&#8220;danger&#8220; size=&#8220;lg&#8220; align=&#8220;center&#8220; i_icon_fontawesome=&#8220;far fa-arrow-alt-circle-right&#8220; add_icon=&#8220;true&#8220; link=&#8220;url:https%3A%2F%2Fwww.klicksafe.de%2Fthemen%2Fproblematische-inhalte%2Fsexting%2Fsexting-worum-gehts%2F%23s%7Csexting|||&#8220;][vc_empty_space][\/vc_column][vc_column width=&#8220;1\/2&#8243;][vc_btn title=&#8220;Was ist Sexting?&#8220; color=&#8220;danger&#8220; size=&#8220;lg&#8220; align=&#8220;center&#8220; i_icon_fontawesome=&#8220;far fa-arrow-alt-circle-right&#8220; add_icon=&#8220;true&#8220; link=&#8220;url:https%3A%2F%2Fwww.bee-secure.lu%2Fde%2Fnews%2Fwas-ist-sexting%2F|||&#8220;][\/vc_column][\/vc_row][vc_section disable_element=&#8220;yes&#8220;][vc_row][vc_column][vc_custom_heading text=&#8220;Beitr\u00e4ge zum Thema Sexting&#8220; font_container=&#8220;tag:h2|text_align:center&#8220; use_theme_fonts=&#8220;yes&#8220;]<div  class=\"wpb_theme_custom_element wpb_posts_slider_2\">\n  <div class=\"vc-custom-inner-wrap\">\n    <div class=\"owl-carousel\" data-bears-owl-carousel='eyJpdGVtcyI6MSwibWFyZ2luIjowLCJsb29wIjowLCJjZW50ZXIiOjAsInN0YWdlUGFkZGluZyI6MCwic3RhcnRQb3NpdGlvbiI6MCwibmF2IjowLCJkb3RzIjowLCJzbGlkZUJ5IjoxLCJhdXRvcGxheSI6MCwiYXV0b3BsYXlIb3ZlclBhdXNlIjowLCJhdXRvcGxheVRpbWVvdXQiOjUwMDAsInNtYXJ0U3BlZWQiOjI1MCwicmVzcG9uc2l2ZSI6eyIwIjp7Iml0ZW1zIjoxLCJzdGFnZVBhZGRpbmciOjB9LCI0ODAiOnsiaXRlbXMiOjEsInN0YWdlUGFkZGluZyI6MH0sIjc2OCI6eyJpdGVtcyI6MSwic3RhZ2VQYWRkaW5nIjowfSwiMTAwMCI6eyJpdGVtcyI6MSwic3RhZ2VQYWRkaW5nIjowfX19'>\n\t<div class=\"item\">There are no posts to display!<\/div>    <\/div>\n  <\/div>\n<\/div>\n[\/vc_column][\/vc_row][\/vc_section][vc_section][vc_row][vc_column][vc_custom_heading text=&#8220;Hier findest Du Unterst\u00fctzung zu diesem Thema&#8220; font_container=&#8220;tag:h3|font_size:18|text_align:center&#8220; google_fonts=&#8220;font_family:Adamina%3Aregular|font_style:400%20regular%3A400%3Anormal&#8220;][vc_column_text]<\/p>\n<p style=\"text-align: center;\"><span style=\"font-size: 12pt;\"><a href=\"https:\/\/www.kjt.lu\/1-1-6-1-1-1\/\">Kanner-Jugendtelefon<\/a> ; <a href=\"https:\/\/www.kjt.lu\/chatberodung\/\">Chatberodung<\/a> ; <a href=\"https:\/\/www.kjt.lu\/online-help\/\">Online Help<\/a> ; <\/span><a href=\"https:\/\/www.kjt.lu\/bee-secure-helpline\/\"><span style=\"font-size: 12pt;\">BEE SECURE Helpline<\/span><\/a><\/p>\n<p>[\/vc_column_text][vc_custom_heading text=&#8220;Vielleicht interessiert dich auch&#8220; font_container=&#8220;tag:h3|font_size:18|text_align:center&#8220; google_fonts=&#8220;font_family:Adamina%3Aregular|font_style:400%20regular%3A400%3Anormal&#8220;][vc_column_text]<\/p>\n<p style=\"text-align: center;\"><span style=\"font-size: 12pt;\"><a href=\"https:\/\/www.kjt.lu\/mobbing\/\">(Cyber)Mobbing<\/a> ;\u00a0<a href=\"https:\/\/www.kjt.lu\/freundschaft\/\">Freunde, Freundschaft<\/a> ;\u00a0<a href=\"https:\/\/www.kjt.lu\/psychische-gesundheit\/\">Psyche und Gesundheit<\/a> ;\u00a0<a href=\"https:\/\/www.kjt.lu\/sexualitaet\/\">Sexualit\u00e4t<\/a> ;\u00a0<a href=\"https:\/\/www.kjt.lu\/sexueller-missbrauch\/\">sexueller Missbrauch<\/a> ; <\/span><a href=\"https:\/\/www.kjt.lu\/stress-druck\/\"><span style=\"font-size: 12pt;\">Stress, Druck<\/span><\/a><\/p>\n<p>[\/vc_column_text][\/vc_column][\/vc_row][\/vc_section]<\/p>\n<\/div>","protected":false},"excerpt":{"rendered":"<p>[vc_row][vc_column][\/vc_column][\/vc_row][vc_section full_width=&#8220;stretch_row&#8220; css=&#8220;.vc_custom_1618825792061{padding-top: 45px !important;padding-bottom: 20px !important;}&#8220;][vc_row][vc_column][vc_custom_heading text=&#8220;Oh nein! Jetzt haben die mich nackt gesehen!&#8220; font_container=&#8220;tag:h1|text_align:center&#8220; use_theme_fonts=&#8220;yes&#8220;][vc_empty_space][\/vc_column][vc_column offset=&#8220;vc_col-lg-offset-0 vc_col-lg-12 vc_col-md-offset-0&hellip;<\/p>\n","protected":false},"author":1,"featured_media":0,"parent":0,"menu_order":0,"comment_status":"closed","ping_status":"closed","template":"","meta":{"footnotes":""},"class_list":["post-2532","page","type-page","status-publish","hentry"],"yoast_head":"<!-- This site is optimized with the Yoast SEO plugin v25.4 - https:\/\/yoast.com\/wordpress\/plugins\/seo\/ -->\n<title>Sexting | KJT<\/title>\n<meta name=\"robots\" content=\"index, follow, max-snippet:-1, max-image-preview:large, max-video-preview:-1\" \/>\n<link rel=\"canonical\" href=\"https:\/\/www.kjt.lu\/de\/sexting\/\" \/>\n<meta property=\"og:locale\" content=\"de_DE\" \/>\n<meta property=\"og:type\" content=\"article\" \/>\n<meta property=\"og:title\" content=\"Sexting | KJT\" \/>\n<meta property=\"og:description\" content=\"[vc_row][vc_column][\/vc_column][\/vc_row][vc_section full_width=&#8220;stretch_row&#8220; css=&#8220;.vc_custom_1618825792061{padding-top: 45px !important;padding-bottom: 20px !important;}&#8220;][vc_row][vc_column][vc_custom_heading text=&#8220;Oh nein! Jetzt haben die mich nackt gesehen!&#8220; font_container=&#8220;tag:h1|text_align:center&#8220; use_theme_fonts=&#8220;yes&#8220;][vc_empty_space][\/vc_column][vc_column offset=&#8220;vc_col-lg-offset-0 vc_col-lg-12 vc_col-md-offset-0&hellip;\" \/>\n<meta property=\"og:url\" content=\"https:\/\/www.kjt.lu\/de\/sexting\/\" \/>\n<meta property=\"og:site_name\" content=\"KJT\" \/>\n<meta property=\"article:publisher\" content=\"https:\/\/www.facebook.com\/kannerjugendtelefon\" \/>\n<meta property=\"article:modified_time\" content=\"2021-05-14T16:53:15+00:00\" \/>\n<meta name=\"twitter:card\" content=\"summary_large_image\" \/>\n<meta name=\"twitter:label1\" content=\"Gesch\u00e4tzte Lesezeit\" \/>\n\t<meta name=\"twitter:data1\" content=\"2\u00a0Minuten\" \/>\n<script type=\"application\/ld+json\" class=\"yoast-schema-graph\">{\"@context\":\"https:\/\/schema.org\",\"@graph\":[{\"@type\":\"WebPage\",\"@id\":\"https:\/\/www.kjt.lu\/de\/sexting\/\",\"url\":\"https:\/\/www.kjt.lu\/de\/sexting\/\",\"name\":\"Sexting | KJT\",\"isPartOf\":{\"@id\":\"https:\/\/www.kjt.lu\/de\/#website\"},\"datePublished\":\"2020-09-07T14:16:27+00:00\",\"dateModified\":\"2021-05-14T16:53:15+00:00\",\"breadcrumb\":{\"@id\":\"https:\/\/www.kjt.lu\/de\/sexting\/#breadcrumb\"},\"inLanguage\":\"de\",\"potentialAction\":[{\"@type\":\"ReadAction\",\"target\":[\"https:\/\/www.kjt.lu\/de\/sexting\/\"]}]},{\"@type\":\"BreadcrumbList\",\"@id\":\"https:\/\/www.kjt.lu\/de\/sexting\/#breadcrumb\",\"itemListElement\":[{\"@type\":\"ListItem\",\"position\":1,\"name\":\"Startseite\",\"item\":\"https:\/\/www.kjt.lu\/de\/\"},{\"@type\":\"ListItem\",\"position\":2,\"name\":\"Sexting\"}]},{\"@type\":\"WebSite\",\"@id\":\"https:\/\/www.kjt.lu\/de\/#website\",\"url\":\"https:\/\/www.kjt.lu\/de\/\",\"name\":\"KJT\",\"description\":\"Beratung, Hilfe und Informationen f\u00fcr Kinder und Jugendliche\",\"publisher\":{\"@id\":\"https:\/\/www.kjt.lu\/de\/#organization\"},\"potentialAction\":[{\"@type\":\"SearchAction\",\"target\":{\"@type\":\"EntryPoint\",\"urlTemplate\":\"https:\/\/www.kjt.lu\/de\/?s={search_term_string}\"},\"query-input\":{\"@type\":\"PropertyValueSpecification\",\"valueRequired\":true,\"valueName\":\"search_term_string\"}}],\"inLanguage\":\"de\"},{\"@type\":\"Organization\",\"@id\":\"https:\/\/www.kjt.lu\/de\/#organization\",\"name\":\"KJT\",\"url\":\"https:\/\/www.kjt.lu\/de\/\",\"logo\":{\"@type\":\"ImageObject\",\"inLanguage\":\"de\",\"@id\":\"https:\/\/www.kjt.lu\/de\/#\/schema\/logo\/image\/\",\"url\":\"https:\/\/www.kjt.lu\/wp-content\/uploads\/2021\/01\/kjt_white_144x61.png\",\"contentUrl\":\"https:\/\/www.kjt.lu\/wp-content\/uploads\/2021\/01\/kjt_white_144x61.png\",\"width\":143,\"height\":61,\"caption\":\"KJT\"},\"image\":{\"@id\":\"https:\/\/www.kjt.lu\/de\/#\/schema\/logo\/image\/\"},\"sameAs\":[\"https:\/\/www.facebook.com\/kannerjugendtelefon\",\"https:\/\/www.instagram.com\/kannerjugendtelefon\/\"]}]}<\/script>\n<!-- \/ Yoast SEO plugin. -->","yoast_head_json":{"title":"Sexting | KJT","robots":{"index":"index","follow":"follow","max-snippet":"max-snippet:-1","max-image-preview":"max-image-preview:large","max-video-preview":"max-video-preview:-1"},"canonical":"https:\/\/www.kjt.lu\/de\/sexting\/","og_locale":"de_DE","og_type":"article","og_title":"Sexting | KJT","og_description":"[vc_row][vc_column][\/vc_column][\/vc_row][vc_section full_width=&#8220;stretch_row&#8220; css=&#8220;.vc_custom_1618825792061{padding-top: 45px !important;padding-bottom: 20px !important;}&#8220;][vc_row][vc_column][vc_custom_heading text=&#8220;Oh nein! Jetzt haben die mich nackt gesehen!&#8220; font_container=&#8220;tag:h1|text_align:center&#8220; use_theme_fonts=&#8220;yes&#8220;][vc_empty_space][\/vc_column][vc_column offset=&#8220;vc_col-lg-offset-0 vc_col-lg-12 vc_col-md-offset-0&hellip;","og_url":"https:\/\/www.kjt.lu\/de\/sexting\/","og_site_name":"KJT","article_publisher":"https:\/\/www.facebook.com\/kannerjugendtelefon","article_modified_time":"2021-05-14T16:53:15+00:00","twitter_card":"summary_large_image","twitter_misc":{"Gesch\u00e4tzte Lesezeit":"2\u00a0Minuten"},"schema":{"@context":"https:\/\/schema.org","@graph":[{"@type":"WebPage","@id":"https:\/\/www.kjt.lu\/de\/sexting\/","url":"https:\/\/www.kjt.lu\/de\/sexting\/","name":"Sexting | KJT","isPartOf":{"@id":"https:\/\/www.kjt.lu\/de\/#website"},"datePublished":"2020-09-07T14:16:27+00:00","dateModified":"2021-05-14T16:53:15+00:00","breadcrumb":{"@id":"https:\/\/www.kjt.lu\/de\/sexting\/#breadcrumb"},"inLanguage":"de","potentialAction":[{"@type":"ReadAction","target":["https:\/\/www.kjt.lu\/de\/sexting\/"]}]},{"@type":"BreadcrumbList","@id":"https:\/\/www.kjt.lu\/de\/sexting\/#breadcrumb","itemListElement":[{"@type":"ListItem","position":1,"name":"Startseite","item":"https:\/\/www.kjt.lu\/de\/"},{"@type":"ListItem","position":2,"name":"Sexting"}]},{"@type":"WebSite","@id":"https:\/\/www.kjt.lu\/de\/#website","url":"https:\/\/www.kjt.lu\/de\/","name":"KJT","description":"Beratung, Hilfe und Informationen f\u00fcr Kinder und Jugendliche","publisher":{"@id":"https:\/\/www.kjt.lu\/de\/#organization"},"potentialAction":[{"@type":"SearchAction","target":{"@type":"EntryPoint","urlTemplate":"https:\/\/www.kjt.lu\/de\/?s={search_term_string}"},"query-input":{"@type":"PropertyValueSpecification","valueRequired":true,"valueName":"search_term_string"}}],"inLanguage":"de"},{"@type":"Organization","@id":"https:\/\/www.kjt.lu\/de\/#organization","name":"KJT","url":"https:\/\/www.kjt.lu\/de\/","logo":{"@type":"ImageObject","inLanguage":"de","@id":"https:\/\/www.kjt.lu\/de\/#\/schema\/logo\/image\/","url":"https:\/\/www.kjt.lu\/wp-content\/uploads\/2021\/01\/kjt_white_144x61.png","contentUrl":"https:\/\/www.kjt.lu\/wp-content\/uploads\/2021\/01\/kjt_white_144x61.png","width":143,"height":61,"caption":"KJT"},"image":{"@id":"https:\/\/www.kjt.lu\/de\/#\/schema\/logo\/image\/"},"sameAs":["https:\/\/www.facebook.com\/kannerjugendtelefon","https:\/\/www.instagram.com\/kannerjugendtelefon\/"]}]}},"_links":{"self":[{"href":"https:\/\/www.kjt.lu\/de\/wp-json\/wp\/v2\/pages\/2532"}],"collection":[{"href":"https:\/\/www.kjt.lu\/de\/wp-json\/wp\/v2\/pages"}],"about":[{"href":"https:\/\/www.kjt.lu\/de\/wp-json\/wp\/v2\/types\/page"}],"author":[{"embeddable":true,"href":"https:\/\/www.kjt.lu\/de\/wp-json\/wp\/v2\/users\/1"}],"replies":[{"embeddable":true,"href":"https:\/\/www.kjt.lu\/de\/wp-json\/wp\/v2\/comments?post=2532"}],"version-history":[{"count":23,"href":"https:\/\/www.kjt.lu\/de\/wp-json\/wp\/v2\/pages\/2532\/revisions"}],"predecessor-version":[{"id":5246,"href":"https:\/\/www.kjt.lu\/de\/wp-json\/wp\/v2\/pages\/2532\/revisions\/5246"}],"wp:attachment":[{"href":"https:\/\/www.kjt.lu\/de\/wp-json\/wp\/v2\/media?parent=2532"}],"curies":[{"name":"wp","href":"https:\/\/api.w.org\/{rel}","templated":true}]}}