{"id":2522,"date":"2020-09-07T09:07:31","date_gmt":"2020-09-07T07:07:31","guid":{"rendered":"http:\/\/new.kjt.lu\/?page_id=2522"},"modified":"2024-09-09T11:59:48","modified_gmt":"2024-09-09T09:59:48","slug":"gewalt","status":"publish","type":"page","link":"https:\/\/www.kjt.lu\/de\/gewalt\/","title":{"rendered":"Gewalt"},"content":{"rendered":"<div class=\"wpb-content-wrapper\"><p>[vc_row][vc_column]\n\t\t\t<!-- START Violence REVOLUTION SLIDER 6.7.16 --><p class=\"rs-p-wp-fix\"><\/p>\n\t\t\t<rs-module-wrap id=\"rev_slider_13_1_wrapper\" data-source=\"gallery\" style=\"visibility:hidden;background:transparent;padding:0;margin:0px auto;margin-top:0;margin-bottom:0;\">\n\t\t\t\t<rs-module id=\"rev_slider_13_1\" style=\"\" data-version=\"6.7.16\">\n\t\t\t\t\t<rs-slides style=\"overflow: hidden; position: absolute;\">\n\t\t\t\t\t\t<rs-slide style=\"position: absolute;\" data-key=\"rs-70\" data-title=\"Slide\" data-anim=\"ms:1000;r:0;\" data-in=\"o:0;\" data-out=\"a:false;\">\n\t\t\t\t\t\t\t<img decoding=\"async\" src=\"\/\/www.kjt.lu\/wp-content\/plugins\/revslider\/sr6\/assets\/assets\/dummy.png\" alt=\"\" title=\"Violence\" width=\"1920\" height=\"1080\" class=\"rev-slidebg tp-rs-img rs-lazyload\" data-lazyload=\"\/\/www.kjt.lu\/wp-content\/uploads\/2021\/01\/slide_Violence_298048491.jpg\" data-no-retina>\n<!---->\t\t\t\t\t<\/rs-slide>\n\t\t\t\t\t<\/rs-slides>\n\t\t\t\t<\/rs-module>\n\t\t\t\t<script>\n\t\t\t\t\tsetREVStartSize({c: 'rev_slider_13_1',rl:[1240,1024,768,480],el:[900],gw:[1240],gh:[900],type:'hero',justify:'',layout:'fullwidth',mh:\"0\"});if (window.RS_MODULES!==undefined && window.RS_MODULES.modules!==undefined && window.RS_MODULES.modules[\"revslider131\"]!==undefined) {window.RS_MODULES.modules[\"revslider131\"].once = false;window.revapi13 = undefined;if (window.RS_MODULES.checkMinimal!==undefined) window.RS_MODULES.checkMinimal()}\n\t\t\t\t<\/script>\n\t\t\t<\/rs-module-wrap>\n\t\t\t<!-- END REVOLUTION SLIDER -->\n[\/vc_column][\/vc_row][vc_section full_width=&#8220;stretch_row&#8220; css=&#8220;.vc_custom_1499312142784{padding-top: 45px !important;padding-bottom: 45px !important;}&#8220;][vc_row][vc_column][vc_custom_heading text=&#8220;Papa schl\u00e4gt mich!&#8220; font_container=&#8220;tag:h1|text_align:center&#8220; use_theme_fonts=&#8220;yes&#8220;][\/vc_column][vc_column offset=&#8220;vc_col-lg-offset-1 vc_col-lg-10 vc_col-md-offset-1 vc_col-md-10&#8243;][vc_empty_space][vc_custom_heading text=&#8220;Gewalt zeigt sich in vielen Formen: k\u00f6rperliche, psychische, sexualisierte und finanzielle Gewalt. Sie findet zum Teil sowohl online als auch offline statt. Auch Vernachl\u00e4ssigung ist eine Form von Gewalt.<\/p>\n<p>(Junge) Menschen, die Gewalt erleben, egal welcher Art, f\u00fchlen sich klein. Hilflos. Alleine gelassen. Gewalt hinterl\u00e4sst Spuren, aber nicht nur k\u00f6rperliche, nicht nur sichtbare. Angst und Verunsicherung sind st\u00e4ndige Begleiter. Regelm\u00e4\u00dfige Tr\u00e4ume der erlebten Situation st\u00f6ren den Schlaf. Das ist der Versuch des K\u00f6rpers, die erlebte Situation zu verarbeiten. Menschen, die Gewalt erleben, sind st\u00e4ndig auf der Hut. Fragen und Gedanken kreisen im Kopf &#8211; Soll ich weglaufen? Kann ich mich verteidigen? Warum ich? Was mache ich falsch? Bin ich schuld? Wer hilft mir? Wo ist der Ausweg aus dieser Situation?&#8220; font_container=&#8220;tag:p|text_align:left&#8220; google_fonts=&#8220;font_family:Raleway%3A100%2C200%2C300%2Cregular%2C500%2C600%2C700%2C800%2C900|font_style:300%20light%20regular%3A300%3Anormal&#8220;][vc_custom_heading text=&#8220;Doch auch wenn es in dem Moment nicht so aussieht, gibt es immer jemanden, an den man sich wenden kann. Das braucht sehr viel Mut und viel Energie, da Angst, Hilflosigkeit, Schuldgef\u00fchle und Schamgef\u00fchle oft erstmals \u00fcberwunden werden m\u00fcssen. Manchmal braucht das auch mehr als einen Versuch.<\/p>\n<p>Bleibe nicht allein, rede mit jemandem \u2013 vielleicht bist du selbst in so einer Situation oder du hast einen Freund\/eine Freundin, dem\/der du gerne helfen m\u00f6chtest. Mit uns kannst du reden, anonym und vertraulich:&#8220; font_container=&#8220;tag:p|text_align:left&#8220; google_fonts=&#8220;font_family:Raleway%3A100%2C200%2C300%2Cregular%2C500%2C600%2C700%2C800%2C900|font_style:300%20light%20regular%3A300%3Anormal&#8220;][\/vc_column][\/vc_row][vc_row][vc_column][vc_empty_space][\/vc_column][\/vc_row][vc_row][vc_column css=&#8220;.vc_custom_1499312251005{margin-bottom: 30px !important;}&#8220;]<div  class=\"wpb_theme_custom_element wpb_featured_box\">\n  <div class=\"vc-custom-inner-wrap\">\n    <div class=\"featured-box-alignment alignment-center content-alignment-center\"><div class=\"icon-wrap\"><div class=\"type-icon graphic-shape-rounded\" style=\"width: 50px;height: 50px;background-color: #54a56c\"><span style=\"color: #ffffff\" class=\"_icon fas fa-exclamation\"><\/span><\/div><\/div><div class=\"entry-box-wrap\"><h4 class=\"featured-box-title\" style=\"color: #222222;\">1 1 6 1 1 1<\/h4><div class=\"featured-box-text\" style=\"color: #444444;\">Kanner-Jugendtelefon<\/div><\/div><\/div>  <\/div>\n<\/div>\n[\/vc_column][\/vc_row][vc_row][vc_column][vc_empty_space][\/vc_column][\/vc_row][vc_row][vc_column offset=&#8220;vc_col-lg-offset-1 vc_col-lg-10 vc_col-md-offset-1 vc_col-md-10&#8243;][vc_custom_heading text=&#8220;Jedes Kind und jeder Jugendliche hat das Recht auf Schutz, auf Hilfe und Unterst\u00fctzung und auf ein gewaltfreies Leben. Ihr selbst k\u00f6nnt euch daf\u00fcr einsetzen, f\u00fcr euch oder f\u00fcr einen Freund\/eine Freundin. Redet mit uns oder mit einer Person eures Vertrauens, das ist oft ein erster wichtiger Schritt, der gar nicht so einfach ist.&#8220; font_container=&#8220;tag:p|text_align:left&#8220; google_fonts=&#8220;font_family:Raleway%3A100%2C200%2C300%2Cregular%2C500%2C600%2C700%2C800%2C900|font_style:300%20light%20regular%3A300%3Anormal&#8220;][vc_custom_heading text=&#8220;Auch Eltern k\u00f6nnen Teil solch einer Situation sein oder vermuten sie bei anderen Kindern bzw. Erwachsenen. Gerne k\u00f6nnen Sie sich anonym und vertraulich am Elterentelefon 8002 4444 beraten lassen.<\/p>\n<p>Sollte f\u00fcr jemanden akute (Lebens)Gefahr bestehen, wenden Sie sich bitte an die Notrufzentrale 112 oder an die Polizei 113.&#8220; font_container=&#8220;tag:p|text_align:left&#8220; google_fonts=&#8220;font_family:Raleway%3A100%2C200%2C300%2Cregular%2C500%2C600%2C700%2C800%2C900|font_style:300%20light%20regular%3A300%3Anormal&#8220; css=&#8220;&#8220;][\/vc_column][\/vc_row][\/vc_section][vc_section][vc_row][vc_column][vc_custom_heading text=&#8220;Hier findest du Unterst\u00fctzung zu diesem Thema&#8220; font_container=&#8220;tag:h3|font_size:18|text_align:center&#8220; google_fonts=&#8220;font_family:Adamina%3Aregular|font_style:400%20regular%3A400%3Anormal&#8220;][vc_column_text]<\/p>\n<p style=\"text-align: center;\"><span style=\"font-size: 12pt;\"><a href=\"https:\/\/www.kjt.lu\/1-1-6-1-1-1\/\">Kanner-Jugendtelefon<\/a> ; <a href=\"https:\/\/www.kjt.lu\/chatberodung\/\">Chatberodung<\/a> ; <a href=\"https:\/\/www.kjt.lu\/online-help\/\">Online Help<\/a> ; <a href=\"https:\/\/www.kjt.lu\/bee-secure-stopline\/\">BEE SECURE Stopline<\/a><\/span><\/p>\n<p>[\/vc_column_text][vc_custom_heading text=&#8220;Vielleicht interessiert dich auch&#8220; font_container=&#8220;tag:h3|font_size:18|text_align:center&#8220; google_fonts=&#8220;font_family:Adamina%3Aregular|font_style:400%20regular%3A400%3Anormal&#8220;][vc_column_text]<\/p>\n<p style=\"text-align: center;\"><span style=\"font-size: 12pt;\"><a href=\"https:\/\/www.kjt.lu\/konflikte-in-der-familie\/\">Familie, Streit, Konflikt<\/a> ; <a href=\"https:\/\/www.kjt.lu\/mobbing\/\">(Cyber)Mobbing<\/a> ; <a href=\"https:\/\/www.kjt.lu\/psychische-gesundheit\/\">Psyche und Gesundheit<\/a> ; <a href=\"https:\/\/www.kjt.lu\/sexueller-missbrauch\/\">sexueller Missbrauch<\/a> ; <a href=\"https:\/\/www.kjt.lu\/trennung-scheidung\/\">Trennung, Scheidung<\/a> ; <a href=\"https:\/\/www.kjt.lu\/suizid\/\">Suizid, suizidale Gedanken<\/a><\/span><\/p>\n<p>[\/vc_column_text][\/vc_column][\/vc_row][\/vc_section]<\/p>\n<\/div>","protected":false},"excerpt":{"rendered":"<p>[vc_row][vc_column][\/vc_column][\/vc_row][vc_section full_width=&#8220;stretch_row&#8220; css=&#8220;.vc_custom_1499312142784{padding-top: 45px !important;padding-bottom: 45px !important;}&#8220;][vc_row][vc_column][vc_custom_heading text=&#8220;Papa schl\u00e4gt mich!&#8220; font_container=&#8220;tag:h1|text_align:center&#8220; use_theme_fonts=&#8220;yes&#8220;][\/vc_column][vc_column offset=&#8220;vc_col-lg-offset-1 vc_col-lg-10 vc_col-md-offset-1 vc_col-md-10&#8243;][vc_empty_space][vc_custom_heading text=&#8220;Gewalt zeigt sich in&hellip;<\/p>\n","protected":false},"author":1,"featured_media":0,"parent":0,"menu_order":0,"comment_status":"closed","ping_status":"closed","template":"","meta":{"footnotes":""},"class_list":["post-2522","page","type-page","status-publish","hentry"],"yoast_head":"<!-- This site is optimized with the Yoast SEO plugin v25.4 - https:\/\/yoast.com\/wordpress\/plugins\/seo\/ -->\n<title>Gewalt | KJT<\/title>\n<meta name=\"robots\" content=\"index, follow, max-snippet:-1, max-image-preview:large, max-video-preview:-1\" \/>\n<link rel=\"canonical\" href=\"https:\/\/www.kjt.lu\/de\/gewalt\/\" \/>\n<meta property=\"og:locale\" content=\"de_DE\" \/>\n<meta property=\"og:type\" content=\"article\" \/>\n<meta property=\"og:title\" content=\"Gewalt | KJT\" \/>\n<meta property=\"og:description\" content=\"[vc_row][vc_column][\/vc_column][\/vc_row][vc_section full_width=&#8220;stretch_row&#8220; css=&#8220;.vc_custom_1499312142784{padding-top: 45px !important;padding-bottom: 45px !important;}&#8220;][vc_row][vc_column][vc_custom_heading text=&#8220;Papa schl\u00e4gt mich!&#8220; font_container=&#8220;tag:h1|text_align:center&#8220; use_theme_fonts=&#8220;yes&#8220;][\/vc_column][vc_column offset=&#8220;vc_col-lg-offset-1 vc_col-lg-10 vc_col-md-offset-1 vc_col-md-10&#8243;][vc_empty_space][vc_custom_heading text=&#8220;Gewalt zeigt sich in&hellip;\" \/>\n<meta property=\"og:url\" content=\"https:\/\/www.kjt.lu\/de\/gewalt\/\" \/>\n<meta property=\"og:site_name\" content=\"KJT\" \/>\n<meta property=\"article:publisher\" content=\"https:\/\/www.facebook.com\/kannerjugendtelefon\" \/>\n<meta property=\"article:modified_time\" content=\"2024-09-09T09:59:48+00:00\" \/>\n<meta name=\"twitter:card\" content=\"summary_large_image\" \/>\n<meta name=\"twitter:label1\" content=\"Gesch\u00e4tzte Lesezeit\" \/>\n\t<meta name=\"twitter:data1\" content=\"3\u00a0Minuten\" \/>\n<script type=\"application\/ld+json\" class=\"yoast-schema-graph\">{\"@context\":\"https:\/\/schema.org\",\"@graph\":[{\"@type\":\"WebPage\",\"@id\":\"https:\/\/www.kjt.lu\/de\/gewalt\/\",\"url\":\"https:\/\/www.kjt.lu\/de\/gewalt\/\",\"name\":\"Gewalt | KJT\",\"isPartOf\":{\"@id\":\"https:\/\/www.kjt.lu\/de\/#website\"},\"datePublished\":\"2020-09-07T07:07:31+00:00\",\"dateModified\":\"2024-09-09T09:59:48+00:00\",\"breadcrumb\":{\"@id\":\"https:\/\/www.kjt.lu\/de\/gewalt\/#breadcrumb\"},\"inLanguage\":\"de\",\"potentialAction\":[{\"@type\":\"ReadAction\",\"target\":[\"https:\/\/www.kjt.lu\/de\/gewalt\/\"]}]},{\"@type\":\"BreadcrumbList\",\"@id\":\"https:\/\/www.kjt.lu\/de\/gewalt\/#breadcrumb\",\"itemListElement\":[{\"@type\":\"ListItem\",\"position\":1,\"name\":\"Startseite\",\"item\":\"https:\/\/www.kjt.lu\/de\/\"},{\"@type\":\"ListItem\",\"position\":2,\"name\":\"Gewalt\"}]},{\"@type\":\"WebSite\",\"@id\":\"https:\/\/www.kjt.lu\/de\/#website\",\"url\":\"https:\/\/www.kjt.lu\/de\/\",\"name\":\"KJT\",\"description\":\"Beratung, Hilfe und Informationen f\u00fcr Kinder und Jugendliche\",\"publisher\":{\"@id\":\"https:\/\/www.kjt.lu\/de\/#organization\"},\"potentialAction\":[{\"@type\":\"SearchAction\",\"target\":{\"@type\":\"EntryPoint\",\"urlTemplate\":\"https:\/\/www.kjt.lu\/de\/?s={search_term_string}\"},\"query-input\":{\"@type\":\"PropertyValueSpecification\",\"valueRequired\":true,\"valueName\":\"search_term_string\"}}],\"inLanguage\":\"de\"},{\"@type\":\"Organization\",\"@id\":\"https:\/\/www.kjt.lu\/de\/#organization\",\"name\":\"KJT\",\"url\":\"https:\/\/www.kjt.lu\/de\/\",\"logo\":{\"@type\":\"ImageObject\",\"inLanguage\":\"de\",\"@id\":\"https:\/\/www.kjt.lu\/de\/#\/schema\/logo\/image\/\",\"url\":\"https:\/\/www.kjt.lu\/wp-content\/uploads\/2021\/01\/kjt_white_144x61.png\",\"contentUrl\":\"https:\/\/www.kjt.lu\/wp-content\/uploads\/2021\/01\/kjt_white_144x61.png\",\"width\":143,\"height\":61,\"caption\":\"KJT\"},\"image\":{\"@id\":\"https:\/\/www.kjt.lu\/de\/#\/schema\/logo\/image\/\"},\"sameAs\":[\"https:\/\/www.facebook.com\/kannerjugendtelefon\",\"https:\/\/www.instagram.com\/kannerjugendtelefon\/\"]}]}<\/script>\n<!-- \/ Yoast SEO plugin. -->","yoast_head_json":{"title":"Gewalt | KJT","robots":{"index":"index","follow":"follow","max-snippet":"max-snippet:-1","max-image-preview":"max-image-preview:large","max-video-preview":"max-video-preview:-1"},"canonical":"https:\/\/www.kjt.lu\/de\/gewalt\/","og_locale":"de_DE","og_type":"article","og_title":"Gewalt | KJT","og_description":"[vc_row][vc_column][\/vc_column][\/vc_row][vc_section full_width=&#8220;stretch_row&#8220; css=&#8220;.vc_custom_1499312142784{padding-top: 45px !important;padding-bottom: 45px !important;}&#8220;][vc_row][vc_column][vc_custom_heading text=&#8220;Papa schl\u00e4gt mich!&#8220; font_container=&#8220;tag:h1|text_align:center&#8220; use_theme_fonts=&#8220;yes&#8220;][\/vc_column][vc_column offset=&#8220;vc_col-lg-offset-1 vc_col-lg-10 vc_col-md-offset-1 vc_col-md-10&#8243;][vc_empty_space][vc_custom_heading text=&#8220;Gewalt zeigt sich in&hellip;","og_url":"https:\/\/www.kjt.lu\/de\/gewalt\/","og_site_name":"KJT","article_publisher":"https:\/\/www.facebook.com\/kannerjugendtelefon","article_modified_time":"2024-09-09T09:59:48+00:00","twitter_card":"summary_large_image","twitter_misc":{"Gesch\u00e4tzte Lesezeit":"3\u00a0Minuten"},"schema":{"@context":"https:\/\/schema.org","@graph":[{"@type":"WebPage","@id":"https:\/\/www.kjt.lu\/de\/gewalt\/","url":"https:\/\/www.kjt.lu\/de\/gewalt\/","name":"Gewalt | KJT","isPartOf":{"@id":"https:\/\/www.kjt.lu\/de\/#website"},"datePublished":"2020-09-07T07:07:31+00:00","dateModified":"2024-09-09T09:59:48+00:00","breadcrumb":{"@id":"https:\/\/www.kjt.lu\/de\/gewalt\/#breadcrumb"},"inLanguage":"de","potentialAction":[{"@type":"ReadAction","target":["https:\/\/www.kjt.lu\/de\/gewalt\/"]}]},{"@type":"BreadcrumbList","@id":"https:\/\/www.kjt.lu\/de\/gewalt\/#breadcrumb","itemListElement":[{"@type":"ListItem","position":1,"name":"Startseite","item":"https:\/\/www.kjt.lu\/de\/"},{"@type":"ListItem","position":2,"name":"Gewalt"}]},{"@type":"WebSite","@id":"https:\/\/www.kjt.lu\/de\/#website","url":"https:\/\/www.kjt.lu\/de\/","name":"KJT","description":"Beratung, Hilfe und Informationen f\u00fcr Kinder und Jugendliche","publisher":{"@id":"https:\/\/www.kjt.lu\/de\/#organization"},"potentialAction":[{"@type":"SearchAction","target":{"@type":"EntryPoint","urlTemplate":"https:\/\/www.kjt.lu\/de\/?s={search_term_string}"},"query-input":{"@type":"PropertyValueSpecification","valueRequired":true,"valueName":"search_term_string"}}],"inLanguage":"de"},{"@type":"Organization","@id":"https:\/\/www.kjt.lu\/de\/#organization","name":"KJT","url":"https:\/\/www.kjt.lu\/de\/","logo":{"@type":"ImageObject","inLanguage":"de","@id":"https:\/\/www.kjt.lu\/de\/#\/schema\/logo\/image\/","url":"https:\/\/www.kjt.lu\/wp-content\/uploads\/2021\/01\/kjt_white_144x61.png","contentUrl":"https:\/\/www.kjt.lu\/wp-content\/uploads\/2021\/01\/kjt_white_144x61.png","width":143,"height":61,"caption":"KJT"},"image":{"@id":"https:\/\/www.kjt.lu\/de\/#\/schema\/logo\/image\/"},"sameAs":["https:\/\/www.facebook.com\/kannerjugendtelefon","https:\/\/www.instagram.com\/kannerjugendtelefon\/"]}]}},"_links":{"self":[{"href":"https:\/\/www.kjt.lu\/de\/wp-json\/wp\/v2\/pages\/2522"}],"collection":[{"href":"https:\/\/www.kjt.lu\/de\/wp-json\/wp\/v2\/pages"}],"about":[{"href":"https:\/\/www.kjt.lu\/de\/wp-json\/wp\/v2\/types\/page"}],"author":[{"embeddable":true,"href":"https:\/\/www.kjt.lu\/de\/wp-json\/wp\/v2\/users\/1"}],"replies":[{"embeddable":true,"href":"https:\/\/www.kjt.lu\/de\/wp-json\/wp\/v2\/comments?post=2522"}],"version-history":[{"count":22,"href":"https:\/\/www.kjt.lu\/de\/wp-json\/wp\/v2\/pages\/2522\/revisions"}],"predecessor-version":[{"id":15145,"href":"https:\/\/www.kjt.lu\/de\/wp-json\/wp\/v2\/pages\/2522\/revisions\/15145"}],"wp:attachment":[{"href":"https:\/\/www.kjt.lu\/de\/wp-json\/wp\/v2\/media?parent=2522"}],"curies":[{"name":"wp","href":"https:\/\/api.w.org\/{rel}","templated":true}]}}