{"id":2413,"date":"2020-09-02T21:07:18","date_gmt":"2020-09-02T19:07:18","guid":{"rendered":"http:\/\/new.kjt.lu\/?page_id=2413"},"modified":"2026-01-14T10:56:41","modified_gmt":"2026-01-14T09:56:41","slug":"chatberodung","status":"publish","type":"page","link":"https:\/\/www.kjt.lu\/de\/chatberodung\/","title":{"rendered":"Chatberodung"},"content":{"rendered":"<div class=\"wpb-content-wrapper\"><p>[vc_section][vc_row equal_height=&#8220;yes&#8220;][vc_column][vc_custom_heading text=&#8220;Chatberodung&#8220; font_container=&#8220;tag:h1|text_align:center&#8220; use_theme_fonts=&#8220;yes&#8220;][vc_empty_space][\/vc_column][\/vc_row][vc_row equal_height=&#8220;yes&#8220;][vc_column][vc_column_text css=&#8220;&#8220;]Um dich herum ist zu viel Trubel, um ungest\u00f6rt zu telefonieren? Oder dr\u00fcckst du dich generell am liebsten \u00fcber das Schreiben aus? Das, was du loswerden m\u00f6chtest, soll nicht nur sofort raus, sondern soll auch zeitnah \u201egeh\u00f6rt\u201c und \u201ebesprochen\u201c werden? Dann bist du bei der Chatberatung genau richtig!<\/p>\n<p>Das Beratungsteam besteht aus Jugendlichen und jungen Erwachsenen bis 27 Jahren. Sie haben eine Ausbildung erhalten und beraten zus\u00e4tzlich auf dem Hintergrund ihrer eigenen Erfahrungen. Sie sind im Live-Chat f\u00fcr dich da und unterst\u00fctzen dich in den verschiedensten Themen.<\/p>\n<p>Auch in der Chatberatung, sind uns Anonymit\u00e4t und Vertraulichkeit wichtig.<\/p>\n<p>F\u00fcr deinen Login brauchst du einen Usernamen und ein Passwort. Sichere beides gut und tipp los![\/vc_column_text][\/vc_column][\/vc_row][\/vc_section][vc_section][vc_row equal_height=&#8220;yes&#8220;][vc_column][vc_custom_heading text=&#8220;Besetzungszeiten&#8220; font_container=&#8220;tag:h2|text_align:center&#8220; use_theme_fonts=&#8220;yes&#8220;][vc_empty_space][\/vc_column][\/vc_row][vc_row equal_height=&#8220;yes&#8220; content_placement=&#8220;middle&#8220;][vc_column]<div  class=\"wpb_theme_custom_element wpb_featured_box\">\n  <div class=\"vc-custom-inner-wrap\">\n    <div class=\"featured-box-alignment alignment-center content-alignment-center\"><div class=\"icon-wrap\"><div class=\"type-icon graphic-shape-circle\" style=\"width: 50px;height: 50px;background-color: #54a56c\"><span style=\"color: #ffffff\" class=\"_icon fas fa-angle-right\"><\/span><\/div><\/div><div class=\"entry-box-wrap\"><h4 class=\"featured-box-title\" style=\"color: #222222;\">Dienstags<\/h4><div class=\"featured-box-text\" style=\"color: #444444;\">18:00 bis 21:00 Uhr<\/div><\/div><\/div>  <\/div>\n<\/div>\n[\/vc_column][\/vc_row][\/vc_section][vc_row][vc_column][vc_btn title=&#8220;Zur Chatberodung&#8220; color=&#8220;danger&#8220; size=&#8220;lg&#8220; align=&#8220;center&#8220; i_icon_fontawesome=&#8220;far fa-comments&#8220; add_icon=&#8220;true&#8220; link=&#8220;url:https%3A%2F%2Fonline-chatberatung.kjt.lu%3Flang%3Dde_DE|target:_blank&#8220;][vc_empty_space][vc_custom_heading text=&#8220;Wir bilden neue Chatberater aus!&#8220; font_container=&#8220;tag:h3|text_align:left&#8220;][vc_empty_space][vc_column_text css=&#8220;&#8220;]Bist du daran interessiert, selbst <strong>Chatberater<\/strong> zu werden und junge Menschen zu unterst\u00fctzen?<br \/>\n<a href=\"mailto:chatberodung@kjt.lu\">Melde dich gerne bei uns<\/a>, wir kommen dann mit weiteren Infos auf dich zur\u00fcck.[\/vc_column_text][\/vc_column][\/vc_row]<\/p>\n<\/div>","protected":false},"excerpt":{"rendered":"<p>[vc_section][vc_row equal_height=&#8220;yes&#8220;][vc_column][vc_custom_heading text=&#8220;Chatberodung&#8220; font_container=&#8220;tag:h1|text_align:center&#8220; use_theme_fonts=&#8220;yes&#8220;][vc_empty_space][\/vc_column][\/vc_row][vc_row equal_height=&#8220;yes&#8220;][vc_column][vc_column_text css=&#8220;&#8220;]Um dich herum ist zu viel Trubel, um ungest\u00f6rt zu telefonieren? Oder dr\u00fcckst du&hellip;<\/p>\n","protected":false},"author":2,"featured_media":0,"parent":0,"menu_order":0,"comment_status":"closed","ping_status":"closed","template":"","meta":{"footnotes":""},"class_list":["post-2413","page","type-page","status-publish","hentry"],"yoast_head":"<!-- This site is optimized with the Yoast SEO plugin v25.4 - https:\/\/yoast.com\/wordpress\/plugins\/seo\/ -->\n<title>Chatberodung | KJT<\/title>\n<meta name=\"robots\" content=\"index, follow, max-snippet:-1, max-image-preview:large, max-video-preview:-1\" \/>\n<link rel=\"canonical\" href=\"https:\/\/www.kjt.lu\/de\/chatberodung\/\" \/>\n<meta property=\"og:locale\" content=\"de_DE\" \/>\n<meta property=\"og:type\" content=\"article\" \/>\n<meta property=\"og:title\" content=\"Chatberodung | KJT\" \/>\n<meta property=\"og:description\" content=\"[vc_section][vc_row equal_height=&#8220;yes&#8220;][vc_column][vc_custom_heading text=&#8220;Chatberodung&#8220; font_container=&#8220;tag:h1|text_align:center&#8220; use_theme_fonts=&#8220;yes&#8220;][vc_empty_space][\/vc_column][\/vc_row][vc_row equal_height=&#8220;yes&#8220;][vc_column][vc_column_text css=&#8220;&#8220;]Um dich herum ist zu viel Trubel, um ungest\u00f6rt zu telefonieren? Oder dr\u00fcckst du&hellip;\" \/>\n<meta property=\"og:url\" content=\"https:\/\/www.kjt.lu\/de\/chatberodung\/\" \/>\n<meta property=\"og:site_name\" content=\"KJT\" \/>\n<meta property=\"article:publisher\" content=\"https:\/\/www.facebook.com\/kannerjugendtelefon\" \/>\n<meta property=\"article:modified_time\" content=\"2026-01-14T09:56:41+00:00\" \/>\n<meta name=\"twitter:card\" content=\"summary_large_image\" \/>\n<meta name=\"twitter:label1\" content=\"Gesch\u00e4tzte Lesezeit\" \/>\n\t<meta name=\"twitter:data1\" content=\"2\u00a0Minuten\" \/>\n<script type=\"application\/ld+json\" class=\"yoast-schema-graph\">{\"@context\":\"https:\/\/schema.org\",\"@graph\":[{\"@type\":\"WebPage\",\"@id\":\"https:\/\/www.kjt.lu\/de\/chatberodung\/\",\"url\":\"https:\/\/www.kjt.lu\/de\/chatberodung\/\",\"name\":\"Chatberodung | KJT\",\"isPartOf\":{\"@id\":\"https:\/\/www.kjt.lu\/de\/#website\"},\"datePublished\":\"2020-09-02T19:07:18+00:00\",\"dateModified\":\"2026-01-14T09:56:41+00:00\",\"breadcrumb\":{\"@id\":\"https:\/\/www.kjt.lu\/de\/chatberodung\/#breadcrumb\"},\"inLanguage\":\"de\",\"potentialAction\":[{\"@type\":\"ReadAction\",\"target\":[\"https:\/\/www.kjt.lu\/de\/chatberodung\/\"]}]},{\"@type\":\"BreadcrumbList\",\"@id\":\"https:\/\/www.kjt.lu\/de\/chatberodung\/#breadcrumb\",\"itemListElement\":[{\"@type\":\"ListItem\",\"position\":1,\"name\":\"Startseite\",\"item\":\"https:\/\/www.kjt.lu\/de\/\"},{\"@type\":\"ListItem\",\"position\":2,\"name\":\"Chatberodung\"}]},{\"@type\":\"WebSite\",\"@id\":\"https:\/\/www.kjt.lu\/de\/#website\",\"url\":\"https:\/\/www.kjt.lu\/de\/\",\"name\":\"KJT\",\"description\":\"Beratung, Hilfe und Informationen f\u00fcr Kinder und Jugendliche\",\"publisher\":{\"@id\":\"https:\/\/www.kjt.lu\/de\/#organization\"},\"potentialAction\":[{\"@type\":\"SearchAction\",\"target\":{\"@type\":\"EntryPoint\",\"urlTemplate\":\"https:\/\/www.kjt.lu\/de\/?s={search_term_string}\"},\"query-input\":{\"@type\":\"PropertyValueSpecification\",\"valueRequired\":true,\"valueName\":\"search_term_string\"}}],\"inLanguage\":\"de\"},{\"@type\":\"Organization\",\"@id\":\"https:\/\/www.kjt.lu\/de\/#organization\",\"name\":\"KJT\",\"url\":\"https:\/\/www.kjt.lu\/de\/\",\"logo\":{\"@type\":\"ImageObject\",\"inLanguage\":\"de\",\"@id\":\"https:\/\/www.kjt.lu\/de\/#\/schema\/logo\/image\/\",\"url\":\"https:\/\/www.kjt.lu\/wp-content\/uploads\/2021\/01\/kjt_white_144x61.png\",\"contentUrl\":\"https:\/\/www.kjt.lu\/wp-content\/uploads\/2021\/01\/kjt_white_144x61.png\",\"width\":143,\"height\":61,\"caption\":\"KJT\"},\"image\":{\"@id\":\"https:\/\/www.kjt.lu\/de\/#\/schema\/logo\/image\/\"},\"sameAs\":[\"https:\/\/www.facebook.com\/kannerjugendtelefon\",\"https:\/\/www.instagram.com\/kannerjugendtelefon\/\"]}]}<\/script>\n<!-- \/ Yoast SEO plugin. -->","yoast_head_json":{"title":"Chatberodung | KJT","robots":{"index":"index","follow":"follow","max-snippet":"max-snippet:-1","max-image-preview":"max-image-preview:large","max-video-preview":"max-video-preview:-1"},"canonical":"https:\/\/www.kjt.lu\/de\/chatberodung\/","og_locale":"de_DE","og_type":"article","og_title":"Chatberodung | KJT","og_description":"[vc_section][vc_row equal_height=&#8220;yes&#8220;][vc_column][vc_custom_heading text=&#8220;Chatberodung&#8220; font_container=&#8220;tag:h1|text_align:center&#8220; use_theme_fonts=&#8220;yes&#8220;][vc_empty_space][\/vc_column][\/vc_row][vc_row equal_height=&#8220;yes&#8220;][vc_column][vc_column_text css=&#8220;&#8220;]Um dich herum ist zu viel Trubel, um ungest\u00f6rt zu telefonieren? Oder dr\u00fcckst du&hellip;","og_url":"https:\/\/www.kjt.lu\/de\/chatberodung\/","og_site_name":"KJT","article_publisher":"https:\/\/www.facebook.com\/kannerjugendtelefon","article_modified_time":"2026-01-14T09:56:41+00:00","twitter_card":"summary_large_image","twitter_misc":{"Gesch\u00e4tzte Lesezeit":"2\u00a0Minuten"},"schema":{"@context":"https:\/\/schema.org","@graph":[{"@type":"WebPage","@id":"https:\/\/www.kjt.lu\/de\/chatberodung\/","url":"https:\/\/www.kjt.lu\/de\/chatberodung\/","name":"Chatberodung | KJT","isPartOf":{"@id":"https:\/\/www.kjt.lu\/de\/#website"},"datePublished":"2020-09-02T19:07:18+00:00","dateModified":"2026-01-14T09:56:41+00:00","breadcrumb":{"@id":"https:\/\/www.kjt.lu\/de\/chatberodung\/#breadcrumb"},"inLanguage":"de","potentialAction":[{"@type":"ReadAction","target":["https:\/\/www.kjt.lu\/de\/chatberodung\/"]}]},{"@type":"BreadcrumbList","@id":"https:\/\/www.kjt.lu\/de\/chatberodung\/#breadcrumb","itemListElement":[{"@type":"ListItem","position":1,"name":"Startseite","item":"https:\/\/www.kjt.lu\/de\/"},{"@type":"ListItem","position":2,"name":"Chatberodung"}]},{"@type":"WebSite","@id":"https:\/\/www.kjt.lu\/de\/#website","url":"https:\/\/www.kjt.lu\/de\/","name":"KJT","description":"Beratung, Hilfe und Informationen f\u00fcr Kinder und Jugendliche","publisher":{"@id":"https:\/\/www.kjt.lu\/de\/#organization"},"potentialAction":[{"@type":"SearchAction","target":{"@type":"EntryPoint","urlTemplate":"https:\/\/www.kjt.lu\/de\/?s={search_term_string}"},"query-input":{"@type":"PropertyValueSpecification","valueRequired":true,"valueName":"search_term_string"}}],"inLanguage":"de"},{"@type":"Organization","@id":"https:\/\/www.kjt.lu\/de\/#organization","name":"KJT","url":"https:\/\/www.kjt.lu\/de\/","logo":{"@type":"ImageObject","inLanguage":"de","@id":"https:\/\/www.kjt.lu\/de\/#\/schema\/logo\/image\/","url":"https:\/\/www.kjt.lu\/wp-content\/uploads\/2021\/01\/kjt_white_144x61.png","contentUrl":"https:\/\/www.kjt.lu\/wp-content\/uploads\/2021\/01\/kjt_white_144x61.png","width":143,"height":61,"caption":"KJT"},"image":{"@id":"https:\/\/www.kjt.lu\/de\/#\/schema\/logo\/image\/"},"sameAs":["https:\/\/www.facebook.com\/kannerjugendtelefon","https:\/\/www.instagram.com\/kannerjugendtelefon\/"]}]}},"_links":{"self":[{"href":"https:\/\/www.kjt.lu\/de\/wp-json\/wp\/v2\/pages\/2413"}],"collection":[{"href":"https:\/\/www.kjt.lu\/de\/wp-json\/wp\/v2\/pages"}],"about":[{"href":"https:\/\/www.kjt.lu\/de\/wp-json\/wp\/v2\/types\/page"}],"author":[{"embeddable":true,"href":"https:\/\/www.kjt.lu\/de\/wp-json\/wp\/v2\/users\/2"}],"replies":[{"embeddable":true,"href":"https:\/\/www.kjt.lu\/de\/wp-json\/wp\/v2\/comments?post=2413"}],"version-history":[{"count":28,"href":"https:\/\/www.kjt.lu\/de\/wp-json\/wp\/v2\/pages\/2413\/revisions"}],"predecessor-version":[{"id":15915,"href":"https:\/\/www.kjt.lu\/de\/wp-json\/wp\/v2\/pages\/2413\/revisions\/15915"}],"wp:attachment":[{"href":"https:\/\/www.kjt.lu\/de\/wp-json\/wp\/v2\/media?parent=2413"}],"curies":[{"name":"wp","href":"https:\/\/api.w.org\/{rel}","templated":true}]}}