{"id":2407,"date":"2020-09-02T20:47:42","date_gmt":"2020-09-02T18:47:42","guid":{"rendered":"http:\/\/new.kjt.lu\/?page_id=2407"},"modified":"2024-01-29T15:02:51","modified_gmt":"2024-01-29T14:02:51","slug":"online-help","status":"publish","type":"page","link":"https:\/\/www.kjt.lu\/de\/online-help\/","title":{"rendered":"Online Help"},"content":{"rendered":"<div class=\"wpb-content-wrapper\"><p>[vc_row][vc_column][vc_custom_heading text=&#8220;Online Help&#8220; font_container=&#8220;tag:h1|text_align:center&#8220; use_theme_fonts=&#8220;yes&#8220;][\/vc_column][vc_column][vc_custom_heading text=&#8220;Fragen &#8211; Sorgen &#8211; Probleme&#8220; font_container=&#8220;tag:h2|text_align:center&#8220; use_theme_fonts=&#8220;yes&#8220; css=&#8220;.vc_custom_1615809721633{margin-bottom: 90px !important;}&#8220;][vc_column_text]<\/p>\n<p style=\"text-align: left;\">Wenn dich etwas beunruhigt, nervt, bedr\u00fcckt, dir alles sinnlos erscheint, du das Gef\u00fchl hast in einer Sackgasse zu sein, dann schreib uns &#8211; wir sind f\u00fcr dich da.<\/p>\n<p style=\"text-align: left;\">Alles bleibt unter uns.<\/p>\n<p>[\/vc_column_text][\/vc_column][\/vc_row][vc_row][vc_column][vc_column_text css=&#8220;.vc_custom_1618905386730{margin-bottom: 90px !important;}&#8220;]<\/p>\n<h4><strong>Wie funktioniert die Online Help?<\/strong><\/h4>\n<p style=\"text-align: left;\">F\u00fcr deinen Login brauchst du einen Usernamen und ein Passwort. Sichere beides gut, damit niemand au\u00dfer dir den Zugang hat. Beides, Username und Passwort, sind der Schl\u00fcssel zu der Antwort, die nur f\u00fcr dich bestimmt ist.<\/p>\n<p style=\"text-align: left;\">Wir antworten das erste Mal immer innerhalb von drei Tagen, bei jeder weiteren Mail innerhalb von 10 Tagen.<\/p>\n<p style=\"text-align: left;\">Bitte achte darauf, dass du uns keinen Namen, keine Adresse usw. nennst, die dich oder Drittpersonen, \u00fcber die du schreibst, erkennbar machen.<\/p>\n<p style=\"text-align: left;\">Du kannst uns auf luxemburgisch, deutsch, franz\u00f6sisch oder englisch schreiben.<\/p>\n<p>[\/vc_column_text][\/vc_column][\/vc_row][vc_row css=&#8220;.vc_custom_1599076649652{margin-bottom: 90px !important;}&#8220;][vc_column width=&#8220;1\/3&#8243;]<div  class=\"wpb_theme_custom_element wpb_featured_box\">\n  <div class=\"vc-custom-inner-wrap\">\n    <div class=\"featured-box-alignment alignment-left vertical-alignment-top\"><div class=\"icon-wrap\"><div class=\"type-icon graphic-shape-circle\" style=\"width: 50px;height: 50px;background-color: #fecc40\"><span style=\"color: #ffffff\" class=\"_icon fas fa-angle-right\"><\/span><\/div><\/div><div class=\"entry-box-wrap\"><h4 class=\"featured-box-title\" style=\"color: #222222;\">Es ist anonym<\/h4><div class=\"featured-box-text\" style=\"color: #444444;\">Du brauchst weder deinen richtigen Namen, noch deine Adresse, E-Mail oder Telefonnummer anzugeben.<\/div><\/div><\/div>  <\/div>\n<\/div>\n[\/vc_column][vc_column width=&#8220;1\/3&#8243;]<div  class=\"wpb_theme_custom_element wpb_featured_box\">\n  <div class=\"vc-custom-inner-wrap\">\n    <div class=\"featured-box-alignment alignment-left vertical-alignment-top\"><div class=\"icon-wrap\"><div class=\"type-icon graphic-shape-circle\" style=\"width: 50px;height: 50px;background-color: #fecc40\"><span style=\"color: #ffffff\" class=\"_icon fas fa-angle-right\"><\/span><\/div><\/div><div class=\"entry-box-wrap\"><h4 class=\"featured-box-title\" style=\"color: #222222;\">Es ist vertraulich<\/h4><div class=\"featured-box-text\" style=\"color: #444444;\">Niemand au\u00dfer dir erf\u00e4hrt etwas von deinem Schreiben.<\/div><\/div><\/div>  <\/div>\n<\/div>\n[\/vc_column][vc_column width=&#8220;1\/3&#8243;]<div  class=\"wpb_theme_custom_element wpb_featured_box\">\n  <div class=\"vc-custom-inner-wrap\">\n    <div class=\"featured-box-alignment alignment-left vertical-alignment-top\"><div class=\"icon-wrap\"><div class=\"type-icon graphic-shape-circle\" style=\"width: 50px;height: 50px;background-color: #fecc40\"><span style=\"color: #ffffff\" class=\"_icon fas fa-angle-right\"><\/span><\/div><\/div><div class=\"entry-box-wrap\"><h4 class=\"featured-box-title\" style=\"color: #222222;\">Es ist kinderleicht<\/h4><div class=\"featured-box-text\" style=\"color: #444444;\">Erstelle deinen Login und leg los.<\/div><\/div><\/div>  <\/div>\n<\/div>\n[\/vc_column][\/vc_row][vc_row][vc_column][\/vc_column][\/vc_row][vc_row][vc_column][vc_btn title=&#8220;Zur Online Help&#8220; color=&#8220;danger&#8220; size=&#8220;lg&#8220; align=&#8220;center&#8220; link=&#8220;url:https%3A%2F%2Fonline-chatberatung.kjt.lu%3Flang%3Dde_DE||target:%20_blank|&#8220;][\/vc_column][\/vc_row]<\/p>\n<\/div>","protected":false},"excerpt":{"rendered":"<p>[vc_row][vc_column][vc_custom_heading text=&#8220;Online Help&#8220; font_container=&#8220;tag:h1|text_align:center&#8220; use_theme_fonts=&#8220;yes&#8220;][\/vc_column][vc_column][vc_custom_heading text=&#8220;Fragen &#8211; Sorgen &#8211; Probleme&#8220; font_container=&#8220;tag:h2|text_align:center&#8220; use_theme_fonts=&#8220;yes&#8220; css=&#8220;.vc_custom_1615809721633{margin-bottom: 90px !important;}&#8220;][vc_column_text] Wenn dich etwas beunruhigt, nervt,&hellip;<\/p>\n","protected":false},"author":2,"featured_media":0,"parent":0,"menu_order":0,"comment_status":"closed","ping_status":"closed","template":"","meta":{"footnotes":""},"class_list":["post-2407","page","type-page","status-publish","hentry"],"yoast_head":"<!-- This site is optimized with the Yoast SEO plugin v25.4 - https:\/\/yoast.com\/wordpress\/plugins\/seo\/ -->\n<title>Online Help | KJT<\/title>\n<meta name=\"robots\" content=\"index, follow, max-snippet:-1, max-image-preview:large, max-video-preview:-1\" \/>\n<link rel=\"canonical\" href=\"https:\/\/www.kjt.lu\/de\/online-help\/\" \/>\n<meta property=\"og:locale\" content=\"de_DE\" \/>\n<meta property=\"og:type\" content=\"article\" \/>\n<meta property=\"og:title\" content=\"Online Help | KJT\" \/>\n<meta property=\"og:description\" content=\"[vc_row][vc_column][vc_custom_heading text=&#8220;Online Help&#8220; font_container=&#8220;tag:h1|text_align:center&#8220; use_theme_fonts=&#8220;yes&#8220;][\/vc_column][vc_column][vc_custom_heading text=&#8220;Fragen &#8211; Sorgen &#8211; Probleme&#8220; font_container=&#8220;tag:h2|text_align:center&#8220; use_theme_fonts=&#8220;yes&#8220; css=&#8220;.vc_custom_1615809721633{margin-bottom: 90px !important;}&#8220;][vc_column_text] Wenn dich etwas beunruhigt, nervt,&hellip;\" \/>\n<meta property=\"og:url\" content=\"https:\/\/www.kjt.lu\/de\/online-help\/\" \/>\n<meta property=\"og:site_name\" content=\"KJT\" \/>\n<meta property=\"article:publisher\" content=\"https:\/\/www.facebook.com\/kannerjugendtelefon\" \/>\n<meta property=\"article:modified_time\" content=\"2024-01-29T14:02:51+00:00\" \/>\n<meta name=\"twitter:card\" content=\"summary_large_image\" \/>\n<meta name=\"twitter:label1\" content=\"Gesch\u00e4tzte Lesezeit\" \/>\n\t<meta name=\"twitter:data1\" content=\"2\u00a0Minuten\" \/>\n<script type=\"application\/ld+json\" class=\"yoast-schema-graph\">{\"@context\":\"https:\/\/schema.org\",\"@graph\":[{\"@type\":\"WebPage\",\"@id\":\"https:\/\/www.kjt.lu\/de\/online-help\/\",\"url\":\"https:\/\/www.kjt.lu\/de\/online-help\/\",\"name\":\"Online Help | KJT\",\"isPartOf\":{\"@id\":\"https:\/\/www.kjt.lu\/de\/#website\"},\"datePublished\":\"2020-09-02T18:47:42+00:00\",\"dateModified\":\"2024-01-29T14:02:51+00:00\",\"breadcrumb\":{\"@id\":\"https:\/\/www.kjt.lu\/de\/online-help\/#breadcrumb\"},\"inLanguage\":\"de\",\"potentialAction\":[{\"@type\":\"ReadAction\",\"target\":[\"https:\/\/www.kjt.lu\/de\/online-help\/\"]}]},{\"@type\":\"BreadcrumbList\",\"@id\":\"https:\/\/www.kjt.lu\/de\/online-help\/#breadcrumb\",\"itemListElement\":[{\"@type\":\"ListItem\",\"position\":1,\"name\":\"Startseite\",\"item\":\"https:\/\/www.kjt.lu\/de\/\"},{\"@type\":\"ListItem\",\"position\":2,\"name\":\"Online Help\"}]},{\"@type\":\"WebSite\",\"@id\":\"https:\/\/www.kjt.lu\/de\/#website\",\"url\":\"https:\/\/www.kjt.lu\/de\/\",\"name\":\"KJT\",\"description\":\"Beratung, Hilfe und Informationen f\u00fcr Kinder und Jugendliche\",\"publisher\":{\"@id\":\"https:\/\/www.kjt.lu\/de\/#organization\"},\"potentialAction\":[{\"@type\":\"SearchAction\",\"target\":{\"@type\":\"EntryPoint\",\"urlTemplate\":\"https:\/\/www.kjt.lu\/de\/?s={search_term_string}\"},\"query-input\":{\"@type\":\"PropertyValueSpecification\",\"valueRequired\":true,\"valueName\":\"search_term_string\"}}],\"inLanguage\":\"de\"},{\"@type\":\"Organization\",\"@id\":\"https:\/\/www.kjt.lu\/de\/#organization\",\"name\":\"KJT\",\"url\":\"https:\/\/www.kjt.lu\/de\/\",\"logo\":{\"@type\":\"ImageObject\",\"inLanguage\":\"de\",\"@id\":\"https:\/\/www.kjt.lu\/de\/#\/schema\/logo\/image\/\",\"url\":\"https:\/\/www.kjt.lu\/wp-content\/uploads\/2021\/01\/kjt_white_144x61.png\",\"contentUrl\":\"https:\/\/www.kjt.lu\/wp-content\/uploads\/2021\/01\/kjt_white_144x61.png\",\"width\":143,\"height\":61,\"caption\":\"KJT\"},\"image\":{\"@id\":\"https:\/\/www.kjt.lu\/de\/#\/schema\/logo\/image\/\"},\"sameAs\":[\"https:\/\/www.facebook.com\/kannerjugendtelefon\",\"https:\/\/www.instagram.com\/kannerjugendtelefon\/\"]}]}<\/script>\n<!-- \/ Yoast SEO plugin. -->","yoast_head_json":{"title":"Online Help | KJT","robots":{"index":"index","follow":"follow","max-snippet":"max-snippet:-1","max-image-preview":"max-image-preview:large","max-video-preview":"max-video-preview:-1"},"canonical":"https:\/\/www.kjt.lu\/de\/online-help\/","og_locale":"de_DE","og_type":"article","og_title":"Online Help | KJT","og_description":"[vc_row][vc_column][vc_custom_heading text=&#8220;Online Help&#8220; font_container=&#8220;tag:h1|text_align:center&#8220; use_theme_fonts=&#8220;yes&#8220;][\/vc_column][vc_column][vc_custom_heading text=&#8220;Fragen &#8211; Sorgen &#8211; Probleme&#8220; font_container=&#8220;tag:h2|text_align:center&#8220; use_theme_fonts=&#8220;yes&#8220; css=&#8220;.vc_custom_1615809721633{margin-bottom: 90px !important;}&#8220;][vc_column_text] Wenn dich etwas beunruhigt, nervt,&hellip;","og_url":"https:\/\/www.kjt.lu\/de\/online-help\/","og_site_name":"KJT","article_publisher":"https:\/\/www.facebook.com\/kannerjugendtelefon","article_modified_time":"2024-01-29T14:02:51+00:00","twitter_card":"summary_large_image","twitter_misc":{"Gesch\u00e4tzte Lesezeit":"2\u00a0Minuten"},"schema":{"@context":"https:\/\/schema.org","@graph":[{"@type":"WebPage","@id":"https:\/\/www.kjt.lu\/de\/online-help\/","url":"https:\/\/www.kjt.lu\/de\/online-help\/","name":"Online Help | KJT","isPartOf":{"@id":"https:\/\/www.kjt.lu\/de\/#website"},"datePublished":"2020-09-02T18:47:42+00:00","dateModified":"2024-01-29T14:02:51+00:00","breadcrumb":{"@id":"https:\/\/www.kjt.lu\/de\/online-help\/#breadcrumb"},"inLanguage":"de","potentialAction":[{"@type":"ReadAction","target":["https:\/\/www.kjt.lu\/de\/online-help\/"]}]},{"@type":"BreadcrumbList","@id":"https:\/\/www.kjt.lu\/de\/online-help\/#breadcrumb","itemListElement":[{"@type":"ListItem","position":1,"name":"Startseite","item":"https:\/\/www.kjt.lu\/de\/"},{"@type":"ListItem","position":2,"name":"Online Help"}]},{"@type":"WebSite","@id":"https:\/\/www.kjt.lu\/de\/#website","url":"https:\/\/www.kjt.lu\/de\/","name":"KJT","description":"Beratung, Hilfe und Informationen f\u00fcr Kinder und Jugendliche","publisher":{"@id":"https:\/\/www.kjt.lu\/de\/#organization"},"potentialAction":[{"@type":"SearchAction","target":{"@type":"EntryPoint","urlTemplate":"https:\/\/www.kjt.lu\/de\/?s={search_term_string}"},"query-input":{"@type":"PropertyValueSpecification","valueRequired":true,"valueName":"search_term_string"}}],"inLanguage":"de"},{"@type":"Organization","@id":"https:\/\/www.kjt.lu\/de\/#organization","name":"KJT","url":"https:\/\/www.kjt.lu\/de\/","logo":{"@type":"ImageObject","inLanguage":"de","@id":"https:\/\/www.kjt.lu\/de\/#\/schema\/logo\/image\/","url":"https:\/\/www.kjt.lu\/wp-content\/uploads\/2021\/01\/kjt_white_144x61.png","contentUrl":"https:\/\/www.kjt.lu\/wp-content\/uploads\/2021\/01\/kjt_white_144x61.png","width":143,"height":61,"caption":"KJT"},"image":{"@id":"https:\/\/www.kjt.lu\/de\/#\/schema\/logo\/image\/"},"sameAs":["https:\/\/www.facebook.com\/kannerjugendtelefon","https:\/\/www.instagram.com\/kannerjugendtelefon\/"]}]}},"_links":{"self":[{"href":"https:\/\/www.kjt.lu\/de\/wp-json\/wp\/v2\/pages\/2407"}],"collection":[{"href":"https:\/\/www.kjt.lu\/de\/wp-json\/wp\/v2\/pages"}],"about":[{"href":"https:\/\/www.kjt.lu\/de\/wp-json\/wp\/v2\/types\/page"}],"author":[{"embeddable":true,"href":"https:\/\/www.kjt.lu\/de\/wp-json\/wp\/v2\/users\/2"}],"replies":[{"embeddable":true,"href":"https:\/\/www.kjt.lu\/de\/wp-json\/wp\/v2\/comments?post=2407"}],"version-history":[{"count":29,"href":"https:\/\/www.kjt.lu\/de\/wp-json\/wp\/v2\/pages\/2407\/revisions"}],"predecessor-version":[{"id":14889,"href":"https:\/\/www.kjt.lu\/de\/wp-json\/wp\/v2\/pages\/2407\/revisions\/14889"}],"wp:attachment":[{"href":"https:\/\/www.kjt.lu\/de\/wp-json\/wp\/v2\/media?parent=2407"}],"curies":[{"name":"wp","href":"https:\/\/api.w.org\/{rel}","templated":true}]}}