{"id":2400,"date":"2020-09-02T19:55:29","date_gmt":"2020-09-02T17:55:29","guid":{"rendered":"http:\/\/new.kjt.lu\/?page_id=2400"},"modified":"2021-05-14T18:44:13","modified_gmt":"2021-05-14T16:44:13","slug":"1-1-6-1-1-1","status":"publish","type":"page","link":"https:\/\/www.kjt.lu\/de\/1-1-6-1-1-1\/","title":{"rendered":"1 1 6 1 1 1"},"content":{"rendered":"<div class=\"wpb-content-wrapper\"><p>[vc_section content_placement=&#8220;middle&#8220; css=&#8220;.vc_custom_1615390483436{padding-top: 10px !important;padding-bottom: 45px !important;background-position: 0 0 !important;background-repeat: no-repeat !important;}&#8220;][vc_row disable_element=&#8220;yes&#8220;][vc_column css=&#8220;.vc_custom_1599071601074{margin-bottom: 30px !important;}&#8220;][vc_custom_heading text=&#8220;1 1 6 1 1 1&#8243; font_container=&#8220;tag:h1|text_align:center&#8220; use_theme_fonts=&#8220;yes&#8220; link=&#8220;url:tel%3A%2F%2F116111|||&#8220;][vc_custom_heading text=&#8220;Jeder Anruf ist willkommen!&#8220; font_container=&#8220;tag:h2|text_align:center&#8220; use_theme_fonts=&#8220;yes&#8220;][\/vc_column][\/vc_row][vc_row][vc_column css=&#8220;.vc_custom_1599071601074{margin-bottom: 30px !important;}&#8220;][vc_custom_heading text=&#8220;Kanner-Jugendtelefon&#8220; font_container=&#8220;tag:h1|text_align:center&#8220; use_theme_fonts=&#8220;yes&#8220; link=&#8220;|||&#8220;][vc_btn title=&#8220;1 1 6 1 1 1 jetzt anrufen&#8220; color=&#8220;danger&#8220; size=&#8220;lg&#8220; align=&#8220;center&#8220; i_align=&#8220;right&#8220; i_icon_fontawesome=&#8220;fas fa-phone&#8220; css_animation=&#8220;fadeIn&#8220; add_icon=&#8220;true&#8220; link=&#8220;url:tel%3A%2F%2F116111|||&#8220;][\/vc_column][\/vc_row][vc_row][vc_column width=&#8220;5\/12&#8243; offset=&#8220;vc_col-lg-offset-1&#8243;][vc_single_image image=&#8220;2337&#8243; img_size=&#8220;medium&#8220;][\/vc_column][vc_column width=&#8220;5\/12&#8243; offset=&#8220;vc_col-lg-offset-0 vc_col-lg-5 vc_col-md-offset-0 vc_col-md-6&#8243;][vc_custom_heading text=&#8220;Du hast eine Frage?&#8220; font_container=&#8220;tag:h1|text_align:center&#8220; use_theme_fonts=&#8220;yes&#8220;][vc_custom_heading text=&#8220;Wir h\u00f6ren dir zu, und alles bleibt unter uns!&#8220; font_container=&#8220;tag:h2|text_align:center&#8220; use_theme_fonts=&#8220;yes&#8220;][vc_custom_heading text=&#8220;Du hast ein Problem in der Schule, zu Hause, mit deinen Freunden, mit deinen Eltern oder deinen Geschwistern&#8230; Du kannst uns anrufen. Wir h\u00f6ren dir zu, wir helfen dir eine Antwort auf deine Frage oder eine L\u00f6sung f\u00fcr dein Problem zu finden.&#8220; font_container=&#8220;tag:p|text_align:center&#8220; google_fonts=&#8220;font_family:Raleway%3A100%2C200%2C300%2Cregular%2C500%2C600%2C700%2C800%2C900|font_style:300%20light%20regular%3A300%3Anormal&#8220; css=&#8220;.vc_custom_1599076080822{padding-bottom: 30px !important;}&#8220;][\/vc_column][\/vc_row][vc_row css=&#8220;.vc_custom_1599072304857{margin-top: 120px !important;}&#8220;][vc_column width=&#8220;1\/3&#8243; css=&#8220;.vc_custom_1599071680125{margin-top: 30px !important;margin-bottom: 30px !important;}&#8220;]<div  class=\"wpb_theme_custom_element wpb_featured_box\">\n  <div class=\"vc-custom-inner-wrap\">\n    <div class=\"featured-box-alignment alignment-left vertical-alignment-top\"><div class=\"icon-wrap\"><div class=\"type-icon graphic-shape-circle\" style=\"width: 50px;height: 50px;background-color: #54a56c\"><span style=\"color: #ffffff\" class=\"_icon fas fa-angle-right\"><\/span><\/div><\/div><div class=\"entry-box-wrap\"><h4 class=\"featured-box-title\" style=\"color: #222222;\">Es ist anonym<\/h4><div class=\"featured-box-text\" style=\"color: #444444;\">Du brauchst nicht zu sagen, wer du bist oder wo du wohnst!<\/div><\/div><\/div>  <\/div>\n<\/div>\n[\/vc_column][vc_column width=&#8220;1\/3&#8243; css=&#8220;.vc_custom_1599071669991{margin-top: 30px !important;margin-bottom: 30px !important;}&#8220;]<div  class=\"wpb_theme_custom_element wpb_featured_box\">\n  <div class=\"vc-custom-inner-wrap\">\n    <div class=\"featured-box-alignment alignment-left vertical-alignment-top\"><div class=\"icon-wrap\"><div class=\"type-icon graphic-shape-circle\" style=\"width: 50px;height: 50px;background-color: #54a56c\"><span style=\"color: #ffffff\" class=\"_icon fas fa-angle-right\"><\/span><\/div><\/div><div class=\"entry-box-wrap\"><h4 class=\"featured-box-title\" style=\"color: #222222;\">Es ist vertraulich<\/h4><div class=\"featured-box-text\" style=\"color: #444444;\">Niemand anderes wird erfahren, was du mit uns besprichst.<\/div><\/div><\/div>  <\/div>\n<\/div>\n[\/vc_column][vc_column width=&#8220;1\/3&#8243; css=&#8220;.vc_custom_1599071694851{margin-top: 30px !important;margin-bottom: 30px !important;}&#8220;]<div  class=\"wpb_theme_custom_element wpb_featured_box\">\n  <div class=\"vc-custom-inner-wrap\">\n    <div class=\"featured-box-alignment alignment-left vertical-alignment-top\"><div class=\"icon-wrap\"><div class=\"type-icon graphic-shape-circle\" style=\"width: 50px;height: 50px;background-color: #54a56c\"><span style=\"color: #ffffff\" class=\"_icon fas fa-angle-right\"><\/span><\/div><\/div><div class=\"entry-box-wrap\"><h4 class=\"featured-box-title\" style=\"color: #222222;\">Es ist gratis<\/h4><div class=\"featured-box-text\" style=\"color: #444444;\">Die Telefonverbindung ist kostenlos.<\/div><\/div><\/div>  <\/div>\n<\/div>\n[\/vc_column][\/vc_row][\/vc_section][vc_section full_width=&#8220;stretch_row&#8220; css=&#8220;.vc_custom_1499312300240{padding-top: 45px !important;padding-bottom: 45px !important;background-color: #f2f2f2 !important;}&#8220;][vc_row][vc_column offset=&#8220;vc_col-lg-offset-3 vc_col-lg-6 vc_col-md-offset-3 vc_col-md-6&#8243;][vc_custom_heading text=&#8220;Besetzungszeiten&#8220; font_container=&#8220;tag:h2|text_align:center&#8220; use_theme_fonts=&#8220;yes&#8220;][\/vc_column][\/vc_row][vc_row equal_height=&#8220;yes&#8220; css=&#8220;.vc_custom_1499312566359{margin-top: 45px !important;}&#8220;][vc_column width=&#8220;1\/3&#8243; css=&#8220;.vc_custom_1499312664932{margin-bottom: 30px !important;}&#8220;]<div  class=\"wpb_theme_custom_element wpb_featured_box vc_custom_1599203929946\">\n  <div class=\"vc-custom-inner-wrap\">\n    <div class=\"featured-box-alignment alignment-left vertical-alignment-top\"><div class=\"icon-wrap\"><div class=\"type-icon graphic-shape-circle\" style=\"width: 50px;height: 50px;background-color: #54a56c\"><span style=\"color: #ffffff\" class=\"_icon fas fa-angle-right\"><\/span><\/div><\/div><div class=\"entry-box-wrap\"><h4 class=\"featured-box-title\" style=\"color: #222222;\">Montags<\/h4><div class=\"featured-box-text\" style=\"color: #444444;\">17:00 bis 22:00 Uhr<\/div><\/div><\/div>  <\/div>\n<\/div>\n<div  class=\"wpb_theme_custom_element wpb_featured_box vc_custom_1599203946206\">\n  <div class=\"vc-custom-inner-wrap\">\n    <div class=\"featured-box-alignment alignment-left vertical-alignment-top\"><div class=\"icon-wrap\"><div class=\"type-icon graphic-shape-circle\" style=\"width: 50px;height: 50px;background-color: #54a56c\"><span style=\"color: #ffffff\" class=\"_icon fas fa-angle-right\"><\/span><\/div><\/div><div class=\"entry-box-wrap\"><h4 class=\"featured-box-title\" style=\"color: #222222;\">Donnerstags<\/h4><div class=\"featured-box-text\" style=\"color: #444444;\">14:00 bis 22:00 Uhr<\/div><\/div><\/div>  <\/div>\n<\/div>\n[\/vc_column][vc_column width=&#8220;1\/3&#8243; css=&#8220;.vc_custom_1499312196033{margin-bottom: 30px !important;}&#8220;]<div  class=\"wpb_theme_custom_element wpb_featured_box vc_custom_1599204394160\">\n  <div class=\"vc-custom-inner-wrap\">\n    <div class=\"featured-box-alignment alignment-left vertical-alignment-top\"><div class=\"icon-wrap\"><div class=\"type-icon graphic-shape-circle\" style=\"width: 50px;height: 50px;background-color: #54a56c\"><span style=\"color: #ffffff\" class=\"_icon fas fa-angle-right\"><\/span><\/div><\/div><div class=\"entry-box-wrap\"><h4 class=\"featured-box-title\" style=\"color: #222222;\">Dienstags<\/h4><div class=\"featured-box-text\" style=\"color: #444444;\">14:00 bis 22:00 Uhr<\/div><\/div><\/div>  <\/div>\n<\/div>\n<div  class=\"wpb_theme_custom_element wpb_featured_box vc_custom_1599204406691\">\n  <div class=\"vc-custom-inner-wrap\">\n    <div class=\"featured-box-alignment alignment-left vertical-alignment-top\"><div class=\"icon-wrap\"><div class=\"type-icon graphic-shape-circle\" style=\"width: 50px;height: 50px;background-color: #54a56c\"><span style=\"color: #ffffff\" class=\"_icon fas fa-angle-right\"><\/span><\/div><\/div><div class=\"entry-box-wrap\"><h4 class=\"featured-box-title\" style=\"color: #222222;\">Freitags<\/h4><div class=\"featured-box-text\" style=\"color: #444444;\">17:00 bis 22:00 Uhr<\/div><\/div><\/div>  <\/div>\n<\/div>\n[\/vc_column][vc_column width=&#8220;1\/3&#8243; css=&#8220;.vc_custom_1499312209134{margin-bottom: 30px !important;}&#8220;]<div  class=\"wpb_theme_custom_element wpb_featured_box vc_custom_1599204422682\">\n  <div class=\"vc-custom-inner-wrap\">\n    <div class=\"featured-box-alignment alignment-left vertical-alignment-top\"><div class=\"icon-wrap\"><div class=\"type-icon graphic-shape-circle\" style=\"width: 50px;height: 50px;background-color: #54a56c\"><span style=\"color: #ffffff\" class=\"_icon fas fa-angle-right\"><\/span><\/div><\/div><div class=\"entry-box-wrap\"><h4 class=\"featured-box-title\" style=\"color: #222222;\">Mittwochs<\/h4><div class=\"featured-box-text\" style=\"color: #444444;\">17:00 bis 22:00 Uhr<\/div><\/div><\/div>  <\/div>\n<\/div>\n<div  class=\"wpb_theme_custom_element wpb_featured_box vc_custom_1599204441600\">\n  <div class=\"vc-custom-inner-wrap\">\n    <div class=\"featured-box-alignment alignment-left vertical-alignment-top\"><div class=\"icon-wrap\"><div class=\"type-icon graphic-shape-circle\" style=\"width: 50px;height: 50px;background-color: #54a56c\"><span style=\"color: #ffffff\" class=\"_icon fas fa-angle-right\"><\/span><\/div><\/div><div class=\"entry-box-wrap\"><h4 class=\"featured-box-title\" style=\"color: #222222;\">Samstags<\/h4><div class=\"featured-box-text\" style=\"color: #444444;\">14:00 bis 20:00 Uhr<\/div><\/div><\/div>  <\/div>\n<\/div>\n[\/vc_column][\/vc_row][\/vc_section][vc_row][vc_column][vc_single_image image=&#8220;2568&#8243; img_size=&#8220;large&#8220; alignment=&#8220;center&#8220; onclick=&#8220;custom_link&#8220; css=&#8220;.vc_custom_1614026688553{margin-top: 190px !important;}&#8220; link=&#8220;tel:\/\/116111&#8243;][\/vc_column][\/vc_row]<\/p>\n<\/div>","protected":false},"excerpt":{"rendered":"<p>[vc_section content_placement=&#8220;middle&#8220; css=&#8220;.vc_custom_1615390483436{padding-top: 10px !important;padding-bottom: 45px !important;background-position: 0 0 !important;background-repeat: no-repeat !important;}&#8220;][vc_row disable_element=&#8220;yes&#8220;][vc_column css=&#8220;.vc_custom_1599071601074{margin-bottom: 30px !important;}&#8220;][vc_custom_heading text=&#8220;1 1 6 1&hellip;<\/p>\n","protected":false},"author":2,"featured_media":0,"parent":0,"menu_order":0,"comment_status":"closed","ping_status":"closed","template":"","meta":{"footnotes":""},"class_list":["post-2400","page","type-page","status-publish","hentry"],"yoast_head":"<!-- This site is optimized with the Yoast SEO plugin v25.4 - https:\/\/yoast.com\/wordpress\/plugins\/seo\/ -->\n<title>1 1 6 1 1 1 | KJT<\/title>\n<meta name=\"robots\" content=\"index, follow, max-snippet:-1, max-image-preview:large, max-video-preview:-1\" \/>\n<link rel=\"canonical\" href=\"https:\/\/www.kjt.lu\/de\/1-1-6-1-1-1\/\" \/>\n<meta property=\"og:locale\" content=\"de_DE\" \/>\n<meta property=\"og:type\" content=\"article\" \/>\n<meta property=\"og:title\" content=\"1 1 6 1 1 1 | KJT\" \/>\n<meta property=\"og:description\" content=\"[vc_section content_placement=&#8220;middle&#8220; css=&#8220;.vc_custom_1615390483436{padding-top: 10px !important;padding-bottom: 45px !important;background-position: 0 0 !important;background-repeat: no-repeat !important;}&#8220;][vc_row disable_element=&#8220;yes&#8220;][vc_column css=&#8220;.vc_custom_1599071601074{margin-bottom: 30px !important;}&#8220;][vc_custom_heading text=&#8220;1 1 6 1&hellip;\" \/>\n<meta property=\"og:url\" content=\"https:\/\/www.kjt.lu\/de\/1-1-6-1-1-1\/\" \/>\n<meta property=\"og:site_name\" content=\"KJT\" \/>\n<meta property=\"article:publisher\" content=\"https:\/\/www.facebook.com\/kannerjugendtelefon\" \/>\n<meta property=\"article:modified_time\" content=\"2021-05-14T16:44:13+00:00\" \/>\n<meta name=\"twitter:card\" content=\"summary_large_image\" \/>\n<meta name=\"twitter:label1\" content=\"Gesch\u00e4tzte Lesezeit\" \/>\n\t<meta name=\"twitter:data1\" content=\"2\u00a0Minuten\" \/>\n<script type=\"application\/ld+json\" class=\"yoast-schema-graph\">{\"@context\":\"https:\/\/schema.org\",\"@graph\":[{\"@type\":\"WebPage\",\"@id\":\"https:\/\/www.kjt.lu\/de\/1-1-6-1-1-1\/\",\"url\":\"https:\/\/www.kjt.lu\/de\/1-1-6-1-1-1\/\",\"name\":\"1 1 6 1 1 1 | KJT\",\"isPartOf\":{\"@id\":\"https:\/\/www.kjt.lu\/de\/#website\"},\"datePublished\":\"2020-09-02T17:55:29+00:00\",\"dateModified\":\"2021-05-14T16:44:13+00:00\",\"breadcrumb\":{\"@id\":\"https:\/\/www.kjt.lu\/de\/1-1-6-1-1-1\/#breadcrumb\"},\"inLanguage\":\"de\",\"potentialAction\":[{\"@type\":\"ReadAction\",\"target\":[\"https:\/\/www.kjt.lu\/de\/1-1-6-1-1-1\/\"]}]},{\"@type\":\"BreadcrumbList\",\"@id\":\"https:\/\/www.kjt.lu\/de\/1-1-6-1-1-1\/#breadcrumb\",\"itemListElement\":[{\"@type\":\"ListItem\",\"position\":1,\"name\":\"Startseite\",\"item\":\"https:\/\/www.kjt.lu\/de\/\"},{\"@type\":\"ListItem\",\"position\":2,\"name\":\"1 1 6 1 1 1\"}]},{\"@type\":\"WebSite\",\"@id\":\"https:\/\/www.kjt.lu\/de\/#website\",\"url\":\"https:\/\/www.kjt.lu\/de\/\",\"name\":\"KJT\",\"description\":\"Beratung, Hilfe und Informationen f\u00fcr Kinder und Jugendliche\",\"publisher\":{\"@id\":\"https:\/\/www.kjt.lu\/de\/#organization\"},\"potentialAction\":[{\"@type\":\"SearchAction\",\"target\":{\"@type\":\"EntryPoint\",\"urlTemplate\":\"https:\/\/www.kjt.lu\/de\/?s={search_term_string}\"},\"query-input\":{\"@type\":\"PropertyValueSpecification\",\"valueRequired\":true,\"valueName\":\"search_term_string\"}}],\"inLanguage\":\"de\"},{\"@type\":\"Organization\",\"@id\":\"https:\/\/www.kjt.lu\/de\/#organization\",\"name\":\"KJT\",\"url\":\"https:\/\/www.kjt.lu\/de\/\",\"logo\":{\"@type\":\"ImageObject\",\"inLanguage\":\"de\",\"@id\":\"https:\/\/www.kjt.lu\/de\/#\/schema\/logo\/image\/\",\"url\":\"https:\/\/www.kjt.lu\/wp-content\/uploads\/2021\/01\/kjt_white_144x61.png\",\"contentUrl\":\"https:\/\/www.kjt.lu\/wp-content\/uploads\/2021\/01\/kjt_white_144x61.png\",\"width\":143,\"height\":61,\"caption\":\"KJT\"},\"image\":{\"@id\":\"https:\/\/www.kjt.lu\/de\/#\/schema\/logo\/image\/\"},\"sameAs\":[\"https:\/\/www.facebook.com\/kannerjugendtelefon\",\"https:\/\/www.instagram.com\/kannerjugendtelefon\/\"]}]}<\/script>\n<!-- \/ Yoast SEO plugin. -->","yoast_head_json":{"title":"1 1 6 1 1 1 | KJT","robots":{"index":"index","follow":"follow","max-snippet":"max-snippet:-1","max-image-preview":"max-image-preview:large","max-video-preview":"max-video-preview:-1"},"canonical":"https:\/\/www.kjt.lu\/de\/1-1-6-1-1-1\/","og_locale":"de_DE","og_type":"article","og_title":"1 1 6 1 1 1 | KJT","og_description":"[vc_section content_placement=&#8220;middle&#8220; css=&#8220;.vc_custom_1615390483436{padding-top: 10px !important;padding-bottom: 45px !important;background-position: 0 0 !important;background-repeat: no-repeat !important;}&#8220;][vc_row disable_element=&#8220;yes&#8220;][vc_column css=&#8220;.vc_custom_1599071601074{margin-bottom: 30px !important;}&#8220;][vc_custom_heading text=&#8220;1 1 6 1&hellip;","og_url":"https:\/\/www.kjt.lu\/de\/1-1-6-1-1-1\/","og_site_name":"KJT","article_publisher":"https:\/\/www.facebook.com\/kannerjugendtelefon","article_modified_time":"2021-05-14T16:44:13+00:00","twitter_card":"summary_large_image","twitter_misc":{"Gesch\u00e4tzte Lesezeit":"2\u00a0Minuten"},"schema":{"@context":"https:\/\/schema.org","@graph":[{"@type":"WebPage","@id":"https:\/\/www.kjt.lu\/de\/1-1-6-1-1-1\/","url":"https:\/\/www.kjt.lu\/de\/1-1-6-1-1-1\/","name":"1 1 6 1 1 1 | KJT","isPartOf":{"@id":"https:\/\/www.kjt.lu\/de\/#website"},"datePublished":"2020-09-02T17:55:29+00:00","dateModified":"2021-05-14T16:44:13+00:00","breadcrumb":{"@id":"https:\/\/www.kjt.lu\/de\/1-1-6-1-1-1\/#breadcrumb"},"inLanguage":"de","potentialAction":[{"@type":"ReadAction","target":["https:\/\/www.kjt.lu\/de\/1-1-6-1-1-1\/"]}]},{"@type":"BreadcrumbList","@id":"https:\/\/www.kjt.lu\/de\/1-1-6-1-1-1\/#breadcrumb","itemListElement":[{"@type":"ListItem","position":1,"name":"Startseite","item":"https:\/\/www.kjt.lu\/de\/"},{"@type":"ListItem","position":2,"name":"1 1 6 1 1 1"}]},{"@type":"WebSite","@id":"https:\/\/www.kjt.lu\/de\/#website","url":"https:\/\/www.kjt.lu\/de\/","name":"KJT","description":"Beratung, Hilfe und Informationen f\u00fcr Kinder und Jugendliche","publisher":{"@id":"https:\/\/www.kjt.lu\/de\/#organization"},"potentialAction":[{"@type":"SearchAction","target":{"@type":"EntryPoint","urlTemplate":"https:\/\/www.kjt.lu\/de\/?s={search_term_string}"},"query-input":{"@type":"PropertyValueSpecification","valueRequired":true,"valueName":"search_term_string"}}],"inLanguage":"de"},{"@type":"Organization","@id":"https:\/\/www.kjt.lu\/de\/#organization","name":"KJT","url":"https:\/\/www.kjt.lu\/de\/","logo":{"@type":"ImageObject","inLanguage":"de","@id":"https:\/\/www.kjt.lu\/de\/#\/schema\/logo\/image\/","url":"https:\/\/www.kjt.lu\/wp-content\/uploads\/2021\/01\/kjt_white_144x61.png","contentUrl":"https:\/\/www.kjt.lu\/wp-content\/uploads\/2021\/01\/kjt_white_144x61.png","width":143,"height":61,"caption":"KJT"},"image":{"@id":"https:\/\/www.kjt.lu\/de\/#\/schema\/logo\/image\/"},"sameAs":["https:\/\/www.facebook.com\/kannerjugendtelefon","https:\/\/www.instagram.com\/kannerjugendtelefon\/"]}]}},"_links":{"self":[{"href":"https:\/\/www.kjt.lu\/de\/wp-json\/wp\/v2\/pages\/2400"}],"collection":[{"href":"https:\/\/www.kjt.lu\/de\/wp-json\/wp\/v2\/pages"}],"about":[{"href":"https:\/\/www.kjt.lu\/de\/wp-json\/wp\/v2\/types\/page"}],"author":[{"embeddable":true,"href":"https:\/\/www.kjt.lu\/de\/wp-json\/wp\/v2\/users\/2"}],"replies":[{"embeddable":true,"href":"https:\/\/www.kjt.lu\/de\/wp-json\/wp\/v2\/comments?post=2400"}],"version-history":[{"count":29,"href":"https:\/\/www.kjt.lu\/de\/wp-json\/wp\/v2\/pages\/2400\/revisions"}],"predecessor-version":[{"id":3283,"href":"https:\/\/www.kjt.lu\/de\/wp-json\/wp\/v2\/pages\/2400\/revisions\/3283"}],"wp:attachment":[{"href":"https:\/\/www.kjt.lu\/de\/wp-json\/wp\/v2\/media?parent=2400"}],"curies":[{"name":"wp","href":"https:\/\/api.w.org\/{rel}","templated":true}]}}