{"id":14,"date":"2017-06-27T03:30:03","date_gmt":"2017-06-27T03:30:03","guid":{"rendered":"http:\/\/194.42.98.32\/?page_id=14"},"modified":"2026-03-26T11:41:30","modified_gmt":"2026-03-26T10:41:30","slug":"wer-wir-sind","status":"publish","type":"page","link":"https:\/\/www.kjt.lu\/de\/wer-wir-sind\/","title":{"rendered":"WER SIND WIR?"},"content":{"rendered":"<div class=\"wpb-content-wrapper\"><p>[vc_row][vc_column][vc_custom_heading text=&#8220;Wer wir sind&#8220; font_container=&#8220;tag:h1|text_align:center&#8220; use_theme_fonts=&#8220;yes&#8220;][\/vc_column][\/vc_row][vc_row source=&#8220;&#8220; text=&#8220;HELP US REACH OUR GOAL&#8220; font_container=&#8220;tag:h2|text_align:center&#8220; use_theme_fonts=&#8220;yes&#8220; google_fonts=&#8220;font_family:Abril%20Fatface%3Aregular|font_style:400%20regular%3A400%3Anormal&#8220; custom_letter_spacing=&#8220;&#8220; link=&#8220;&#8220;][vc_column][vc_custom_heading text=&#8220;Wie alles begann&#8220; font_container=&#8220;tag:h2|text_align:center&#8220; use_theme_fonts=&#8220;yes&#8220;][vc_column_text css=&#8220;&#8220;]Kanner-Jugendtelefon (KJT) wurde 1992 gemeinsam von Croix-Rouge, Fondation Kannerschlass, Ligue M\u00e9dico-Sociale und Caritas Jeunes et Familles gegr\u00fcndet. Heute ist das KJT ein Service von CJF L\u00ebtzebuerg a.s.b.l.. Die Gr\u00fcndung vom KJT im Jahre 1992, damals unter dem Namen \u201eKannersuergentelefon\u201c, geschah im Zuge der Ratifizierung der UN-Kinderrechtskonvention. Das KJT soll jedem Kind und jedem Jugendlichen erm\u00f6glichen geh\u00f6rt zu werden.<\/p>\n<p>&nbsp;<\/p>\n<p>Das KJT wird finanziert \u00fcber eine Konvention mit dem SNJ (Service National de la Jeunesse), dem Ministerium f\u00fcr Bildung, Kinder und Jugend (Ministerielle Genehmigung CAMF CSF AI 202504\/01 und CAMF FSE AI 202504\/01).[\/vc_column_text][vc_empty_space][vc_custom_heading text=&#8220;Unsere Mission&#8220; font_container=&#8220;tag:h2|text_align:center&#8220; use_theme_fonts=&#8220;yes&#8220;][vc_column_text]Das KJT ber\u00e4t und unterst\u00fctzt Kinder und Jugendliche, sowie deren Bezugspersonen in ihren allt\u00e4glichen Sorgen und Fragen, \u00c4ngsten, Problemen und auch Krisen.<\/p>\n<p>&nbsp;<\/p>\n<p style=\"text-align: center;\"><strong>\u201eNiemand muss alleine bleiben.\u201c<\/strong><\/p>\n<p>&nbsp;<\/p>\n<p>Jedes Kind, jeder Jugendliche kann sich auf direktem Weg telefonisch oder online an speziell ausgebildete Berater wenden. Auch Eltern und anderen Bezugspersonen, wie auch Professionellen aus dem p\u00e4dagogischen und psychologischen Bereich steht der direkte und unkomplizierte Weg der Beratung offen.[\/vc_column_text][vc_empty_space][vc_custom_heading text=&#8220;Wie funktioniert das KJT?&#8220; font_container=&#8220;tag:h2|text_align:center&#8220; use_theme_fonts=&#8220;yes&#8220;][vc_column_text]<\/p>\n<p style=\"text-align: center;\"><strong>\u201eMir si fir dech do! Mir hun Zait a lauschteren dir no!\u201c<\/strong><\/p>\n<p>&nbsp;<\/p>\n<p>Im Gespr\u00e4ch finden wir gemeinsam mit der Person, die sich an uns wendet, individuelle L\u00f6sungswege und unterst\u00fctzen dabei diese umzusetzen. Falls notwendig, k\u00f6nnen wir auch an andere Institutionen weiterverweisen.<\/p>\n<div id=\"gtx-trans\" style=\"position: absolute; left: 20px; top: 43.7188px;\">\n<div class=\"gtx-trans-icon\"><\/div>\n<\/div>\n<p>[\/vc_column_text][vc_empty_space][vc_custom_heading text=&#8220;Unsere Prinzipien in der Beratung:&#8220; font_container=&#8220;tag:h2|text_align:center&#8220; use_theme_fonts=&#8220;yes&#8220;][vc_column_text]<\/p>\n<ul>\n<li><strong>Anonymit\u00e4t<\/strong><br \/>\nJeder, der sich an uns wendet, braucht keine Angaben zu seiner Person zu machen. Auch die Mitarbeiter des 116111, der Online Help, des Elterentelefons, sowie der BEE SECURE Helpline bleiben anonym.<\/li>\n<\/ul>\n<p>&nbsp;<\/p>\n<ul>\n<li><strong><strong>Schweigepflicht des Beraters<br \/>\n<\/strong><\/strong>Es werden keine Informationen an dritte Personen weitergegeben.<\/li>\n<\/ul>\n<p>&nbsp;<\/p>\n<ul>\n<li><strong>Toleranz und Respekt<br \/>\n<\/strong>Jeder der uns kontaktiert wird in einer vorurteilsfreien und gleichberechtigten Weise akzeptiert.<\/li>\n<\/ul>\n<p>&nbsp;<\/p>\n<ul>\n<li><strong><strong>Selbstbestimmung<br \/>\n<\/strong><\/strong>Die Person, die sich an uns wendet, entscheidet autonom, welchen Weg sie nach dem Beratungsgespr\u00e4ch weitergehen will.<\/li>\n<\/ul>\n<p>&nbsp;<\/p>\n<ul>\n<li><strong><strong>Offenheit<br \/>\n<\/strong><\/strong>Wir sind offen f\u00fcr alle Fragen und Themen, und davon \u00fcberzeugt, dass es sich immer lohnt, das Gespr\u00e4ch zu suchen, besonders dann, wenn sich die Probleme zuspitzen.<\/li>\n<\/ul>\n<p>[\/vc_column_text][vc_empty_space][vc_custom_heading text=&#8220;Unsere Dienste&#8220; font_container=&#8220;tag:h2|text_align:center&#8220; use_theme_fonts=&#8220;yes&#8220;][vc_column_text]KJT hat sich seit Beginn an die Bed\u00fcrfnisse und Entwicklung der Gesellschaft angepasst. Der Telefonberatungsdienst f\u00fcr Kinder und Jugendliche 1 1 6 1 1 1 wurde durch die webbasierte Online Help (<a href=\"https:\/\/localhost:8080\/kjt\/wordpress\">www.kjt.lu<\/a>) erweitert. 2007 kam das Elterentelefon hinzu, sowie die BEE SECURE Helpline und die BEE SECURE Stopline. 2021 wurde das Angebot durch die Peer-to-Peer Chatberodung erweitert.[\/vc_column_text][vc_custom_heading text=&#8220;International vernetzt:<br \/>\nGemeinsam stark f\u00fcr Kinder und Jugendliche&#8220; font_container=&#8220;tag:h2|text_align:center&#8220; use_theme_fonts=&#8220;yes&#8220; css=&#8220;.vc_custom_1620248517465{padding-top: 60px !important;}&#8220; el_id=&#8220;international-vernetzt&#8220;][vc_column_text css=&#8220;&#8220;]KJT ist mit seinen Diensten international eingebunden:[\/vc_column_text][\/vc_column][vc_column width=&#8220;1\/3&#8243;][vc_single_image image=&#8220;2753&#8243; img_size=&#8220;medium&#8220;][\/vc_column][vc_column width=&#8220;2\/3&#8243;][vc_column_text]Child Helpline Interntional, dem Weltverband der Kinder- und Jugendtelefone[\/vc_column_text][\/vc_column][\/vc_row][vc_row][vc_column width=&#8220;1\/3&#8243;][vc_single_image image=&#8220;2758&#8243; img_size=&#8220;medium&#8220;][\/vc_column][vc_column width=&#8220;2\/3&#8243;][vc_column_text]Insafe ist ein europ\u00e4isches Netzwerk von nationalen Organisationen, welche das Ziel haben, das Bewusstsein f\u00fcr eine sichere und verantwortungsvolle Nutzung des Internets unter Jugendlichen zu f\u00f6rdern.[\/vc_column_text][\/vc_column][\/vc_row][vc_row][vc_column width=&#8220;1\/3&#8243;][vc_single_image image=&#8220;2927&#8243; img_size=&#8220;medium&#8220;][\/vc_column][vc_column width=&#8220;2\/3&#8243;][vc_column_text]INHOPE, der Internationalen Vereinigung der Internet-Hotlines zur Bek\u00e4mpfung illegaler Inhalte im Internet, besonders der Verbreitung von Bildern von sexuellem Missbrauch an Kindern.[\/vc_column_text][\/vc_column][\/vc_row][vc_row][vc_column width=&#8220;1\/3&#8243;][vc_single_image image=&#8220;16041&#8243; img_size=&#8220;medium&#8220; css=&#8220;&#8220;][\/vc_column][vc_column width=&#8220;2\/3&#8243;][vc_column_text css=&#8220;&#8220;]INACH, ist ein Internationales Netzwerk gegen Hass im Internet<\/p>\n<p>Die Vision von INACH besteht darin, durch transnationale Zusammenarbeit eine Durchsetzung von Menschenrechten im Internet zu erreichen[\/vc_column_text][\/vc_column][vc_column][\/vc_column][vc_column][\/vc_column][vc_column][\/vc_column][\/vc_row][vc_row][vc_column][vc_empty_space][\/vc_column][\/vc_row][vc_row][vc_column offset=&#8220;vc_col-lg-offset-3 vc_col-lg-9 vc_col-md-offset-1 vc_col-md-11&#8243;][vc_column_text]<\/p>\n<p style=\"text-align: left;\">Weitere Informationen \u00fcber uns:<\/p>\n<ul>\n<li><a href=\"https:\/\/www.kjt.lu\/traeger\/\">Tr\u00e4ger<\/a><\/li>\n<li style=\"text-align: left;\"><a href=\"https:\/\/www.kjt.lu\/jahresberichte\/\">Jahresberichte<\/a><\/li>\n<li style=\"text-align: left;\"><a href=\"https:\/\/www.kjt.lu\/spenden\">Spenden<\/a><\/li>\n<li style=\"text-align: left;\"><a href=\"https:\/\/www.kjt.lu\/ehrenamtliche-mitarbeit\/\">Ehrenamtliche Mitarbeit<\/a><\/li>\n<\/ul>\n<p>[\/vc_column_text][\/vc_column][\/vc_row]<\/p>\n<\/div>","protected":false},"excerpt":{"rendered":"<p>[vc_row][vc_column][vc_custom_heading text=&#8220;Wer wir sind&#8220; font_container=&#8220;tag:h1|text_align:center&#8220; use_theme_fonts=&#8220;yes&#8220;][\/vc_column][\/vc_row][vc_row source=&#8220;&#8220; text=&#8220;HELP US REACH OUR GOAL&#8220; font_container=&#8220;tag:h2|text_align:center&#8220; use_theme_fonts=&#8220;yes&#8220; google_fonts=&#8220;font_family:Abril%20Fatface%3Aregular|font_style:400%20regular%3A400%3Anormal&#8220; custom_letter_spacing=&#8220;&#8220; link=&#8220;&#8220;][vc_column][vc_custom_heading text=&#8220;Wie alles begann&#8220;&hellip;<\/p>\n","protected":false},"author":1,"featured_media":0,"parent":0,"menu_order":0,"comment_status":"closed","ping_status":"closed","template":"visual-builder-template.php","meta":{"footnotes":""},"class_list":["post-14","page","type-page","status-publish","hentry"],"yoast_head":"<!-- This site is optimized with the Yoast SEO plugin v25.4 - https:\/\/yoast.com\/wordpress\/plugins\/seo\/ -->\n<title>WER SIND WIR? | KJT<\/title>\n<meta name=\"robots\" content=\"index, follow, max-snippet:-1, max-image-preview:large, max-video-preview:-1\" \/>\n<link rel=\"canonical\" href=\"https:\/\/www.kjt.lu\/de\/wer-wir-sind\/\" \/>\n<meta property=\"og:locale\" content=\"de_DE\" \/>\n<meta property=\"og:type\" content=\"article\" \/>\n<meta property=\"og:title\" content=\"WER SIND WIR? | KJT\" \/>\n<meta property=\"og:description\" content=\"[vc_row][vc_column][vc_custom_heading text=&#8220;Wer wir sind&#8220; font_container=&#8220;tag:h1|text_align:center&#8220; use_theme_fonts=&#8220;yes&#8220;][\/vc_column][\/vc_row][vc_row source=&#8220;&#8220; text=&#8220;HELP US REACH OUR GOAL&#8220; font_container=&#8220;tag:h2|text_align:center&#8220; use_theme_fonts=&#8220;yes&#8220; google_fonts=&#8220;font_family:Abril%20Fatface%3Aregular|font_style:400%20regular%3A400%3Anormal&#8220; custom_letter_spacing=&#8220;&#8220; link=&#8220;&#8220;][vc_column][vc_custom_heading text=&#8220;Wie alles begann&#8220;&hellip;\" \/>\n<meta property=\"og:url\" content=\"https:\/\/www.kjt.lu\/de\/wer-wir-sind\/\" \/>\n<meta property=\"og:site_name\" content=\"KJT\" \/>\n<meta property=\"article:publisher\" content=\"https:\/\/www.facebook.com\/kannerjugendtelefon\" \/>\n<meta property=\"article:modified_time\" content=\"2026-03-26T10:41:30+00:00\" \/>\n<meta name=\"twitter:card\" content=\"summary_large_image\" \/>\n<meta name=\"twitter:label1\" content=\"Gesch\u00e4tzte Lesezeit\" \/>\n\t<meta name=\"twitter:data1\" content=\"3\u00a0Minuten\" \/>\n<script type=\"application\/ld+json\" class=\"yoast-schema-graph\">{\"@context\":\"https:\/\/schema.org\",\"@graph\":[{\"@type\":\"WebPage\",\"@id\":\"https:\/\/www.kjt.lu\/de\/wer-wir-sind\/\",\"url\":\"https:\/\/www.kjt.lu\/de\/wer-wir-sind\/\",\"name\":\"WER SIND WIR? | KJT\",\"isPartOf\":{\"@id\":\"https:\/\/www.kjt.lu\/de\/#website\"},\"datePublished\":\"2017-06-27T03:30:03+00:00\",\"dateModified\":\"2026-03-26T10:41:30+00:00\",\"breadcrumb\":{\"@id\":\"https:\/\/www.kjt.lu\/de\/wer-wir-sind\/#breadcrumb\"},\"inLanguage\":\"de\",\"potentialAction\":[{\"@type\":\"ReadAction\",\"target\":[\"https:\/\/www.kjt.lu\/de\/wer-wir-sind\/\"]}]},{\"@type\":\"BreadcrumbList\",\"@id\":\"https:\/\/www.kjt.lu\/de\/wer-wir-sind\/#breadcrumb\",\"itemListElement\":[{\"@type\":\"ListItem\",\"position\":1,\"name\":\"Startseite\",\"item\":\"https:\/\/www.kjt.lu\/de\/\"},{\"@type\":\"ListItem\",\"position\":2,\"name\":\"WER SIND WIR?\"}]},{\"@type\":\"WebSite\",\"@id\":\"https:\/\/www.kjt.lu\/de\/#website\",\"url\":\"https:\/\/www.kjt.lu\/de\/\",\"name\":\"KJT\",\"description\":\"Beratung, Hilfe und Informationen f\u00fcr Kinder und Jugendliche\",\"publisher\":{\"@id\":\"https:\/\/www.kjt.lu\/de\/#organization\"},\"potentialAction\":[{\"@type\":\"SearchAction\",\"target\":{\"@type\":\"EntryPoint\",\"urlTemplate\":\"https:\/\/www.kjt.lu\/de\/?s={search_term_string}\"},\"query-input\":{\"@type\":\"PropertyValueSpecification\",\"valueRequired\":true,\"valueName\":\"search_term_string\"}}],\"inLanguage\":\"de\"},{\"@type\":\"Organization\",\"@id\":\"https:\/\/www.kjt.lu\/de\/#organization\",\"name\":\"KJT\",\"url\":\"https:\/\/www.kjt.lu\/de\/\",\"logo\":{\"@type\":\"ImageObject\",\"inLanguage\":\"de\",\"@id\":\"https:\/\/www.kjt.lu\/de\/#\/schema\/logo\/image\/\",\"url\":\"https:\/\/www.kjt.lu\/wp-content\/uploads\/2021\/01\/kjt_white_144x61.png\",\"contentUrl\":\"https:\/\/www.kjt.lu\/wp-content\/uploads\/2021\/01\/kjt_white_144x61.png\",\"width\":143,\"height\":61,\"caption\":\"KJT\"},\"image\":{\"@id\":\"https:\/\/www.kjt.lu\/de\/#\/schema\/logo\/image\/\"},\"sameAs\":[\"https:\/\/www.facebook.com\/kannerjugendtelefon\",\"https:\/\/www.instagram.com\/kannerjugendtelefon\/\"]}]}<\/script>\n<!-- \/ Yoast SEO plugin. -->","yoast_head_json":{"title":"WER SIND WIR? | KJT","robots":{"index":"index","follow":"follow","max-snippet":"max-snippet:-1","max-image-preview":"max-image-preview:large","max-video-preview":"max-video-preview:-1"},"canonical":"https:\/\/www.kjt.lu\/de\/wer-wir-sind\/","og_locale":"de_DE","og_type":"article","og_title":"WER SIND WIR? | KJT","og_description":"[vc_row][vc_column][vc_custom_heading text=&#8220;Wer wir sind&#8220; font_container=&#8220;tag:h1|text_align:center&#8220; use_theme_fonts=&#8220;yes&#8220;][\/vc_column][\/vc_row][vc_row source=&#8220;&#8220; text=&#8220;HELP US REACH OUR GOAL&#8220; font_container=&#8220;tag:h2|text_align:center&#8220; use_theme_fonts=&#8220;yes&#8220; google_fonts=&#8220;font_family:Abril%20Fatface%3Aregular|font_style:400%20regular%3A400%3Anormal&#8220; custom_letter_spacing=&#8220;&#8220; link=&#8220;&#8220;][vc_column][vc_custom_heading text=&#8220;Wie alles begann&#8220;&hellip;","og_url":"https:\/\/www.kjt.lu\/de\/wer-wir-sind\/","og_site_name":"KJT","article_publisher":"https:\/\/www.facebook.com\/kannerjugendtelefon","article_modified_time":"2026-03-26T10:41:30+00:00","twitter_card":"summary_large_image","twitter_misc":{"Gesch\u00e4tzte Lesezeit":"3\u00a0Minuten"},"schema":{"@context":"https:\/\/schema.org","@graph":[{"@type":"WebPage","@id":"https:\/\/www.kjt.lu\/de\/wer-wir-sind\/","url":"https:\/\/www.kjt.lu\/de\/wer-wir-sind\/","name":"WER SIND WIR? | KJT","isPartOf":{"@id":"https:\/\/www.kjt.lu\/de\/#website"},"datePublished":"2017-06-27T03:30:03+00:00","dateModified":"2026-03-26T10:41:30+00:00","breadcrumb":{"@id":"https:\/\/www.kjt.lu\/de\/wer-wir-sind\/#breadcrumb"},"inLanguage":"de","potentialAction":[{"@type":"ReadAction","target":["https:\/\/www.kjt.lu\/de\/wer-wir-sind\/"]}]},{"@type":"BreadcrumbList","@id":"https:\/\/www.kjt.lu\/de\/wer-wir-sind\/#breadcrumb","itemListElement":[{"@type":"ListItem","position":1,"name":"Startseite","item":"https:\/\/www.kjt.lu\/de\/"},{"@type":"ListItem","position":2,"name":"WER SIND WIR?"}]},{"@type":"WebSite","@id":"https:\/\/www.kjt.lu\/de\/#website","url":"https:\/\/www.kjt.lu\/de\/","name":"KJT","description":"Beratung, Hilfe und Informationen f\u00fcr Kinder und Jugendliche","publisher":{"@id":"https:\/\/www.kjt.lu\/de\/#organization"},"potentialAction":[{"@type":"SearchAction","target":{"@type":"EntryPoint","urlTemplate":"https:\/\/www.kjt.lu\/de\/?s={search_term_string}"},"query-input":{"@type":"PropertyValueSpecification","valueRequired":true,"valueName":"search_term_string"}}],"inLanguage":"de"},{"@type":"Organization","@id":"https:\/\/www.kjt.lu\/de\/#organization","name":"KJT","url":"https:\/\/www.kjt.lu\/de\/","logo":{"@type":"ImageObject","inLanguage":"de","@id":"https:\/\/www.kjt.lu\/de\/#\/schema\/logo\/image\/","url":"https:\/\/www.kjt.lu\/wp-content\/uploads\/2021\/01\/kjt_white_144x61.png","contentUrl":"https:\/\/www.kjt.lu\/wp-content\/uploads\/2021\/01\/kjt_white_144x61.png","width":143,"height":61,"caption":"KJT"},"image":{"@id":"https:\/\/www.kjt.lu\/de\/#\/schema\/logo\/image\/"},"sameAs":["https:\/\/www.facebook.com\/kannerjugendtelefon","https:\/\/www.instagram.com\/kannerjugendtelefon\/"]}]}},"_links":{"self":[{"href":"https:\/\/www.kjt.lu\/de\/wp-json\/wp\/v2\/pages\/14"}],"collection":[{"href":"https:\/\/www.kjt.lu\/de\/wp-json\/wp\/v2\/pages"}],"about":[{"href":"https:\/\/www.kjt.lu\/de\/wp-json\/wp\/v2\/types\/page"}],"author":[{"embeddable":true,"href":"https:\/\/www.kjt.lu\/de\/wp-json\/wp\/v2\/users\/1"}],"replies":[{"embeddable":true,"href":"https:\/\/www.kjt.lu\/de\/wp-json\/wp\/v2\/comments?post=14"}],"version-history":[{"count":48,"href":"https:\/\/www.kjt.lu\/de\/wp-json\/wp\/v2\/pages\/14\/revisions"}],"predecessor-version":[{"id":16043,"href":"https:\/\/www.kjt.lu\/de\/wp-json\/wp\/v2\/pages\/14\/revisions\/16043"}],"wp:attachment":[{"href":"https:\/\/www.kjt.lu\/de\/wp-json\/wp\/v2\/media?parent=14"}],"curies":[{"name":"wp","href":"https:\/\/api.w.org\/{rel}","templated":true}]}}