{"id":10430,"date":"2022-04-28T12:03:25","date_gmt":"2022-04-28T10:03:25","guid":{"rendered":"https:\/\/www.kjt.lu\/kontakt-copy\/"},"modified":"2022-05-05T14:56:13","modified_gmt":"2022-05-05T12:56:13","slug":"fachtagung-scham","status":"publish","type":"page","link":"https:\/\/www.kjt.lu\/de\/fachtagung-scham\/","title":{"rendered":"Fachtagung und Workshop zum Thema \u201eScham, die W\u00e4chterin der menschlichen W\u00fcrde, wie damit konstruktiv umgehen\u201c"},"content":{"rendered":"<div class=\"wpb-content-wrapper\"><p>[vc_section css=&#8220;.vc_custom_1563588765867{padding-top: 55px !important;padding-bottom: 0px !important;}&#8220;][vc_row][vc_column offset=&#8220;vc_col-lg-offset-0 vc_col-md-offset-0&#8243;][vc_custom_heading text=&#8220;Fachtagung zum Thema \u201eScham, die W\u00e4chterin der menschlichen W\u00fcrde, wie damit konstruktiv umgehen\u201c 1. + 2. Juli 2022&#8243; font_container=&#8220;tag:h1|text_align:left&#8220; google_fonts=&#8220;font_family:Raleway%3A100%2C200%2C300%2Cregular%2C500%2C600%2C700%2C800%2C900|font_style:500%20bold%20regular%3A500%3Anormal&#8220; custom_letter_spacing=&#8220;-1px&#8220; css=&#8220;.vc_custom_1651752796440{margin-top: 0px !important;}&#8220;][vc_column_text]<strong><span style=\"font-size: 14pt;\">Vortrag am 1.Juli um 19:00 Uhr &#8211; \u00a0Centre Culturel \u00e0 Hesperange CELO<br \/>\n<\/span><\/strong><\/p>\n<p><span style=\"color: #ff6600;\">Centre Culturel \u00e0 Hesperange CELO, \u00a0Salle Marie-Th\u00e9r\u00e8se Gantenbein, \u00a0476 route de Thionville,\u00a0 5890 Hesperange<\/span><\/p>\n<p style=\"padding-left: 40px;\">Begr\u00fc\u00dfung (KJT)<\/p>\n<p style=\"padding-left: 40px;\">30 Jahre KJT: Minister Meisch<\/p>\n<p style=\"padding-left: 40px;\">Gru\u00dfworte\/Geburtstagsw\u00fcnsche von Caritas Jeunes et Familles<\/p>\n<p style=\"padding-left: 40px;\">Einf\u00fchrung ins Thema (KJT)<\/p>\n<p style=\"padding-left: 40px;\">Vortrag: \u201cScham, die W\u00e4chterin der Menschenw\u00fcrde, wie damit konstruktiv umgehen.\u201c, Dr. Stephan Marks<\/p>\n<p style=\"padding-left: 40px;\">Vorstellung grundlegender Informationen zum Thema Scham<\/p>\n<p style=\"padding-left: 40px;\">30 Jahre KJT: Einladung zum Umtrunk<\/p>\n<p>&nbsp;<\/p>\n<p><strong><span style=\"font-size: 14pt;\">Workshop am 2. Juli 9:00 &#8211; 17:00 &#8211; Haus der Franziskanerinnen<br \/>\n<\/span><\/strong><\/p>\n<p><span style=\"color: #ff6600;\">Haus der Franziskanerinnen, 50 avenue Gaston Diderich, 1420 Luxembourg.<\/span><\/p>\n<p style=\"padding-left: 40px;\">Im Workshop werden ankn\u00fcpfend an den Vortrag die Bedeutung des Themas Scham f\u00fcr die eigene Person, f\u00fcr die Beratung und f\u00fcr die Rahmenbedingungen der Arbeit erarbeitet.<\/p>\n<p style=\"padding-left: 40px;\">9:00 Start des Workshops<\/p>\n<p style=\"padding-left: 40px;\">11:00 Fortf\u00fchrung<\/p>\n<p style=\"padding-left: 40px;\">12:30 Mittagessen<\/p>\n<p style=\"padding-left: 40px;\">14:00 Fortf\u00fchrung<\/p>\n<p style=\"padding-left: 40px;\">15:15 Kaffeepause<\/p>\n<p style=\"padding-left: 40px;\">16:45 Fortf\u00fchrung<\/p>\n<p style=\"padding-left: 40px;\">17:00 Ende des Workshops<\/p>\n<p style=\"padding-left: 40px;\">Die Teilnehmerzahl f\u00fcr den Workshop ist begrenzt (50). Die Anmeldung gilt als verbindlich, wenn der Teilnehmerbetrag von 30\u20ac auf das Konto (Caritas J+F asbl KAJUTEL &#8211; IBAN: LU16 0019 1300 0412 6000 &#8211; Verwendungszweck: Workshop Scham 2022) \u00fcberwiesen ist.<\/p>\n<p>[\/vc_column_text][vc_separator align=&#8220;align_left&#8220; el_width=&#8220;20&#8243;][vc_custom_heading text=&#8220;Anmeldung&#8220; font_container=&#8220;tag:h1|text_align:left&#8220; google_fonts=&#8220;font_family:Raleway%3A100%2C200%2C300%2Cregular%2C500%2C600%2C700%2C800%2C900|font_style:300%20light%20regular%3A300%3Anormal&#8220; custom_letter_spacing=&#8220;-1px&#8220; css=&#8220;.vc_custom_1651142912402{margin-top: 0px !important;}&#8220;]\n<div class=\"wpcf7 no-js\" id=\"wpcf7-f10429-o1\" lang=\"de-DE\" dir=\"ltr\" data-wpcf7-id=\"10429\">\n<div class=\"screen-reader-response\"><p role=\"status\" aria-live=\"polite\" aria-atomic=\"true\"><\/p> <ul><\/ul><\/div>\n<form action=\"\/de\/wp-json\/wp\/v2\/pages\/10430#wpcf7-f10429-o1\" method=\"post\" class=\"wpcf7-form init\" aria-label=\"Kontaktformular\" novalidate=\"novalidate\" data-status=\"init\">\n<div style=\"display: none;\">\n<input type=\"hidden\" name=\"_wpcf7\" value=\"10429\" \/>\n<input type=\"hidden\" name=\"_wpcf7_version\" value=\"6.0.4\" \/>\n<input type=\"hidden\" name=\"_wpcf7_locale\" value=\"de_DE\" \/>\n<input type=\"hidden\" name=\"_wpcf7_unit_tag\" value=\"wpcf7-f10429-o1\" \/>\n<input type=\"hidden\" name=\"_wpcf7_container_post\" value=\"0\" \/>\n<input type=\"hidden\" name=\"_wpcf7_posted_data_hash\" value=\"\" \/>\n<input type=\"hidden\" name=\"_wpcf7cf_hidden_group_fields\" value=\"[]\" \/>\n<input type=\"hidden\" name=\"_wpcf7cf_hidden_groups\" value=\"[]\" \/>\n<input type=\"hidden\" name=\"_wpcf7cf_visible_groups\" value=\"[]\" \/>\n<input type=\"hidden\" name=\"_wpcf7cf_repeaters\" value=\"[]\" \/>\n<input type=\"hidden\" name=\"_wpcf7cf_steps\" value=\"{}\" \/>\n<input type=\"hidden\" name=\"_wpcf7cf_options\" value=\"{&quot;form_id&quot;:10429,&quot;conditions&quot;:[],&quot;settings&quot;:{&quot;animation&quot;:&quot;yes&quot;,&quot;animation_intime&quot;:200,&quot;animation_outtime&quot;:200,&quot;conditions_ui&quot;:&quot;normal&quot;,&quot;notice_dismissed&quot;:false,&quot;notice_dismissed_rollback-cf7-5.3.2&quot;:true,&quot;notice_dismissed_update-cf7-5.6.1&quot;:true,&quot;notice_dismissed_update-cf7-5.6.2&quot;:true,&quot;notice_dismissed_update-cf7-5.7.7&quot;:true,&quot;notice_dismissed_rollback-cf7-5.9.3&quot;:true,&quot;notice_dismissed_rollback-cf7-5.9.5&quot;:true,&quot;notice_dismissed_update-cf7-6.1&quot;:true}}\" \/>\n<\/div>\n<div class=\"ctf ct-name\">\n\t<p><label> Name *<br \/>\n<span class=\"wpcf7-form-control-wrap\" data-name=\"your-name\"><input size=\"40\" maxlength=\"400\" class=\"wpcf7-form-control wpcf7-text wpcf7-validates-as-required\" aria-required=\"true\" aria-invalid=\"false\" value=\"\" type=\"text\" name=\"your-name\" \/><\/span> <\/label>\n\t<\/p>\n<\/div>\n<div class=\"ctf ct-email\">\n\t<p><label> Vorname *<br \/>\n<span class=\"wpcf7-form-control-wrap\" data-name=\"your-vorname\"><input size=\"40\" maxlength=\"400\" class=\"wpcf7-form-control wpcf7-text wpcf7-validates-as-required\" aria-required=\"true\" aria-invalid=\"false\" value=\"\" type=\"text\" name=\"your-vorname\" \/><\/span> <\/label>\n\t<\/p>\n<\/div>\n<div class=\"ctf ct-name\">\n\t<p><label> Wohnort *<br \/>\n<span class=\"wpcf7-form-control-wrap\" data-name=\"your-ort\"><input size=\"40\" maxlength=\"400\" class=\"wpcf7-form-control wpcf7-text wpcf7-validates-as-required\" aria-required=\"true\" aria-invalid=\"false\" value=\"\" type=\"text\" name=\"your-ort\" \/><\/span> <\/label>\n\t<\/p>\n<\/div>\n<div class=\"ctf ct-email\">\n\t<p><label> Email *<br \/>\n<span class=\"wpcf7-form-control-wrap\" data-name=\"your-email\"><input size=\"40\" maxlength=\"400\" class=\"wpcf7-form-control wpcf7-email wpcf7-validates-as-required wpcf7-text wpcf7-validates-as-email\" aria-required=\"true\" aria-invalid=\"false\" value=\"\" type=\"email\" name=\"your-email\" \/><\/span> <\/label><span id=\"wpcf7-69e7aa7ce8dbf-wrapper\" class=\"wpcf7-form-control-wrap street-wrap\" style=\"display:none !important; visibility:hidden !important;\"><input type=\"hidden\" name=\"street-time-start\" value=\"1776790140\"><input type=\"hidden\" name=\"street-time-check\" value=\"3\"><label for=\"wpcf7-69e7aa7ce8dbf-field\" class=\"hp-message\">Bitte lasse dieses Feld leer.<\/label><input id=\"wpcf7-69e7aa7ce8dbf-field\"  class=\"wpcf7-form-control wpcf7-text\" type=\"text\" name=\"street\" value=\"\" size=\"40\" tabindex=\"-1\" autocomplete=\"new-password\" \/><\/span>\n\t<\/p>\n<\/div>\n<p><span class=\"wpcf7-form-control-wrap\" data-name=\"Workshop\"><span class=\"wpcf7-form-control wpcf7-checkbox wpcf7-validates-as-required wpcf7-exclusive-checkbox\"><span class=\"wpcf7-list-item first\"><label><span class=\"wpcf7-list-item-label\">ich nehme nur am Vortrag teil<\/span><input type=\"checkbox\" name=\"Workshop\" value=\"ich nehme nur am Vortrag teil\" \/><\/label><\/span><span class=\"wpcf7-list-item\"><label><span class=\"wpcf7-list-item-label\">ich nehme am Vortrag und am Workshop teil<\/span><input type=\"checkbox\" name=\"Workshop\" value=\"ich nehme am Vortrag und am Workshop teil\" \/><\/label><\/span><span class=\"wpcf7-list-item last\"><label><span class=\"wpcf7-list-item-label\">ich nehme nur am Workshop teil<\/span><input type=\"checkbox\" name=\"Workshop\" value=\"ich nehme nur am Workshop teil\" \/><\/label><\/span><\/span><\/span>\n<\/p>\n<div class=\"ctf\">\n<\/div>\n<div class=\"ctf\">\n\t<p><span class=\"wpcf7-form-control-wrap\" data-name=\"acceptance-datenschutz\"><span class=\"wpcf7-form-control wpcf7-acceptance\"><span class=\"wpcf7-list-item\"><label><input type=\"checkbox\" name=\"acceptance-datenschutz\" value=\"1\" aria-invalid=\"false\" \/><span class=\"wpcf7-list-item-label\">Ich bin damit einverstanden, dass die \u00fcber dieses Formular gesendeten Daten nur zur Bearbeitung meiner Anfrage verwendet werden. Die Datenverarbeitung unterliegt <a href=\"\/datenschutz\/\" title=\"Zur Datenschutzerkl\u00e4rung\" target=\"_blank\">unseren Datenschutzbestimmungen<\/a>.<\/span><\/label><\/span><\/span><\/span>\n\t<\/p>\n<\/div>\n<p><input class=\"wpcf7-form-control wpcf7-submit has-spinner\" type=\"submit\" value=\"Absenden\" \/>\n<\/p><div class=\"wpcf7-response-output\" aria-hidden=\"true\"><\/div>\n<\/form>\n<\/div>\n[\/vc_column][\/vc_row][\/vc_section]<\/p>\n<\/div>","protected":false},"excerpt":{"rendered":"<p>[vc_section css=&#8220;.vc_custom_1563588765867{padding-top: 55px !important;padding-bottom: 0px !important;}&#8220;][vc_row][vc_column offset=&#8220;vc_col-lg-offset-0 vc_col-md-offset-0&#8243;][vc_custom_heading text=&#8220;Fachtagung zum Thema \u201eScham, die W\u00e4chterin der menschlichen W\u00fcrde, wie damit konstruktiv&hellip;<\/p>\n","protected":false},"author":3,"featured_media":0,"parent":0,"menu_order":0,"comment_status":"closed","ping_status":"closed","template":"","meta":{"footnotes":""},"class_list":["post-10430","page","type-page","status-publish","hentry"],"yoast_head":"<!-- This site is optimized with the Yoast SEO plugin v25.4 - https:\/\/yoast.com\/wordpress\/plugins\/seo\/ -->\n<title>Fachtagung und Workshop zum Thema \u201eScham, die W\u00e4chterin der menschlichen W\u00fcrde, wie damit konstruktiv umgehen\u201c | KJT<\/title>\n<meta name=\"robots\" content=\"index, follow, max-snippet:-1, max-image-preview:large, max-video-preview:-1\" \/>\n<link rel=\"canonical\" href=\"https:\/\/www.kjt.lu\/de\/fachtagung-scham\/\" \/>\n<meta property=\"og:locale\" content=\"de_DE\" \/>\n<meta property=\"og:type\" content=\"article\" \/>\n<meta property=\"og:title\" content=\"Fachtagung und Workshop zum Thema \u201eScham, die W\u00e4chterin der menschlichen W\u00fcrde, wie damit konstruktiv umgehen\u201c | KJT\" \/>\n<meta property=\"og:description\" content=\"[vc_section css=&#8220;.vc_custom_1563588765867{padding-top: 55px !important;padding-bottom: 0px !important;}&#8220;][vc_row][vc_column offset=&#8220;vc_col-lg-offset-0 vc_col-md-offset-0&#8243;][vc_custom_heading text=&#8220;Fachtagung zum Thema \u201eScham, die W\u00e4chterin der menschlichen W\u00fcrde, wie damit konstruktiv&hellip;\" \/>\n<meta property=\"og:url\" content=\"https:\/\/www.kjt.lu\/de\/fachtagung-scham\/\" \/>\n<meta property=\"og:site_name\" content=\"KJT\" \/>\n<meta property=\"article:publisher\" content=\"https:\/\/www.facebook.com\/kannerjugendtelefon\" \/>\n<meta property=\"article:modified_time\" content=\"2022-05-05T12:56:13+00:00\" \/>\n<meta name=\"twitter:card\" content=\"summary_large_image\" \/>\n<meta name=\"twitter:label1\" content=\"Gesch\u00e4tzte Lesezeit\" \/>\n\t<meta name=\"twitter:data1\" content=\"2\u00a0Minuten\" \/>\n<script type=\"application\/ld+json\" class=\"yoast-schema-graph\">{\"@context\":\"https:\/\/schema.org\",\"@graph\":[{\"@type\":\"WebPage\",\"@id\":\"https:\/\/www.kjt.lu\/de\/fachtagung-scham\/\",\"url\":\"https:\/\/www.kjt.lu\/de\/fachtagung-scham\/\",\"name\":\"Fachtagung und Workshop zum Thema \u201eScham, die W\u00e4chterin der menschlichen W\u00fcrde, wie damit konstruktiv umgehen\u201c | KJT\",\"isPartOf\":{\"@id\":\"https:\/\/www.kjt.lu\/de\/#website\"},\"datePublished\":\"2022-04-28T10:03:25+00:00\",\"dateModified\":\"2022-05-05T12:56:13+00:00\",\"breadcrumb\":{\"@id\":\"https:\/\/www.kjt.lu\/de\/fachtagung-scham\/#breadcrumb\"},\"inLanguage\":\"de\",\"potentialAction\":[{\"@type\":\"ReadAction\",\"target\":[\"https:\/\/www.kjt.lu\/de\/fachtagung-scham\/\"]}]},{\"@type\":\"BreadcrumbList\",\"@id\":\"https:\/\/www.kjt.lu\/de\/fachtagung-scham\/#breadcrumb\",\"itemListElement\":[{\"@type\":\"ListItem\",\"position\":1,\"name\":\"Startseite\",\"item\":\"https:\/\/www.kjt.lu\/de\/\"},{\"@type\":\"ListItem\",\"position\":2,\"name\":\"Fachtagung und Workshop zum Thema \u201eScham, die W\u00e4chterin der menschlichen W\u00fcrde, wie damit konstruktiv umgehen\u201c\"}]},{\"@type\":\"WebSite\",\"@id\":\"https:\/\/www.kjt.lu\/de\/#website\",\"url\":\"https:\/\/www.kjt.lu\/de\/\",\"name\":\"KJT\",\"description\":\"Beratung, Hilfe und Informationen f\u00fcr Kinder und Jugendliche\",\"publisher\":{\"@id\":\"https:\/\/www.kjt.lu\/de\/#organization\"},\"potentialAction\":[{\"@type\":\"SearchAction\",\"target\":{\"@type\":\"EntryPoint\",\"urlTemplate\":\"https:\/\/www.kjt.lu\/de\/?s={search_term_string}\"},\"query-input\":{\"@type\":\"PropertyValueSpecification\",\"valueRequired\":true,\"valueName\":\"search_term_string\"}}],\"inLanguage\":\"de\"},{\"@type\":\"Organization\",\"@id\":\"https:\/\/www.kjt.lu\/de\/#organization\",\"name\":\"KJT\",\"url\":\"https:\/\/www.kjt.lu\/de\/\",\"logo\":{\"@type\":\"ImageObject\",\"inLanguage\":\"de\",\"@id\":\"https:\/\/www.kjt.lu\/de\/#\/schema\/logo\/image\/\",\"url\":\"https:\/\/www.kjt.lu\/wp-content\/uploads\/2021\/01\/kjt_white_144x61.png\",\"contentUrl\":\"https:\/\/www.kjt.lu\/wp-content\/uploads\/2021\/01\/kjt_white_144x61.png\",\"width\":143,\"height\":61,\"caption\":\"KJT\"},\"image\":{\"@id\":\"https:\/\/www.kjt.lu\/de\/#\/schema\/logo\/image\/\"},\"sameAs\":[\"https:\/\/www.facebook.com\/kannerjugendtelefon\",\"https:\/\/www.instagram.com\/kannerjugendtelefon\/\"]}]}<\/script>\n<!-- \/ Yoast SEO plugin. -->","yoast_head_json":{"title":"Fachtagung und Workshop zum Thema \u201eScham, die W\u00e4chterin der menschlichen W\u00fcrde, wie damit konstruktiv umgehen\u201c | KJT","robots":{"index":"index","follow":"follow","max-snippet":"max-snippet:-1","max-image-preview":"max-image-preview:large","max-video-preview":"max-video-preview:-1"},"canonical":"https:\/\/www.kjt.lu\/de\/fachtagung-scham\/","og_locale":"de_DE","og_type":"article","og_title":"Fachtagung und Workshop zum Thema \u201eScham, die W\u00e4chterin der menschlichen W\u00fcrde, wie damit konstruktiv umgehen\u201c | KJT","og_description":"[vc_section css=&#8220;.vc_custom_1563588765867{padding-top: 55px !important;padding-bottom: 0px !important;}&#8220;][vc_row][vc_column offset=&#8220;vc_col-lg-offset-0 vc_col-md-offset-0&#8243;][vc_custom_heading text=&#8220;Fachtagung zum Thema \u201eScham, die W\u00e4chterin der menschlichen W\u00fcrde, wie damit konstruktiv&hellip;","og_url":"https:\/\/www.kjt.lu\/de\/fachtagung-scham\/","og_site_name":"KJT","article_publisher":"https:\/\/www.facebook.com\/kannerjugendtelefon","article_modified_time":"2022-05-05T12:56:13+00:00","twitter_card":"summary_large_image","twitter_misc":{"Gesch\u00e4tzte Lesezeit":"2\u00a0Minuten"},"schema":{"@context":"https:\/\/schema.org","@graph":[{"@type":"WebPage","@id":"https:\/\/www.kjt.lu\/de\/fachtagung-scham\/","url":"https:\/\/www.kjt.lu\/de\/fachtagung-scham\/","name":"Fachtagung und Workshop zum Thema \u201eScham, die W\u00e4chterin der menschlichen W\u00fcrde, wie damit konstruktiv umgehen\u201c | KJT","isPartOf":{"@id":"https:\/\/www.kjt.lu\/de\/#website"},"datePublished":"2022-04-28T10:03:25+00:00","dateModified":"2022-05-05T12:56:13+00:00","breadcrumb":{"@id":"https:\/\/www.kjt.lu\/de\/fachtagung-scham\/#breadcrumb"},"inLanguage":"de","potentialAction":[{"@type":"ReadAction","target":["https:\/\/www.kjt.lu\/de\/fachtagung-scham\/"]}]},{"@type":"BreadcrumbList","@id":"https:\/\/www.kjt.lu\/de\/fachtagung-scham\/#breadcrumb","itemListElement":[{"@type":"ListItem","position":1,"name":"Startseite","item":"https:\/\/www.kjt.lu\/de\/"},{"@type":"ListItem","position":2,"name":"Fachtagung und Workshop zum Thema \u201eScham, die W\u00e4chterin der menschlichen W\u00fcrde, wie damit konstruktiv umgehen\u201c"}]},{"@type":"WebSite","@id":"https:\/\/www.kjt.lu\/de\/#website","url":"https:\/\/www.kjt.lu\/de\/","name":"KJT","description":"Beratung, Hilfe und Informationen f\u00fcr Kinder und Jugendliche","publisher":{"@id":"https:\/\/www.kjt.lu\/de\/#organization"},"potentialAction":[{"@type":"SearchAction","target":{"@type":"EntryPoint","urlTemplate":"https:\/\/www.kjt.lu\/de\/?s={search_term_string}"},"query-input":{"@type":"PropertyValueSpecification","valueRequired":true,"valueName":"search_term_string"}}],"inLanguage":"de"},{"@type":"Organization","@id":"https:\/\/www.kjt.lu\/de\/#organization","name":"KJT","url":"https:\/\/www.kjt.lu\/de\/","logo":{"@type":"ImageObject","inLanguage":"de","@id":"https:\/\/www.kjt.lu\/de\/#\/schema\/logo\/image\/","url":"https:\/\/www.kjt.lu\/wp-content\/uploads\/2021\/01\/kjt_white_144x61.png","contentUrl":"https:\/\/www.kjt.lu\/wp-content\/uploads\/2021\/01\/kjt_white_144x61.png","width":143,"height":61,"caption":"KJT"},"image":{"@id":"https:\/\/www.kjt.lu\/de\/#\/schema\/logo\/image\/"},"sameAs":["https:\/\/www.facebook.com\/kannerjugendtelefon","https:\/\/www.instagram.com\/kannerjugendtelefon\/"]}]}},"_links":{"self":[{"href":"https:\/\/www.kjt.lu\/de\/wp-json\/wp\/v2\/pages\/10430"}],"collection":[{"href":"https:\/\/www.kjt.lu\/de\/wp-json\/wp\/v2\/pages"}],"about":[{"href":"https:\/\/www.kjt.lu\/de\/wp-json\/wp\/v2\/types\/page"}],"author":[{"embeddable":true,"href":"https:\/\/www.kjt.lu\/de\/wp-json\/wp\/v2\/users\/3"}],"replies":[{"embeddable":true,"href":"https:\/\/www.kjt.lu\/de\/wp-json\/wp\/v2\/comments?post=10430"}],"version-history":[{"count":30,"href":"https:\/\/www.kjt.lu\/de\/wp-json\/wp\/v2\/pages\/10430\/revisions"}],"predecessor-version":[{"id":10586,"href":"https:\/\/www.kjt.lu\/de\/wp-json\/wp\/v2\/pages\/10430\/revisions\/10586"}],"wp:attachment":[{"href":"https:\/\/www.kjt.lu\/de\/wp-json\/wp\/v2\/media?parent=10430"}],"curies":[{"name":"wp","href":"https:\/\/api.w.org\/{rel}","templated":true}]}}